{"id":146913,"date":"2026-04-07T12:12:41","date_gmt":"2026-04-07T09:44:44","guid":{"rendered":"https:\/\/factory.sale\/?post_type=product&#038;p=146913"},"modified":"2026-04-07T12:44:45","modified_gmt":"2026-04-07T09:44:45","slug":"benas-in-classic-kumblustunn-4-6-inimesele","status":"publish","type":"product","link":"https:\/\/factory.sale\/et\/toode\/benas-in-classic-kumblustunn-4-6-inimesele\/","title":{"rendered":"Benas In Classic K\u00fcmblust\u00fcnn 4-6 inimesele"},"content":{"rendered":"<p>\u00dcmmargune k\u00fcmblust\u00fcnn integreeritud sisemise kerisega, mis pakub kompaktset ja t\u00f5husat k\u00fcttelahendust. Selle disain loob hubase atmosf\u00e4\u00e4ri ning sobib ideaalselt privaatseks l\u00f5\u00f5gastumiseks. Saadaval kahes suuruses \u2013 suurema versiooni jaoks tutvu mudeliga Benas In Grand. Suurema veemahutavuse jaoks vali <a href=\"https:\/\/factory.sale\/et\/toode\/benas-ex-classic-kumblustunn-5-7-inimesele\/\" target=\"_blank\" rel=\"noopener\">Benas Ex Classic<\/a> v\u00f5i <a href=\"https:\/\/factory.sale\/et\/toode\/benas-ex-grand-kumblustunn-7-9-inimesele\/\" target=\"_blank\" rel=\"noopener\">Benas Ex Grand<\/a>.<\/p>\n<p>&nbsp;<\/p>\n<ul>\n<li>Naturaalsest puidust v\u00f5i WPC v\u00e4lisviimistlus ilmastikukindla pinnat\u00f6\u00f6tlusega<\/li>\n<li>Mahutavus: 4\u20136 inimest (\u00d8 2 m)<\/li>\n<li>L\u00e4bim\u00f5\u00f5t: 2 m<\/li>\n<li>K\u00f5rgus: 0,85 m<\/li>\n<li>Komplekti kuuluv keris: AISI 304 (sisemine)<\/li>\n<li>Sobib aedadesse ja terrassidele<\/li>\n<li>Saadaval reguleeritavad RGB LED-valgustid<\/li>\n<li>Soojustatud<\/li>\n<li>Celsium trepp<\/li>\n<\/ul>\n<p>&nbsp;<\/p>\n<p><em>*Iga toode on valmistatud naturaalsest puidust, mist\u00f5ttu v\u00f5ivad l\u00f5plik toon ja puidumuster n\u00e4idispiltidest veidi erineda.<\/em><\/p>\n<p>&nbsp;<\/p>\n<p>&nbsp;<\/p>\n<p>&nbsp;<\/p>\n<p><strong>Baaskomplekt sisaldab:<\/strong><\/p>\n<ul>\n<li>Sisu<\/li>\n<li>Keris (304) koos korstnaga<\/li>\n<li>Standardtrepp<\/li>\n<li>V\u00e4rvitud viimistlus<\/li>\n<\/ul>\n<p>V\u00e4lisv\u00e4rvid: bee\u017e, hall, eeben, tiigipuu, p\u00e4hkel<\/p>\n<p><img loading=\"lazy\" decoding=\"async\" class=\"alignnone wp-image-140959\" src=\"https:\/\/factory.sale\/wp-content\/uploads\/2026\/03\/Spruce-colours-300x53.png\" alt=\"\" width=\"379\" height=\"67\" srcset=\"https:\/\/factory.sale\/wp-content\/uploads\/2026\/03\/Spruce-colours-300x53.png 300w, https:\/\/factory.sale\/wp-content\/uploads\/2026\/03\/Spruce-colours-150x26.png 150w, https:\/\/factory.sale\/wp-content\/uploads\/2026\/03\/Spruce-colours.png 342w\" sizes=\"auto, (max-width: 379px) 100vw, 379px\" \/><\/p>\n<p>&nbsp;<\/p>\n<p>&nbsp;<\/p>\n<p><strong>LISAVARUSTUS:<\/strong><\/p>\n<ul>\n<li>Klaasplast sisu v\u00e4rv:<br \/>\nValge<br \/>\nHall<br \/>\nTumehall<br \/>\nP\u00e4rlvalge + 96.60 \u20ac<br \/>\nP\u00e4rlhall + 96.60 \u20ac<br \/>\nP\u00e4rltumehall + 96.60 \u20ac<\/li>\n<\/ul>\n<p><img loading=\"lazy\" decoding=\"async\" class=\"alignnone wp-image-146867\" src=\"https:\/\/factory.sale\/wp-content\/uploads\/2026\/04\/Fiberglass-insert-hot-tub-factory-sale-300x40.png\" alt=\"\" width=\"450\" height=\"60\" srcset=\"https:\/\/factory.sale\/wp-content\/uploads\/2026\/04\/Fiberglass-insert-hot-tub-factory-sale-300x40.png 300w, https:\/\/factory.sale\/wp-content\/uploads\/2026\/04\/Fiberglass-insert-hot-tub-factory-sale-1024x136.png 1024w, https:\/\/factory.sale\/wp-content\/uploads\/2026\/04\/Fiberglass-insert-hot-tub-factory-sale-150x20.png 150w, https:\/\/factory.sale\/wp-content\/uploads\/2026\/04\/Fiberglass-insert-hot-tub-factory-sale-768x102.png 768w, https:\/\/factory.sale\/wp-content\/uploads\/2026\/04\/Fiberglass-insert-hot-tub-factory-sale-600x80.png 600w, https:\/\/factory.sale\/wp-content\/uploads\/2026\/04\/Fiberglass-insert-hot-tub-factory-sale.png 1202w\" sizes=\"auto, (max-width: 450px) 100vw, 450px\" \/><\/p>\n<ul>\n<li>Akr\u00fc\u00fclsisu v\u00e4rv:<br \/>\nValge<br \/>\nHall<br \/>\nValge marmor + 80.50 \u20ac<br \/>\nMust marmor + 80.50 \u20ac<br \/>\nKohvipruun marmor + 80.50 \u20ac<br \/>\nPruun marmor + 80.50 \u20ac<\/li>\n<\/ul>\n<p><img loading=\"lazy\" decoding=\"async\" class=\"alignnone wp-image-146864\" src=\"https:\/\/factory.sale\/wp-content\/uploads\/2026\/04\/Acrylic-insert-hot-tub-factory-sale-300x37.png\" alt=\"\" width=\"469\" height=\"58\" srcset=\"https:\/\/factory.sale\/wp-content\/uploads\/2026\/04\/Acrylic-insert-hot-tub-factory-sale-300x37.png 300w, https:\/\/factory.sale\/wp-content\/uploads\/2026\/04\/Acrylic-insert-hot-tub-factory-sale-1024x127.png 1024w, https:\/\/factory.sale\/wp-content\/uploads\/2026\/04\/Acrylic-insert-hot-tub-factory-sale-150x19.png 150w, https:\/\/factory.sale\/wp-content\/uploads\/2026\/04\/Acrylic-insert-hot-tub-factory-sale-768x95.png 768w, https:\/\/factory.sale\/wp-content\/uploads\/2026\/04\/Acrylic-insert-hot-tub-factory-sale-600x74.png 600w, https:\/\/factory.sale\/wp-content\/uploads\/2026\/04\/Acrylic-insert-hot-tub-factory-sale.png 1262w\" sizes=\"auto, (max-width: 469px) 100vw, 469px\" \/><\/p>\n<ul>\n<li>V\u00e4lisviimistlus:<br \/>\nKuusepuit<br \/>\nP\u00f5letatud kuusk + 161.00 \u20ac<br \/>\nTermopuit + 193.20 \u20ac<br \/>\nPuit-plastikkomposiit (WPC) + 177.10 \u20ac<\/li>\n<\/ul>\n<p><img loading=\"lazy\" decoding=\"async\" class=\"alignnone wp-image-146808\" src=\"https:\/\/factory.sale\/wp-content\/uploads\/2026\/04\/Exterior-finish-factory-sale-300x64.png\" alt=\"\" width=\"431\" height=\"92\" srcset=\"https:\/\/factory.sale\/wp-content\/uploads\/2026\/04\/Exterior-finish-factory-sale-300x64.png 300w, https:\/\/factory.sale\/wp-content\/uploads\/2026\/04\/Exterior-finish-factory-sale-150x32.png 150w, https:\/\/factory.sale\/wp-content\/uploads\/2026\/04\/Exterior-finish-factory-sale-768x164.png 768w, https:\/\/factory.sale\/wp-content\/uploads\/2026\/04\/Exterior-finish-factory-sale-600x128.png 600w, https:\/\/factory.sale\/wp-content\/uploads\/2026\/04\/Exterior-finish-factory-sale.png 860w\" sizes=\"auto, (max-width: 431px) 100vw, 431px\" \/><\/p>\n<p><img loading=\"lazy\" decoding=\"async\" class=\"alignnone size-medium wp-image-146873\" src=\"https:\/\/factory.sale\/wp-content\/uploads\/2026\/04\/Celsium-cladding-options-factory-sale-300x117.png\" alt=\"\" width=\"300\" height=\"117\" srcset=\"https:\/\/factory.sale\/wp-content\/uploads\/2026\/04\/Celsium-cladding-options-factory-sale-300x117.png 300w, https:\/\/factory.sale\/wp-content\/uploads\/2026\/04\/Celsium-cladding-options-factory-sale-150x59.png 150w, https:\/\/factory.sale\/wp-content\/uploads\/2026\/04\/Celsium-cladding-options-factory-sale-600x234.png 600w, https:\/\/factory.sale\/wp-content\/uploads\/2026\/04\/Celsium-cladding-options-factory-sale.png 620w\" sizes=\"auto, (max-width: 300px) 100vw, 300px\" \/><\/p>\n<ul>\n<li>Trepid (kuusk):<br \/>\nStandard<br \/>\nT\u00fc\u00fcp A + 112.70 \u20ac<br \/>\nT\u00fc\u00fcp B + 112.70 \u20ac<br \/>\nCelsium + 209.30 \u20ac<\/li>\n<li>Trepid (p\u00f5letatud kuusk \/ termom\u00e4nd \/ WPC):<br \/>\nStandard<br \/>\nT\u00fc\u00fcp A + 144.90 \u20ac<br \/>\nT\u00fc\u00fcp B + 144.90 \u20ac<br \/>\nCelsium + 241.50 \u20ac<\/li>\n<\/ul>\n<p><img loading=\"lazy\" decoding=\"async\" class=\"alignnone  wp-image-146870\" src=\"https:\/\/factory.sale\/wp-content\/uploads\/2026\/04\/Celsium-stairs-factory-sale-300x202.png\" alt=\"\" width=\"380\" height=\"256\" srcset=\"https:\/\/factory.sale\/wp-content\/uploads\/2026\/04\/Celsium-stairs-factory-sale-300x202.png 300w, https:\/\/factory.sale\/wp-content\/uploads\/2026\/04\/Celsium-stairs-factory-sale-150x101.png 150w, https:\/\/factory.sale\/wp-content\/uploads\/2026\/04\/Celsium-stairs-factory-sale-600x404.png 600w, https:\/\/factory.sale\/wp-content\/uploads\/2026\/04\/Celsium-stairs-factory-sale.png 740w\" sizes=\"auto, (max-width: 380px) 100vw, 380px\" \/><\/p>\n<ul>\n<li>Thermo kate:<br \/>\nMust kate + 201.25 \u20ac<br \/>\nHall kate + 201.25 \u20ac<br \/>\nPruun kate + 201.25 \u20ac<\/li>\n<\/ul>\n<p><img loading=\"lazy\" decoding=\"async\" class=\"alignnone wp-image-146876\" src=\"https:\/\/factory.sale\/wp-content\/uploads\/2026\/04\/Celsium-hot-tub-cover-factory-sale-300x76.png\" alt=\"\" width=\"414\" height=\"105\" srcset=\"https:\/\/factory.sale\/wp-content\/uploads\/2026\/04\/Celsium-hot-tub-cover-factory-sale-300x76.png 300w, https:\/\/factory.sale\/wp-content\/uploads\/2026\/04\/Celsium-hot-tub-cover-factory-sale-150x38.png 150w, https:\/\/factory.sale\/wp-content\/uploads\/2026\/04\/Celsium-hot-tub-cover-factory-sale-600x151.png 600w, https:\/\/factory.sale\/wp-content\/uploads\/2026\/04\/Celsium-hot-tub-cover-factory-sale.png 626w\" sizes=\"auto, (max-width: 414px) 100vw, 414px\" \/><\/p>\n<ul>\n<li>D\u00fc\u00fcsis\u00fcsteemid (v\u00f5ib kombineerida: h\u00fcdro + \u00f5humullis\u00fcsteem):<br \/>\n\u00d5humullis\u00fcsteem 0.7 kW, 12 d\u00fc\u00fcsi + 135.70 \u20ac<br \/>\nH\u00fcdros\u00fcsteem 8 d\u00fc\u00fcsiga, 1,1 kW + 148.35 \u20ac<br \/>\nH\u00fcdros\u00fcsteem 10 d\u00fc\u00fcsiga, 1,1 kW + 172.50 \u20ac<\/li>\n<li>Veealune valgustus (v\u00f5ib kombineerida: 65 mm + mini LED):<br \/>\nVeealune valgustus 65 mm LED RGB (1 tk) + 42.55 \u20ac<br \/>\nVeealune valgustus 65 mm LED RGB (2 tk) + 51.75 \u20ac<br \/>\nVeealune valgustus 65 mm LED RGB (3 tk) + 60.95 \u20ac<br \/>\nVeealune valgustus MINI LED RGB (10 tk) + 57.50 \u20ac<\/li>\n<li>V\u00e4lisvalgustus (v\u00f5ib kombineerida: mini LED + LED-riba k\u00fcmblust\u00fcnni all + LED-riba sisu all):<br \/>\nV\u00e4line Mini LED RGB (12 tk) + 57.50 \u20ac<br \/>\nLED-riba sisu all + 93.15 \u20ac<\/li>\n<li>Termovaht-soojustus:<br \/>\nTermovaht-soojustus + 128.80 \u20ac<\/li>\n<li>Elektriline veesoojendi:<br \/>\nElektriline veesoojendi 3 kW + 209.30 \u20ac<br \/>\nElektriline veesoojendi 6 kW + 595.70 \u20ac<br \/>\nElektriline veesoojendi 9 kW + 614.10 \u20ac<\/li>\n<li>Liivafilter:<br \/>\nLiivafilter + 289.80 \u20ac<\/li>\n<li>UV-lamp:<br \/>\nUV-lamp + 515.20 \u20ac<\/li>\n<li>Panipaigakast (filtrile):<br \/>\nKuusk + 103.50 \u20ac<br \/>\nTermopuit + 120.75 \u20ac<br \/>\nP\u00f5letatud kuusk + 120.75 \u20ac<br \/>\nWPC + 151.80 \u20ac<\/li>\n<li>Kerise teras:<br \/>\nAISI 304 teras<br \/>\nAISI 316 teras + 241.50 \u20ac<br \/>\nPeatoed (max 6 tk)<br \/>\nPeatoed + 16.10 \u20ac<\/li>\n<li>Joogihoidjad (max 4 tk):<br \/>\nKuusk \/ termopuit \/ WPC + 32.20 \u20ac<\/li>\n<li>Integreeritud elektrooniline puuteekraaniga juhtpult + 161.00 \u20ac<\/li>\n<li>Integreeritud elektrooniline termomeeter + 24.15 \u20ac<\/li>\n<\/ul>\n<p>&nbsp;<\/p>\n","protected":false},"excerpt":{"rendered":"<p>\u00dcmmargune k\u00fcmblust\u00fcnn integreeritud sisemise kerisega, mis pakub kompaktset ja t\u00f5husat k\u00fcttelahendust. Selle disain loob hubase atmosf\u00e4\u00e4ri ning sobib ideaalselt privaatseks l\u00f5\u00f5gastumiseks. Saadaval kahes suuruses \u2013 suurema versiooni jaoks tutvu mudeliga Benas In Grand. Suurema veemahutavuse jaoks vali <a href=\"https:\/\/factory.sale\/et\/toode\/benas-ex-classic-kumblustunn-5-7-inimesele\/\" target=\"_blank\" rel=\"noopener\">Benas Ex Classic<\/a> v\u00f5i <a href=\"https:\/\/factory.sale\/et\/toode\/benas-ex-grand-kumblustunn-7-9-inimesele\/\" target=\"_blank\" rel=\"noopener\">Benas Ex Grand<\/a>.<\/p>\n","protected":false},"featured_media":146899,"comment_status":"open","ping_status":"closed","template":"","meta":{"_acf_changed":false},"factory":[5046],"free-shipment":[],"product_brand":[],"product_cat":[2587,2209],"product_tag":[2842],"class_list":{"0":"post-146913","1":"product","2":"type-product","3":"status-publish","4":"has-post-thumbnail","6":"factory-celsium","7":"product_cat-klaasplastist-kumblustunnid","8":"product_cat-kumblustunnid","9":"product_tag-hot-tub-et","11":"first","12":"instock","13":"sale","14":"taxable","15":"shipping-taxable","16":"purchasable","17":"product-type-variable"},"acf":[],"_links":{"self":[{"href":"https:\/\/factory.sale\/et\/wp-json\/wp\/v2\/product\/146913","targetHints":{"allow":["GET"]}}],"collection":[{"href":"https:\/\/factory.sale\/et\/wp-json\/wp\/v2\/product"}],"about":[{"href":"https:\/\/factory.sale\/et\/wp-json\/wp\/v2\/types\/product"}],"replies":[{"embeddable":true,"href":"https:\/\/factory.sale\/et\/wp-json\/wp\/v2\/comments?post=146913"}],"wp:featuredmedia":[{"embeddable":true,"href":"https:\/\/factory.sale\/et\/wp-json\/wp\/v2\/media\/146899"}],"wp:attachment":[{"href":"https:\/\/factory.sale\/et\/wp-json\/wp\/v2\/media?parent=146913"}],"wp:term":[{"taxonomy":"factory","embeddable":true,"href":"https:\/\/factory.sale\/et\/wp-json\/wp\/v2\/factory?post=146913"},{"taxonomy":"free-shipment","embeddable":true,"href":"https:\/\/factory.sale\/et\/wp-json\/wp\/v2\/free-shipment?post=146913"},{"taxonomy":"product_brand","embeddable":true,"href":"https:\/\/factory.sale\/et\/wp-json\/wp\/v2\/product_brand?post=146913"},{"taxonomy":"product_cat","embeddable":true,"href":"https:\/\/factory.sale\/et\/wp-json\/wp\/v2\/product_cat?post=146913"},{"taxonomy":"product_tag","embeddable":true,"href":"https:\/\/factory.sale\/et\/wp-json\/wp\/v2\/product_tag?post=146913"}],"curies":[{"name":"wp","href":"https:\/\/api.w.org\/{rel}","templated":true}]}}