{"id":146855,"date":"2026-04-07T00:30:44","date_gmt":"2026-04-06T21:35:03","guid":{"rendered":"https:\/\/factory.sale\/?post_type=product&#038;p=146855"},"modified":"2026-04-07T00:35:04","modified_gmt":"2026-04-06T21:35:04","slug":"benas-ex-classic-kumblustunn-5-7-inimesele","status":"publish","type":"product","link":"https:\/\/factory.sale\/et\/toode\/benas-ex-classic-kumblustunn-5-7-inimesele\/","title":{"rendered":"Benas Ex Classic K\u00fcmblust\u00fcnn 5\u20137 inimesele"},"content":{"rendered":"<p>See \u00fcmmargune k\u00fcmblust\u00fcnn pakub ajatut disaini, mida t\u00e4iendab v\u00e4lise puuk\u00fcttega kerise praktilisus. Kerise v\u00e4line paigutus tagab k\u00fcmblust\u00fcnni sees maksimaalse istekohtade arvu ja mugavuse. Kvaliteetsetest materjalidest valmistatud k\u00fcmblust\u00fcnn pakub autentset k\u00fcmbluskogemust, mis sobib ideaalselt nii seltskondlikeks hetkedeks kui ka rahulikuks l\u00f5\u00f5gastumiseks omaette. Saadaval kahes suuruses. Ruumis\u00e4\u00e4stlikuma lahenduse jaoks tutvu mudeliga Benas In.<\/p>\n<p>&nbsp;<\/p>\n<ul>\n<li>Naturaalsest puidust v\u00f5i WPC v\u00e4lisviimistlus ilmastikukindla pinnat\u00f6\u00f6tlusega<\/li>\n<li>Mahutavus: 5\u20137 inimest (\u00d8 2 m)<\/li>\n<li>L\u00e4bim\u00f5\u00f5t: 2 m<\/li>\n<li>K\u00f5rgus: 0,85 m<\/li>\n<li>Komplekti kuuluv keris: AISI 304 (v\u00e4line)<\/li>\n<li>Sobib aedadesse ja terrassidele<\/li>\n<li>Saadaval reguleeritavad RGB LED-valgustid<\/li>\n<li>Soojustatud<\/li>\n<li>Celsium trepp<\/li>\n<\/ul>\n<p>&nbsp;<\/p>\n<p><em>*Iga toode on valmistatud naturaalsest puidust, mist\u00f5ttu v\u00f5ivad l\u00f5plik toon ja puidumuster n\u00e4idispiltidest veidi erineda.<\/em><\/p>\n<p>&nbsp;<\/p>\n<p>&nbsp;<\/p>\n<p><strong>Baaskomplekti kuulub:<\/strong><\/p>\n<ul>\n<li>Sisu<\/li>\n<li>Keris (304) koos korstnaga<\/li>\n<li>Standardtrepp<\/li>\n<li>V\u00e4rvitud viimistlus<\/li>\n<\/ul>\n<p>&nbsp;<\/p>\n<p>&nbsp;<\/p>\n<p><strong>LISAVARUSTUS:<\/strong><\/p>\n<ul>\n<li>Klaasplast sisu v\u00e4rv:<br \/>\nValge + 0.00 \u20ac<br \/>\nHall + 0.00 \u20ac<br \/>\nTumehall + 0.00 \u20ac<br \/>\nP\u00e4rlvalge + 96.60 \u20ac<br \/>\nP\u00e4rlhall + 96.60 \u20ac<br \/>\nP\u00e4rltumehall + 96.60 \u20ac<\/li>\n<li>Akr\u00fc\u00fclsisu v\u00e4rv:<br \/>\nValge + 0.00 \u20ac<br \/>\nHall + 0.00 \u20ac<br \/>\nValge marmor + 80.50 \u20ac<br \/>\nMust marmor + 80.50 \u20ac<br \/>\nKohvipruun marmor + 80.50 \u20ac<br \/>\nPruun marmor + 80.50 \u20ac<\/li>\n<li>V\u00e4lisviimistlus:<br \/>\nKuusepuit (lisatasuta) + 0.00 \u20ac<br \/>\nP\u00f5letatud kuusk + 161.00 \u20ac<br \/>\nTermopuit + 193.20 \u20ac<br \/>\nPuit-plastikkomposiit (WPC) + 177.10 \u20ac<\/li>\n<li>Trepid (kuusk):<br \/>\nStandard + 0.00 \u20ac<br \/>\nT\u00fc\u00fcp A + 112.70 \u20ac<br \/>\nT\u00fc\u00fcp B + 112.70 \u20ac<br \/>\nCelsium + 209.30 \u20ac<\/li>\n<li>Trepid (p\u00f5letatud kuusk \/ termom\u00e4nd \/ WPC):<br \/>\nStandard + 0.00 \u20ac<br \/>\nT\u00fc\u00fcp A + 144.90 \u20ac<br \/>\nT\u00fc\u00fcp B + 144.90 \u20ac<br \/>\nCelsium + 241.50 \u20ac<\/li>\n<li>Thermo kaane kate:<br \/>\nMust kaas + 257.60 \u20ac<br \/>\nHall kaas + 257.60 \u20ac<br \/>\nPruun kaas + 257.60 \u20ac<\/li>\n<li>D\u00fc\u00fcsis\u00fcsteemid (v\u00f5imalik kombineerida h\u00fcdro + \u00f5humullis\u00fcsteem):<br \/>\n\u00d5humullis\u00fcsteem 0.7 kW, 12 d\u00fc\u00fcsi + 135.70 \u20ac<br \/>\nH\u00fcdros\u00fcsteem 8 d\u00fc\u00fcsiga, 1,1 kW + 148.35 \u20ac<br \/>\nH\u00fcdros\u00fcsteem 10 d\u00fc\u00fcsiga, 1,1 kW + 172.50 \u20ac<\/li>\n<li>Veealune valgustus (v\u00f5imalik kombineerida 65 mm + mini LED):<br \/>\nVeealune valgustus 65 mm LED RGB (1 tk) + 42.55 \u20ac<br \/>\nVeealune valgustus 65 mm LED RGB (2 tk) + 51.75 \u20ac<br \/>\nVeealune valgustus 65 mm LED RGB (3 tk) + 60.95 \u20ac<br \/>\nVeealune valgustus MINI LED RGB (10 tk) + 57.50 \u20ac<\/li>\n<li>V\u00e4lisvalgustus (v\u00f5imalik kombineerida mini LED + LED-riba sisu all):<br \/>\nV\u00e4line Mini LED RGB (12 tk) + 57.50 \u20ac<br \/>\nLED-riba sisu all + 93.15 \u20ac<\/li>\n<li>Termovaht-soojustus:<br \/>\nTermovaht-soojustus + 128.80 \u20ac<\/li>\n<li>Elektriline veesoojendi:<br \/>\nElektriline veesoojendi 3 kW + 209.30 \u20ac<br \/>\nElektriline veesoojendi 6 kW + 595.70 \u20ac<br \/>\nElektriline veesoojendi 9 kW + 614.10 \u20ac<\/li>\n<li>Liivafilter:<br \/>\nLiivafilter + 289.80 \u20ac<br \/>\nUV-lamp:<br \/>\nUV-lamp + 515.20 \u20ac<\/li>\n<li>Panipaigakast (filtrile):<br \/>\nKuusk + 103.50 \u20ac<br \/>\nTermopuit + 120.75 \u20ac<br \/>\nP\u00f5letatud kuusk + 120.75 \u20ac<br \/>\nWPC + 151.80 \u20ac<\/li>\n<li>Kerise teras:<br \/>\nAISI 304 teras + 0.00 \u20ac<br \/>\nAISI 316 teras + 193.20 \u20ac<br \/>\nPeatoed (max 6 tk):<br \/>\nPeatoed + 16.10 \u20ac<\/li>\n<li>Joogihoidjad (max 4 tk):<br \/>\nKuusk \/ termopuit \/ WPC + 32.20 \u20ac<\/li>\n<li>Integreeritud elektrooniline puuteekraaniga juhtpult + 161.00 \u20ac<\/li>\n<li>Integreeritud elektrooniline termomeeter + 24.15 \u20ac<\/li>\n<li>Kerise \u00fchendus 90 kraadi (v\u00e4lise kerise jaoks) + 16.10 \u20ac<\/li>\n<\/ul>\n","protected":false},"excerpt":{"rendered":"<p>See \u00fcmmargune k\u00fcmblust\u00fcnn pakub ajatut disaini, mida t\u00e4iendab v\u00e4lise puuk\u00fcttega kerise praktilisus. Kerise v\u00e4line paigutus tagab k\u00fcmblust\u00fcnni sees maksimaalse istekohtade arvu ja mugavuse. Kvaliteetsetest materjalidest valmistatud k\u00fcmblust\u00fcnn pakub autentset k\u00fcmbluskogemust, mis sobib ideaalselt nii seltskondlikeks hetkedeks kui ka rahulikuks l\u00f5\u00f5gastumiseks omaette. Saadaval kahes suuruses. Ruumis\u00e4\u00e4stlikuma lahenduse jaoks tutvu mudeliga Benas In.<\/p>\n","protected":false},"featured_media":146841,"comment_status":"open","ping_status":"closed","template":"","meta":{"_acf_changed":false},"factory":[5046],"free-shipment":[],"product_brand":[],"product_cat":[2587,2209],"product_tag":[2842],"class_list":{"0":"post-146855","1":"product","2":"type-product","3":"status-publish","4":"has-post-thumbnail","6":"factory-celsium","7":"product_cat-klaasplastist-kumblustunnid","8":"product_cat-kumblustunnid","9":"product_tag-hot-tub-et","11":"first","12":"instock","13":"sale","14":"taxable","15":"shipping-taxable","16":"purchasable","17":"product-type-variable"},"acf":[],"_links":{"self":[{"href":"https:\/\/factory.sale\/et\/wp-json\/wp\/v2\/product\/146855","targetHints":{"allow":["GET"]}}],"collection":[{"href":"https:\/\/factory.sale\/et\/wp-json\/wp\/v2\/product"}],"about":[{"href":"https:\/\/factory.sale\/et\/wp-json\/wp\/v2\/types\/product"}],"replies":[{"embeddable":true,"href":"https:\/\/factory.sale\/et\/wp-json\/wp\/v2\/comments?post=146855"}],"wp:featuredmedia":[{"embeddable":true,"href":"https:\/\/factory.sale\/et\/wp-json\/wp\/v2\/media\/146841"}],"wp:attachment":[{"href":"https:\/\/factory.sale\/et\/wp-json\/wp\/v2\/media?parent=146855"}],"wp:term":[{"taxonomy":"factory","embeddable":true,"href":"https:\/\/factory.sale\/et\/wp-json\/wp\/v2\/factory?post=146855"},{"taxonomy":"free-shipment","embeddable":true,"href":"https:\/\/factory.sale\/et\/wp-json\/wp\/v2\/free-shipment?post=146855"},{"taxonomy":"product_brand","embeddable":true,"href":"https:\/\/factory.sale\/et\/wp-json\/wp\/v2\/product_brand?post=146855"},{"taxonomy":"product_cat","embeddable":true,"href":"https:\/\/factory.sale\/et\/wp-json\/wp\/v2\/product_cat?post=146855"},{"taxonomy":"product_tag","embeddable":true,"href":"https:\/\/factory.sale\/et\/wp-json\/wp\/v2\/product_tag?post=146855"}],"curies":[{"name":"wp","href":"https:\/\/api.w.org\/{rel}","templated":true}]}}