{"id":14670,"date":"2022-10-27T07:26:26","date_gmt":"2022-10-27T07:28:25","guid":{"rendered":"https:\/\/factory.sale\/?post_type=product&#038;p=14670"},"modified":"2024-06-27T09:57:27","modified_gmt":"2024-06-27T09:57:27","slug":"infire-inside-c1200v2","status":"publish","type":"product","link":"https:\/\/factory.sale\/et\/toode\/infire-inside-c1200v2\/","title":{"rendered":"InFire Inside C1200V2"},"content":{"rendered":"<p>INSIDE C1200 VERS2. mudel on kamin, mis on ettevalmistatud monteerimiseks ettevalmistatud s\u00fcvendisse. Selle struktuur v\u00f5imaldab paigaldada seina sisse, kuna painutatud voltide t\u00f5ttu on v\u00f5imalik katta seina sisse l\u00f5igatud ava ebatasasused. Lisaks moodustab selliselt valmistatud raam tule raami, mida saab j\u00e4lgida kolmest k\u00fcljest. Lihtne ja delikaatne struktuur sobib igasse interj\u00f6\u00f6ri ning lisaks on see ideaalne taust teie kodu soojusele ja mugavusele.<\/p>\n<p>&nbsp;<\/p>\n<p><strong>Lisainformatsioon:<\/strong><\/p>\n<ul>\n<li>M\u00f5\u00f5dud: 1200 x 500 x 200 mm<\/li>\n<li>Kolle: 1000mm = 3L<\/li>\n<li>P\u00f5lemine: 1-2 tundi<\/li>\n<li>Klaas: karastatud klaas 4 mm<\/li>\n<li>Garantii: 24 kuud<\/li>\n<li>V\u00e4rv: must<\/li>\n<li>Montaa\u017e: s\u00fcvistatud<\/li>\n<\/ul>\n","protected":false},"excerpt":{"rendered":"<p>INSIDE C1200 VERS2. mudel on kamin, mis on ettevalmistatud monteerimiseks ettevalmistatud s\u00fcvendisse. Selle struktuur v\u00f5imaldab paigaldada seina sisse, kuna painutatud voltide t\u00f5ttu on v\u00f5imalik katta seina sisse l\u00f5igatud ava ebatasasused. Lisaks moodustab selliselt valmistatud raam tule raami, mida saab j\u00e4lgida kolmest k\u00fcljest. Lihtne ja delikaatne struktuur sobib igasse interj\u00f6\u00f6ri ning lisaks on see ideaalne taust teie kodu soojusele ja mugavusele.<\/p>\n","protected":false},"featured_media":14673,"comment_status":"open","ping_status":"closed","template":"","meta":{"_acf_changed":false},"factory":[],"free-shipment":[],"product_brand":[],"product_cat":[1253,2630],"product_tag":[],"class_list":{"0":"post-14670","1":"product","2":"type-product","3":"status-publish","4":"has-post-thumbnail","6":"product_cat-bio-kaminad","7":"product_cat-infire-et","9":"first","10":"instock","11":"sale","12":"taxable","13":"shipping-taxable","14":"purchasable","15":"product-type-simple"},"acf":[],"_links":{"self":[{"href":"https:\/\/factory.sale\/et\/wp-json\/wp\/v2\/product\/14670","targetHints":{"allow":["GET"]}}],"collection":[{"href":"https:\/\/factory.sale\/et\/wp-json\/wp\/v2\/product"}],"about":[{"href":"https:\/\/factory.sale\/et\/wp-json\/wp\/v2\/types\/product"}],"replies":[{"embeddable":true,"href":"https:\/\/factory.sale\/et\/wp-json\/wp\/v2\/comments?post=14670"}],"wp:featuredmedia":[{"embeddable":true,"href":"https:\/\/factory.sale\/et\/wp-json\/wp\/v2\/media\/14673"}],"wp:attachment":[{"href":"https:\/\/factory.sale\/et\/wp-json\/wp\/v2\/media?parent=14670"}],"wp:term":[{"taxonomy":"factory","embeddable":true,"href":"https:\/\/factory.sale\/et\/wp-json\/wp\/v2\/factory?post=14670"},{"taxonomy":"free-shipment","embeddable":true,"href":"https:\/\/factory.sale\/et\/wp-json\/wp\/v2\/free-shipment?post=14670"},{"taxonomy":"product_brand","embeddable":true,"href":"https:\/\/factory.sale\/et\/wp-json\/wp\/v2\/product_brand?post=14670"},{"taxonomy":"product_cat","embeddable":true,"href":"https:\/\/factory.sale\/et\/wp-json\/wp\/v2\/product_cat?post=14670"},{"taxonomy":"product_tag","embeddable":true,"href":"https:\/\/factory.sale\/et\/wp-json\/wp\/v2\/product_tag?post=14670"}],"curies":[{"name":"wp","href":"https:\/\/api.w.org\/{rel}","templated":true}]}}