{"id":146568,"date":"2026-04-05T20:25:32","date_gmt":"2026-04-05T18:35:34","guid":{"rendered":"https:\/\/factory.sale\/?post_type=product&#038;p=146568"},"modified":"2026-04-05T21:35:35","modified_gmt":"2026-04-05T18:35:35","slug":"tauras-modular-view-valisaun-7-inimesele","status":"publish","type":"product","link":"https:\/\/factory.sale\/et\/toode\/tauras-modular-view-valisaun-7-inimesele\/","title":{"rendered":"Tauras Modular View V\u00e4lisaun 7 inimesele"},"content":{"rendered":"<p>Tauras Modular View viib moodulsauna kogemuse uuele tasemele t\u00e4nu suurele esik\u00fcljel asetsevale klaaspaneelile. \u00dches otsas asub saunamoodul, samas kui teine ots v\u00f5ib j\u00e4\u00e4da avatuks v\u00f5i olla varustatud integreeritud k\u00fcmblust\u00fcnni v\u00f5i mullivanniga, pakkudes paindlikku lahendust vastavalt sinu ruumile ja elustiilile. View-mudelit iseloomustavad modernsed materjalid ja puhas disain, mist\u00f5ttu sobib see suurep\u00e4raselt ka maalilistesse asukohtadesse.<\/p>\n<p>Avatuma lahenduse jaoks tutvu mudeliga Tauras Modular Air, suurema planeeringu ja eraldi riietus-\/panipaigamooduliga lahenduse jaoks vali Tauras Modular Balance.<\/p>\n<p>&nbsp;<\/p>\n<ul>\n<li>Saunamaja kuni 7 inimesele<\/li>\n<li>Eraldi puhke- ja saunaala<\/li>\n<li>M\u00f5\u00f5dud: 2,1 \u00d7 5 m<\/li>\n<li>K\u00f5rgus: 2,55 m<\/li>\n<li>Seina paksus 44 mm (thermo 42 mm)<\/li>\n<li>Naturaalsest puidust sisemus<\/li>\n<li>Loodud aastaringseks kasutamiseks<\/li>\n<li>2-aastane garantii<\/li>\n<li>V\u00f5imalik tellida professionaalne paigaldus<\/li>\n<\/ul>\n<p>&nbsp;<\/p>\n<p>&nbsp;<\/p>\n<p><em>*Iga toode on valmistatud naturaalsest puidust, mist\u00f5ttu v\u00f5ivad l\u00f5plik toon ja puidumuster n\u00e4idispiltidest veidi erineda.<\/em><\/p>\n<p>&nbsp;<\/p>\n<p>&nbsp;<\/p>\n<p><strong>Baaskomplekt sisaldab:<\/strong><\/p>\n<ul>\n<li>V\u00e4lisseinad:<br \/>\nKuusk<br \/>\nShou Sugi Ban \/ p\u00f5letatud kuusk<br \/>\nTermom\u00e4nd<\/li>\n<\/ul>\n<p><img loading=\"lazy\" decoding=\"async\" class=\"alignnone wp-image-140988\" src=\"https:\/\/factory.sale\/wp-content\/uploads\/2026\/03\/Wood-colour-ula-factory-sale-300x89.png\" alt=\"\" width=\"364\" height=\"108\" srcset=\"https:\/\/factory.sale\/wp-content\/uploads\/2026\/03\/Wood-colour-ula-factory-sale-300x89.png 300w, https:\/\/factory.sale\/wp-content\/uploads\/2026\/03\/Wood-colour-ula-factory-sale-150x44.png 150w, https:\/\/factory.sale\/wp-content\/uploads\/2026\/03\/Wood-colour-ula-factory-sale-600x177.png 600w, https:\/\/factory.sale\/wp-content\/uploads\/2026\/03\/Wood-colour-ula-factory-sale.png 664w\" sizes=\"auto, (max-width: 364px) 100vw, 364px\" \/><\/p>\n<ul>\n<li>V\u00e4lisv\u00e4rvid: bee\u017e, hall, eeben, teak, p\u00e4hkel<\/li>\n<\/ul>\n<p><img loading=\"lazy\" decoding=\"async\" class=\"alignnone wp-image-140959\" src=\"https:\/\/factory.sale\/wp-content\/uploads\/2026\/03\/Spruce-colours-300x53.png\" alt=\"\" width=\"379\" height=\"67\" srcset=\"https:\/\/factory.sale\/wp-content\/uploads\/2026\/03\/Spruce-colours-300x53.png 300w, https:\/\/factory.sale\/wp-content\/uploads\/2026\/03\/Spruce-colours-150x26.png 150w, https:\/\/factory.sale\/wp-content\/uploads\/2026\/03\/Spruce-colours.png 342w\" sizes=\"auto, (max-width: 379px) 100vw, 379px\" \/><\/p>\n<ul>\n<li>V\u00e4lisviimistlus: viimistletud (tehases t\u00f6\u00f6deldud), viimistlemata, viimistlemata + viimistlusvahend eraldi kaasas<\/li>\n<\/ul>\n<p><img loading=\"lazy\" decoding=\"async\" class=\"alignnone wp-image-141004\" src=\"https:\/\/factory.sale\/wp-content\/uploads\/2026\/03\/Benches-wood-type-factory-sale-300x66.png\" alt=\"\" width=\"400\" height=\"88\" srcset=\"https:\/\/factory.sale\/wp-content\/uploads\/2026\/03\/Benches-wood-type-factory-sale-300x66.png 300w, https:\/\/factory.sale\/wp-content\/uploads\/2026\/03\/Benches-wood-type-factory-sale-150x33.png 150w, https:\/\/factory.sale\/wp-content\/uploads\/2026\/03\/Benches-wood-type-factory-sale-768x170.png 768w, https:\/\/factory.sale\/wp-content\/uploads\/2026\/03\/Benches-wood-type-factory-sale-600x133.png 600w, https:\/\/factory.sale\/wp-content\/uploads\/2026\/03\/Benches-wood-type-factory-sale.png 868w\" sizes=\"auto, (max-width: 400px) 100vw, 400px\" \/><\/p>\n<ul>\n<li>Lavad: haab, must lepp, p\u00e4rn, termom\u00e4nd<\/li>\n<li>Klaasit\u00fc\u00fcp: l\u00e4bipaistev<\/li>\n<\/ul>\n<p>&nbsp;<\/p>\n<p>&nbsp;<\/p>\n<p>&nbsp;<\/p>\n<p><strong>LISAVARUSTUS:<\/strong><\/p>\n<ul>\n<li>Klaasit\u00fc\u00fcp:<br \/>\nSelge + 0.00 \u20ac<br \/>\nToonitud pronks + 93.60 \u20ac<br \/>\nMust Planibel + 117.00 \u20ac<br \/>\nT\u00e4ispeegel + 187.20 \u20ac<\/li>\n<\/ul>\n<p><img loading=\"lazy\" decoding=\"async\" class=\"alignnone wp-image-140991\" src=\"https:\/\/factory.sale\/wp-content\/uploads\/2026\/03\/Glass-options-factory-sale-300x64.png\" alt=\"\" width=\"478\" height=\"102\" srcset=\"https:\/\/factory.sale\/wp-content\/uploads\/2026\/03\/Glass-options-factory-sale-300x64.png 300w, https:\/\/factory.sale\/wp-content\/uploads\/2026\/03\/Glass-options-factory-sale-150x32.png 150w, https:\/\/factory.sale\/wp-content\/uploads\/2026\/03\/Glass-options-factory-sale-600x127.png 600w, https:\/\/factory.sale\/wp-content\/uploads\/2026\/03\/Glass-options-factory-sale.png 736w\" sizes=\"auto, (max-width: 478px) 100vw, 478px\" \/><\/p>\n<ul>\n<li>Lavad ja seljatoe puiduliik:<br \/>\nHaab + 0.00 \u20ac<br \/>\nMust lepp + 0.00 \u20ac<br \/>\nP\u00e4rn + 0.00 \u20ac<br \/>\nTermom\u00e4nd + 0.00 \u20ac<br \/>\nPremium termohaab + 292.50 \u20ac<\/li>\n<li>Seljatoe t\u00fc\u00fcp:<br \/>\nStandard + 0.00 \u20ac<br \/>\nTuleleegi efekt + 175.50 \u20ac<\/li>\n<li>Seljatoe graveering:<br \/>\nKohandatud tsitaat + 29.25 \u20ac<\/li>\n<li>Elektrikerised:<br \/>\nHarvia Trendi 9 kW (manuaalne) + 315.90 \u20ac<br \/>\nHuum Drop 9 kW + 725.40 \u20ac<br \/>\nHarvia Spirit XW 9 kW Wi-Fi juhtimisega + 994.50 \u20ac<br \/>\nHarvia Cilindro 10.8 kW Steel + 1006.20 \u20ac<br \/>\nHarvia Legend 10.8 kW Black LCD Wi-Fi juhtimisega + 1287.00 \u20ac<br \/>\nHuum Hive Mini 10.5 kW + 1380.60 \u20ac<\/li>\n<li>Turvapiire kerise \u00fcmber:<br \/>\nHarvia Trendi 9 kW (manuaalne) + 70.20 \u20ac<br \/>\nHuum Drop 9 kW + 210.60 \u20ac<br \/>\nHarvia Spirit XW 9 kW Wi-Fi juhtimisega + 234.00 \u20ac<br \/>\nHarvia Cilindro 10.8 kW Steel + 351.00 \u20ac<br \/>\nHarvia Legend 10.8 kW Black LCD Wi-Fi juhtimisega + 409.50 \u20ac<br \/>\nHuum Hive Mini 10.5 kW + 234.00 \u20ac<\/li>\n<li>Puuk\u00fcttega keris (sisemise k\u00fctmisega):<br \/>\nHarvia M3 16.5 kW + 491.40 \u20ac<br \/>\nHarvia Pro 20 24 kW + 865.80 \u20ac<br \/>\nHarvia Legend 150 16 kW + 924.30 \u20ac<br \/>\nHuum HIVE Wood 13 + 1228.50 \u20ac<br \/>\nHuum Flow Mini 8,5 kW + 1696.50 \u20ac<\/li>\n<li>Puuk\u00fcttega keris (v\u00e4lise k\u00fctmisega):<br \/>\nHarvia M3 16.5 kW (v\u00e4lise k\u00fctmisega) + 737.10 \u20ac<br \/>\nHarvia Pro 20 24 kW (v\u00e4lise k\u00fctmisega) + 1049.49 \u20ac<br \/>\nHarvia Legend 150 16 kW (v\u00e4lise k\u00fctmisega) + 1184.04 \u20ac<br \/>\nHuum Flow Mini 8,5 kW (v\u00e4lise k\u00fctmisega) + 1989.00 \u20ac<\/li>\n<li>Korsten puuk\u00fcttega kerisele:<br \/>\nHarvia korsten (roostevaba teras) + 458.64 \u20ac<br \/>\nHarvia korsten (must viimistlus) + 614.25 \u20ac<br \/>\nTavaline korsten + 335.79 \u20ac<\/li>\n<li>V\u00e4lisvalgustus:<br \/>\nV\u00e4lis-LED + 292.50 \u20ac<br \/>\nV\u00e4lis RGB LED + 351.00 \u20ac<\/li>\n<li>Sisevalgustus (seljatugede all):<br \/>\nStandard LED + 175.50 \u20ac<br \/>\nRGB LED + 292.50 \u20ac<br \/>\nTherapy Pulse LED + 327.60 \u20ac<\/li>\n<li>Sisevalgustus (lavade all):<br \/>\nStandard LED + 175.50 \u20ac<br \/>\nRGB LED + 292.50 \u20ac<br \/>\nTherapy Pulse LED + 327.60 \u20ac<\/li>\n<li>Sisevalgustus (seljatugede ja lavade all):<br \/>\nStandard LED + 292.50 \u20ac<br \/>\nRGB LED + 409.50 \u20ac<br \/>\nTherapy Pulse LED + 444.60 \u20ac<\/li>\n<li>Sauna audios\u00fcsteem:<br \/>\nStandard, valge + 526.50 \u20ac<br \/>\nModerne, valge + 889.20 \u20ac<\/li>\n<\/ul>\n<p>&nbsp;<\/p>\n<p>&nbsp;<\/p>\n<p><strong>Tarne kokkupandava komplektina<\/strong><\/p>\n<p>Sinu saun tarnitakse turvaliselt pakendatuna suurel alusel ning paigutatakse sinu sisses\u00f5iduteele. Sa v\u00f5id selle ise kokku panna v\u00f5i lasta kogu paigalduse teha professionaalsel paigaldusmeeskonnal.<\/p>\n<p>&nbsp;<\/p>\n<p><video style=\"max-width: 100%; height: auto; display: block;\" preload=\"auto\" autoplay=\"autoplay\" loop=\"loop\" muted=\"\" controls=\"controls\" width=\"1500\" height=\"3750\"><source src=\"https:\/\/factory.sale\/wp-content\/uploads\/2026\/04\/1.-Pirtis-16x9_-2026-01-23_Su-logo.mp4\" type=\"video\/mp4\" \/>Your browser does not support the video tag.<br \/>\n&lt;\/video&lt;<\/video><\/p>\n","protected":false},"excerpt":{"rendered":"<p>Tauras Modular View viib moodulsauna kogemuse uuele tasemele t\u00e4nu suurele esik\u00fcljel asetsevale klaaspaneelile. \u00dches otsas asub saunamoodul, samas kui teine ots v\u00f5ib j\u00e4\u00e4da avatuks v\u00f5i olla varustatud integreeritud k\u00fcmblust\u00fcnni v\u00f5i mullivanniga, pakkudes paindlikku lahendust vastavalt sinu ruumile ja elustiilile. View-mudelit iseloomustavad modernsed materjalid ja puhas disain, mist\u00f5ttu sobib see suurep\u00e4raselt ka maalilistesse asukohtadesse.<\/p>\n","protected":false},"featured_media":146548,"comment_status":"open","ping_status":"closed","template":"","meta":{"_acf_changed":false},"factory":[5046],"free-shipment":[],"product_brand":[],"product_cat":[826,2257],"product_tag":[830,811],"class_list":{"0":"post-146568","1":"product","2":"type-product","3":"status-publish","4":"has-post-thumbnail","6":"factory-celsium","7":"product_cat-saunas-et","8":"product_cat-valisaun","9":"product_tag-modular-sauna-et","10":"product_tag-sauna-et","12":"first","13":"instock","14":"sale","15":"taxable","16":"shipping-taxable","17":"purchasable","18":"product-type-variable"},"acf":[],"_links":{"self":[{"href":"https:\/\/factory.sale\/et\/wp-json\/wp\/v2\/product\/146568","targetHints":{"allow":["GET"]}}],"collection":[{"href":"https:\/\/factory.sale\/et\/wp-json\/wp\/v2\/product"}],"about":[{"href":"https:\/\/factory.sale\/et\/wp-json\/wp\/v2\/types\/product"}],"replies":[{"embeddable":true,"href":"https:\/\/factory.sale\/et\/wp-json\/wp\/v2\/comments?post=146568"}],"wp:featuredmedia":[{"embeddable":true,"href":"https:\/\/factory.sale\/et\/wp-json\/wp\/v2\/media\/146548"}],"wp:attachment":[{"href":"https:\/\/factory.sale\/et\/wp-json\/wp\/v2\/media?parent=146568"}],"wp:term":[{"taxonomy":"factory","embeddable":true,"href":"https:\/\/factory.sale\/et\/wp-json\/wp\/v2\/factory?post=146568"},{"taxonomy":"free-shipment","embeddable":true,"href":"https:\/\/factory.sale\/et\/wp-json\/wp\/v2\/free-shipment?post=146568"},{"taxonomy":"product_brand","embeddable":true,"href":"https:\/\/factory.sale\/et\/wp-json\/wp\/v2\/product_brand?post=146568"},{"taxonomy":"product_cat","embeddable":true,"href":"https:\/\/factory.sale\/et\/wp-json\/wp\/v2\/product_cat?post=146568"},{"taxonomy":"product_tag","embeddable":true,"href":"https:\/\/factory.sale\/et\/wp-json\/wp\/v2\/product_tag?post=146568"}],"curies":[{"name":"wp","href":"https:\/\/api.w.org\/{rel}","templated":true}]}}