{"id":14644,"date":"2022-10-26T10:09:22","date_gmt":"2022-10-26T10:15:49","guid":{"rendered":"https:\/\/factory.sale\/?post_type=product&#038;p=14644"},"modified":"2024-06-27T18:15:58","modified_gmt":"2024-06-27T18:15:58","slug":"infire-inside-c1000v3","status":"publish","type":"product","link":"https:\/\/factory.sale\/et\/toode\/infire-inside-c1000v3\/","title":{"rendered":"InFire Inside C1000V3"},"content":{"rendered":"<p>INFIRE C1000 VERS3. mudel on kamin, mis on ette valmistatud monteerimiseks ettevalmistatud s\u00fcvendisse. Selle struktuur v\u00f5imaldab paigaldada seina sisse, kuna painutatud voltide t\u00f5ttu on v\u00f5imalik katta seina sisse l\u00f5igatud ava ebatasasused. Sel viisil valmistatud raam moodustab tule raami, mida on v\u00f5imalik j\u00e4lgida isegi kolmest k\u00fcljest.<\/p>\n<p>&nbsp;<\/p>\n<p><strong>Lisainformatsioon:<\/strong><\/p>\n<ul>\n<li>M\u00f5\u00f5tmed:\u00a01000 x 500 x 300<\/li>\n<li>Kolle:\u00a0800 mm = 2 L<\/li>\n<li>P\u00f5lemine:\u00a02-3 tundi<\/li>\n<li>Klaas:\u00a0Karastatud klaas 4 mm<\/li>\n<li>Garantii:\u00a024 kuud<\/li>\n<li>V\u00e4rv:\u00a0Must<\/li>\n<li>Montaa\u017e: S\u00fcvistatud<\/li>\n<\/ul>\n","protected":false},"excerpt":{"rendered":"<p>INFIRE C1000 VERS3. mudel on kamin, mis on ette valmistatud monteerimiseks ettevalmistatud s\u00fcvendisse. Selle struktuur v\u00f5imaldab paigaldada seina sisse, kuna painutatud voltide t\u00f5ttu on v\u00f5imalik katta seina sisse l\u00f5igatud ava ebatasasused. Sel viisil valmistatud raam moodustab tule raami, mida on v\u00f5imalik j\u00e4lgida isegi kolmest k\u00fcljest.<\/p>\n","protected":false},"featured_media":14642,"comment_status":"open","ping_status":"closed","template":"","meta":{"_acf_changed":false},"factory":[],"free-shipment":[],"product_brand":[],"product_cat":[1253,2630],"product_tag":[],"class_list":{"0":"post-14644","1":"product","2":"type-product","3":"status-publish","4":"has-post-thumbnail","6":"product_cat-bio-kaminad","7":"product_cat-infire-et","9":"first","10":"instock","11":"sale","12":"taxable","13":"shipping-taxable","14":"purchasable","15":"product-type-simple"},"acf":[],"_links":{"self":[{"href":"https:\/\/factory.sale\/et\/wp-json\/wp\/v2\/product\/14644","targetHints":{"allow":["GET"]}}],"collection":[{"href":"https:\/\/factory.sale\/et\/wp-json\/wp\/v2\/product"}],"about":[{"href":"https:\/\/factory.sale\/et\/wp-json\/wp\/v2\/types\/product"}],"replies":[{"embeddable":true,"href":"https:\/\/factory.sale\/et\/wp-json\/wp\/v2\/comments?post=14644"}],"wp:featuredmedia":[{"embeddable":true,"href":"https:\/\/factory.sale\/et\/wp-json\/wp\/v2\/media\/14642"}],"wp:attachment":[{"href":"https:\/\/factory.sale\/et\/wp-json\/wp\/v2\/media?parent=14644"}],"wp:term":[{"taxonomy":"factory","embeddable":true,"href":"https:\/\/factory.sale\/et\/wp-json\/wp\/v2\/factory?post=14644"},{"taxonomy":"free-shipment","embeddable":true,"href":"https:\/\/factory.sale\/et\/wp-json\/wp\/v2\/free-shipment?post=14644"},{"taxonomy":"product_brand","embeddable":true,"href":"https:\/\/factory.sale\/et\/wp-json\/wp\/v2\/product_brand?post=14644"},{"taxonomy":"product_cat","embeddable":true,"href":"https:\/\/factory.sale\/et\/wp-json\/wp\/v2\/product_cat?post=14644"},{"taxonomy":"product_tag","embeddable":true,"href":"https:\/\/factory.sale\/et\/wp-json\/wp\/v2\/product_tag?post=14644"}],"curies":[{"name":"wp","href":"https:\/\/api.w.org\/{rel}","templated":true}]}}