{"id":146359,"date":"2026-03-31T14:57:48","date_gmt":"2026-03-31T12:13:04","guid":{"rendered":"https:\/\/factory.sale\/?post_type=product&#038;p=146359"},"modified":"2026-04-12T23:47:05","modified_gmt":"2026-04-12T20:47:05","slug":"tauras-modular-air-valisaun-7-le-inimesele","status":"publish","type":"product","link":"https:\/\/factory.sale\/et\/toode\/tauras-modular-air-valisaun-7-le-inimesele\/","title":{"rendered":"Tauras Modular Air V\u00e4lisaun 7-le inimesele"},"content":{"rendered":"<p>Avatud esiosaga Tauras Modular Air loob kerge ja \u00f5hulise atmosf\u00e4\u00e4ri, pakkudes samal ajal t\u00e4isv\u00e4\u00e4rtuslikku spaakogemust. \u00dches otsas asub saunamoodul, samas kui teine ots v\u00f5ib j\u00e4\u00e4da avatuks v\u00f5i olla varustatud integreeritud k\u00fcmblust\u00fcnni v\u00f5i mullivanniga, pakkudes paindlikku lahendust vastavalt sinu ruumile ja elustiilile. Selged jooned ja avatud planeering muudavad selle ideaalseks valikuks l\u00f5\u00f5gastavatesse v\u00e4litingimustesse, kus olulisel kohal on avarus ja mugavus.<\/p>\n<p>Privaatsuse lisamiseks tutvu mudeliga Tauras Modular View, millel on ees klaasmoodul. Rohkema ruumi ja paindlikkuse jaoks vali Tauras Modular Balance, mille juurde kuulub keskne riietusruum.<\/p>\n<p>&nbsp;<\/p>\n<ul>\n<li>Avatud puhkealaga saunalahendus kuni 7 inimesele<\/li>\n<li>Kumera kujuga sisemine istumisala<\/li>\n<li>M\u00f5\u00f5dud: 2,1 \u00d7 5 m<\/li>\n<li>K\u00f5rgus: 2,55 m<\/li>\n<li>Seina paksus 44 mm (termopuit 42 mm)<\/li>\n<li>Elegantne puitkonstruktsioon<\/li>\n<li>Tasakaalustatud puhke- ja saunaruumi jaotus<\/li>\n<li>2-aastane garantii<\/li>\n<li>Saadaval professionaalne kasutusvalmis paigaldus<\/li>\n<\/ul>\n<p>&nbsp;<\/p>\n<p><em>* Iga toode on valmistatud naturaalsest puidust, mist\u00f5ttu v\u00f5ivad selle l\u00f5plik toon ja puidumuster n\u00e4idispiltidel kujutatust veidi erineda.<\/em><\/p>\n<p>&nbsp;<\/p>\n<p>&nbsp;<\/p>\n<p><strong>Baaskomplekt sisaldab:<\/strong><\/p>\n<ul>\n<li>V\u00e4lisseinad:<br \/>\nKuusk<br \/>\nShou Sugi Ban \/ p\u00f5letatud kuusk<br \/>\nTermom\u00e4nd<\/li>\n<\/ul>\n<p><img loading=\"lazy\" decoding=\"async\" class=\"alignnone wp-image-140988\" src=\"https:\/\/factory.sale\/wp-content\/uploads\/2026\/03\/Wood-colour-ula-factory-sale-300x89.png\" alt=\"\" width=\"364\" height=\"108\" srcset=\"https:\/\/factory.sale\/wp-content\/uploads\/2026\/03\/Wood-colour-ula-factory-sale-300x89.png 300w, https:\/\/factory.sale\/wp-content\/uploads\/2026\/03\/Wood-colour-ula-factory-sale-150x44.png 150w, https:\/\/factory.sale\/wp-content\/uploads\/2026\/03\/Wood-colour-ula-factory-sale-600x177.png 600w, https:\/\/factory.sale\/wp-content\/uploads\/2026\/03\/Wood-colour-ula-factory-sale.png 664w\" sizes=\"auto, (max-width: 364px) 100vw, 364px\" \/><\/p>\n<ul>\n<li>V\u00e4lisv\u00e4rvid: bee\u017e, hall, eeben, teak, p\u00e4hkel<\/li>\n<\/ul>\n<p><img loading=\"lazy\" decoding=\"async\" class=\"alignnone wp-image-140959\" src=\"https:\/\/factory.sale\/wp-content\/uploads\/2026\/03\/Spruce-colours-300x53.png\" alt=\"\" width=\"379\" height=\"67\" srcset=\"https:\/\/factory.sale\/wp-content\/uploads\/2026\/03\/Spruce-colours-300x53.png 300w, https:\/\/factory.sale\/wp-content\/uploads\/2026\/03\/Spruce-colours-150x26.png 150w, https:\/\/factory.sale\/wp-content\/uploads\/2026\/03\/Spruce-colours.png 342w\" sizes=\"auto, (max-width: 379px) 100vw, 379px\" \/><\/p>\n<ul>\n<li>V\u00e4lisviimistlus: viimistletud (tehases t\u00f6\u00f6deldud), viimistlemata, viimistlemata + viimistlusvahend eraldi kaasas<\/li>\n<\/ul>\n<p><img loading=\"lazy\" decoding=\"async\" class=\"alignnone wp-image-141004\" src=\"https:\/\/factory.sale\/wp-content\/uploads\/2026\/03\/Benches-wood-type-factory-sale-300x66.png\" alt=\"\" width=\"400\" height=\"88\" srcset=\"https:\/\/factory.sale\/wp-content\/uploads\/2026\/03\/Benches-wood-type-factory-sale-300x66.png 300w, https:\/\/factory.sale\/wp-content\/uploads\/2026\/03\/Benches-wood-type-factory-sale-150x33.png 150w, https:\/\/factory.sale\/wp-content\/uploads\/2026\/03\/Benches-wood-type-factory-sale-768x170.png 768w, https:\/\/factory.sale\/wp-content\/uploads\/2026\/03\/Benches-wood-type-factory-sale-600x133.png 600w, https:\/\/factory.sale\/wp-content\/uploads\/2026\/03\/Benches-wood-type-factory-sale.png 868w\" sizes=\"auto, (max-width: 400px) 100vw, 400px\" \/><\/p>\n<ul>\n<li>Lavad: haab, must lepp, p\u00e4rn, termom\u00e4nd<\/li>\n<li>Klaasit\u00fc\u00fcp: l\u00e4bipaistev<\/li>\n<\/ul>\n<p>&nbsp;<\/p>\n<p>&nbsp;<\/p>\n<p>&nbsp;<\/p>\n<p><strong>LISAV\u00d5IMALUSED:<\/strong><\/p>\n<ul>\n<li>Klaasit\u00fc\u00fcp:<br \/>\nSelge klaas + 0 \u20ac<br \/>\nToonitud pronksklaas + 70,20 \u20ac<br \/>\nMust Planibel klaas + 93,60 \u20ac<br \/>\nT\u00e4ispeegelklaas + 140,40 \u20ac<\/li>\n<\/ul>\n<p><img loading=\"lazy\" decoding=\"async\" class=\"alignnone wp-image-140991\" src=\"https:\/\/factory.sale\/wp-content\/uploads\/2026\/03\/Glass-options-factory-sale-300x64.png\" alt=\"\" width=\"478\" height=\"102\" srcset=\"https:\/\/factory.sale\/wp-content\/uploads\/2026\/03\/Glass-options-factory-sale-300x64.png 300w, https:\/\/factory.sale\/wp-content\/uploads\/2026\/03\/Glass-options-factory-sale-150x32.png 150w, https:\/\/factory.sale\/wp-content\/uploads\/2026\/03\/Glass-options-factory-sale-600x127.png 600w, https:\/\/factory.sale\/wp-content\/uploads\/2026\/03\/Glass-options-factory-sale.png 736w\" sizes=\"auto, (max-width: 478px) 100vw, 478px\" \/><\/p>\n<ul>\n<li>Lava- ja seljatoepuidu t\u00fc\u00fcp:<br \/>\nHaab + 0 \u20ac<br \/>\nMust lepp + 0 \u20ac<br \/>\nP\u00e4rn + 0 \u20ac<br \/>\nTermom\u00e4nd + 0 \u20ac<br \/>\nPremium termohaab + 292,50 \u20ac<\/li>\n<li>Seljatoe t\u00fc\u00fcp:<br \/>\nStandard + 0 \u20ac<br \/>\nLeegieffekt + 175,50 \u20ac<\/li>\n<li>Seljatoe graveering:<br \/>\nTeie valitud tsitaat + 29,25 \u20ac<\/li>\n<li>Elektrikerised:<br \/>\nHarvia Trendi 9 kW (manuaalne) + 315,90 \u20ac<br \/>\nHuum Drop 9 kW + 725,40 \u20ac<br \/>\nHarvia Spirit XW 9 kW Wi-Fi-ga + 994,50 \u20ac<br \/>\nHarvia Cilindro 10,8 kW teras + 1006,20 \u20ac<br \/>\nHarvia Legend 10,8 kW must LCD-ekraaniga ja Wi-Fi-ga + 1287,00 \u20ac<br \/>\nHuum Hive Mini 10,5 kW + 1380,60 \u20ac<\/li>\n<li>Kerisepiire:<br \/>\nHarvia Trendi 9 kW (manuaalne) + 70,20 \u20ac<br \/>\nHuum Drop 9 kW + 210,60 \u20ac<br \/>\nHarvia Spirit XW 9 kW Wi-Fi-ga + 234,00 \u20ac<br \/>\nHarvia Cilindro 10,8 kW teras + 351,00 \u20ac<br \/>\nHarvia Legend 10,8 kW must LCD-ekraaniga ja Wi-Fi-ga + 409,50 \u20ac<br \/>\nHuum Hive Mini 10,5 kW + 234,00 \u20ac<\/li>\n<li>Puuk\u00fcttega keris (sisemise laadimisega):<br \/>\nHarvia M3 16,5 kW + 491,40 \u20ac<br \/>\nHarvia Pro 20 24 kW + 865,80 \u20ac<br \/>\nHarvia Legend 150 16 kW + 924,30 \u20ac<br \/>\nHuum HIVE Wood 13 + 1228,50 \u20ac<br \/>\nHuum Flow Mini 8,5 kW + 1696,50 \u20ac<\/li>\n<li>Puuk\u00fcttega keris (v\u00e4lise laadimisega):<br \/>\nHarvia M3 16,5 kW (v\u00e4lise laadimisega) + 737,10 \u20ac<br \/>\nHarvia Pro 20 24 kW (v\u00e4lise laadimisega) + 1049,49 \u20ac<br \/>\nHarvia Legend 150 16 kW (v\u00e4lise laadimisega) + 1184,04 \u20ac<br \/>\nHuum Flow Mini 8,5 kW (v\u00e4lise laadimisega) + 1989,00 \u20ac<\/li>\n<li>Korsten puuk\u00fcttega kerisele:<br \/>\nHarvia korsten (roostevaba teras) + 458,64 \u20ac<br \/>\nHarvia korsten (must viimistlus) + 614,25 \u20ac<br \/>\nP\u00f5hikorsten + 335,79 \u20ac<\/li>\n<li>V\u00e4lisvalgustus:<br \/>\nV\u00e4line LED-valgustus + 292,50 \u20ac<br \/>\nV\u00e4line RGB LED-valgustus + 351,00 \u20ac<\/li>\n<li>Sisevalgustus (seljatugede all):<br \/>\nStandardne LED-valgustus + 175,50 \u20ac<br \/>\nRGB LED-valgustus + 292,50 \u20ac<br \/>\nTherapy Pulse LED-valgustus + 327,60 \u20ac<\/li>\n<li>Sisevalgustus (lavade all):<br \/>\nStandardne LED-valgustus + 175,50 \u20ac<br \/>\nRGB LED-valgustus + 292,50 \u20ac<br \/>\nTherapy Pulse LED-valgustus + 327,60 \u20ac<\/li>\n<li>Sisevalgustus (seljatugede ja lavade all):<br \/>\nStandardne LED-valgustus + 292,50 \u20ac<br \/>\nRGB LED-valgustus + 409,50 \u20ac<br \/>\nTherapy Pulse LED-valgustus + 444,60 \u20ac<\/li>\n<li>Sauna helis\u00fcsteem:<br \/>\nStandardne, valge + 526,50 \u20ac<br \/>\nModerne, valge + 889,20 \u20ac<\/li>\n<\/ul>\n<p>&nbsp;<\/p>\n<p>&nbsp;<\/p>\n<p>&nbsp;<\/p>\n","protected":false},"excerpt":{"rendered":"<p>Avatud esiosaga Tauras Modular Air loob kerge ja \u00f5hulise atmosf\u00e4\u00e4ri, pakkudes samal ajal t\u00e4isv\u00e4\u00e4rtuslikku spaakogemust. \u00dches otsas asub saunamoodul, samas kui teine ots v\u00f5ib j\u00e4\u00e4da avatuks v\u00f5i olla varustatud integreeritud k\u00fcmblust\u00fcnni v\u00f5i mullivanniga, pakkudes paindlikku lahendust vastavalt sinu ruumile ja elustiilile. Selged jooned ja avatud planeering muudavad selle ideaalseks valikuks l\u00f5\u00f5gastavatesse v\u00e4litingimustesse, kus olulisel kohal on avarus ja mugavus.<\/p>\n","protected":false},"featured_media":146365,"comment_status":"open","ping_status":"closed","template":"","meta":{"_acf_changed":false},"factory":[5046],"free-shipment":[],"product_brand":[],"product_cat":[826,2257],"product_tag":[2941],"class_list":{"0":"post-146359","1":"product","2":"type-product","3":"status-publish","4":"has-post-thumbnail","6":"factory-celsium","7":"product_cat-saunas-et","8":"product_cat-valisaun","9":"product_tag-saunas-et","11":"first","12":"instock","13":"sale","14":"taxable","15":"shipping-taxable","16":"purchasable","17":"product-type-variable"},"acf":[],"_links":{"self":[{"href":"https:\/\/factory.sale\/et\/wp-json\/wp\/v2\/product\/146359","targetHints":{"allow":["GET"]}}],"collection":[{"href":"https:\/\/factory.sale\/et\/wp-json\/wp\/v2\/product"}],"about":[{"href":"https:\/\/factory.sale\/et\/wp-json\/wp\/v2\/types\/product"}],"replies":[{"embeddable":true,"href":"https:\/\/factory.sale\/et\/wp-json\/wp\/v2\/comments?post=146359"}],"wp:featuredmedia":[{"embeddable":true,"href":"https:\/\/factory.sale\/et\/wp-json\/wp\/v2\/media\/146365"}],"wp:attachment":[{"href":"https:\/\/factory.sale\/et\/wp-json\/wp\/v2\/media?parent=146359"}],"wp:term":[{"taxonomy":"factory","embeddable":true,"href":"https:\/\/factory.sale\/et\/wp-json\/wp\/v2\/factory?post=146359"},{"taxonomy":"free-shipment","embeddable":true,"href":"https:\/\/factory.sale\/et\/wp-json\/wp\/v2\/free-shipment?post=146359"},{"taxonomy":"product_brand","embeddable":true,"href":"https:\/\/factory.sale\/et\/wp-json\/wp\/v2\/product_brand?post=146359"},{"taxonomy":"product_cat","embeddable":true,"href":"https:\/\/factory.sale\/et\/wp-json\/wp\/v2\/product_cat?post=146359"},{"taxonomy":"product_tag","embeddable":true,"href":"https:\/\/factory.sale\/et\/wp-json\/wp\/v2\/product_tag?post=146359"}],"curies":[{"name":"wp","href":"https:\/\/api.w.org\/{rel}","templated":true}]}}