{"id":146254,"date":"2026-03-29T21:47:49","date_gmt":"2026-03-29T18:49:09","guid":{"rendered":"https:\/\/factory.sale\/?post_type=product&#038;p=146254"},"modified":"2026-03-29T21:49:09","modified_gmt":"2026-03-29T18:49:09","slug":"kalmistupink-kastiga-80-x-32-x-47-cm-olitatud","status":"publish","type":"product","link":"https:\/\/factory.sale\/et\/toode\/kalmistupink-kastiga-80-x-32-x-47-cm-olitatud\/","title":{"rendered":"Kalmistupink kastiga 80 x 32 x 47 cm, \u00f5litatud"},"content":{"rendered":"<p>Kalmistupink on valmistatud okaspuust ning viimistletud \u00f5liga.<\/p>\n<p>&nbsp;<\/p>\n<p>&nbsp;<\/p>\n<p><strong>M\u00f5\u00f5dud:<\/strong><\/p>\n<ul>\n<li>Pikkus: 80 cm<\/li>\n<li>S\u00fcgavus: 32 cm<\/li>\n<li>K\u00f5rgus: 47 cm<\/li>\n<\/ul>\n<p>&nbsp;<\/p>\n<p>&nbsp;<\/p>\n<p><strong>NB!<\/strong> Talve saabudes on oluline kaitsta v\u00e4lim\u00f6\u00f6blit k\u00fclma, niiskuse ja lumega seotud kahjustuste eest. Et s\u00e4ilitada v\u00e4lim\u00f6\u00f6bli ilu ning pikendada selle eluiga t\u00f5sta v\u00e4lim\u00f6\u00f6bel talveks varju alla v\u00f5i kata m\u00f6\u00f6bel ilmastikikindla kattega.<\/p>\n","protected":false},"excerpt":{"rendered":"<p>Kalmistupink on valmistatud okaspuust ning viimistletud \u00f5liga.<\/p>\n","protected":false},"featured_media":146246,"comment_status":"open","ping_status":"closed","template":"","meta":{"_acf_changed":false},"factory":[],"free-shipment":[],"product_brand":[],"product_cat":[924,2241],"product_tag":[],"class_list":{"0":"post-146254","1":"product","2":"type-product","3":"status-publish","4":"has-post-thumbnail","6":"product_cat-aiatooted","7":"product_cat-aiamoobel","9":"first","10":"instock","11":"sale","12":"taxable","13":"shipping-taxable","14":"purchasable","15":"product-type-simple"},"acf":[],"_links":{"self":[{"href":"https:\/\/factory.sale\/et\/wp-json\/wp\/v2\/product\/146254","targetHints":{"allow":["GET"]}}],"collection":[{"href":"https:\/\/factory.sale\/et\/wp-json\/wp\/v2\/product"}],"about":[{"href":"https:\/\/factory.sale\/et\/wp-json\/wp\/v2\/types\/product"}],"replies":[{"embeddable":true,"href":"https:\/\/factory.sale\/et\/wp-json\/wp\/v2\/comments?post=146254"}],"wp:featuredmedia":[{"embeddable":true,"href":"https:\/\/factory.sale\/et\/wp-json\/wp\/v2\/media\/146246"}],"wp:attachment":[{"href":"https:\/\/factory.sale\/et\/wp-json\/wp\/v2\/media?parent=146254"}],"wp:term":[{"taxonomy":"factory","embeddable":true,"href":"https:\/\/factory.sale\/et\/wp-json\/wp\/v2\/factory?post=146254"},{"taxonomy":"free-shipment","embeddable":true,"href":"https:\/\/factory.sale\/et\/wp-json\/wp\/v2\/free-shipment?post=146254"},{"taxonomy":"product_brand","embeddable":true,"href":"https:\/\/factory.sale\/et\/wp-json\/wp\/v2\/product_brand?post=146254"},{"taxonomy":"product_cat","embeddable":true,"href":"https:\/\/factory.sale\/et\/wp-json\/wp\/v2\/product_cat?post=146254"},{"taxonomy":"product_tag","embeddable":true,"href":"https:\/\/factory.sale\/et\/wp-json\/wp\/v2\/product_tag?post=146254"}],"curies":[{"name":"wp","href":"https:\/\/api.w.org\/{rel}","templated":true}]}}