{"id":14621,"date":"2022-10-26T07:10:56","date_gmt":"2022-10-26T07:18:55","guid":{"rendered":"https:\/\/factory.sale\/?post_type=product&#038;p=14621"},"modified":"2024-06-26T12:50:22","modified_gmt":"2024-06-26T12:50:22","slug":"infire-inside-c1000v1","status":"publish","type":"product","link":"https:\/\/factory.sale\/et\/toode\/infire-inside-c1000v1\/","title":{"rendered":"InFire Inside C1000V1"},"content":{"rendered":"<p>INSIDE C1000 vers1. mudel on kamin, mis on m\u00f5eldud kokkupanemiseks ettevalmistatud s\u00fcvendisse. T\u00e4nu spetsiaalse tugevdatud katlaterase kasutamisele oli v\u00f5imalik saavutada k\u00f5ige minimalistlikum vorm, kasutades ainult \u00fchte terasekihti. Kaminakonstruktsioon v\u00f5imaldab tuld j\u00e4lgida isegi kolmest k\u00fcljest.<\/p>\n<p>&nbsp;<\/p>\n<p><strong>Lisainformatsioon:<\/strong><\/p>\n<ul>\n<li>M\u00f5\u00f5dud: 1000 x 450 x 250<\/li>\n<li>Kolle: 800 mm = 2 l<\/li>\n<li>P\u00f5lemine: 2-3 tundi<\/li>\n<li>Klaas: karastatud klaas 4 mm, toonitud<\/li>\n<li>Garantii: 24 kuud<\/li>\n<li>V\u00e4rv: teras, must<\/li>\n<li>Montaa\u017e: s\u00fcvistatud<\/li>\n<\/ul>\n","protected":false},"excerpt":{"rendered":"<p>INSIDE C1000 vers1. mudel on kamin, mis on m\u00f5eldud kokkupanemiseks ettevalmistatud s\u00fcvendisse. T\u00e4nu spetsiaalse tugevdatud katlaterase kasutamisele oli v\u00f5imalik saavutada k\u00f5ige minimalistlikum vorm, kasutades ainult \u00fchte terasekihti. Kaminakonstruktsioon v\u00f5imaldab tuld j\u00e4lgida isegi kolmest k\u00fcljest.<\/p>\n","protected":false},"featured_media":14610,"comment_status":"open","ping_status":"closed","template":"","meta":{"_acf_changed":false},"factory":[],"free-shipment":[],"product_brand":[],"product_cat":[1253,2630],"product_tag":[],"class_list":{"0":"post-14621","1":"product","2":"type-product","3":"status-publish","4":"has-post-thumbnail","6":"product_cat-bio-kaminad","7":"product_cat-infire-et","9":"first","10":"instock","11":"sale","12":"taxable","13":"shipping-taxable","14":"purchasable","15":"product-type-simple"},"acf":[],"_links":{"self":[{"href":"https:\/\/factory.sale\/et\/wp-json\/wp\/v2\/product\/14621","targetHints":{"allow":["GET"]}}],"collection":[{"href":"https:\/\/factory.sale\/et\/wp-json\/wp\/v2\/product"}],"about":[{"href":"https:\/\/factory.sale\/et\/wp-json\/wp\/v2\/types\/product"}],"replies":[{"embeddable":true,"href":"https:\/\/factory.sale\/et\/wp-json\/wp\/v2\/comments?post=14621"}],"wp:featuredmedia":[{"embeddable":true,"href":"https:\/\/factory.sale\/et\/wp-json\/wp\/v2\/media\/14610"}],"wp:attachment":[{"href":"https:\/\/factory.sale\/et\/wp-json\/wp\/v2\/media?parent=14621"}],"wp:term":[{"taxonomy":"factory","embeddable":true,"href":"https:\/\/factory.sale\/et\/wp-json\/wp\/v2\/factory?post=14621"},{"taxonomy":"free-shipment","embeddable":true,"href":"https:\/\/factory.sale\/et\/wp-json\/wp\/v2\/free-shipment?post=14621"},{"taxonomy":"product_brand","embeddable":true,"href":"https:\/\/factory.sale\/et\/wp-json\/wp\/v2\/product_brand?post=14621"},{"taxonomy":"product_cat","embeddable":true,"href":"https:\/\/factory.sale\/et\/wp-json\/wp\/v2\/product_cat?post=14621"},{"taxonomy":"product_tag","embeddable":true,"href":"https:\/\/factory.sale\/et\/wp-json\/wp\/v2\/product_tag?post=14621"}],"curies":[{"name":"wp","href":"https:\/\/api.w.org\/{rel}","templated":true}]}}