{"id":146018,"date":"2026-03-27T10:18:27","date_gmt":"2026-03-27T07:23:43","guid":{"rendered":"https:\/\/factory.sale\/?post_type=product&#038;p=146018"},"modified":"2026-03-27T10:37:56","modified_gmt":"2026-03-27T07:37:56","slug":"kask-konteineris-kuiv-30-cm-40-cm-voi-50-cm","status":"publish","type":"product","link":"https:\/\/factory.sale\/et\/toode\/kask-konteineris-kuiv-30-cm-40-cm-voi-50-cm\/","title":{"rendered":"Kask konteineris (kuiv), 30 cm, 40 cm v\u00f5i 50 cm"},"content":{"rendered":"<p>Kuivad kasek\u00fcttepuud konteineris on usaldusv\u00e4\u00e4rne ja t\u00f5hus lahendus kodu, sauna v\u00f5i suvila k\u00fctmiseks. Kask on \u00fcks hinnatumaid k\u00fcttepuid t\u00e4nu oma k\u00f5rgele k\u00fcttev\u00e4\u00e4rtusele, \u00fchtlasele p\u00f5lemisele ja heale soojusandvusele. See sobib suurep\u00e4raselt ahjude, kaminate, pliitide ja saunade k\u00fctmiseks.<br \/>\nKonteineris tarnitavad kasepuud on korralikult pakitud, neid on lihtne transportida, hoiustada ja kasutada. Saadaval on 30 cm, 40 cm v\u00f5i 50 cm pikkused halud, et saaksid valida oma k\u00fctteseadmele ja vajadustele k\u00f5ige sobivama variandi. Kuivad k\u00fcttepuud s\u00fcttivad kiiremini, p\u00f5levad puhtamalt ning annavad t\u00e4nu madalale niiskusesisaldusele rohkem soojust.<\/p>\n<p>&nbsp;<\/p>\n<ul>\n<li>Kuivad kasek\u00fcttepuud, konteineris 1,8m3<\/li>\n<li>Halupikkused: 30 cm, 40 cm v\u00f5i 50 cm<\/li>\n<li>Sobivad ahjude, kaminate, pliitide ja sauna k\u00fctmiseks<\/li>\n<li>K\u00f5rge k\u00fcttev\u00e4\u00e4rtus ja \u00fchtlane p\u00f5lemine<\/li>\n<li>Lihtne transportida ja hoiustada konteineris<\/li>\n<\/ul>\n<p>&nbsp;<\/p>\n<p><img loading=\"lazy\" decoding=\"async\" class=\"alignnone wp-image-146007\" src=\"https:\/\/factory.sale\/wp-content\/uploads\/2026\/03\/Puu-kuttevaartused-factory-sale-white-bg-300x300.webp\" alt=\"\" width=\"531\" height=\"531\" srcset=\"https:\/\/factory.sale\/wp-content\/uploads\/2026\/03\/Puu-kuttevaartused-factory-sale-white-bg-300x300.webp 300w, https:\/\/factory.sale\/wp-content\/uploads\/2026\/03\/Puu-kuttevaartused-factory-sale-white-bg-1024x1024.webp 1024w, https:\/\/factory.sale\/wp-content\/uploads\/2026\/03\/Puu-kuttevaartused-factory-sale-white-bg-150x150.webp 150w, https:\/\/factory.sale\/wp-content\/uploads\/2026\/03\/Puu-kuttevaartused-factory-sale-white-bg-768x768.webp 768w, https:\/\/factory.sale\/wp-content\/uploads\/2026\/03\/Puu-kuttevaartused-factory-sale-white-bg-1536x1536.webp 1536w, https:\/\/factory.sale\/wp-content\/uploads\/2026\/03\/Puu-kuttevaartused-factory-sale-white-bg-600x600.webp 600w, https:\/\/factory.sale\/wp-content\/uploads\/2026\/03\/Puu-kuttevaartused-factory-sale-white-bg-100x100.webp 100w, https:\/\/factory.sale\/wp-content\/uploads\/2026\/03\/Puu-kuttevaartused-factory-sale-white-bg.webp 2048w\" sizes=\"auto, (max-width: 531px) 100vw, 531px\" \/><\/p>\n<p><strong>Aluse m\u00f5\u00f5dud:<\/strong> 105 \u00d7 130 \u00d7 180 cm<\/p>\n","protected":false},"excerpt":{"rendered":"<p>Kuivad kasek\u00fcttepuud konteineris on usaldusv\u00e4\u00e4rne ja t\u00f5hus lahendus kodu, sauna v\u00f5i suvila k\u00fctmiseks. Kask on \u00fcks hinnatumaid k\u00fcttepuid t\u00e4nu oma k\u00f5rgele k\u00fcttev\u00e4\u00e4rtusele, \u00fchtlasele p\u00f5lemisele ja heale soojusandvusele. See sobib suurep\u00e4raselt ahjude, kaminate, pliitide ja saunade k\u00fctmiseks.<\/p>\n","protected":false},"featured_media":146016,"comment_status":"open","ping_status":"closed","template":"","meta":{"_acf_changed":false},"factory":[],"free-shipment":[],"product_brand":[],"product_cat":[1227,1118],"product_tag":[],"class_list":{"0":"post-146018","1":"product","2":"type-product","3":"status-publish","4":"has-post-thumbnail","6":"product_cat-kute-vesi-ja-ventilatsioon","7":"product_cat-kutte-materjalid","9":"first","10":"instock","11":"sale","12":"taxable","13":"shipping-taxable","14":"purchasable","15":"product-type-simple"},"acf":[],"_links":{"self":[{"href":"https:\/\/factory.sale\/et\/wp-json\/wp\/v2\/product\/146018","targetHints":{"allow":["GET"]}}],"collection":[{"href":"https:\/\/factory.sale\/et\/wp-json\/wp\/v2\/product"}],"about":[{"href":"https:\/\/factory.sale\/et\/wp-json\/wp\/v2\/types\/product"}],"replies":[{"embeddable":true,"href":"https:\/\/factory.sale\/et\/wp-json\/wp\/v2\/comments?post=146018"}],"wp:featuredmedia":[{"embeddable":true,"href":"https:\/\/factory.sale\/et\/wp-json\/wp\/v2\/media\/146016"}],"wp:attachment":[{"href":"https:\/\/factory.sale\/et\/wp-json\/wp\/v2\/media?parent=146018"}],"wp:term":[{"taxonomy":"factory","embeddable":true,"href":"https:\/\/factory.sale\/et\/wp-json\/wp\/v2\/factory?post=146018"},{"taxonomy":"free-shipment","embeddable":true,"href":"https:\/\/factory.sale\/et\/wp-json\/wp\/v2\/free-shipment?post=146018"},{"taxonomy":"product_brand","embeddable":true,"href":"https:\/\/factory.sale\/et\/wp-json\/wp\/v2\/product_brand?post=146018"},{"taxonomy":"product_cat","embeddable":true,"href":"https:\/\/factory.sale\/et\/wp-json\/wp\/v2\/product_cat?post=146018"},{"taxonomy":"product_tag","embeddable":true,"href":"https:\/\/factory.sale\/et\/wp-json\/wp\/v2\/product_tag?post=146018"}],"curies":[{"name":"wp","href":"https:\/\/api.w.org\/{rel}","templated":true}]}}