{"id":14601,"date":"2022-10-25T17:06:45","date_gmt":"2022-10-25T17:08:44","guid":{"rendered":"https:\/\/factory.sale\/?post_type=product&#038;p=14601"},"modified":"2024-07-03T05:17:18","modified_gmt":"2024-07-03T05:17:18","slug":"infire-murall-1200","status":"publish","type":"product","link":"https:\/\/factory.sale\/et\/toode\/infire-murall-1200\/","title":{"rendered":"InFire Murall 1200"},"content":{"rendered":"<p>Murall 1200 on kamin, mis on m\u00f5eldud seinale riputamiseks kahe kinnituspoldi abil. Seda ei saa kasutada puitlaastplaadist, m\u00f6\u00f6blist, kipsist v\u00f5i tapeedist seintel. Muralli kamina rafineeritud vorm ning selle pakutav soojus ja maagiline atmosf\u00e4\u00e4r rikastavad t\u00e4iuslikult iga ruumi.<\/p>\n<p>Kaminat saab kohandada igasse interj\u00f6\u00f6ri t\u00e4nu v\u00e4rvide ja m\u00f5\u00f5tmete muutmise v\u00f5imalusele! Mudel Murall on varustatud kaminasse sisestatud toonitud klaasiga, mis suurendab ohutust ja muudab tule eriti atraktiivseks. Kamina konstruktsioon, l\u00e4bim\u00f5eldud detailid ja s\u00fcvistatavad k\u00fclgseinad muudavad selle kamina suurep\u00e4raseks igast vaatenurgast.<\/p>\n<p>&nbsp;<\/p>\n<p><strong>Lisainformatsioon:<\/strong><\/p>\n<ul>\n<li>M\u00f5\u00f5tmed:\u00a01200 x 560 x 165<\/li>\n<li>Kolle:\u00a0800 mm = 2 l<\/li>\n<li>P\u00f5lemine:\u00a02-3 tundi<\/li>\n<li>Klaas:\u00a0Karastatud klaas 4 mm, toonitud<\/li>\n<li>Garantii:\u00a024 kuud<\/li>\n<li>V\u00e4rv:\u00a0Teras, must, valge<\/li>\n<li>Montaa\u017e:\u00a0S\u00fcvistatud, Rippuvad<\/li>\n<\/ul>\n","protected":false},"excerpt":{"rendered":"<p>Murall 1200 on kamin, mis on m\u00f5eldud seinale riputamiseks kahe kinnituspoldi abil. Seda ei saa kasutada puitlaastplaadist, m\u00f6\u00f6blist, kipsist v\u00f5i tapeedist seintel. Muralli kamina rafineeritud vorm ning selle pakutav soojus ja maagiline atmosf\u00e4\u00e4r rikastavad t\u00e4iuslikult iga ruumi.<\/p>\n","protected":false},"featured_media":14590,"comment_status":"open","ping_status":"closed","template":"","meta":{"_acf_changed":false},"factory":[],"free-shipment":[],"product_brand":[],"product_cat":[1253,2630],"product_tag":[],"class_list":{"0":"post-14601","1":"product","2":"type-product","3":"status-publish","4":"has-post-thumbnail","6":"product_cat-bio-kaminad","7":"product_cat-infire-et","9":"first","10":"instock","11":"sale","12":"taxable","13":"shipping-taxable","14":"purchasable","15":"product-type-simple"},"acf":[],"_links":{"self":[{"href":"https:\/\/factory.sale\/et\/wp-json\/wp\/v2\/product\/14601","targetHints":{"allow":["GET"]}}],"collection":[{"href":"https:\/\/factory.sale\/et\/wp-json\/wp\/v2\/product"}],"about":[{"href":"https:\/\/factory.sale\/et\/wp-json\/wp\/v2\/types\/product"}],"replies":[{"embeddable":true,"href":"https:\/\/factory.sale\/et\/wp-json\/wp\/v2\/comments?post=14601"}],"wp:featuredmedia":[{"embeddable":true,"href":"https:\/\/factory.sale\/et\/wp-json\/wp\/v2\/media\/14590"}],"wp:attachment":[{"href":"https:\/\/factory.sale\/et\/wp-json\/wp\/v2\/media?parent=14601"}],"wp:term":[{"taxonomy":"factory","embeddable":true,"href":"https:\/\/factory.sale\/et\/wp-json\/wp\/v2\/factory?post=14601"},{"taxonomy":"free-shipment","embeddable":true,"href":"https:\/\/factory.sale\/et\/wp-json\/wp\/v2\/free-shipment?post=14601"},{"taxonomy":"product_brand","embeddable":true,"href":"https:\/\/factory.sale\/et\/wp-json\/wp\/v2\/product_brand?post=14601"},{"taxonomy":"product_cat","embeddable":true,"href":"https:\/\/factory.sale\/et\/wp-json\/wp\/v2\/product_cat?post=14601"},{"taxonomy":"product_tag","embeddable":true,"href":"https:\/\/factory.sale\/et\/wp-json\/wp\/v2\/product_tag?post=14601"}],"curies":[{"name":"wp","href":"https:\/\/api.w.org\/{rel}","templated":true}]}}