{"id":146006,"date":"2026-03-27T09:48:41","date_gmt":"2026-03-27T06:56:09","guid":{"rendered":"https:\/\/factory.sale\/?post_type=product&#038;p=146006"},"modified":"2026-03-27T10:37:40","modified_gmt":"2026-03-27T07:37:40","slug":"lepp-konteineris-kuiv-30-cm-40-cm-voi-50-cm","status":"publish","type":"product","link":"https:\/\/factory.sale\/et\/toode\/lepp-konteineris-kuiv-30-cm-40-cm-voi-50-cm\/","title":{"rendered":"Lepp konteineris (kuiv), 30 cm, 40 cm v\u00f5i 50 cm"},"content":{"rendered":"<p>Kuivad lepapuud konteineris on mugav ja praktiline lahendus kodu, sauna v\u00f5i suvila k\u00fctmiseks. Lepp p\u00f5leb \u00fchtlaselt, annab head soojust ning sobib h\u00e4sti ahjude, pliitide, kaminate ja sauna k\u00fctmiseks. Konteineris tarnitavad k\u00fcttepuud on korrektselt pakitud, kergesti hoiustatavad ja mugavad kasutada.<br \/>\nSaadaval on 30 cm, 40 cm v\u00f5i 50 cm pikkused halud, et saaksid valida oma k\u00fctteseadmele ja vajadustele k\u00f5ige sobivama variandi. Kuivad k\u00fcttepuud s\u00fcttivad kergemini, p\u00f5levad t\u00f5husamalt ja annavad t\u00e4nu madalamale niiskusesisaldusele rohkem soojust.<\/p>\n<p>&nbsp;<\/p>\n<ul>\n<li>Kuivad lepapuud, konteineris 1,8m3<\/li>\n<li>Halu pikkus: 30 cm, 40 cm v\u00f5i 50 cm<\/li>\n<li>Sobivad ahjude, kaminate, pliitide ja sauna k\u00fctmiseks<\/li>\n<li>Hea k\u00fcttev\u00e4\u00e4rtus ja puhas p\u00f5lemine<\/li>\n<li>Lihtne transportida ja hoiustada konteineris<\/li>\n<\/ul>\n<p><img loading=\"lazy\" decoding=\"async\" class=\"alignnone wp-image-146007\" src=\"https:\/\/factory.sale\/wp-content\/uploads\/2026\/03\/Puu-kuttevaartused-factory-sale-white-bg-300x300.webp\" alt=\"\" width=\"508\" height=\"508\" srcset=\"https:\/\/factory.sale\/wp-content\/uploads\/2026\/03\/Puu-kuttevaartused-factory-sale-white-bg-300x300.webp 300w, https:\/\/factory.sale\/wp-content\/uploads\/2026\/03\/Puu-kuttevaartused-factory-sale-white-bg-1024x1024.webp 1024w, https:\/\/factory.sale\/wp-content\/uploads\/2026\/03\/Puu-kuttevaartused-factory-sale-white-bg-150x150.webp 150w, https:\/\/factory.sale\/wp-content\/uploads\/2026\/03\/Puu-kuttevaartused-factory-sale-white-bg-768x768.webp 768w, https:\/\/factory.sale\/wp-content\/uploads\/2026\/03\/Puu-kuttevaartused-factory-sale-white-bg-1536x1536.webp 1536w, https:\/\/factory.sale\/wp-content\/uploads\/2026\/03\/Puu-kuttevaartused-factory-sale-white-bg-600x600.webp 600w, https:\/\/factory.sale\/wp-content\/uploads\/2026\/03\/Puu-kuttevaartused-factory-sale-white-bg-100x100.webp 100w, https:\/\/factory.sale\/wp-content\/uploads\/2026\/03\/Puu-kuttevaartused-factory-sale-white-bg.webp 2048w\" sizes=\"auto, (max-width: 508px) 100vw, 508px\" \/><\/p>\n<p><strong>Aluse m\u00f5\u00f5dud:<\/strong> 105 \u00d7 130 \u00d7 180 cm<\/p>\n","protected":false},"excerpt":{"rendered":"<p>Kuivad lepapuud konteineris on mugav ja praktiline lahendus kodu, sauna v\u00f5i suvila k\u00fctmiseks. Lepp p\u00f5leb \u00fchtlaselt, annab head soojust ning sobib h\u00e4sti ahjude, pliitide, kaminate ja sauna k\u00fctmiseks. Konteineris tarnitavad k\u00fcttepuud on korrektselt pakitud, kergesti hoiustatavad ja mugavad kasutada.<\/p>\n","protected":false},"featured_media":145991,"comment_status":"open","ping_status":"closed","template":"","meta":{"_acf_changed":false},"factory":[],"free-shipment":[],"product_brand":[],"product_cat":[1227,1118],"product_tag":[],"class_list":{"0":"post-146006","1":"product","2":"type-product","3":"status-publish","4":"has-post-thumbnail","6":"product_cat-kute-vesi-ja-ventilatsioon","7":"product_cat-kutte-materjalid","9":"first","10":"instock","11":"sale","12":"taxable","13":"shipping-taxable","14":"purchasable","15":"product-type-simple"},"acf":[],"_links":{"self":[{"href":"https:\/\/factory.sale\/et\/wp-json\/wp\/v2\/product\/146006","targetHints":{"allow":["GET"]}}],"collection":[{"href":"https:\/\/factory.sale\/et\/wp-json\/wp\/v2\/product"}],"about":[{"href":"https:\/\/factory.sale\/et\/wp-json\/wp\/v2\/types\/product"}],"replies":[{"embeddable":true,"href":"https:\/\/factory.sale\/et\/wp-json\/wp\/v2\/comments?post=146006"}],"wp:featuredmedia":[{"embeddable":true,"href":"https:\/\/factory.sale\/et\/wp-json\/wp\/v2\/media\/145991"}],"wp:attachment":[{"href":"https:\/\/factory.sale\/et\/wp-json\/wp\/v2\/media?parent=146006"}],"wp:term":[{"taxonomy":"factory","embeddable":true,"href":"https:\/\/factory.sale\/et\/wp-json\/wp\/v2\/factory?post=146006"},{"taxonomy":"free-shipment","embeddable":true,"href":"https:\/\/factory.sale\/et\/wp-json\/wp\/v2\/free-shipment?post=146006"},{"taxonomy":"product_brand","embeddable":true,"href":"https:\/\/factory.sale\/et\/wp-json\/wp\/v2\/product_brand?post=146006"},{"taxonomy":"product_cat","embeddable":true,"href":"https:\/\/factory.sale\/et\/wp-json\/wp\/v2\/product_cat?post=146006"},{"taxonomy":"product_tag","embeddable":true,"href":"https:\/\/factory.sale\/et\/wp-json\/wp\/v2\/product_tag?post=146006"}],"curies":[{"name":"wp","href":"https:\/\/api.w.org\/{rel}","templated":true}]}}