{"id":145957,"date":"2026-03-26T12:54:47","date_gmt":"2026-03-26T11:01:06","guid":{"rendered":"https:\/\/factory.sale\/?post_type=product&#038;p=145957"},"modified":"2026-04-12T23:35:18","modified_gmt":"2026-04-12T20:35:18","slug":"tauras-classic-valisaun-7-le-inimesele","status":"publish","type":"product","link":"https:\/\/factory.sale\/et\/toode\/tauras-classic-valisaun-7-le-inimesele\/","title":{"rendered":"Tauras Classic V\u00e4lisaun 7-le inimesele"},"content":{"rendered":"<p>Taurase saunad \u00fchendavad elegantse Skandinaavia disaini ja spaast inspireeritud funktsionaalsuse, pakkudes Classic- ja Grand-mudeleid, mis seovad sauna kuumuse integreeritud k\u00fcmblust\u00fcnni v\u00f5imalustega. Valmistatud kvaliteetsest naturaalsest puidust ning l\u00e4bim\u00f5eldud lahendustega, loovad Taurase saunad luksusliku ja l\u00f5\u00f5gastava koduse heaoluelamuse.<\/p>\n<p>Tauras Classic pakub iseloomulikku kahe funktsiooniga lahendust kompaktsemas vormis, \u00fchendades sauna ja integreeritud k\u00fcmblust\u00fcnni v\u00f5i mullivanni \u00fchte voolujoonelisse ja ruumis\u00e4\u00e4stlikku disaini. Sama t\u00e4helepanu detailidele ja modernne esteetika nagu Tauras Grand mudelil muudavad selle ideaalseks v\u00e4iksematesse paikadesse, tegemata j\u00e4releandmisi mugavuses ega stiilis.<\/p>\n<p>&nbsp;<\/p>\n<ul>\n<li>H\u00fcbriidsauna v\u00f5imalus, mis \u00fchendab traditsioonilise ja infrapunak\u00fctte<\/li>\n<li>V\u00f5imalik k\u00fcmblust\u00fcnn koos soojuspumbaga (jahutiga)<\/li>\n<li>Kombineeritud saun ja integreeritud k\u00fcmblust\u00fcnn<\/li>\n<li>M\u00f5eldud kuni 7 inimesele<\/li>\n<li>M\u00f5\u00f5dud: 2.28 \u00d7 5.18 m<\/li>\n<li>K\u00f5rgus: 2.55 m<\/li>\n<li>Naturaalsest puidust konstruktsioon Skandinaavia paigutusega<\/li>\n<li>T\u00f5hus p\u00f5hiplaan kahe tsooniga heaoluelamuseks<\/li>\n<li>Saadaval reguleeritavad RGB LED-valgustid<\/li>\n<li>Saadaval ilma k\u00fcmblust\u00fcnnita v\u00f5i k\u00fcmblust\u00fcnniga \u00d8 2 m (v\u00e4ljast) \/ 1.85 m (seest)<\/li>\n<li>EPDM-kummikatus pikaajaliseks ilmastikukaitseks<\/li>\n<li>T\u00e4ielikult isoleeritud k\u00f5rge j\u00f5udlusega PIR-isolatsioonipaneelidega<\/li>\n<li>Kuumakindel silikoonjuhtmestik<\/li>\n<\/ul>\n<p>&nbsp;<\/p>\n<p><em>*Iga toode valmistatakse naturaalsest puidust, mist\u00f5ttu v\u00f5ivad l\u00f5plik toon ja puidumuster veidi erineda n\u00e4idispiltidel kujutatust.<\/em><\/p>\n<p>&nbsp;<\/p>\n<p>&nbsp;<\/p>\n<p>&nbsp;<\/p>\n<p><strong>Baaskomplekt sisaldab:<\/strong><\/p>\n<ul>\n<li>V\u00e4lisseinad:<br \/>\nKuusk<br \/>\nShou Sugi Ban \/ p\u00f5letatud kuusk<br \/>\nTermom\u00e4nd<\/li>\n<\/ul>\n<p><img loading=\"lazy\" decoding=\"async\" class=\"alignnone wp-image-140988\" src=\"https:\/\/factory.sale\/wp-content\/uploads\/2026\/03\/Wood-colour-ula-factory-sale-300x89.png\" alt=\"\" width=\"364\" height=\"108\" srcset=\"https:\/\/factory.sale\/wp-content\/uploads\/2026\/03\/Wood-colour-ula-factory-sale-300x89.png 300w, https:\/\/factory.sale\/wp-content\/uploads\/2026\/03\/Wood-colour-ula-factory-sale-150x44.png 150w, https:\/\/factory.sale\/wp-content\/uploads\/2026\/03\/Wood-colour-ula-factory-sale-600x177.png 600w, https:\/\/factory.sale\/wp-content\/uploads\/2026\/03\/Wood-colour-ula-factory-sale.png 664w\" sizes=\"auto, (max-width: 364px) 100vw, 364px\" \/><\/p>\n<ul>\n<li>V\u00e4lisv\u00e4rvid: bee\u017e, hall, eeben, teak, p\u00e4hkel<\/li>\n<\/ul>\n<p><img loading=\"lazy\" decoding=\"async\" class=\"alignnone wp-image-140959\" src=\"https:\/\/factory.sale\/wp-content\/uploads\/2026\/03\/Spruce-colours-300x53.png\" alt=\"\" width=\"379\" height=\"67\" srcset=\"https:\/\/factory.sale\/wp-content\/uploads\/2026\/03\/Spruce-colours-300x53.png 300w, https:\/\/factory.sale\/wp-content\/uploads\/2026\/03\/Spruce-colours-150x26.png 150w, https:\/\/factory.sale\/wp-content\/uploads\/2026\/03\/Spruce-colours.png 342w\" sizes=\"auto, (max-width: 379px) 100vw, 379px\" \/><\/p>\n<ul>\n<li>V\u00e4lisviimistlus: viimistletud (tehases t\u00f6\u00f6deldud), viimistlemata, viimistlemata + viimistlusvahend eraldi kaasas<\/li>\n<\/ul>\n<p><img loading=\"lazy\" decoding=\"async\" class=\"alignnone wp-image-141004\" src=\"https:\/\/factory.sale\/wp-content\/uploads\/2026\/03\/Benches-wood-type-factory-sale-300x66.png\" alt=\"\" width=\"400\" height=\"88\" srcset=\"https:\/\/factory.sale\/wp-content\/uploads\/2026\/03\/Benches-wood-type-factory-sale-300x66.png 300w, https:\/\/factory.sale\/wp-content\/uploads\/2026\/03\/Benches-wood-type-factory-sale-150x33.png 150w, https:\/\/factory.sale\/wp-content\/uploads\/2026\/03\/Benches-wood-type-factory-sale-768x170.png 768w, https:\/\/factory.sale\/wp-content\/uploads\/2026\/03\/Benches-wood-type-factory-sale-600x133.png 600w, https:\/\/factory.sale\/wp-content\/uploads\/2026\/03\/Benches-wood-type-factory-sale.png 868w\" sizes=\"auto, (max-width: 400px) 100vw, 400px\" \/><\/p>\n<ul>\n<li>Lavad: haab, must lepp, p\u00e4rn, termom\u00e4nd<\/li>\n<li>Siseviimistluse seinad: haab kitsas, haab lai, must lepp kitsas, must lepp lai<\/li>\n<\/ul>\n<p><img loading=\"lazy\" decoding=\"async\" class=\"alignnone wp-image-145601\" src=\"https:\/\/factory.sale\/wp-content\/uploads\/2026\/03\/Interior-walls-factory-sale-300x68.png\" alt=\"\" width=\"366\" height=\"83\" srcset=\"https:\/\/factory.sale\/wp-content\/uploads\/2026\/03\/Interior-walls-factory-sale-300x68.png 300w, https:\/\/factory.sale\/wp-content\/uploads\/2026\/03\/Interior-walls-factory-sale-150x34.png 150w, https:\/\/factory.sale\/wp-content\/uploads\/2026\/03\/Interior-walls-factory-sale-768x173.png 768w, https:\/\/factory.sale\/wp-content\/uploads\/2026\/03\/Interior-walls-factory-sale-600x135.png 600w, https:\/\/factory.sale\/wp-content\/uploads\/2026\/03\/Interior-walls-factory-sale.png 808w\" sizes=\"auto, (max-width: 366px) 100vw, 366px\" \/><\/p>\n<ul>\n<li>Klaasit\u00fc\u00fcp: l\u00e4bipaistev<\/li>\n<li>Ukset\u00fc\u00fcp: standardne klaasuks<\/li>\n<li>Sauna asukoht: vasakul pool (standard), paremal pool<\/li>\n<\/ul>\n<p>&nbsp;<\/p>\n<p>&nbsp;<\/p>\n<p>&nbsp;<\/p>\n<p><strong>LISAV\u00d5IMALUSED:<\/strong><\/p>\n<ul>\n<li>Klaasit\u00fc\u00fcp:<br \/>\nL\u00e4bipaistev + 0.00 \u20ac<br \/>\nToonitud pronks + 93.60 \u20ac<br \/>\nMust Planibel + 117.00 \u20ac<br \/>\nT\u00e4ispeegel + 187.20 \u20ac<\/li>\n<\/ul>\n<p><img loading=\"lazy\" decoding=\"async\" class=\"alignnone wp-image-140991\" src=\"https:\/\/factory.sale\/wp-content\/uploads\/2026\/03\/Glass-options-factory-sale-300x64.png\" alt=\"\" width=\"478\" height=\"102\" srcset=\"https:\/\/factory.sale\/wp-content\/uploads\/2026\/03\/Glass-options-factory-sale-300x64.png 300w, https:\/\/factory.sale\/wp-content\/uploads\/2026\/03\/Glass-options-factory-sale-150x32.png 150w, https:\/\/factory.sale\/wp-content\/uploads\/2026\/03\/Glass-options-factory-sale-600x127.png 600w, https:\/\/factory.sale\/wp-content\/uploads\/2026\/03\/Glass-options-factory-sale.png 736w\" sizes=\"auto, (max-width: 478px) 100vw, 478px\" \/><\/p>\n<ul>\n<li>Siseseinad:<br \/>\nKuusk kitsas + 0.00 \u20ac<br \/>\nKuusk lai + 0.00 \u20ac<br \/>\nHaab kitsas + 824.85 \u20ac<br \/>\nHaab lai + 824.85 \u20ac<br \/>\nMust lepp kitsas + 824.85 \u20ac<br \/>\nMust lepp lai + 824.85 \u20ac<br \/>\nTermom\u00e4nd kitsas + 351.00 \u20ac<br \/>\nTermom\u00e4nd lai + 351.00 \u20ac<br \/>\nPremium termohaab kitsas + 912.60 \u20ac<br \/>\nPremium termohaab lai + 912.60 \u20ac<\/li>\n<li>Premium-sein seljatoe taga:<br \/>\nSquare Black + 538.20 \u20ac<br \/>\nRoyal Black + 538.20 \u20ac<br \/>\nRoyal Thermo Black + 538.20 \u20ac<br \/>\nHexa S Thermo + 538.20 \u20ac<br \/>\nRhombus 3D Light + 666.90 \u20ac<\/li>\n<\/ul>\n<p><img loading=\"lazy\" decoding=\"async\" class=\"alignnone wp-image-145604\" src=\"https:\/\/factory.sale\/wp-content\/uploads\/2026\/03\/Premium-Wall-behind-the-Backrest-factory-sale-300x57.png\" alt=\"\" width=\"484\" height=\"92\" srcset=\"https:\/\/factory.sale\/wp-content\/uploads\/2026\/03\/Premium-Wall-behind-the-Backrest-factory-sale-300x57.png 300w, https:\/\/factory.sale\/wp-content\/uploads\/2026\/03\/Premium-Wall-behind-the-Backrest-factory-sale-150x29.png 150w, https:\/\/factory.sale\/wp-content\/uploads\/2026\/03\/Premium-Wall-behind-the-Backrest-factory-sale-768x147.png 768w, https:\/\/factory.sale\/wp-content\/uploads\/2026\/03\/Premium-Wall-behind-the-Backrest-factory-sale-600x115.png 600w, https:\/\/factory.sale\/wp-content\/uploads\/2026\/03\/Premium-Wall-behind-the-Backrest-factory-sale.png 1024w\" sizes=\"auto, (max-width: 484px) 100vw, 484px\" \/><\/p>\n<ul>\n<li>Lavade ja seljatoe puiduliik:<br \/>\nHaab + 0.00 \u20ac<br \/>\nMust lepp + 0.00 \u20ac<br \/>\nP\u00e4rn + 0.00 \u20ac<br \/>\nTermom\u00e4nd + 234.00 \u20ac<br \/>\nPremium termohaab + 824.85 \u20ac<\/li>\n<li>Seljatoe t\u00fc\u00fcp:<br \/>\nStandard + 0.00 \u20ac<br \/>\nTuleefekt + 210.60 \u20ac<\/li>\n<li>Seljatoe graveering:<br \/>\nPersonaalne tsitaat + 29.25 \u20ac<\/li>\n<li>Elektrikerised:<br \/>\nHarvia Trendi 9 kW (manuaalne) + 315.90 \u20ac<br \/>\nHuum Drop 9 kW + 725.40 \u20ac<br \/>\nHarvia Spirit XW 9 kW Wi-Fi-ga + 994.50 \u20ac<br \/>\nHarvia Cilindro 10.8 kW Steel + 1,006.20 \u20ac<br \/>\nHarvia Legend 10.8 kW Black LCD Wi-Fi-ga + 1,287.00 \u20ac<br \/>\nHuum Hive Mini 10.5 kW + 1,380.60 \u20ac<\/li>\n<li>Kerisepiire:<br \/>\nHarvia Trendi 8 kW (manuaalne) + 70.20 \u20ac<br \/>\nHuum Drop 9 kW + 210.60 \u20ac<br \/>\nHarvia Spirit XW 9 kW Wi-Fi-ga + 234.00 \u20ac<br \/>\nHarvia Cilindro 10.8 kW Steel + 351.00 \u20ac<br \/>\nHarvia Legend 10.8 kW Black LCD Wi-Fi-ga + 409.50 \u20ac<br \/>\nHuum Hive Mini 10.5 kW + 234.00 \u20ac<\/li>\n<li>Puuk\u00fcttega keris (sisemise k\u00fctmisega):<br \/>\nHarvia M3 16.5 kW + 491.40 \u20ac<br \/>\nHarvia Pro 20 24 kW + 865.80 \u20ac<br \/>\nHarvia Legend 150 16 kW + 924.30 \u20ac<br \/>\nHuum HIVE Wood 13 + 1,228.50 \u20ac<br \/>\nHuum Flow Mini 8,5 kW + 1,696.50 \u20ac<\/li>\n<li>Puuk\u00fcttega keris (v\u00e4lise k\u00fctmisega):<br \/>\nHarvia M3 16.5 kW (v\u00e4lise k\u00fctmisega) + 737.10 \u20ac<br \/>\nHarvia Pro 20 24 kW (v\u00e4lise k\u00fctmisega) + 1,049.49 \u20ac<br \/>\nHarvia Legend 150 16 kW (v\u00e4lise k\u00fctmisega) + 1,184.04 \u20ac<br \/>\nHuum Flow Mini 8,5 kW (v\u00e4lise k\u00fctmisega) + 1,989.00 \u20ac<\/li>\n<li>Korsten puuk\u00fcttega kerisele:<br \/>\nHarvia korsten (roostevaba teras) + 458.64 \u20ac<br \/>\nHarvia korsten (must viimistlus) + 614.25 \u20ac<br \/>\nP\u00f5hikorsten + 335.79 \u20ac<\/li>\n<li>V\u00e4lisvalgustus:<br \/>\nV\u00e4line LED-valgustus + 292.50 \u20ac<br \/>\nV\u00e4line RGB LED-valgustus + 351.00 \u20ac<\/li>\n<li>Sisevalgustus (seljatugede all):<br \/>\nStandardne LED-valgustus + 175.50 \u20ac<br \/>\nRGB LED-valgustus + 292.50 \u20ac<br \/>\nTherapy Pulse LED-valgustus + 327.60 \u20ac<\/li>\n<li>Sisevalgustus (lavade all):<br \/>\nStandardne LED-valgustus + 175.50 \u20ac<br \/>\nRGB LED-valgustus + 292.50 \u20ac<br \/>\nTherapy Pulse LED-valgustus + 327.60 \u20ac<\/li>\n<li>Sisevalgustus (seljatugede ja lavade all):<br \/>\nStandardne LED-valgustus + 292.50 \u20ac<br \/>\nRGB LED-valgustus + 409.50 \u20ac<br \/>\nTherapy Pulse LED-valgustus + 444.60 \u20ac<\/li>\n<li>Sauna helis\u00fcsteem:<br \/>\nStandardne, valge + 526.50 \u20ac<br \/>\nMoodne, valge + 889.20 \u20ac<\/li>\n<\/ul>\n<p>&nbsp;<\/p>\n<p>&nbsp;<\/p>\n<p><strong>K\u00dcMBLUST\u00dcNNI \u00a0LISAD:<\/strong><\/p>\n<p><em>K\u00fcmblust\u00fcnni suurus \u2013 \u00d8 2 m (v\u00e4ljast) \/ 1.85 m (seest)<\/em><\/p>\n<ul>\n<li>BAASKOMPLEKT (sisu, keris (304) korstnaga, standardsed trepid, v\u00e4rvimine)<br \/>\nKlaaskiud (hinna sees) + 0.00 \u20ac<br \/>\nAkr\u00fc\u00fcl + 687.96 \u20ac<\/li>\n<li>Klaaskiust sisu v\u00e4rv:<br \/>\nValge + 0.00 \u20ac<br \/>\nHall + 0.00 \u20ac<br \/>\nTumehall + 0.00 \u20ac<br \/>\nP\u00e4rlvalge + 98.28 \u20ac<br \/>\nP\u00e4rlhall + 98.28 \u20ac<br \/>\nP\u00e4rltumehall + 98.28 \u20ac<\/li>\n<li>Akr\u00fc\u00fclsisu v\u00e4rv:<br \/>\nValge + 0.00 \u20ac<br \/>\nHall + 0.00 \u20ac<br \/>\nValge marmor + 81.90 \u20ac<br \/>\nMust marmor + 81.90 \u20ac<br \/>\nKohvimarmor + 81.90 \u20ac<br \/>\nPruun marmor + 81.90 \u20ac<\/li>\n<li>V\u00e4lisviimistlus:<br \/>\nKuusepuit (lisatasuta) + 0.00 \u20ac<br \/>\nP\u00f5letatud kuusk + 163.80 \u20ac<br \/>\nTermopuit + 196.56 \u20ac<br \/>\nPuitkomposiit (WPC) + 180.18 \u20ac<\/li>\n<li>Termokaan (hinna sees):<br \/>\nMust kaas + 0.00 \u20ac<br \/>\nHall kaas + 0.00 \u20ac<br \/>\nPruun kaas + 0.00 \u20ac<\/li>\n<li>D\u00fc\u00fcside s\u00fcsteemid (v\u00f5ivad olla koos: h\u00fcdro + \u00f5humullid):<br \/>\nAir Bubble s\u00fcsteem 0.7 kW, 12 d\u00fc\u00fcsi (hinna sees) + 0.00 \u20ac<br \/>\nH\u00fcdros\u00fcsteem 8 d\u00fc\u00fcsi 1,1 kW (hinna sees) + 0.00 \u20ac<br \/>\nH\u00fcdros\u00fcsteem 10 d\u00fc\u00fcsi 1,1 kW + 58.50 \u20ac<\/li>\n<li>Veealune valgustus (v\u00f5ib olla koos: 65 mm + mini LED):<br \/>\nVeealune valgustus 65 mm LED RGB (1 tk) + 43.29 \u20ac<br \/>\nVeealune valgustus 65 mm LED RGB (2 tk) + 52.65 \u20ac<br \/>\nVeealune valgustus 65 mm LED RGB (3 tk) + 62.01 \u20ac<br \/>\nVeealune valgustus MINI LED RGB (10 tk) (hinna sees) + 0.00 \u20ac<\/li>\n<li>V\u00e4lisvalgustus (v\u00f5ib olla koos: mini LED + LED-riba t\u00fcnni all + LED-riba sisu all):<br \/>\nMini LED RGB v\u00e4ljas (12 tk) + 58.50 \u20ac<br \/>\nLED-riba sisu all + 94.77 \u20ac<\/li>\n<li>Termovaht-isolatsioon (hinna sees) + 0.00 \u20ac<\/li>\n<li>Elektriline veesoojendi:<br \/>\nElektriline veesoojendi 3 kW + 212.94 \u20ac<br \/>\nElektriline veesoojendi 6 kW + 606.06 \u20ac<br \/>\nElektriline veesoojendi 9 kW + 624.78 \u20ac<\/li>\n<li>Kerise materjal:<br \/>\nAISI 304 teras (hinna sees) + 0.00 \u20ac<br \/>\nAISI 316 teras + 245.70 \u20ac<\/li>\n<li>Peatoed (max 6 tk) + 16.38 \u20ac<br \/>\nJoogihoidjad (max 4 tk):<br \/>\nKuusk \/ termopuit \/ WPC + 32.76 \u20ac<\/li>\n<li>Integreeritud elektrooniline puutetundlik juhtpaneel + 163.80 \u20ac<\/li>\n<li>Integreeritud elektrooniline termomeeter (hinna sees) + 0.00 \u20ac<\/li>\n<\/ul>\n<p>&nbsp;<\/p>\n","protected":false},"excerpt":{"rendered":"<p>Tauras Classic pakub iseloomulikku kahe funktsiooniga lahendust kompaktsemas vormis, \u00fchendades sauna ja integreeritud k\u00fcmblust\u00fcnni \u00a0\u00fchte voolujoonelisse ja ruumis\u00e4\u00e4stlikku disaini. Sama t\u00e4helepanu detailidele ja moderne esteetika nagu Tauras Grand mudelil muudavad selle ideaalseks v\u00e4iksematesse paikadesse, tegemata j\u00e4releandmisi mugavuses ja stiilis.<\/p>\n","protected":false},"featured_media":145914,"comment_status":"open","ping_status":"closed","template":"","meta":{"_acf_changed":false},"factory":[5046],"free-shipment":[],"product_brand":[],"product_cat":[826,2257],"product_tag":[1908,811,831],"class_list":{"0":"post-145957","1":"product","2":"type-product","3":"status-publish","4":"has-post-thumbnail","6":"factory-celsium","7":"product_cat-saunas-et","8":"product_cat-valisaun","9":"product_tag-outdoor-sauna-et","10":"product_tag-sauna-et","11":"product_tag-sauna-house-et","13":"first","14":"instock","15":"sale","16":"taxable","17":"shipping-taxable","18":"purchasable","19":"product-type-variable"},"acf":[],"_links":{"self":[{"href":"https:\/\/factory.sale\/et\/wp-json\/wp\/v2\/product\/145957","targetHints":{"allow":["GET"]}}],"collection":[{"href":"https:\/\/factory.sale\/et\/wp-json\/wp\/v2\/product"}],"about":[{"href":"https:\/\/factory.sale\/et\/wp-json\/wp\/v2\/types\/product"}],"replies":[{"embeddable":true,"href":"https:\/\/factory.sale\/et\/wp-json\/wp\/v2\/comments?post=145957"}],"wp:featuredmedia":[{"embeddable":true,"href":"https:\/\/factory.sale\/et\/wp-json\/wp\/v2\/media\/145914"}],"wp:attachment":[{"href":"https:\/\/factory.sale\/et\/wp-json\/wp\/v2\/media?parent=145957"}],"wp:term":[{"taxonomy":"factory","embeddable":true,"href":"https:\/\/factory.sale\/et\/wp-json\/wp\/v2\/factory?post=145957"},{"taxonomy":"free-shipment","embeddable":true,"href":"https:\/\/factory.sale\/et\/wp-json\/wp\/v2\/free-shipment?post=145957"},{"taxonomy":"product_brand","embeddable":true,"href":"https:\/\/factory.sale\/et\/wp-json\/wp\/v2\/product_brand?post=145957"},{"taxonomy":"product_cat","embeddable":true,"href":"https:\/\/factory.sale\/et\/wp-json\/wp\/v2\/product_cat?post=145957"},{"taxonomy":"product_tag","embeddable":true,"href":"https:\/\/factory.sale\/et\/wp-json\/wp\/v2\/product_tag?post=145957"}],"curies":[{"name":"wp","href":"https:\/\/api.w.org\/{rel}","templated":true}]}}