{"id":145864,"date":"2026-03-25T01:06:44","date_gmt":"2026-03-25T11:56:05","guid":{"rendered":"https:\/\/factory.sale\/?post_type=product&#038;p=145864"},"modified":"2026-04-12T23:24:08","modified_gmt":"2026-04-12T20:24:08","slug":"jonas-grand-valisaun-8-inimesele","status":"publish","type":"product","link":"https:\/\/factory.sale\/et\/toode\/jonas-grand-valisaun-8-inimesele\/","title":{"rendered":"Jonas Grand V\u00e4lisaun 8 inimesele"},"content":{"rendered":"<p>Jonas sarja suurim mudel, mis on loodud mahutama mugavalt kuni kaheksa inimest. T\u00e4nu avarale interj\u00f6\u00f6rile, modernsele disainile ja paindlikule uksepaigutusele m\u00f5lemal k\u00fcljel sobib Jonas Grand suurep\u00e4raselt peredele v\u00f5i heaolu nautijatele, kes soovivad rohkem ruumi l\u00f5\u00f5gastumiseks ja \u00fchise saunaelamuse nautimiseks.<\/p>\n<p>&nbsp;<\/p>\n<ul>\n<li>H\u00fcbriidsauna v\u00f5imalus, mis \u00fchendab traditsioonilise ja infrapunak\u00fctte<\/li>\n<li>Pikendatud Jonas paigutus kuni 8 inimesele<\/li>\n<li>Suur klaasist esisein avara ja valgusk\u00fcllase interj\u00f6\u00f6ri jaoks<\/li>\n<li>Saadaval du\u0161iga sissep\u00e4\u00e4sualaga v\u00f5i ilma<\/li>\n<li>M\u00f5\u00f5dud: 2.785 \u00d7 2.16 m<\/li>\n<li>K\u00f5rgus: 2.49 m<\/li>\n<li>Kvaliteetne puitkonstruktsioon<\/li>\n<li>Optimeeritud lavapaigutus grupis istumiseks<\/li>\n<li>EPDM-kummikatus pikaajaliseks ilmastikukaitseks<\/li>\n<li>T\u00e4ielikult isoleeritud k\u00f5rge j\u00f5udlusega PIR-isolatsioonipaneelidega<\/li>\n<li>Kuumakindel silikoonjuhtmestik<\/li>\n<\/ul>\n<p>&nbsp;<\/p>\n<p>&nbsp;<\/p>\n<p>* Iga toode valmistatakse naturaalsest puidust, mist\u00f5ttu v\u00f5ivad l\u00f5plik toon ja puidumuster veidi erineda n\u00e4idispiltidel kujutatust.<\/p>\n<p>&nbsp;<\/p>\n<p>&nbsp;<\/p>\n<p>&nbsp;<\/p>\n<p>&nbsp;<\/p>\n<p><strong>Baaskomplekt sisaldab:<\/strong><\/p>\n<ul>\n<li>V\u00e4lisseinad:<br \/>\nKuusk<br \/>\nShou Sugi Ban \/ p\u00f5letatud kuusk<br \/>\nTermom\u00e4nd<\/li>\n<\/ul>\n<p><img loading=\"lazy\" decoding=\"async\" class=\"alignnone wp-image-140988\" src=\"https:\/\/factory.sale\/wp-content\/uploads\/2026\/03\/Wood-colour-ula-factory-sale-300x89.png\" alt=\"\" width=\"364\" height=\"108\" srcset=\"https:\/\/factory.sale\/wp-content\/uploads\/2026\/03\/Wood-colour-ula-factory-sale-300x89.png 300w, https:\/\/factory.sale\/wp-content\/uploads\/2026\/03\/Wood-colour-ula-factory-sale-150x44.png 150w, https:\/\/factory.sale\/wp-content\/uploads\/2026\/03\/Wood-colour-ula-factory-sale-600x177.png 600w, https:\/\/factory.sale\/wp-content\/uploads\/2026\/03\/Wood-colour-ula-factory-sale.png 664w\" sizes=\"auto, (max-width: 364px) 100vw, 364px\" \/><\/p>\n<ul>\n<li>V\u00e4lisv\u00e4rvid: bee\u017e, hall, eeben, teak, p\u00e4hkel<\/li>\n<\/ul>\n<p><img loading=\"lazy\" decoding=\"async\" class=\"alignnone wp-image-140959\" src=\"https:\/\/factory.sale\/wp-content\/uploads\/2026\/03\/Spruce-colours-300x53.png\" alt=\"\" width=\"379\" height=\"67\" srcset=\"https:\/\/factory.sale\/wp-content\/uploads\/2026\/03\/Spruce-colours-300x53.png 300w, https:\/\/factory.sale\/wp-content\/uploads\/2026\/03\/Spruce-colours-150x26.png 150w, https:\/\/factory.sale\/wp-content\/uploads\/2026\/03\/Spruce-colours.png 342w\" sizes=\"auto, (max-width: 379px) 100vw, 379px\" \/><\/p>\n<ul>\n<li>V\u00e4lisviimistlus: viimistletud (tehases t\u00f6\u00f6deldud), viimistlemata, viimistlemata + viimistlusvahend eraldi kaasas<\/li>\n<\/ul>\n<p><img loading=\"lazy\" decoding=\"async\" class=\"alignnone wp-image-141004\" src=\"https:\/\/factory.sale\/wp-content\/uploads\/2026\/03\/Benches-wood-type-factory-sale-300x66.png\" alt=\"\" width=\"400\" height=\"88\" srcset=\"https:\/\/factory.sale\/wp-content\/uploads\/2026\/03\/Benches-wood-type-factory-sale-300x66.png 300w, https:\/\/factory.sale\/wp-content\/uploads\/2026\/03\/Benches-wood-type-factory-sale-150x33.png 150w, https:\/\/factory.sale\/wp-content\/uploads\/2026\/03\/Benches-wood-type-factory-sale-768x170.png 768w, https:\/\/factory.sale\/wp-content\/uploads\/2026\/03\/Benches-wood-type-factory-sale-600x133.png 600w, https:\/\/factory.sale\/wp-content\/uploads\/2026\/03\/Benches-wood-type-factory-sale.png 868w\" sizes=\"auto, (max-width: 400px) 100vw, 400px\" \/><\/p>\n<ul>\n<li>Lavad: haab, must lepp, p\u00e4rn, termom\u00e4nd<\/li>\n<li>Siseviimistluse seinad: haab kitsas, haab lai, must lepp kitsas, must lepp lai<\/li>\n<\/ul>\n<p><img loading=\"lazy\" decoding=\"async\" class=\"alignnone wp-image-145601\" src=\"https:\/\/factory.sale\/wp-content\/uploads\/2026\/03\/Interior-walls-factory-sale-300x68.png\" alt=\"\" width=\"366\" height=\"83\" srcset=\"https:\/\/factory.sale\/wp-content\/uploads\/2026\/03\/Interior-walls-factory-sale-300x68.png 300w, https:\/\/factory.sale\/wp-content\/uploads\/2026\/03\/Interior-walls-factory-sale-150x34.png 150w, https:\/\/factory.sale\/wp-content\/uploads\/2026\/03\/Interior-walls-factory-sale-768x173.png 768w, https:\/\/factory.sale\/wp-content\/uploads\/2026\/03\/Interior-walls-factory-sale-600x135.png 600w, https:\/\/factory.sale\/wp-content\/uploads\/2026\/03\/Interior-walls-factory-sale.png 808w\" sizes=\"auto, (max-width: 366px) 100vw, 366px\" \/><\/p>\n<ul>\n<li>Klaasit\u00fc\u00fcp: l\u00e4bipaistev<\/li>\n<li>Ukse asukoht: vasakul, paremal<\/li>\n<li>Ukset\u00fc\u00fcp: standartne klaasuks<\/li>\n<\/ul>\n<p>&nbsp;<\/p>\n<p>&nbsp;<\/p>\n<p>&nbsp;<\/p>\n<p><strong>LISAV\u00d5IMALUSED:<\/strong><\/p>\n<ul>\n<li>Klaasit\u00fc\u00fcp:<br \/>\nL\u00e4bipaistev + 0.00 \u20ac<br \/>\nToonitud pronks + 93.60 \u20ac<br \/>\nMust Planibel + 117.00 \u20ac<br \/>\nT\u00e4ispeegel + 187.20 \u20ac<\/li>\n<\/ul>\n<p><img loading=\"lazy\" decoding=\"async\" class=\"alignnone wp-image-140991\" src=\"https:\/\/factory.sale\/wp-content\/uploads\/2026\/03\/Glass-options-factory-sale-300x64.png\" alt=\"\" width=\"478\" height=\"102\" srcset=\"https:\/\/factory.sale\/wp-content\/uploads\/2026\/03\/Glass-options-factory-sale-300x64.png 300w, https:\/\/factory.sale\/wp-content\/uploads\/2026\/03\/Glass-options-factory-sale-150x32.png 150w, https:\/\/factory.sale\/wp-content\/uploads\/2026\/03\/Glass-options-factory-sale-600x127.png 600w, https:\/\/factory.sale\/wp-content\/uploads\/2026\/03\/Glass-options-factory-sale.png 736w\" sizes=\"auto, (max-width: 478px) 100vw, 478px\" \/><\/p>\n<ul>\n<li>Siseseinad:<br \/>\nKuusk, kitsas profiil + 0.00 \u20ac<br \/>\nKuusk, lai profiil + 0.00 \u20ac<br \/>\nHaab, kitsas profiil + 1,053.00 \u20ac<br \/>\nHaab, lai profiil + 1,053.00 \u20ac<br \/>\nMust lepp, kitsas profiil + 1,053.00 \u20ac<br \/>\nMust lepp, lai profiil + 1,053.00 \u20ac<br \/>\nTermom\u00e4nd, kitsas profiil + 351.00 \u20ac<br \/>\nTermom\u00e4nd, lai profiil + 351.00 \u20ac<br \/>\nPremium termohaab, kitsas profiil + 1,140.75 \u20ac<br \/>\nPremium termohaab, lai profiil + 1,140.75 \u20ac<\/li>\n<li>Premium-sein seljatoe taga:<br \/>\nSquare Black + 538.20 \u20ac<br \/>\nRoyal Black + 538.20 \u20ac<br \/>\nRoyal Thermo Black + 538.20 \u20ac<br \/>\nHexa S Thermo + 538.20 \u20ac<br \/>\nRhombus 3D Light + 666.90 \u20ac<\/li>\n<\/ul>\n<p><img loading=\"lazy\" decoding=\"async\" class=\"alignnone wp-image-145604\" src=\"https:\/\/factory.sale\/wp-content\/uploads\/2026\/03\/Premium-Wall-behind-the-Backrest-factory-sale-300x57.png\" alt=\"\" width=\"484\" height=\"92\" srcset=\"https:\/\/factory.sale\/wp-content\/uploads\/2026\/03\/Premium-Wall-behind-the-Backrest-factory-sale-300x57.png 300w, https:\/\/factory.sale\/wp-content\/uploads\/2026\/03\/Premium-Wall-behind-the-Backrest-factory-sale-150x29.png 150w, https:\/\/factory.sale\/wp-content\/uploads\/2026\/03\/Premium-Wall-behind-the-Backrest-factory-sale-768x147.png 768w, https:\/\/factory.sale\/wp-content\/uploads\/2026\/03\/Premium-Wall-behind-the-Backrest-factory-sale-600x115.png 600w, https:\/\/factory.sale\/wp-content\/uploads\/2026\/03\/Premium-Wall-behind-the-Backrest-factory-sale.png 1024w\" sizes=\"auto, (max-width: 484px) 100vw, 484px\" \/><\/p>\n<ul>\n<li>Lavade ja seljatoe puiduliik:<br \/>\nHaab + 0.00 \u20ac<br \/>\nMust lepp + 0.00 \u20ac<br \/>\nP\u00e4rn + 0.00 \u20ac<br \/>\nTermom\u00e4nd + 0.00 \u20ac<br \/>\nPremium termohaab + 351.00 \u20ac<\/li>\n<li>Siselavade mudel:<br \/>\nStandard (t\u00fc\u00fcp A) + 0.00 \u20ac<br \/>\nL-kujuline (t\u00fc\u00fcp B) + 0.00 \u20ac<br \/>\nSeljatoe t\u00fc\u00fcp:<br \/>\nStandard + 0.00 \u20ac<br \/>\nTuleefekt + 210.60 \u20ac<\/li>\n<li>Seljatoe graveering:<br \/>\nPersonaalne tekst + 29.25 \u20ac<\/li>\n<li>Elektrikerised:<br \/>\nHarvia Trendi 8 kW (manuaalne) + 315.90 \u20ac<br \/>\nHuum Drop 9 kW + 725.40 \u20ac<br \/>\nHarvia Spirit XW 9 kW Wi-Fi-ga + 994.50 \u20ac<br \/>\nHarvia Cilindro 10.8 kW Steel + 1,006.20 \u20ac<br \/>\nHarvia Legend 10.8 kW Black LCD Wi-Fi-ga + 1,287.00 \u20ac<br \/>\nHuum Hive Mini 10.5 kW + 1,380.60 \u20ac<\/li>\n<li>Kerisepiire:<br \/>\nHarvia Trendi 8 kW (manuaalne) + 70.20 \u20ac<br \/>\nHuum Drop 9 kW + 210.60 \u20ac<br \/>\nHarvia Spirit XW 9 kW Wi-Fi-ga + 234.00 \u20ac<br \/>\nHarvia Cilindro 10.8 kW Steel + 351.00 \u20ac<br \/>\nHarvia Legend 10.8 kW Black LCD Wi-Fi-ga + 409.50 \u20ac<br \/>\nHuum Hive Mini 10.5 kW + 234.00 \u20ac<\/li>\n<li>Puuk\u00fcttega keris (sisemise k\u00fctmisega):<br \/>\nHarvia M3 16.5 kW + 491.40 \u20ac<br \/>\nHarvia Pro 20 24 kW + 865.80 \u20ac<br \/>\nHarvia Legend 150 16 kW + 924.30 \u20ac<br \/>\nHuum HIVE Wood 13 + 1,228.50 \u20ac<br \/>\nHuum Flow Mini 8,5 kW + 1,696.50 \u20ac<\/li>\n<li>Puuk\u00fcttega keris (v\u00e4lise k\u00fctmisega):<br \/>\nHarvia M3 16.5 kW (v\u00e4lise k\u00fctmisega) + 737.10 \u20ac<br \/>\nHarvia Pro 20 24 kW (v\u00e4lise k\u00fctmisega) + 1,049.49 \u20ac<br \/>\nHarvia Legend 150 16 kW (v\u00e4lise k\u00fctmisega) + 1,184.04 \u20ac<br \/>\nHuum Flow Mini 8,5 kW (v\u00e4lise k\u00fctmisega) + 1,989.00 \u20ac<\/li>\n<li>Korsten puuk\u00fcttega kerisele:<br \/>\nHarvia korsten (roostevaba teras) + 458.64 \u20ac<br \/>\nHarvia korsten (must viimistlus) + 614.25 \u20ac<br \/>\nP\u00f5hikorsten + 335.79 \u20ac<\/li>\n<li>V\u00e4lisvalgustus:<br \/>\nV\u00e4line LED-valgustus + 292.50 \u20ac<br \/>\nV\u00e4line RGB LED-valgustus + 351.00 \u20ac<\/li>\n<li>Sisevalgustus (seljatugede all):<br \/>\nStandardne LED-valgustus + 175.50 \u20ac<br \/>\nRGB LED-valgustus + 292.50 \u20ac<br \/>\nTherapy Pulse LED-valgustus + 327.60 \u20ac<\/li>\n<li>Sisevalgustus (lavade all):<br \/>\nStandardne LED-valgustus + 175.50 \u20ac<br \/>\nRGB LED-valgustus + 292.50 \u20ac<br \/>\nTherapy Pulse LED-valgustus + 327.60 \u20ac<\/li>\n<li>Sisevalgustus (seljatugede ja lavade all):<br \/>\nStandardne LED-valgustus + 292.50 \u20ac<br \/>\nRGB LED-valgustus + 409.50 \u20ac<br \/>\nTherapy Pulse LED-valgustus + 444.60 \u20ac<\/li>\n<li>Sauna helis\u00fcsteem:<br \/>\nStandard, valge + 526.50 \u20ac<br \/>\nModerne, valge + 889.20 \u20ac<\/li>\n<\/ul>\n<p>&nbsp;<\/p>\n<p>&nbsp;<\/p>\n<p><strong>Toote baashind \u2013 lahti v\u00f5etud saun:<\/strong><\/p>\n<ul>\n<li>Kuusk 6809.40 \u20ac<\/li>\n<li>Shou Sugi Ban (p\u00f5letatud kuusk) 7248.15 \u20ac<\/li>\n<li>Termom\u00e4nd 7335.90 \u20ac<\/li>\n<\/ul>\n<p>&nbsp;<\/p>\n<p><strong>Toote baashind \u2013 kokku pandud saun:<\/strong><\/p>\n<ul>\n<li>Kuusk 7511.40 \u20ac<\/li>\n<li>Shou Sugi Ban (p\u00f5letatud kuusk) 7950.15 \u20ac<\/li>\n<li>Termom\u00e4nd 8037.90 \u20ac<\/li>\n<\/ul>\n","protected":false},"excerpt":{"rendered":"<p>Jonas sarja suurim mudel, mis on loodud mahutama mugavalt kuni kaheksa inimest. T\u00e4nu avarale interj\u00f6\u00f6rile, modernsele disainile ja paindlikule uksepaigutusele m\u00f5lemal k\u00fcljel sobib Jonas Grand suurep\u00e4raselt peredele v\u00f5i heaolu nautijatele, kes soovivad rohkem ruumi l\u00f5\u00f5gastumiseks ja \u00fchise saunaelamuse nautimiseks.<\/p>\n","protected":false},"featured_media":145800,"comment_status":"open","ping_status":"closed","template":"","meta":{"_acf_changed":false},"factory":[5046],"free-shipment":[],"product_brand":[],"product_cat":[826,2257],"product_tag":[1908,811],"class_list":{"0":"post-145864","1":"product","2":"type-product","3":"status-publish","4":"has-post-thumbnail","6":"factory-celsium","7":"product_cat-saunas-et","8":"product_cat-valisaun","9":"product_tag-outdoor-sauna-et","10":"product_tag-sauna-et","12":"first","13":"instock","14":"sale","15":"taxable","16":"shipping-taxable","17":"purchasable","18":"product-type-variable"},"acf":[],"_links":{"self":[{"href":"https:\/\/factory.sale\/et\/wp-json\/wp\/v2\/product\/145864","targetHints":{"allow":["GET"]}}],"collection":[{"href":"https:\/\/factory.sale\/et\/wp-json\/wp\/v2\/product"}],"about":[{"href":"https:\/\/factory.sale\/et\/wp-json\/wp\/v2\/types\/product"}],"replies":[{"embeddable":true,"href":"https:\/\/factory.sale\/et\/wp-json\/wp\/v2\/comments?post=145864"}],"wp:featuredmedia":[{"embeddable":true,"href":"https:\/\/factory.sale\/et\/wp-json\/wp\/v2\/media\/145800"}],"wp:attachment":[{"href":"https:\/\/factory.sale\/et\/wp-json\/wp\/v2\/media?parent=145864"}],"wp:term":[{"taxonomy":"factory","embeddable":true,"href":"https:\/\/factory.sale\/et\/wp-json\/wp\/v2\/factory?post=145864"},{"taxonomy":"free-shipment","embeddable":true,"href":"https:\/\/factory.sale\/et\/wp-json\/wp\/v2\/free-shipment?post=145864"},{"taxonomy":"product_brand","embeddable":true,"href":"https:\/\/factory.sale\/et\/wp-json\/wp\/v2\/product_brand?post=145864"},{"taxonomy":"product_cat","embeddable":true,"href":"https:\/\/factory.sale\/et\/wp-json\/wp\/v2\/product_cat?post=145864"},{"taxonomy":"product_tag","embeddable":true,"href":"https:\/\/factory.sale\/et\/wp-json\/wp\/v2\/product_tag?post=145864"}],"curies":[{"name":"wp","href":"https:\/\/api.w.org\/{rel}","templated":true}]}}