{"id":14585,"date":"2022-10-25T16:55:35","date_gmt":"2022-10-25T16:56:46","guid":{"rendered":"https:\/\/factory.sale\/?post_type=product&#038;p=14585"},"modified":"2024-07-17T05:56:35","modified_gmt":"2024-07-17T02:56:35","slug":"infire-murall-1000","status":"publish","type":"product","link":"https:\/\/factory.sale\/et\/toode\/infire-murall-1000\/","title":{"rendered":"InFire Murall 1000"},"content":{"rendered":"<p>Murall 1000 mudel on kamin, mis on m\u00f5eldud seinale riputamiseks kahe montaa\u017eitihvti abil. Seda ei saa kasutada puitlaastplaatidest, m\u00f6\u00f6bliplaatidest, kipsplaatidest seintel ega tapeediga kaetud seintel. Muralli kamina rafineeritud vorm, selle soojus ja maagiline atmosf\u00e4\u00e4r rikastavad igat ruumi. Kaminat on v\u00f5imalik kohandada iga interj\u00f6\u00f6ri iseloomuga t\u00e4nu v\u00e4rvilahenduse ja kamina suuruste muutmise v\u00f5imalusele! Murall mudel on varustatud kaminasse sisestatud toonitud klaasiga, mis suurendab kasutusohutust ja muudab tule eriti atraktiivseks. Kamina struktuur, viimistletud detailid ja sisseehitatud k\u00fclgseinad muudavad kamina t\u00e4iuslikuks igast vaatenurgast.<\/p>\n<p>&nbsp;<\/p>\n<p><strong>Lisainformatsioon:<\/strong><\/p>\n<ul>\n<li>M\u00f5\u00f5tmed: 1000 x 560 x 165<\/li>\n<li>Kolle: 500 mm = 1 l<\/li>\n<li>P\u00f5lemine: 3-5 tundi<\/li>\n<li>Klaas: karastatud klaas 4 mm, toonitud<\/li>\n<li>Garantii: 24 kuud<\/li>\n<li>V\u00e4rv: teras, must, valge<\/li>\n<li>Montaa\u017e: s\u00fcvistatav, rippuv<\/li>\n<\/ul>\n","protected":false},"excerpt":{"rendered":"<p>Murall 1000 mudel on kamin, mis on m\u00f5eldud seinale riputamiseks kahe montaa\u017eitihvti abil. Seda ei saa kasutada puitlaastplaatidest, m\u00f6\u00f6bliplaatidest, kipsplaatidest seintel ega tapeediga kaetud seintel.<\/p>\n","protected":false},"featured_media":14574,"comment_status":"open","ping_status":"closed","template":"","meta":{"_acf_changed":false},"factory":[],"free-shipment":[],"product_brand":[],"product_cat":[1253,2630],"product_tag":[],"class_list":{"0":"post-14585","1":"product","2":"type-product","3":"status-publish","4":"has-post-thumbnail","6":"product_cat-bio-kaminad","7":"product_cat-infire-et","9":"first","10":"instock","11":"sale","12":"taxable","13":"shipping-taxable","14":"purchasable","15":"product-type-simple"},"acf":[],"_links":{"self":[{"href":"https:\/\/factory.sale\/et\/wp-json\/wp\/v2\/product\/14585","targetHints":{"allow":["GET"]}}],"collection":[{"href":"https:\/\/factory.sale\/et\/wp-json\/wp\/v2\/product"}],"about":[{"href":"https:\/\/factory.sale\/et\/wp-json\/wp\/v2\/types\/product"}],"replies":[{"embeddable":true,"href":"https:\/\/factory.sale\/et\/wp-json\/wp\/v2\/comments?post=14585"}],"wp:featuredmedia":[{"embeddable":true,"href":"https:\/\/factory.sale\/et\/wp-json\/wp\/v2\/media\/14574"}],"wp:attachment":[{"href":"https:\/\/factory.sale\/et\/wp-json\/wp\/v2\/media?parent=14585"}],"wp:term":[{"taxonomy":"factory","embeddable":true,"href":"https:\/\/factory.sale\/et\/wp-json\/wp\/v2\/factory?post=14585"},{"taxonomy":"free-shipment","embeddable":true,"href":"https:\/\/factory.sale\/et\/wp-json\/wp\/v2\/free-shipment?post=14585"},{"taxonomy":"product_brand","embeddable":true,"href":"https:\/\/factory.sale\/et\/wp-json\/wp\/v2\/product_brand?post=14585"},{"taxonomy":"product_cat","embeddable":true,"href":"https:\/\/factory.sale\/et\/wp-json\/wp\/v2\/product_cat?post=14585"},{"taxonomy":"product_tag","embeddable":true,"href":"https:\/\/factory.sale\/et\/wp-json\/wp\/v2\/product_tag?post=14585"}],"curies":[{"name":"wp","href":"https:\/\/api.w.org\/{rel}","templated":true}]}}