{"id":145849,"date":"2026-03-25T12:06:52","date_gmt":"2026-03-25T09:06:53","guid":{"rendered":"https:\/\/factory.sale\/?post_type=product&#038;p=145849"},"modified":"2026-04-14T11:14:14","modified_gmt":"2026-04-14T08:14:14","slug":"estadesign-premium-voodiraam-bergamo-160x200","status":"publish","type":"product","link":"https:\/\/factory.sale\/et\/toode\/estadesign-premium-voodiraam-bergamo-160x200\/","title":{"rendered":"Estadesign Premium Voodiraam Bergamo 160&#215;200"},"content":{"rendered":"<p><strong>Tehniline teave:<\/strong><\/p>\n<ul>\n<li>Laius: 160 cm<\/li>\n<li>Pikkus: 200 cm<\/li>\n<li>Materjal: FSC-sertifikaadiga saare t\u00e4ispuit<\/li>\n<li>Mudeli nimi: Bergamo<\/li>\n<li>V\u00e4rv: Bianco<\/li>\n<li><strong>Ilma voodilippideta!<\/strong><\/li>\n<\/ul>\n<h2><span style=\"font-size: 14pt;\">Premium voodiraam Bergamo on loodud neile, kes hindavad luksust, vastupidavust ja ajatut stiili.<\/span><\/h2>\n<p>Raam on valmistatud\u00a0<strong>tugevast saarepuidust<\/strong>\u00a0\u2013 see tagab erakordse stabiilsuse ja pikaealisuse ning tugevad kasepuidust voodilipid tagavad stabiilsuse, \u00fchtlase kehakaalu jaotuse ja pikema madratsi eluea.\u00a0<strong>H\u00fcpoallergeenne looduslik viimistlus<\/strong>\u00a0muudab selle voodi tervises\u00f5bralikuks ja ohutuks valikuks igale perele.<\/p>\n<h2><span style=\"font-size: 14pt;\">Stiilne ja praktiline<\/span><\/h2>\n<p>Minimalistlik, skandinaaviap\u00e4rane disain muudab Bergamo sobivaks nii modernsetesse kui ka klassikalistesse interj\u00f6\u00f6ridesse. T\u00e4nu hoolikalt kujundatud konstruktsioonile p\u00fcsib voodi tugevana aastak\u00fcmneid, olles samas visuaalselt kerge ja elegantne.<\/p>\n<h2><span style=\"font-size: 14pt;\">Lihtne paigaldus ja universaalne kasutus<\/span><\/h2>\n<p>K\u00f5ik vajalikud t\u00f6\u00f6riistad ja juhend kuuluvad komplekti, muutes paigalduse kiireks ja lihtsaks. See muudab voodi Bergamo ideaalseks lahenduseks nii kodudesse kui ka hotellitubadesse, kus n\u00f5utakse vastupidavust ja ajatut ilu.<\/p>\n<p><strong>Materjal:<\/strong>\u00a0FSC-sertifikaadiga saare t\u00e4ispuit.<br \/>\n<strong>Viimistlus:<\/strong> \u00f6koloogiline \u00f5livaha.<\/p>\n<h2><span style=\"font-size: 14pt;\">Toote eelised l\u00fchidalt:<\/span><\/h2>\n<ul>\n<li><strong>\u00d6koloogilisus:<\/strong>\u00a0FSC-sertifitseeritud t\u00e4ispuit ja looduslik viimistlus<\/li>\n<li><strong>Voodi kandev\u00f5ime on kuni 1000 kg.<\/strong><\/li>\n<li><strong>Vastupidavus:<\/strong>\u00a0T\u00e4ispuidust raam, loodud kestma aastaid<\/li>\n<li><strong>Lihtne paigaldus:<\/strong>\u00a0Kaasas k\u00f5ik vajalikud t\u00f6\u00f6riistad ja juhend<\/li>\n<li><strong>Funktsionaalsus:<\/strong>\u00a0Sobib ideaalselt nii kodudesse kui ka hotellitubadesse<\/li>\n<\/ul>\n<p>&nbsp;<\/p>\n<p><strong>Tee oma valik tuleviku kasuks: Premium voodiraam Bergamo on investeering mugavusse, tervisesse ja ajatuse elegantsi, mis muudab sinu magamistoa t\u00f5eliseks sisekujunduse p\u00e4rliks.<\/strong><\/p>\n<p>&nbsp;<\/p>\n<p>Tutvu teiste sarnaste toodetega\u00a0<a title=\"siin\" href=\"https:\/\/factory.sale\/et\/product-category\/moobel\/voodid\/\">siin<\/a><\/p>\n","protected":false},"excerpt":{"rendered":"<p data-start=\"50\" data-end=\"439\"><strong>Premium voodiraam Bergamo on loodud neile, kes hindavad luksust, vastupidavust ja ajatust disaini.<\/strong><\/p>\n<p data-start=\"50\" data-end=\"439\">FSC-sertifikaadiga<strong>\u00a0saare t\u00e4ispuidust raam<\/strong>\u00a0pakub erakordset tugevust ja stabiilsust, taludes\u00a0<strong>kuni 1000 kg<\/strong>\u00a0koormust.\u00a0<strong>H\u00fcpoallergeenne looduslik \u00f5livahaviimistlus<\/strong>\u00a0r\u00f5hutab puidu loomulikku ilu ja loob tervises\u00f5braliku magamiskeskkonna. Bergamo on voodi, mis j\u00e4\u00e4b kindlaks ja kauniks aastateks.<\/p>\n<p data-start=\"441\" data-end=\"567\" data-is-last-node=\"\" data-is-only-node=\"\"><b>Ilma voodilippideta!<\/b><\/p>\n","protected":false},"featured_media":92822,"comment_status":"open","ping_status":"closed","template":"","meta":{"_acf_changed":false},"factory":[],"free-shipment":[],"product_brand":[4569,5028],"product_cat":[714,3104],"product_tag":[],"class_list":{"0":"post-145849","1":"product","2":"type-product","3":"status-publish","4":"has-post-thumbnail","6":"product_brand-estaparket","7":"product_brand-estadesign","8":"product_cat-moobel","9":"product_cat-voodid","11":"first","12":"instock","13":"sale","14":"taxable","15":"shipping-taxable","16":"purchasable","17":"product-type-simple"},"acf":[],"_links":{"self":[{"href":"https:\/\/factory.sale\/et\/wp-json\/wp\/v2\/product\/145849","targetHints":{"allow":["GET"]}}],"collection":[{"href":"https:\/\/factory.sale\/et\/wp-json\/wp\/v2\/product"}],"about":[{"href":"https:\/\/factory.sale\/et\/wp-json\/wp\/v2\/types\/product"}],"replies":[{"embeddable":true,"href":"https:\/\/factory.sale\/et\/wp-json\/wp\/v2\/comments?post=145849"}],"wp:featuredmedia":[{"embeddable":true,"href":"https:\/\/factory.sale\/et\/wp-json\/wp\/v2\/media\/92822"}],"wp:attachment":[{"href":"https:\/\/factory.sale\/et\/wp-json\/wp\/v2\/media?parent=145849"}],"wp:term":[{"taxonomy":"factory","embeddable":true,"href":"https:\/\/factory.sale\/et\/wp-json\/wp\/v2\/factory?post=145849"},{"taxonomy":"free-shipment","embeddable":true,"href":"https:\/\/factory.sale\/et\/wp-json\/wp\/v2\/free-shipment?post=145849"},{"taxonomy":"product_brand","embeddable":true,"href":"https:\/\/factory.sale\/et\/wp-json\/wp\/v2\/product_brand?post=145849"},{"taxonomy":"product_cat","embeddable":true,"href":"https:\/\/factory.sale\/et\/wp-json\/wp\/v2\/product_cat?post=145849"},{"taxonomy":"product_tag","embeddable":true,"href":"https:\/\/factory.sale\/et\/wp-json\/wp\/v2\/product_tag?post=145849"}],"curies":[{"name":"wp","href":"https:\/\/api.w.org\/{rel}","templated":true}]}}