{"id":145667,"date":"2026-03-24T18:52:59","date_gmt":"2026-03-24T15:53:00","guid":{"rendered":"https:\/\/factory.sale\/?post_type=product&#038;p=145667"},"modified":"2026-04-14T10:50:48","modified_gmt":"2026-04-14T07:50:48","slug":"premium-voodiraam-salerno-180x200","status":"publish","type":"product","link":"https:\/\/factory.sale\/et\/toode\/premium-voodiraam-salerno-180x200\/","title":{"rendered":"Estadesign Premium Voodiraam Salerno 180&#215;200"},"content":{"rendered":"<p><strong>Tehniline teave:<\/strong><\/p>\n<ul>\n<li>V\u00e4rvus: Valge<\/li>\n<li>Pikkus: 200 cm<\/li>\n<li>Laius: 180 cm<\/li>\n<li>Materjal: 100% saare t\u00e4ispuit, k\u00e4sitsi valitud k\u00f5rgekvaliteedilise puidumustri j\u00e4rgi<\/li>\n<li><b>Komplekt ei sisalda voodilippe!<\/b><\/li>\n<\/ul>\n<div class=\"woocommerce-tabs wc-tabs-wrapper\">\n<p><strong>Premium voodiraam Salerno on valmistatud FSC-sertifitseeritud saarepuidust,<\/strong>\u00a0mis tagab vastupidavuse, loodusl\u00e4heduse ja keskkonnas\u00f5bralikkuse ning tugevad kasepuidust voodilipid tagavad stabiilsuse, \u00fchtlase kehakaalu jaotuse ja pikema madratsi eluea. See mudel sobib suurep\u00e4raselt erinevate interj\u00f6\u00f6ristiilidega: olgu tegu minimalistliku skandinaavia v\u00f5i klassikalise magamistoaga.<\/p>\n<p>&nbsp;<\/p>\n<p><strong>Materjal:<\/strong>\u00a0FSC-sertifikaadiga saare t\u00e4ispuit.<br \/>\n<strong>Viimistlus:<\/strong> \u00f6koloogiline \u00f5livaha.<\/p>\n<h2><span style=\"font-size: 14pt;\"><strong>Peamised eelised<\/strong><\/span><\/h2>\n<ul>\n<li><strong>Tugevus ja stabiilsus:<\/strong>\u00a0T\u00e4ispuidust raam talub igap\u00e4evast kasutust ning on loodud kestma p\u00f5lvkondi.\u00a0<strong>Testitud kandev\u00f5ime kuni 1000 kg.<\/strong><\/li>\n<li><strong>Mitmek\u00fclgne disain:<\/strong>\u00a0Kolm viimistlusvalikut \u2013 naturaalne, tume ja hele \u2013 sobivad igasse magamistuppa.<\/li>\n<li><strong>Lihtne hooldus:<\/strong>\u00a0Easy-Clean viimistlus kaitseb pinda mustuse ja niiskuse eest.<\/li>\n<\/ul>\n<h2><span style=\"font-size: 14pt;\"><strong>T\u00e4ispuidust voodiraami eelised<\/strong><\/span><\/h2>\n<p>Saarepuit on tiheda struktuuriga, erakordselt tugev ja vastupidav materjal. T\u00e4nu sellele peab voodi vastu igap\u00e4evasele koormusele, s\u00e4ilitades samas oma kauni v\u00e4limuse. H\u00fcpoallergeenne looduslik kate teeb Salerno mudelist turvalise valiku ka peredele, kus on lapsed v\u00f5i lemmikloomad.<\/p>\n<p><strong>Investeeri kvaliteeti \u2013 Premium voodiraam Salerno pakub sulle aastateks kindlust, ilu ja mugavust.<\/strong><\/p>\n<p>Tutvu teiste sarnaste toodetega\u00a0<a title=\"siin\" href=\"https:\/\/factory.sale\/et\/product-category\/moobel\/voodid\/\">siin<\/a><\/p>\n<\/div>\n<section class=\"related products\"><\/section>\n","protected":false},"excerpt":{"rendered":"<p class=\"p1\">Premium voodi Salerno on valmistatud\u00a0<strong>FSC-sertifikaadiga saarepuidust<\/strong>, mille ilu ja vastupidavust t\u00e4iendab looduslik \u00f5livaha viimistlus.\u00a0<strong>H\u00fcpoallergeenne pind<\/strong>\u00a0sobib suurep\u00e4raselt ka peredele, kus on lapsed v\u00f5i tundlikumad kasutajad. Vastupidav konstruktsioon talub\u00a0<strong>kuni 1000 kg koormust,<\/strong>\u00a0pakkudes stabiilsust ja pikaealisust igaks \u00f6\u00f6ks.<\/p>\n<p class=\"p3\"><b>Komplekt ei sisalda voodilippe!<\/b><\/p>\n","protected":false},"featured_media":92896,"comment_status":"open","ping_status":"closed","template":"","meta":{"_acf_changed":false},"factory":[],"free-shipment":[],"product_brand":[],"product_cat":[714,3104],"product_tag":[],"class_list":{"0":"post-145667","1":"product","2":"type-product","3":"status-publish","4":"has-post-thumbnail","6":"product_cat-moobel","7":"product_cat-voodid","9":"first","10":"instock","11":"sale","12":"taxable","13":"shipping-taxable","14":"purchasable","15":"product-type-simple"},"acf":[],"_links":{"self":[{"href":"https:\/\/factory.sale\/et\/wp-json\/wp\/v2\/product\/145667","targetHints":{"allow":["GET"]}}],"collection":[{"href":"https:\/\/factory.sale\/et\/wp-json\/wp\/v2\/product"}],"about":[{"href":"https:\/\/factory.sale\/et\/wp-json\/wp\/v2\/types\/product"}],"replies":[{"embeddable":true,"href":"https:\/\/factory.sale\/et\/wp-json\/wp\/v2\/comments?post=145667"}],"wp:featuredmedia":[{"embeddable":true,"href":"https:\/\/factory.sale\/et\/wp-json\/wp\/v2\/media\/92896"}],"wp:attachment":[{"href":"https:\/\/factory.sale\/et\/wp-json\/wp\/v2\/media?parent=145667"}],"wp:term":[{"taxonomy":"factory","embeddable":true,"href":"https:\/\/factory.sale\/et\/wp-json\/wp\/v2\/factory?post=145667"},{"taxonomy":"free-shipment","embeddable":true,"href":"https:\/\/factory.sale\/et\/wp-json\/wp\/v2\/free-shipment?post=145667"},{"taxonomy":"product_brand","embeddable":true,"href":"https:\/\/factory.sale\/et\/wp-json\/wp\/v2\/product_brand?post=145667"},{"taxonomy":"product_cat","embeddable":true,"href":"https:\/\/factory.sale\/et\/wp-json\/wp\/v2\/product_cat?post=145667"},{"taxonomy":"product_tag","embeddable":true,"href":"https:\/\/factory.sale\/et\/wp-json\/wp\/v2\/product_tag?post=145667"}],"curies":[{"name":"wp","href":"https:\/\/api.w.org\/{rel}","templated":true}]}}