{"id":145607,"date":"2026-03-24T13:12:06","date_gmt":"2026-03-24T10:32:57","guid":{"rendered":"https:\/\/factory.sale\/?post_type=product&#038;p=145607"},"modified":"2026-04-12T23:07:19","modified_gmt":"2026-04-12T20:07:19","slug":"jonas-mini-valisaun-3-le-inimesele","status":"publish","type":"product","link":"https:\/\/factory.sale\/et\/toode\/jonas-mini-valisaun-3-le-inimesele\/","title":{"rendered":"Jonas Mini V\u00e4lisaun 3-le inimesele"},"content":{"rendered":"<p>Jonas Mini on kompaktne ja moderne v\u00e4lisaun. See on valmistatud naturaalsest puidust ning viimistletud elegantse ilmastikukindla pinnaga, mis toob l\u00e4bim\u00f5eldud heaolutunde ka k\u00f5ige v\u00e4iksematesse ruumidesse.<\/p>\n<p>&nbsp;<\/p>\n<ul>\n<li>See sobib ideaalselt terrassidele v\u00f5i kitsamatesse nurkadesse.<\/li>\n<li>Traditsioonilist ja infrapunak\u00fctet \u00fchendav h\u00fcbriidsauna v\u00f5imalus<\/li>\n<li>Kompaktne vertikaalne disain kuni 3 inimesele<\/li>\n<li>Naturaalsest puidust v\u00e4lisviimistlus ilmastikukindla kattega<\/li>\n<li>Saadaval du\u0161iga eesruumiga v\u00f5i ilma<\/li>\n<li>M\u00f5\u00f5dud: 1.535 \u00d7 2.16 m<\/li>\n<li>K\u00f5rgus: 2.49 m<\/li>\n<li>Selge ja t\u00f5hus lavapaigutus<\/li>\n<li>Ideaalne v\u00e4ikestesse aedadesse ja terrassidele<\/li>\n<li>EPDM-kummist katus pikaajaliseks ilmastikukaitseks<\/li>\n<li>T\u00e4ielikult soojustatud suure j\u00f5udlusega PIR-soojustuspaneelidega<\/li>\n<li>Kuumakindel silikoonjuhtmestik<\/li>\n<\/ul>\n<p>&nbsp;<\/p>\n<p>* Iga toode on valmistatud naturaalsest puidust, seega v\u00f5ivad selle l\u00f5plik toon ja puidus\u00fc\u00fc veidi erineda n\u00e4idatud n\u00e4idetest.<\/p>\n<p>&nbsp;<\/p>\n<p>&nbsp;<\/p>\n<p><strong>Baaskomplekt sisaldab:<\/strong><\/p>\n<ul>\n<li>V\u00e4lisseinad:<br \/>\nKuusk<br \/>\nShou Sugi Ban \/ p\u00f5letatud kuusk<br \/>\nTermom\u00e4nd<\/li>\n<\/ul>\n<p><img loading=\"lazy\" decoding=\"async\" class=\"alignnone wp-image-140988\" src=\"https:\/\/factory.sale\/wp-content\/uploads\/2026\/03\/Wood-colour-ula-factory-sale-300x89.png\" alt=\"\" width=\"364\" height=\"108\" srcset=\"https:\/\/factory.sale\/wp-content\/uploads\/2026\/03\/Wood-colour-ula-factory-sale-300x89.png 300w, https:\/\/factory.sale\/wp-content\/uploads\/2026\/03\/Wood-colour-ula-factory-sale-150x44.png 150w, https:\/\/factory.sale\/wp-content\/uploads\/2026\/03\/Wood-colour-ula-factory-sale-600x177.png 600w, https:\/\/factory.sale\/wp-content\/uploads\/2026\/03\/Wood-colour-ula-factory-sale.png 664w\" sizes=\"auto, (max-width: 364px) 100vw, 364px\" \/><\/p>\n<ul>\n<li>V\u00e4lisv\u00e4rvid: bee\u017e, hall, eeben, tiigipuu, p\u00e4hkel<\/li>\n<\/ul>\n<p><img loading=\"lazy\" decoding=\"async\" class=\"alignnone wp-image-140959\" src=\"https:\/\/factory.sale\/wp-content\/uploads\/2026\/03\/Spruce-colours-300x53.png\" alt=\"\" width=\"379\" height=\"67\" srcset=\"https:\/\/factory.sale\/wp-content\/uploads\/2026\/03\/Spruce-colours-300x53.png 300w, https:\/\/factory.sale\/wp-content\/uploads\/2026\/03\/Spruce-colours-150x26.png 150w, https:\/\/factory.sale\/wp-content\/uploads\/2026\/03\/Spruce-colours.png 342w\" sizes=\"auto, (max-width: 379px) 100vw, 379px\" \/><\/p>\n<ul>\n<li>V\u00e4lisviimistlus: viimistletud (tehases t\u00f6\u00f6deldud), viimistlemata, viimistlemata + viimistlusvahend eraldi kaasas<\/li>\n<\/ul>\n<p><img loading=\"lazy\" decoding=\"async\" class=\"alignnone wp-image-141004\" src=\"https:\/\/factory.sale\/wp-content\/uploads\/2026\/03\/Benches-wood-type-factory-sale-300x66.png\" alt=\"\" width=\"400\" height=\"88\" srcset=\"https:\/\/factory.sale\/wp-content\/uploads\/2026\/03\/Benches-wood-type-factory-sale-300x66.png 300w, https:\/\/factory.sale\/wp-content\/uploads\/2026\/03\/Benches-wood-type-factory-sale-150x33.png 150w, https:\/\/factory.sale\/wp-content\/uploads\/2026\/03\/Benches-wood-type-factory-sale-768x170.png 768w, https:\/\/factory.sale\/wp-content\/uploads\/2026\/03\/Benches-wood-type-factory-sale-600x133.png 600w, https:\/\/factory.sale\/wp-content\/uploads\/2026\/03\/Benches-wood-type-factory-sale.png 868w\" sizes=\"auto, (max-width: 400px) 100vw, 400px\" \/><\/p>\n<ul>\n<li>Lavad: haab, must lepp, p\u00e4rn, termom\u00e4nd<\/li>\n<li>Siseviimistluse seinad: haab kitsas, haab lai, must lepp kitsas, must lepp lai<\/li>\n<\/ul>\n<p><img loading=\"lazy\" decoding=\"async\" class=\"alignnone wp-image-145601\" src=\"https:\/\/factory.sale\/wp-content\/uploads\/2026\/03\/Interior-walls-factory-sale-300x68.png\" alt=\"\" width=\"366\" height=\"83\" srcset=\"https:\/\/factory.sale\/wp-content\/uploads\/2026\/03\/Interior-walls-factory-sale-300x68.png 300w, https:\/\/factory.sale\/wp-content\/uploads\/2026\/03\/Interior-walls-factory-sale-150x34.png 150w, https:\/\/factory.sale\/wp-content\/uploads\/2026\/03\/Interior-walls-factory-sale-768x173.png 768w, https:\/\/factory.sale\/wp-content\/uploads\/2026\/03\/Interior-walls-factory-sale-600x135.png 600w, https:\/\/factory.sale\/wp-content\/uploads\/2026\/03\/Interior-walls-factory-sale.png 808w\" sizes=\"auto, (max-width: 366px) 100vw, 366px\" \/><\/p>\n<ul>\n<li>Klaasit\u00fc\u00fcp: l\u00e4bipaistev<\/li>\n<li>Ukse asukoht: vasakul, paremal<\/li>\n<li>Ukset\u00fc\u00fcp: standartne klaasuks<\/li>\n<\/ul>\n<p>&nbsp;<\/p>\n<p>&nbsp;<\/p>\n<p>&nbsp;<\/p>\n<p><strong>LISAV\u00d5IMALUSED:<\/strong><\/p>\n<ul>\n<li>Klaasit\u00fc\u00fcp:<br \/>\nL\u00e4bipaistev +0 \u20ac<br \/>\nToonitud pronks +70.20 \u20ac<br \/>\nMust Planibel +93.60 \u20ac<br \/>\nT\u00e4ispeegel +140.40 \u20ac<\/li>\n<\/ul>\n<p><img loading=\"lazy\" decoding=\"async\" class=\"alignnone wp-image-140991\" src=\"https:\/\/factory.sale\/wp-content\/uploads\/2026\/03\/Glass-options-factory-sale-300x64.png\" alt=\"\" width=\"478\" height=\"102\" srcset=\"https:\/\/factory.sale\/wp-content\/uploads\/2026\/03\/Glass-options-factory-sale-300x64.png 300w, https:\/\/factory.sale\/wp-content\/uploads\/2026\/03\/Glass-options-factory-sale-150x32.png 150w, https:\/\/factory.sale\/wp-content\/uploads\/2026\/03\/Glass-options-factory-sale-600x127.png 600w, https:\/\/factory.sale\/wp-content\/uploads\/2026\/03\/Glass-options-factory-sale.png 736w\" sizes=\"auto, (max-width: 478px) 100vw, 478px\" \/><\/p>\n<ul>\n<li>Siseviimistluse seinad:<br \/>\nKuusk kitsas +0 \u20ac<br \/>\nKuusk lai +0 \u20ac<br \/>\nHaab kitsas +702.00 \u20ac<br \/>\nHaab lai +702.00 \u20ac<br \/>\nMust lepp kitsas +702.00 \u20ac<br \/>\nMust lepp lai +702.00 \u20ac<br \/>\nTermom\u00e4nd kitsas +234.00 \u20ac<br \/>\nTermom\u00e4nd lai +234.00 \u20ac<br \/>\nPremium termohaab kitsas +789.75 \u20ac<br \/>\nPremium termohaab lai +789.75 \u20ac<\/li>\n<li>Premium-sein seljatoe taga:<br \/>\nSquare Black +538.20 \u20ac<br \/>\nRoyal Black +538.20 \u20ac<br \/>\nRoyal Thermo Black +538.20 \u20ac<br \/>\nHexa S Thermo +538.20 \u20ac<br \/>\nRhombus 3D Light +666.90 \u20ac<\/li>\n<\/ul>\n<p><img loading=\"lazy\" decoding=\"async\" class=\"alignnone wp-image-145604\" src=\"https:\/\/factory.sale\/wp-content\/uploads\/2026\/03\/Premium-Wall-behind-the-Backrest-factory-sale-300x57.png\" alt=\"\" width=\"484\" height=\"92\" srcset=\"https:\/\/factory.sale\/wp-content\/uploads\/2026\/03\/Premium-Wall-behind-the-Backrest-factory-sale-300x57.png 300w, https:\/\/factory.sale\/wp-content\/uploads\/2026\/03\/Premium-Wall-behind-the-Backrest-factory-sale-150x29.png 150w, https:\/\/factory.sale\/wp-content\/uploads\/2026\/03\/Premium-Wall-behind-the-Backrest-factory-sale-768x147.png 768w, https:\/\/factory.sale\/wp-content\/uploads\/2026\/03\/Premium-Wall-behind-the-Backrest-factory-sale-600x115.png 600w, https:\/\/factory.sale\/wp-content\/uploads\/2026\/03\/Premium-Wall-behind-the-Backrest-factory-sale.png 1024w\" sizes=\"auto, (max-width: 484px) 100vw, 484px\" \/><\/p>\n<ul>\n<li>Lavade ja seljatoe puidut\u00fc\u00fcp:<br \/>\nHaab +0 \u20ac<br \/>\nMust lepp +0 \u20ac<br \/>\nP\u00e4rn +0 \u20ac<br \/>\nTermom\u00e4nd +0 \u20ac<br \/>\nPremium termohaab +292.50 \u20ac<\/li>\n<li>Seljatoe t\u00fc\u00fcp:<br \/>\nStandard +0 \u20ac<br \/>\nFire Effect +210.60 \u20ac<\/li>\n<li>Seljatoe graveering:<br \/>\nKohandatud tekst +29.25 \u20ac<\/li>\n<li>Elektrikerised:<br \/>\nHarvia The Wall E 6 kW +421.20 \u20ac<br \/>\nHarvia Spirit 6 kW (Wi-Fi sisaldub hinnas) +889.20 \u20ac<br \/>\nHuum Drop 6 kW (Wi-Fi saadaval lisatasu eest) +631.80 \u20ac<\/li>\n<li>Turvapiire kerise \u00fcmber:<br \/>\nHarvia The Wall E 6 kW +58.50 \u20ac<br \/>\nHarvia Spirit 6 kW +234.00 \u20ac<br \/>\nHuum Drop 6 kW +175.50 \u20ac<\/li>\n<li>V\u00e4lisvalgustus:<br \/>\nOutdoor LED +292.50 \u20ac<br \/>\nOutdoor RGB LED +351.00 \u20ac<br \/>\nSisevalgustus (seljatugede all):<br \/>\nStandard LED +175.50 \u20ac<br \/>\nRGB LED +292.50 \u20ac<br \/>\nTherapy Pulse LED +327.60 \u20ac<\/li>\n<li>Sisevalgustus (lavade all):<br \/>\nStandard LED +175.50 \u20ac<br \/>\nRGB LED +292.50 \u20ac<br \/>\nTherapy Pulse LED +327.60 \u20ac<\/li>\n<li>Sisevalgustus (seljatugede ja lavade all):<br \/>\nStandard LED +292.50 \u20ac<br \/>\nRGB LED +409.50 \u20ac<br \/>\nTherapy Pulse LED +444.60 \u20ac<\/li>\n<li>Sauna helis\u00fcsteem:<br \/>\nStandard, valge +526.50 \u20ac<br \/>\nModerne, valge +889.20 \u20ac<\/li>\n<\/ul>\n<p>&nbsp;<\/p>\n<p><strong>Toote baashind \u2013 lahti v\u00f5etud saun:<\/strong><\/p>\n<ul>\n<li>Kuusk 5265.00\u20ac<\/li>\n<li>Shou Sugi Ban (p\u00f5letatud kuusk) 5557.50\u20ac<\/li>\n<li>Termom\u00e4nd 5616.00\u20ac<\/li>\n<\/ul>\n<p>&nbsp;<\/p>\n<p><strong>Toote baashind \u2013 kokku pandud saun:<\/strong><\/p>\n<ul>\n<li>Kuusk 5967.00\u20ac<\/li>\n<li>Shou Sugi Ban (p\u00f5letatud kuusk) 6259.50\u20ac<\/li>\n<li>Termom\u00e4nd 6318.00\u20ac<\/li>\n<\/ul>\n","protected":false},"excerpt":{"rendered":"<p>Jonas Mini on kompaktne ja moderne v\u00e4lisaun. See on valmistatud naturaalsest puidust ning viimistletud elegantse ilmastikukindla pinnaga, mis toob l\u00e4bim\u00f5eldud heaolutunde ka k\u00f5ige v\u00e4iksematesse ruumidesse.<\/p>\n","protected":false},"featured_media":145577,"comment_status":"open","ping_status":"closed","template":"","meta":{"_acf_changed":false},"factory":[5046],"free-shipment":[],"product_brand":[],"product_cat":[826,2257],"product_tag":[1908,811,831],"class_list":{"0":"post-145607","1":"product","2":"type-product","3":"status-publish","4":"has-post-thumbnail","6":"factory-celsium","7":"product_cat-saunas-et","8":"product_cat-valisaun","9":"product_tag-outdoor-sauna-et","10":"product_tag-sauna-et","11":"product_tag-sauna-house-et","13":"first","14":"instock","15":"sale","16":"taxable","17":"shipping-taxable","18":"purchasable","19":"product-type-variable"},"acf":[],"_links":{"self":[{"href":"https:\/\/factory.sale\/et\/wp-json\/wp\/v2\/product\/145607","targetHints":{"allow":["GET"]}}],"collection":[{"href":"https:\/\/factory.sale\/et\/wp-json\/wp\/v2\/product"}],"about":[{"href":"https:\/\/factory.sale\/et\/wp-json\/wp\/v2\/types\/product"}],"replies":[{"embeddable":true,"href":"https:\/\/factory.sale\/et\/wp-json\/wp\/v2\/comments?post=145607"}],"wp:featuredmedia":[{"embeddable":true,"href":"https:\/\/factory.sale\/et\/wp-json\/wp\/v2\/media\/145577"}],"wp:attachment":[{"href":"https:\/\/factory.sale\/et\/wp-json\/wp\/v2\/media?parent=145607"}],"wp:term":[{"taxonomy":"factory","embeddable":true,"href":"https:\/\/factory.sale\/et\/wp-json\/wp\/v2\/factory?post=145607"},{"taxonomy":"free-shipment","embeddable":true,"href":"https:\/\/factory.sale\/et\/wp-json\/wp\/v2\/free-shipment?post=145607"},{"taxonomy":"product_brand","embeddable":true,"href":"https:\/\/factory.sale\/et\/wp-json\/wp\/v2\/product_brand?post=145607"},{"taxonomy":"product_cat","embeddable":true,"href":"https:\/\/factory.sale\/et\/wp-json\/wp\/v2\/product_cat?post=145607"},{"taxonomy":"product_tag","embeddable":true,"href":"https:\/\/factory.sale\/et\/wp-json\/wp\/v2\/product_tag?post=145607"}],"curies":[{"name":"wp","href":"https:\/\/api.w.org\/{rel}","templated":true}]}}