{"id":145471,"date":"2026-03-23T16:52:58","date_gmt":"2026-03-23T13:52:59","guid":{"rendered":"https:\/\/factory.sale\/?post_type=product&#038;p=145471"},"modified":"2026-03-23T17:23:29","modified_gmt":"2026-03-23T14:23:29","slug":"icon-160-saun-termopuidust-klaasist-esiseinaga","status":"publish","type":"product","link":"https:\/\/factory.sale\/et\/toode\/icon-160-saun-termopuidust-klaasist-esiseinaga\/","title":{"rendered":"ICON 160 saun termopuidust, klaasist esiseinaga"},"content":{"rendered":"<p>V\u00e4lisaun ICON 160 on loodud neile, kes hindavad lihtsust ja stiili, pakkudes kompaktset saunaelamust otse koduhoovis. Saun, mis k\u00f6idab t\u00e4helepanu oma minimalistliku ja elegantse v\u00e4limusega, kuid pakkudes \u00fchtlasi tipptasemel saunaelamust.<\/p>\n<p><strong>Tehnilised andmed:<\/strong><\/p>\n<ul>\n<li>Kogupikkus: 1600 mm<\/li>\n<li>Koguk\u00f5rgus: 2100 mm<\/li>\n<li>Kogulaius: 2050 mm<\/li>\n<li>K\u00fclgseinad: 42mm<\/li>\n<li>Otsaseinad: 28mm<\/li>\n<li>Esisein: 8 mm karastatud klaas (pronksi tooni)<\/li>\n<li>Materjal: termopuit, m\u00e4nd<\/li>\n<li>Saunapingid: termopuit, haab<\/li>\n<li>Saunalava s\u00fcgavus: 520 mm<\/li>\n<li>Klaasuks: 1690 x 590 mm, karastatud klaas 8 mm (pronksi tooni)<\/li>\n<li>Katusev\u00e4rvid: pruun, roheline, must, punane<\/li>\n<li>Mahutavus: 3 inimest<\/li>\n<\/ul>\n<p>DISAIN<\/p>\n<p>Kuubikujuline disain sobib h\u00e4sti ka t\u00e4nap\u00e4eva modernsetesse aedadesse. See uus disain pakub paremat saunaelamust, kuna selja taga on rohkem ruumi kui tavalisel t\u00fcnnsaunal. K\u00f5rgemad kahetasandilised pingid v\u00f5imaldavad k\u00f5rgemat istumiskohta, mist\u00f5ttu on soojuse jaotus sauna kasutajale rohkem kontsentreeritud.<\/p>\n<p>KOMPAKTNE JA LIHTNE<\/p>\n<p>Icon 160 on loodud nii, et seda saab paigutada ka v\u00e4ikesesse aeda ega vaja kulukat ettevalmistust\u00f6\u00f6d. Selle mudeli kokkupanek on lihtne ja j\u00f5ukohane igale perele. Kuigi tegemist on kompaktse mudeliga, mahutab see siiski 3 inimest, kes saavad samaaegselt sauna nautida.<\/p>\n<p>PAINDLIKKUS JA OHUTUS<\/p>\n<p>T\u00e4nu Icon-sauna suurep\u00e4rasele kujule saab seda kasutada nii elektri- kui ka puuk\u00fcttega keristega. Kerised saab alati paigutada sauna tagumisse otsa, mis t\u00e4hendab, et kasutajal on alati turvaline saunast v\u00e4ljuda.<\/p>\n<p>TERMOT\u00d6\u00d6DELDUD PUIDU OMADUSED JA TOOTMINE<\/p>\n<p>Termot\u00f6\u00f6tluse k\u00e4igus kuumutatakse puitu temperatuuridel 180\u2013230 \u00b0C hapnikuvabas keskkonnas. Selle tulemusena v\u00e4heneb oluliselt puidu veemahutavus ning puitu lagundavad seened ja bakterid kaotavad oma toiduallika. See suurendab puidu vastupidavust. K\u00f5ik t\u00fcnnsauna puidust osad (v.a ukseraamid, aknaraamid, katusepaneelid ja vundamenditalad) on valmistatud p\u00f5hjamaade termot\u00f6\u00f6deldud puidust.<\/p>\n<ul>\n<li>eriti pikk kasutusiga<\/li>\n<li>vastupidav m\u00e4danemisele<\/li>\n<li>v\u00e4hene paisumis- ja kokkut\u00f5mbumisoht<\/li>\n<li>v\u00e4hene l\u00f5henemine ja pragude tekkimine<\/li>\n<li>puit j\u00e4\u00e4b m\u00f5\u00f5tmetelt stabiilseks<\/li>\n<li>parandatud kandev\u00f5ime<\/li>\n<\/ul>\n<p data-start=\"2246\" data-end=\"2267\"><strong data-start=\"2246\" data-end=\"2267\">Komplekti kuulub:<\/strong><\/p>\n<ul data-start=\"2269\" data-end=\"2621\">\n<li data-start=\"2269\" data-end=\"2283\">Alusraamid<\/li>\n<li data-start=\"2284\" data-end=\"2307\">K\u00fclg- ja tagaseinad<\/li>\n<li data-start=\"2284\" data-end=\"2307\">Karastatud klaasist uks k\u00e4epideme ja hingedega<\/li>\n<li data-start=\"2284\" data-end=\"2307\">Karastatud klaasist esisein<\/li>\n<li data-start=\"2308\" data-end=\"2334\">Saunapingid<\/li>\n<li data-start=\"2335\" data-end=\"2375\">Katusekattematerjal (bituumensindel)<\/li>\n<li data-start=\"2376\" data-end=\"2397\">Viimistlusliistud<\/li>\n<li data-start=\"2398\" data-end=\"2408\">P\u00f5rand<\/li>\n<li data-start=\"2455\" data-end=\"2476\">Kerisekaitsepiire<\/li>\n<li data-start=\"2477\" data-end=\"2517\">Roostevabast terasest pingutusvitsad<\/li>\n<li data-start=\"2518\" data-end=\"2567\">Montaa\u017eikomplekt (kruvid ja kinnitusvahendid)<\/li>\n<li data-start=\"2568\" data-end=\"2592\">Ventilatsioonirestid<\/li>\n<li data-start=\"2593\" data-end=\"2621\">Detailne paigaldusjuhend<\/li>\n<\/ul>\n<p data-start=\"2623\" data-end=\"2675\">Pakend: 1 kaubaalus, m\u00f5\u00f5tudega ca 200 x 120 x 120 cm, kaal ca 750kg<\/p>\n<p>NB! K\u00fcttekeha ei kuulu komplekti! <a href=\"https:\/\/factory.sale\/et\/toode\/harvia-m3-puukeris\/\" target=\"_blank\" rel=\"noopener\">Sobiva puuk\u00fcttega kerise leiad siit<\/a><\/p>\n<p><strong>Valikulised lisad (lisatasu eest):<\/strong><\/p>\n<ul>\n<li>Poolpanoraam aken tagaseinas (saadaval pronksi v\u00f5i peegli viimistlusega)<\/li>\n<li>T\u00e4isklaasist tagasein (saadaval pronksi v\u00f5i peegli viimistlusega)<\/li>\n<li>Klaasist esisein (klaasuksega) (saadaval pronksi v\u00f5i peegli viimistlusega)<\/li>\n<li>LED-valgustusribad<\/li>\n<li>2 avatavat akent<\/li>\n<li>2 mitte avanevat akent<\/li>\n<li>Seljatoekomplekt (2tk)<\/li>\n<li>Kaelatoekomplekt (2 tk)<\/li>\n<li>Saunatarvikute komplekt (kibu, kulp\u00a0 ja termomeeter)<\/li>\n<li>Veepaak korstnale<\/li>\n<li>Korstnakomplekt + kerisekivid<\/li>\n<li>Puuk\u00fcttega keris <a href=\"https:\/\/factory.sale\/et\/toode\/harvia-m3-puukeris\/\" target=\"_blank\" rel=\"noopener\">Harvia M3<\/a><\/li>\n<li>Puuk\u00fcttega keris\u00a0<a href=\"https:\/\/factory.sale\/et\/toode\/puukuttega-keris-huum-hive-wood-13-kw\/\" target=\"_blank\" rel=\"noopener\">HUUM HIVE Wood 13 kW<\/a><\/li>\n<li>Puuk\u00fcttega keris <a href=\"https:\/\/factory.sale\/et\/toode\/huum-hive-flow-puukuttega-keris-98kw-2\/\" target=\"_blank\" rel=\"noopener\">HUUM HIVE Flow 9.8 kW<\/a><\/li>\n<li>Elektrikeris <a href=\"https:\/\/factory.sale\/et\/toode\/elektrikeris-huum-hive-12kw\/\" target=\"_blank\" rel=\"noopener\">HUUM HIVE 12 kW<\/a><\/li>\n<li>Elektrikeris <a href=\"https:\/\/factory.sale\/et\/toode\/elektriline-keris-harvia-cilindro-pc90\/\" target=\"_blank\" rel=\"noopener\">Harvia PC90<\/a><\/li>\n<li>Elektrikeris <a href=\"https:\/\/factory.sale\/et\/toode\/elektrikeris-huum-hive-mini-9kw\/\" target=\"_blank\" rel=\"noopener\">HUUM HIVE Mini 9 kW<\/a><\/li>\n<li>Elektrikeris <a href=\"https:\/\/factory.sale\/et\/toode\/elektrikeris-huum-drop-9-kw\/\" target=\"_blank\" rel=\"noopener\">HUUM DROP 9 kW<\/a><\/li>\n<\/ul>\n<p>ICON v\u00e4lisaun sobib ideaalselt koduaeda, terrassile v\u00f5i puhkekeskusesse, kus maksimaalne ruumikasutus ja silmapaistev disain on sama olulised kui kvaliteetne l\u00f5\u00f5gastus.<\/p>\n","protected":false},"excerpt":{"rendered":"<p>Kui saun ei ole lihtsalt saun, vaid disainielement. See avar kuubiksaun pakub saunakogemust, mis \u00fchendab endas modernse disaini ja praktilisuse.<\/p>\n","protected":false},"featured_media":145501,"comment_status":"open","ping_status":"closed","template":"","meta":{"_acf_changed":false},"factory":[4996],"free-shipment":[],"product_brand":[5008],"product_cat":[826,1643,784],"product_tag":[4444],"class_list":{"0":"post-145471","1":"product","2":"type-product","3":"status-publish","4":"has-post-thumbnail","6":"factory-inmedias-res-icon-and-standard","7":"product_brand-inmedias-res","8":"product_cat-saunas-et","9":"product_cat-tunnisaun","10":"product_cat-sanitaartehnika","11":"product_tag-garden-sauna-et","13":"first","14":"instock","15":"sale","16":"taxable","17":"shipping-taxable","18":"purchasable","19":"product-type-simple"},"acf":[],"_links":{"self":[{"href":"https:\/\/factory.sale\/et\/wp-json\/wp\/v2\/product\/145471","targetHints":{"allow":["GET"]}}],"collection":[{"href":"https:\/\/factory.sale\/et\/wp-json\/wp\/v2\/product"}],"about":[{"href":"https:\/\/factory.sale\/et\/wp-json\/wp\/v2\/types\/product"}],"replies":[{"embeddable":true,"href":"https:\/\/factory.sale\/et\/wp-json\/wp\/v2\/comments?post=145471"}],"wp:featuredmedia":[{"embeddable":true,"href":"https:\/\/factory.sale\/et\/wp-json\/wp\/v2\/media\/145501"}],"wp:attachment":[{"href":"https:\/\/factory.sale\/et\/wp-json\/wp\/v2\/media?parent=145471"}],"wp:term":[{"taxonomy":"factory","embeddable":true,"href":"https:\/\/factory.sale\/et\/wp-json\/wp\/v2\/factory?post=145471"},{"taxonomy":"free-shipment","embeddable":true,"href":"https:\/\/factory.sale\/et\/wp-json\/wp\/v2\/free-shipment?post=145471"},{"taxonomy":"product_brand","embeddable":true,"href":"https:\/\/factory.sale\/et\/wp-json\/wp\/v2\/product_brand?post=145471"},{"taxonomy":"product_cat","embeddable":true,"href":"https:\/\/factory.sale\/et\/wp-json\/wp\/v2\/product_cat?post=145471"},{"taxonomy":"product_tag","embeddable":true,"href":"https:\/\/factory.sale\/et\/wp-json\/wp\/v2\/product_tag?post=145471"}],"curies":[{"name":"wp","href":"https:\/\/api.w.org\/{rel}","templated":true}]}}