{"id":145464,"date":"2026-03-23T14:19:21","date_gmt":"2026-03-23T11:43:35","guid":{"rendered":"https:\/\/factory.sale\/?post_type=product&#038;p=145464"},"modified":"2026-03-23T14:43:35","modified_gmt":"2026-03-23T11:43:35","slug":"marmorkivid-kulgpostiga-paikesevarjule","status":"publish","type":"product","link":"https:\/\/factory.sale\/et\/toode\/marmorkivid-kulgpostiga-paikesevarjule\/","title":{"rendered":"Marmorkivid K\u00fclgpostiga P\u00e4ikesevarjule"},"content":{"rendered":"<p>Marmorkivid, mis on m\u00f5eldud k\u00fclgpostiga p\u00e4ikesevarjule.<\/p>\n<p>30kg\/tk<\/p>\n<p>Komplektis on 4 tk<\/p>\n<p>\u00dcmarad nurgad<\/p>\n<p>&nbsp;<\/p>\n","protected":false},"excerpt":{"rendered":"<p>30kg\/tk<\/p>\n<p>Komplektis on 4 tk<\/p>\n<p>\u00dcmarad nurgad<\/p>\n","protected":false},"featured_media":140398,"comment_status":"open","ping_status":"closed","template":"","meta":{"_acf_changed":false},"factory":[],"free-shipment":[],"product_brand":[5022],"product_cat":[924,2241],"product_tag":[],"class_list":{"0":"post-145464","1":"product","2":"type-product","3":"status-publish","4":"has-post-thumbnail","6":"product_brand-funrent","7":"product_cat-aiatooted","8":"product_cat-aiamoobel","10":"first","11":"instock","12":"sale","13":"taxable","14":"shipping-taxable","15":"purchasable","16":"product-type-simple"},"acf":[],"_links":{"self":[{"href":"https:\/\/factory.sale\/et\/wp-json\/wp\/v2\/product\/145464","targetHints":{"allow":["GET"]}}],"collection":[{"href":"https:\/\/factory.sale\/et\/wp-json\/wp\/v2\/product"}],"about":[{"href":"https:\/\/factory.sale\/et\/wp-json\/wp\/v2\/types\/product"}],"replies":[{"embeddable":true,"href":"https:\/\/factory.sale\/et\/wp-json\/wp\/v2\/comments?post=145464"}],"wp:featuredmedia":[{"embeddable":true,"href":"https:\/\/factory.sale\/et\/wp-json\/wp\/v2\/media\/140398"}],"wp:attachment":[{"href":"https:\/\/factory.sale\/et\/wp-json\/wp\/v2\/media?parent=145464"}],"wp:term":[{"taxonomy":"factory","embeddable":true,"href":"https:\/\/factory.sale\/et\/wp-json\/wp\/v2\/factory?post=145464"},{"taxonomy":"free-shipment","embeddable":true,"href":"https:\/\/factory.sale\/et\/wp-json\/wp\/v2\/free-shipment?post=145464"},{"taxonomy":"product_brand","embeddable":true,"href":"https:\/\/factory.sale\/et\/wp-json\/wp\/v2\/product_brand?post=145464"},{"taxonomy":"product_cat","embeddable":true,"href":"https:\/\/factory.sale\/et\/wp-json\/wp\/v2\/product_cat?post=145464"},{"taxonomy":"product_tag","embeddable":true,"href":"https:\/\/factory.sale\/et\/wp-json\/wp\/v2\/product_tag?post=145464"}],"curies":[{"name":"wp","href":"https:\/\/api.w.org\/{rel}","templated":true}]}}