{"id":145387,"date":"2026-03-23T02:16:59","date_gmt":"2026-03-22T23:33:16","guid":{"rendered":"https:\/\/factory.sale\/?post_type=product&#038;p=145387"},"modified":"2026-04-12T22:39:55","modified_gmt":"2026-04-12T19:39:55","slug":"herkus-classic-valisaun-6-le-inimesele","status":"publish","type":"product","link":"https:\/\/factory.sale\/et\/toode\/herkus-classic-valisaun-6-le-inimesele\/","title":{"rendered":"Herkus Classic v\u00e4lisaun 6-le inimesele"},"content":{"rendered":"<p>Classic-mudelil on kompaktne, \u00fcmardatud kolmnurkne disain, mis \u00fchendab sujuvalt modernse stiili ja klassikalise esteetika. Selle puhtad jooned ja minimalistlik vorm loovad silmapaistva, kuid funktsionaalse lahenduse, mis sobib ideaalselt neile, kes otsivad stiilset ja funktsionaalset sauna ilma t\u00e4iendavate v\u00e4liste elementideta.<\/p>\n<p>&nbsp;<\/p>\n<ul>\n<li>Eristuv pisarakujuline konstruktsioon 6 inimesele<\/li>\n<li>Kumerad seinad parema sisemise soojusringluse tagamiseks<\/li>\n<li>M\u00f5\u00f5dud: 2,28 \u00d7 2,37 m<\/li>\n<li>K\u00f5rgus: 2,43 m<\/li>\n<li>Seinapaksus 44 mm (termopuit 42 mm)<\/li>\n<li>Looduslikust puidust sise- ja v\u00e4lisviimistlus<\/li>\n<li>Modernne siluett ning ruumis\u00e4\u00e4stlik lahendus<\/li>\n<\/ul>\n<p>&nbsp;<\/p>\n<p>* Iga toode on valmistatud naturaalsest puidust, seega v\u00f5ivad selle l\u00f5plik toon ja puidus\u00fc\u00fc veidi erineda n\u00e4idatud n\u00e4idetest.<\/p>\n<p>&nbsp;<\/p>\n<p>&nbsp;<\/p>\n<p><strong>Baaskomplekt sisaldab:<\/strong><\/p>\n<ul>\n<li>V\u00e4lisseinad<\/li>\n<li>Kuusk<br \/>\nV\u00e4lisv\u00e4rvid: bee\u017e, hall, eebenipuu, tiikpuu, p\u00e4hkel<\/li>\n<\/ul>\n<p><img loading=\"lazy\" decoding=\"async\" class=\"alignnone wp-image-140959\" src=\"https:\/\/factory.sale\/wp-content\/uploads\/2026\/03\/Spruce-colours-300x53.png\" alt=\"\" width=\"379\" height=\"67\" srcset=\"https:\/\/factory.sale\/wp-content\/uploads\/2026\/03\/Spruce-colours-300x53.png 300w, https:\/\/factory.sale\/wp-content\/uploads\/2026\/03\/Spruce-colours-150x26.png 150w, https:\/\/factory.sale\/wp-content\/uploads\/2026\/03\/Spruce-colours.png 342w\" sizes=\"auto, (max-width: 379px) 100vw, 379px\" \/><\/p>\n<ul>\n<li>Lavad: haab, must lepp, p\u00e4rn, termom\u00e4nd<\/li>\n<\/ul>\n<p><img loading=\"lazy\" decoding=\"async\" class=\"alignnone wp-image-141004\" src=\"https:\/\/factory.sale\/wp-content\/uploads\/2026\/03\/Benches-wood-type-factory-sale-300x66.png\" alt=\"\" width=\"400\" height=\"88\" srcset=\"https:\/\/factory.sale\/wp-content\/uploads\/2026\/03\/Benches-wood-type-factory-sale-300x66.png 300w, https:\/\/factory.sale\/wp-content\/uploads\/2026\/03\/Benches-wood-type-factory-sale-150x33.png 150w, https:\/\/factory.sale\/wp-content\/uploads\/2026\/03\/Benches-wood-type-factory-sale-768x170.png 768w, https:\/\/factory.sale\/wp-content\/uploads\/2026\/03\/Benches-wood-type-factory-sale-600x133.png 600w, https:\/\/factory.sale\/wp-content\/uploads\/2026\/03\/Benches-wood-type-factory-sale.png 868w\" sizes=\"auto, (max-width: 400px) 100vw, 400px\" \/><\/p>\n<ul>\n<li>Esisein<\/li>\n<li>Puidust esisein klaasuksega<\/li>\n<li>Katus: mustad bituumensindlid, must t\u00f5rvakate<\/li>\n<li>Klaasivalik: l\u00e4bipaistev<\/li>\n<li>Katuse pikendus: standard, pikendatud<\/li>\n<\/ul>\n<p><img loading=\"lazy\" decoding=\"async\" class=\"alignnone wp-image-140998\" src=\"https:\/\/factory.sale\/wp-content\/uploads\/2026\/03\/Roof-extension-standard-factory-sale-1.png\" alt=\"\" width=\"189\" height=\"198\" srcset=\"https:\/\/factory.sale\/wp-content\/uploads\/2026\/03\/Roof-extension-standard-factory-sale-1.png 266w, https:\/\/factory.sale\/wp-content\/uploads\/2026\/03\/Roof-extension-standard-factory-sale-1-144x150.png 144w\" sizes=\"auto, (max-width: 189px) 100vw, 189px\" \/> <img loading=\"lazy\" decoding=\"async\" class=\"alignnone wp-image-141001\" src=\"https:\/\/factory.sale\/wp-content\/uploads\/2026\/03\/Roof-extension-standard-factory-sale-2-274x300.png\" alt=\"\" width=\"193\" height=\"212\" srcset=\"https:\/\/factory.sale\/wp-content\/uploads\/2026\/03\/Roof-extension-standard-factory-sale-2-274x300.png 274w, https:\/\/factory.sale\/wp-content\/uploads\/2026\/03\/Roof-extension-standard-factory-sale-2-137x150.png 137w, https:\/\/factory.sale\/wp-content\/uploads\/2026\/03\/Roof-extension-standard-factory-sale-2.png 278w\" sizes=\"auto, (max-width: 193px) 100vw, 193px\" \/><\/p>\n<p>&nbsp;<\/p>\n<p>&nbsp;<\/p>\n<p><strong>LISAV\u00d5IMALUSED:<\/strong><\/p>\n<ul>\n<li>V\u00e4lisseinad:<br \/>\nKuusk (hinna sees)<br \/>\nShou Sugi Ban \/ p\u00f5letatud kuusk \u2013 flat pack hind 4299,75 \u20ac<br \/>\nTermom\u00e4nd \u2013 flat pack hind 3775 \u20ac<\/li>\n<\/ul>\n<p><img loading=\"lazy\" decoding=\"async\" class=\"alignnone wp-image-140988\" src=\"https:\/\/factory.sale\/wp-content\/uploads\/2026\/03\/Wood-colour-ula-factory-sale-300x89.png\" alt=\"\" width=\"364\" height=\"108\" srcset=\"https:\/\/factory.sale\/wp-content\/uploads\/2026\/03\/Wood-colour-ula-factory-sale-300x89.png 300w, https:\/\/factory.sale\/wp-content\/uploads\/2026\/03\/Wood-colour-ula-factory-sale-150x44.png 150w, https:\/\/factory.sale\/wp-content\/uploads\/2026\/03\/Wood-colour-ula-factory-sale-600x177.png 600w, https:\/\/factory.sale\/wp-content\/uploads\/2026\/03\/Wood-colour-ula-factory-sale.png 664w\" sizes=\"auto, (max-width: 364px) 100vw, 364px\" \/><\/p>\n<ul>\n<li>Lavad:<br \/>\nPremium termohaab +234 \u20ac<\/li>\n<\/ul>\n<p><img loading=\"lazy\" decoding=\"async\" class=\"alignnone wp-image-141007\" src=\"https:\/\/factory.sale\/wp-content\/uploads\/2026\/03\/Premium-thermo-aspen-factory-sale.png\" alt=\"\" width=\"109\" height=\"106\" srcset=\"https:\/\/factory.sale\/wp-content\/uploads\/2026\/03\/Premium-thermo-aspen-factory-sale.png 186w, https:\/\/factory.sale\/wp-content\/uploads\/2026\/03\/Premium-thermo-aspen-factory-sale-150x147.png 150w\" sizes=\"auto, (max-width: 109px) 100vw, 109px\" \/><\/p>\n<ul>\n<li>Klaasit\u00fc\u00fcp:<br \/>\nAinult klaasuks \/ l\u00e4bipaistev +0<br \/>\nToonitud pronks +29.25 \u20ac<br \/>\nMust Planibel +58.50\u20ac<br \/>\nT\u00e4ispeegel +81.90 \u20ac<\/li>\n<\/ul>\n<p><img loading=\"lazy\" decoding=\"async\" class=\"alignnone wp-image-140991\" src=\"https:\/\/factory.sale\/wp-content\/uploads\/2026\/03\/Glass-options-factory-sale-300x64.png\" alt=\"\" width=\"478\" height=\"102\" srcset=\"https:\/\/factory.sale\/wp-content\/uploads\/2026\/03\/Glass-options-factory-sale-300x64.png 300w, https:\/\/factory.sale\/wp-content\/uploads\/2026\/03\/Glass-options-factory-sale-150x32.png 150w, https:\/\/factory.sale\/wp-content\/uploads\/2026\/03\/Glass-options-factory-sale-600x127.png 600w, https:\/\/factory.sale\/wp-content\/uploads\/2026\/03\/Glass-options-factory-sale.png 736w\" sizes=\"auto, (max-width: 478px) 100vw, 478px\" \/><\/p>\n<ul>\n<li>Lavade ja seljatugede puidut\u00fc\u00fcp:<br \/>\nTermom\u00e4nd +175.50 \u20ac<br \/>\nPremium termohaab +234.00 \u20ac<\/li>\n<li>Seljatoe t\u00fc\u00fcp:<br \/>\nStandard +0 \u20ac<br \/>\nFire Effect +280.80 \u20ac<\/li>\n<li>Seljatoe graveering:<br \/>\nKohandatud tsitaat +29.25 \u20ac<\/li>\n<li>Elektrikerised:<br \/>\nHarvia Trendi 8 kW (manuaalne) +315.90 \u20ac<br \/>\nHuum Drop 9 kW +725.40 \u20ac<br \/>\nHarvia Spirit XW 9 kW Wi-Fi-ga +994.50 \u20ac<br \/>\nHarvia Cilindro 10.8 kW Steel +1006.20 \u20ac<br \/>\nHarvia Legend 10.8 kW Black LCD Wi-Fi-ga +1287.00 \u20ac<br \/>\nHuum Hive mini 10.5 kW +1380.60 \u20ac<\/li>\n<li>Turvapiire kerise \u00fcmber:<br \/>\nHarvia Trendi 8 kW (manuaalne) +70.20 \u20ac<br \/>\nHuum Drop 9 kW +210.60 \u20ac<br \/>\nHarvia Spirit XW 9 kW Wi-Fi-ga +234.00 \u20ac<br \/>\nHarvia Cilindro 10.8 kW Steel +351.00 \u20ac<br \/>\nHarvia Legend 10.8 kW Black LCD Wi-Fi-ga +409.50 \u20ac<br \/>\nHuum Hive mini 10.5 kW +234.00 \u20ac<\/li>\n<li>Puuk\u00fcttega keris (sisemise laadimisega):<br \/>\nHarvia M3 16.5 kW +491.40 \u20ac<br \/>\nHarvia Pro 20 24 kW +865.80 \u20ac<br \/>\nHarvia Legend 150 16 kW +924.30 \u20ac<br \/>\nHuum HIVE Wood 13 +1228.50 \u20ac<br \/>\nHuum Flow mini 8.5 kW +1696.50 \u20ac<\/li>\n<li>Puuk\u00fcttega keris (v\u00e4lise laadimisega):<br \/>\nHarvia M3 16.5 kW (v\u00e4lise laadimisega) +737.10 \u20ac<br \/>\nHarvia Pro 20 24 kW (v\u00e4lise laadimisega) +1049.49 \u20ac<br \/>\nHarvia Legend 150 16 kW (v\u00e4lise laadimisega) +1184.04 \u20ac<br \/>\nHuum Flow mini 8.5 kW (v\u00e4lise laadimisega) +1989.00 \u20ac<\/li>\n<li>Korsten puuk\u00fcttega kerisele:<br \/>\nHarvia korsten (roostevaba teras) +458.64 \u20ac<br \/>\nHarvia korsten (must viimistlus) +614.25 \u20ac<br \/>\nP\u00f5hikorsten +335.79 \u20ac<\/li>\n<li>V\u00e4lisvalgustus:<br \/>\nOutdoor LED +292.50 \u20ac<br \/>\nOutdoor RGB LED +351.00 \u20ac<\/li>\n<li>Sisevalgustus (seljatugede all):<br \/>\nStandard LED +175.50 \u20ac<br \/>\nRGB LED +292.50 \u20ac<br \/>\nTherapy Pulse LED +327.60 \u20ac<\/li>\n<li>Sisevalgustus (lavade all):<br \/>\nStandard LED +175.50 \u20ac<br \/>\nRGB LED +292.50 \u20ac<br \/>\nTherapy Pulse LED +327.60 \u20ac<\/li>\n<li>Sisevalgustus (seljatugede ja lavade all):<br \/>\nStandard LED +292.50 \u20ac<br \/>\nRGB LED +409.50 \u20ac<br \/>\nTherapy Pulse LED +444.60 \u20ac<\/li>\n<\/ul>\n<p>&nbsp;<\/p>\n<p>&nbsp;<\/p>\n<p><strong>Toote baashind \u2013 lahti v\u00f5etud saun:<\/strong><\/p>\n<ul>\n<li>Kuusk 3246.75\u20ac<\/li>\n<li>Shou Sugi Ban (p\u00f5letatud kuusk) 4299.75\u20ac<\/li>\n<li>Termom\u00e4nd 4416.75\u20ac<\/li>\n<\/ul>\n<p>&nbsp;<\/p>\n<p><strong>Toote baashind \u2013 kokku pandud saun:<\/strong><\/p>\n<ul>\n<li>Kuusk 3773.25\u20ac<\/li>\n<li>Shou Sugi Ban (p\u00f5letatud kuusk) 4826.25\u20ac<\/li>\n<li>Termom\u00e4nd 4943.25\u20ac<\/li>\n<\/ul>\n","protected":false},"excerpt":{"rendered":"<p>Classic-mudelil on kompaktne, \u00fcmardatud kolmnurkne disain, mis \u00fchendab sujuvalt modernse stiili ja klassikalise esteetika. Selle puhtad jooned ja minimalistlik vorm loovad silmapaistva, kuid funktsionaalse lahenduse, mis sobib ideaalselt neile, kes otsivad stiilset ja funktsionaalset sauna ilma t\u00e4iendavate v\u00e4liste elementideta.<\/p>\n","protected":false},"featured_media":145367,"comment_status":"open","ping_status":"closed","template":"","meta":{"_acf_changed":false},"factory":[5046],"free-shipment":[],"product_brand":[],"product_cat":[826,1643],"product_tag":[1648,1908,811],"class_list":{"0":"post-145387","1":"product","2":"type-product","3":"status-publish","4":"has-post-thumbnail","6":"factory-celsium","7":"product_cat-saunas-et","8":"product_cat-tunnisaun","9":"product_tag-barrel-sauna-et","10":"product_tag-outdoor-sauna-et","11":"product_tag-sauna-et","13":"first","14":"instock","15":"sale","16":"taxable","17":"shipping-taxable","18":"purchasable","19":"product-type-simple"},"acf":[],"_links":{"self":[{"href":"https:\/\/factory.sale\/et\/wp-json\/wp\/v2\/product\/145387","targetHints":{"allow":["GET"]}}],"collection":[{"href":"https:\/\/factory.sale\/et\/wp-json\/wp\/v2\/product"}],"about":[{"href":"https:\/\/factory.sale\/et\/wp-json\/wp\/v2\/types\/product"}],"replies":[{"embeddable":true,"href":"https:\/\/factory.sale\/et\/wp-json\/wp\/v2\/comments?post=145387"}],"wp:featuredmedia":[{"embeddable":true,"href":"https:\/\/factory.sale\/et\/wp-json\/wp\/v2\/media\/145367"}],"wp:attachment":[{"href":"https:\/\/factory.sale\/et\/wp-json\/wp\/v2\/media?parent=145387"}],"wp:term":[{"taxonomy":"factory","embeddable":true,"href":"https:\/\/factory.sale\/et\/wp-json\/wp\/v2\/factory?post=145387"},{"taxonomy":"free-shipment","embeddable":true,"href":"https:\/\/factory.sale\/et\/wp-json\/wp\/v2\/free-shipment?post=145387"},{"taxonomy":"product_brand","embeddable":true,"href":"https:\/\/factory.sale\/et\/wp-json\/wp\/v2\/product_brand?post=145387"},{"taxonomy":"product_cat","embeddable":true,"href":"https:\/\/factory.sale\/et\/wp-json\/wp\/v2\/product_cat?post=145387"},{"taxonomy":"product_tag","embeddable":true,"href":"https:\/\/factory.sale\/et\/wp-json\/wp\/v2\/product_tag?post=145387"}],"curies":[{"name":"wp","href":"https:\/\/api.w.org\/{rel}","templated":true}]}}