{"id":145139,"date":"2026-03-18T16:11:26","date_gmt":"2026-03-18T13:37:32","guid":{"rendered":"https:\/\/factory.sale\/?post_type=product&#038;p=145139"},"modified":"2026-03-20T20:32:22","modified_gmt":"2026-03-20T17:32:22","slug":"ula-mini-valisaun","status":"publish","type":"product","link":"https:\/\/factory.sale\/et\/toode\/ula-mini-valisaun\/","title":{"rendered":"Ula Mini v\u00e4lisaun"},"content":{"rendered":"<p>Kaasaegne saun iseloomuliku \u00fcmara disainiga, mis eristub traditsioonilistest vormidest. Selle puhtad jooned ja funktsionaalne planeering muudavad selle ideaalseks valikuks nii linnakeskkonda kui ka loodusl\u00e4hedastesse paikadesse.<\/p>\n<p>Mini on \u00fcks kompaktsemaid valikuid Ula sarjas, loodud v\u00e4iksematesse ruumidesse v\u00f5i hubasemateks koosviibimisteks. Selle nutikas planeering ja pilkup\u00fc\u00fcdev vorm toovad kaasaegse l\u00f5\u00f5gastuse k\u00f5ikjale, kuhu selle paigutate.<\/p>\n<p>&nbsp;<\/p>\n<ul>\n<li>Ruumis\u00e4\u00e4stlik disain 2 inimesele<\/li>\n<li>\u00d5rnalt kaarduv, naturaalse puitviimistlusega<\/li>\n<li>P\u00f5randapind: 1,23 \u00d7 2,054 m<\/li>\n<li>K\u00f5rgus: 2,1 m<\/li>\n<li>Mugav ja kompaktne siselahendus<\/li>\n<li>Sobib terrassidele ja v\u00e4iksematesse v\u00e4lialadesse<\/li>\n<\/ul>\n<p>&nbsp;<\/p>\n<p>&nbsp;<\/p>\n<p><em>* Iga toode on valmistatud naturaalsest puidust, mist\u00f5ttu v\u00f5ivad l\u00f5plik toon ja ilme veidi erineda n\u00e4idistel kujutatust.<\/em><\/p>\n<p>&nbsp;<\/p>\n<p>&nbsp;<\/p>\n<p><strong>Baaskomplekt sisaldab:<\/strong><\/p>\n<ul>\n<li>V\u00e4lisseinad<\/li>\n<li>Kuusk<br \/>\nV\u00e4lisviimistluse v\u00e4rvid: bee\u017e, hall, eebenipuu, tiikpuu, sarapuu<\/li>\n<\/ul>\n<p><img loading=\"lazy\" decoding=\"async\" class=\"alignnone wp-image-140959\" src=\"https:\/\/factory.sale\/wp-content\/uploads\/2026\/03\/Spruce-colours-300x53.png\" alt=\"\" width=\"379\" height=\"67\" srcset=\"https:\/\/factory.sale\/wp-content\/uploads\/2026\/03\/Spruce-colours-300x53.png 300w, https:\/\/factory.sale\/wp-content\/uploads\/2026\/03\/Spruce-colours-150x26.png 150w, https:\/\/factory.sale\/wp-content\/uploads\/2026\/03\/Spruce-colours.png 342w\" sizes=\"auto, (max-width: 379px) 100vw, 379px\" \/><\/p>\n<ul>\n<li>Saunalava: haab, must lepp, p\u00e4rn, termom\u00e4nd<\/li>\n<\/ul>\n<p><img loading=\"lazy\" decoding=\"async\" class=\"alignnone wp-image-141004\" src=\"https:\/\/factory.sale\/wp-content\/uploads\/2026\/03\/Benches-wood-type-factory-sale-300x66.png\" alt=\"\" width=\"400\" height=\"88\" srcset=\"https:\/\/factory.sale\/wp-content\/uploads\/2026\/03\/Benches-wood-type-factory-sale-300x66.png 300w, https:\/\/factory.sale\/wp-content\/uploads\/2026\/03\/Benches-wood-type-factory-sale-150x33.png 150w, https:\/\/factory.sale\/wp-content\/uploads\/2026\/03\/Benches-wood-type-factory-sale-768x170.png 768w, https:\/\/factory.sale\/wp-content\/uploads\/2026\/03\/Benches-wood-type-factory-sale-600x133.png 600w, https:\/\/factory.sale\/wp-content\/uploads\/2026\/03\/Benches-wood-type-factory-sale.png 868w\" sizes=\"auto, (max-width: 400px) 100vw, 400px\" \/><\/p>\n<ul>\n<li>Esisein<\/li>\n<li>Puidust esisein klaasuksega<\/li>\n<li>Katus: presentkate, must bituumen<\/li>\n<li>Klaasivalik: l\u00e4bipaistev<\/li>\n<li>Katusepikendus: standardne, pikendatud<\/li>\n<\/ul>\n<p><img loading=\"lazy\" decoding=\"async\" class=\"alignnone wp-image-140998\" src=\"https:\/\/factory.sale\/wp-content\/uploads\/2026\/03\/Roof-extension-standard-factory-sale-1.png\" alt=\"\" width=\"189\" height=\"198\" srcset=\"https:\/\/factory.sale\/wp-content\/uploads\/2026\/03\/Roof-extension-standard-factory-sale-1.png 266w, https:\/\/factory.sale\/wp-content\/uploads\/2026\/03\/Roof-extension-standard-factory-sale-1-144x150.png 144w\" sizes=\"auto, (max-width: 189px) 100vw, 189px\" \/> <img loading=\"lazy\" decoding=\"async\" class=\"alignnone wp-image-141001\" src=\"https:\/\/factory.sale\/wp-content\/uploads\/2026\/03\/Roof-extension-standard-factory-sale-2-274x300.png\" alt=\"\" width=\"193\" height=\"212\" srcset=\"https:\/\/factory.sale\/wp-content\/uploads\/2026\/03\/Roof-extension-standard-factory-sale-2-274x300.png 274w, https:\/\/factory.sale\/wp-content\/uploads\/2026\/03\/Roof-extension-standard-factory-sale-2-137x150.png 137w, https:\/\/factory.sale\/wp-content\/uploads\/2026\/03\/Roof-extension-standard-factory-sale-2.png 278w\" sizes=\"auto, (max-width: 193px) 100vw, 193px\" \/><\/p>\n<p>&nbsp;<\/p>\n<p>&nbsp;<\/p>\n<p><strong>LISAV\u00d5IMALUSED:<\/strong><\/p>\n<ul>\n<li>V\u00e4lisseinad:<\/li>\n<li>Kuusk (hinna sees)<br \/>\nShou Sugi Ban \/ p\u00f5letatud kuusk \u2013 lamepakendi hind 2 992,86 \u20ac<br \/>\nTermom\u00e4nd \u2013 lamepakendi hind 3 036,15 \u20ac<\/li>\n<\/ul>\n<p><img loading=\"lazy\" decoding=\"async\" class=\"alignnone wp-image-140988\" src=\"https:\/\/factory.sale\/wp-content\/uploads\/2026\/03\/Wood-colour-ula-factory-sale-300x89.png\" alt=\"\" width=\"364\" height=\"108\" srcset=\"https:\/\/factory.sale\/wp-content\/uploads\/2026\/03\/Wood-colour-ula-factory-sale-300x89.png 300w, https:\/\/factory.sale\/wp-content\/uploads\/2026\/03\/Wood-colour-ula-factory-sale-150x44.png 150w, https:\/\/factory.sale\/wp-content\/uploads\/2026\/03\/Wood-colour-ula-factory-sale-600x177.png 600w, https:\/\/factory.sale\/wp-content\/uploads\/2026\/03\/Wood-colour-ula-factory-sale.png 664w\" sizes=\"auto, (max-width: 364px) 100vw, 364px\" \/><\/p>\n<ul>\n<li>Saunalavad: premium termohaab+ 175,50 \u20ac<\/li>\n<\/ul>\n<p><img loading=\"lazy\" decoding=\"async\" class=\"alignnone wp-image-141007\" src=\"https:\/\/factory.sale\/wp-content\/uploads\/2026\/03\/Premium-thermo-aspen-factory-sale.png\" alt=\"\" width=\"126\" height=\"124\" srcset=\"https:\/\/factory.sale\/wp-content\/uploads\/2026\/03\/Premium-thermo-aspen-factory-sale.png 186w, https:\/\/factory.sale\/wp-content\/uploads\/2026\/03\/Premium-thermo-aspen-factory-sale-150x147.png 150w\" sizes=\"auto, (max-width: 126px) 100vw, 126px\" \/><\/p>\n<ul>\n<li>Esisein: t\u00e4isklaas + 333,45 \u20ac<\/li>\n<li>Klaasivalikud:<br \/>\nL\u00e4bipaistev (hinna sees)<br \/>\nToonitud pronks + 29,25 \u20ac<br \/>\nMust Planibel + 58,50 \u20ac<br \/>\nT\u00e4ispeegel + 81,90 \u20ac<\/li>\n<\/ul>\n<p><img loading=\"lazy\" decoding=\"async\" class=\"alignnone wp-image-140991\" src=\"https:\/\/factory.sale\/wp-content\/uploads\/2026\/03\/Glass-options-factory-sale-300x64.png\" alt=\"\" width=\"478\" height=\"102\" srcset=\"https:\/\/factory.sale\/wp-content\/uploads\/2026\/03\/Glass-options-factory-sale-300x64.png 300w, https:\/\/factory.sale\/wp-content\/uploads\/2026\/03\/Glass-options-factory-sale-150x32.png 150w, https:\/\/factory.sale\/wp-content\/uploads\/2026\/03\/Glass-options-factory-sale-600x127.png 600w, https:\/\/factory.sale\/wp-content\/uploads\/2026\/03\/Glass-options-factory-sale.png 736w\" sizes=\"auto, (max-width: 478px) 100vw, 478px\" \/><\/p>\n<p>&nbsp;<\/p>\n<ul>\n<li>Harvia elektrikerised:<br \/>\nHarvia The Wall E 6 kW + 421,20 \u20ac<br \/>\nHarvia Spirit 6 kW (Wi-Fi sisaldub hinnas) + 889,20 \u20ac<br \/>\nHuum Drop 6 kW (Wi-Fi saadaval lisatasu eest) + 631,80 \u20ac<\/li>\n<li>Ohutuspiire kerise \u00fcmber:<br \/>\nHarvia The Wall E 6 kW + 58,50 \u20ac<br \/>\nHarvia Spirit 6 kW + 234,00 \u20ac<br \/>\nHuum Drop 6 kW + 175,50 \u20ac<\/li>\n<li>V\u00e4lisvalgustus:<br \/>\nLED + 292,50 \u20ac<br \/>\nRGB LED + 351,00 \u20ac<br \/>\nSisevalgustus lavade all:<br \/>\nStandard LED + 175,50 \u20ac<br \/>\nRGB LED + 292,50 \u20ac<br \/>\nTherapy Pulse LED + 327,60 \u20ac<\/li>\n<li>Saunakivid:<br \/>\nOliviindiabaasist kivid + 19,89 \u20ac<br \/>\nTalkokloriidist kivid + 21,06 \u20ac<br \/>\n\u00dcmarad kivid + 105,30 \u20ac<br \/>\nJadeiitkivid + 135,72 \u20ac<\/li>\n<\/ul>\n<p>&nbsp;<\/p>\n<p>&nbsp;<\/p>\n<p><strong>Tarne pakendis<\/strong><\/p>\n<p>Teie saun saabub turvaliselt pakituna suurele kaubaalusele ning paigutatakse teie sisses\u00f5iduteele. V\u00f5ite selle ise kokku panna v\u00f5i usaldada kogu paigalduse meie professionaalse paigaldusmeeskonna hooleks.<\/p>\n<p>&nbsp;<\/p>\n","protected":false},"excerpt":{"rendered":"<p>Kaasaegne saun iseloomuliku \u00fcmara disainiga, mis eristub traditsioonilistest vormidest. Selle puhtad jooned ja funktsionaalne planeering muudavad selle ideaalseks valikuks nii linnakeskkonda kui ka loodusl\u00e4hedastesse paikadesse.<\/p>\n<p>Mini on \u00fcks kompaktsemaid valikuid Ula sarjas, loodud v\u00e4iksematesse ruumidesse v\u00f5i hubasemateks koosviibimisteks. Selle nutikas planeering ja pilkup\u00fc\u00fcdev vorm toovad kaasaegse l\u00f5\u00f5gastuse k\u00f5ikjale, kuhu selle paigutate.<\/p>\n","protected":false},"featured_media":145103,"comment_status":"open","ping_status":"closed","template":"","meta":{"_acf_changed":false},"factory":[],"free-shipment":[],"product_brand":[],"product_cat":[826,1643,2257],"product_tag":[1908,811],"class_list":{"0":"post-145139","1":"product","2":"type-product","3":"status-publish","4":"has-post-thumbnail","6":"product_cat-saunas-et","7":"product_cat-tunnisaun","8":"product_cat-valisaun","9":"product_tag-outdoor-sauna-et","10":"product_tag-sauna-et","12":"first","13":"instock","14":"sale","15":"taxable","16":"shipping-taxable","17":"purchasable","18":"product-type-simple"},"acf":[],"_links":{"self":[{"href":"https:\/\/factory.sale\/et\/wp-json\/wp\/v2\/product\/145139","targetHints":{"allow":["GET"]}}],"collection":[{"href":"https:\/\/factory.sale\/et\/wp-json\/wp\/v2\/product"}],"about":[{"href":"https:\/\/factory.sale\/et\/wp-json\/wp\/v2\/types\/product"}],"replies":[{"embeddable":true,"href":"https:\/\/factory.sale\/et\/wp-json\/wp\/v2\/comments?post=145139"}],"wp:featuredmedia":[{"embeddable":true,"href":"https:\/\/factory.sale\/et\/wp-json\/wp\/v2\/media\/145103"}],"wp:attachment":[{"href":"https:\/\/factory.sale\/et\/wp-json\/wp\/v2\/media?parent=145139"}],"wp:term":[{"taxonomy":"factory","embeddable":true,"href":"https:\/\/factory.sale\/et\/wp-json\/wp\/v2\/factory?post=145139"},{"taxonomy":"free-shipment","embeddable":true,"href":"https:\/\/factory.sale\/et\/wp-json\/wp\/v2\/free-shipment?post=145139"},{"taxonomy":"product_brand","embeddable":true,"href":"https:\/\/factory.sale\/et\/wp-json\/wp\/v2\/product_brand?post=145139"},{"taxonomy":"product_cat","embeddable":true,"href":"https:\/\/factory.sale\/et\/wp-json\/wp\/v2\/product_cat?post=145139"},{"taxonomy":"product_tag","embeddable":true,"href":"https:\/\/factory.sale\/et\/wp-json\/wp\/v2\/product_tag?post=145139"}],"curies":[{"name":"wp","href":"https:\/\/api.w.org\/{rel}","templated":true}]}}