{"id":14504,"date":"2022-10-25T09:04:31","date_gmt":"2022-10-25T09:08:16","guid":{"rendered":"https:\/\/factory.sale\/?post_type=product&#038;p=14504"},"modified":"2026-02-12T16:35:09","modified_gmt":"2026-02-12T13:35:09","slug":"juhtpult-uku-local-gold","status":"publish","type":"product","link":"https:\/\/factory.sale\/et\/toode\/juhtpult-uku-local-gold\/","title":{"rendered":"HUUM UKU 4.2 Local kontrolls\u00fcsteem &#8211; Gold"},"content":{"rendered":"<h2><span style=\"font-size: 14pt;\">HUUM UKU 4.2 Local kontrolls\u00fcsteem &#8211; Gold<\/span><\/h2>\n<p>Kui soovid elektrikerisega sauna k\u00fcdema panna ainult lokaalselt puldist, siis UKU Local Gold juhtpult sobib selleks ideaalselt. Antud juhtpult teeb sauna k\u00fctmise \u00e4\u00e4retult lihtsaks ja mugavaks, sellega saavad m\u00e4ngleva kergusega hakkama k\u00f5ik pereliikmed. Saad reguleerida sauna temperatuuri, valida endale sobiva k\u00fctteaja ja kasutada taimerit k\u00fctmise algusaja valimiseks. L\u00e4hed hommikul t\u00f6\u00f6le ja \u00f5htul koju tulles on l\u00f5\u00f5gastav saun valmis, mugav kas pole.<\/p>\n<p>Juhtpult sobib k\u00f5ikidele kuni 18kW elektrikeristele. Sobib kokku nii Huum elektrikeristega kui ka teiste tootjate keristega.<\/p>\n<p>Uku Local Gold juhtpuldil on mitmeid omadusi ja v\u00f5imalusi, mis teevad saunak\u00fctmisest ja saunask\u00e4imisest meeldiva ning turvalise kogemuse. Seda juhtpulti saab \u00fchendada sauna valgustuse, ventilatsiooni ja aurutiga, sel on olemas \u00fclekuumenemiskaitse ja lapselukk ning seda ikka selleks et Sina ei peaks saunap\u00e4eval pinges olema ja turvalisuse p\u00e4rast \u00fcle muretsema.<\/p>\n<p>Komplekt sisaldab:<\/p>\n<ul>\n<li>juhtpaneeli (90 x 130 x 18,2 mm)<\/li>\n<li>juhtpaneeli kaablit (3 m; 4 x 0,34 mm\u00b2 )<\/li>\n<li>peamoodulit (142 x 90 x 58 mm)<\/li>\n<li>termoandurit<\/li>\n<li>ukseandurit<\/li>\n<li>kaablit termo- ja ukseandurile (5 + 5m; 2 x 0,22 mm\u00b2).<\/li>\n<\/ul>\n<p>Juhtpaneel on m\u00f5eldud eelk\u00f5ige paigaldamiseks s\u00fcvistatuna, enne paigaldamist tee soovitud kohale seinas s\u00fcvistus m\u00f5\u00f5tmetega 65 x 105 mm. HUUM on v\u00e4lja t\u00f6\u00f6tanud ka raami, mis v\u00f5imaldab juhtpaneeli paigaldada ka pinnapealsena.<\/p>\n<p>Spetsifikatsioonid:<\/p>\n<ul>\n<li>Kaal: 1.7 kg<\/li>\n<li>Temperatur: 40-110 \u00baC<\/li>\n<li>Keristele kuni: 18 kW<\/li>\n<li>Toitepinge: 230 V 1N, 400 V 3N<\/li>\n<li>K\u00fctteaeg: 3h, 8h, 12h<\/li>\n<\/ul>\n<p>Olulised omadused:<\/p>\n<ul>\n<li>Sobib elektrikeristele v\u00f5imsusega kuni 18 kW<\/li>\n<li>\u00dchildub erinevate tootjate keristega<\/li>\n<li>Sihttemperatuur vahemikus 40\u2013110 \u00b0C<\/li>\n<li>Taimer k\u00fctmise algusaja ja kestuse seadistamiseks<\/li>\n<li>\u00dchendatav valgustuse\/ventilatsiooni ja aurutiga<\/li>\n<li>\u00dclekuumenemiskaitse<\/li>\n<li>Laste turvalukk<\/li>\n<li>Ukseandur<\/li>\n<li>Stiilsete juhtpaneelide valik<\/li>\n<li>Juhtimine seinale paigaldatud juhtpaneelist<\/li>\n<\/ul>\n<p>UKU on saadaval nii klaasist, puidust kui ka erinevat v\u00e4rvi plastikust korpustega. Puitkorpused valmivad k\u00e4sit\u00f6\u00f6na termot\u00f6\u00f6deldud saarepuust.<\/p>\n<p>Saate valida mitme erineva v\u00e4rvi vahel nagu: <a href=\"https:\/\/factory.sale\/et\/toode\/huum-uku-classic-juhtpaneel-must\/\" target=\"_blank\" rel=\"noopener\">klassikaline must<\/a> (plastik), klassikaline valge (plastik), <a href=\"https:\/\/factory.sale\/et\/toode\/huum-uku-sauna-juhtpaneel-wood\/\" target=\"_blank\" rel=\"noopener\">puit<\/a>, <a href=\"https:\/\/factory.sale\/et\/toode\/huum-uku-glass-juhtpaneel-must\/\" target=\"_blank\" rel=\"noopener\">must klaas<\/a>, <a href=\"https:\/\/factory.sale\/et\/toode\/huum-uku-glass-juhtpaneel-peegel\/\" target=\"_blank\" rel=\"noopener\">peegel klaas<\/a> ja <a href=\"https:\/\/factory.sale\/et\/toode\/huum-uku-glass-juhtpaneel-kuldne\/\" target=\"_blank\" rel=\"noopener\">kuldne klaas<\/a>.<\/p>\n<p>&nbsp;<\/p>\n<div class=\"video-wrapper \"><iframe loading=\"lazy\" title=\"HUUM UKU Gold sauna controller\" width=\"500\" height=\"281\" src=\"https:\/\/www.youtube.com\/embed\/KMU6tsMMlmY?feature=oembed\" frameborder=\"0\" allow=\"accelerometer; autoplay; clipboard-write; encrypted-media; gyroscope; picture-in-picture; web-share\" referrerpolicy=\"strict-origin-when-cross-origin\" allowfullscreen><\/iframe><\/div>\n<p>&nbsp;<\/p>\n<p><a title=\"Vaata videot uues aknas\" href=\"https:\/\/www.youtube.com\/watch?v=KMU6tsMMlmY\" target=\"_blank\" rel=\"noopener\">Vaata videot uues aknas<\/a><\/p>\n","protected":false},"excerpt":{"rendered":"<p>Juhtpult HUUM UKU Local Gold on HUUMi uusim elektrikerise juhtimisseade, mis oma kuldse viimistlusega lisab elegantsi iga sauna interj\u00f6\u00f6rile. See unikaalne ehtsast klaasist valmistatud ja peegeldava pinnaga kuldne juhtimispult on justkui luksuse puudutus Sinu saunainterj\u00f6\u00f6ris.<\/p>\n","protected":false},"featured_media":98825,"comment_status":"open","ping_status":"closed","template":"","meta":{"_acf_changed":false},"factory":[],"free-shipment":[],"product_brand":[4432],"product_cat":[1435,1345,784],"product_tag":[835,718,811],"class_list":{"0":"post-14504","1":"product","2":"type-product","3":"status-publish","4":"has-post-thumbnail","6":"product_brand-huum-et","7":"product_cat-huum-et","8":"product_cat-juhtpuldid","9":"product_cat-sanitaartehnika","10":"product_tag-control-unit-et","11":"product_tag-huum-et","12":"product_tag-sauna-et","14":"first","15":"instock","16":"sale","17":"taxable","18":"shipping-taxable","19":"purchasable","20":"product-type-simple"},"acf":[],"_links":{"self":[{"href":"https:\/\/factory.sale\/et\/wp-json\/wp\/v2\/product\/14504","targetHints":{"allow":["GET"]}}],"collection":[{"href":"https:\/\/factory.sale\/et\/wp-json\/wp\/v2\/product"}],"about":[{"href":"https:\/\/factory.sale\/et\/wp-json\/wp\/v2\/types\/product"}],"replies":[{"embeddable":true,"href":"https:\/\/factory.sale\/et\/wp-json\/wp\/v2\/comments?post=14504"}],"wp:featuredmedia":[{"embeddable":true,"href":"https:\/\/factory.sale\/et\/wp-json\/wp\/v2\/media\/98825"}],"wp:attachment":[{"href":"https:\/\/factory.sale\/et\/wp-json\/wp\/v2\/media?parent=14504"}],"wp:term":[{"taxonomy":"factory","embeddable":true,"href":"https:\/\/factory.sale\/et\/wp-json\/wp\/v2\/factory?post=14504"},{"taxonomy":"free-shipment","embeddable":true,"href":"https:\/\/factory.sale\/et\/wp-json\/wp\/v2\/free-shipment?post=14504"},{"taxonomy":"product_brand","embeddable":true,"href":"https:\/\/factory.sale\/et\/wp-json\/wp\/v2\/product_brand?post=14504"},{"taxonomy":"product_cat","embeddable":true,"href":"https:\/\/factory.sale\/et\/wp-json\/wp\/v2\/product_cat?post=14504"},{"taxonomy":"product_tag","embeddable":true,"href":"https:\/\/factory.sale\/et\/wp-json\/wp\/v2\/product_tag?post=14504"}],"curies":[{"name":"wp","href":"https:\/\/api.w.org\/{rel}","templated":true}]}}