{"id":144738,"date":"2026-03-18T15:06:12","date_gmt":"2026-03-17T14:21:35","guid":{"rendered":"https:\/\/factory.sale\/?post_type=product&#038;p=144738"},"modified":"2026-03-20T18:01:33","modified_gmt":"2026-03-20T15:01:33","slug":"ula-micro-valisaun","status":"publish","type":"product","link":"https:\/\/factory.sale\/et\/toode\/ula-micro-valisaun\/","title":{"rendered":"Ula Micro v\u00e4lisaun"},"content":{"rendered":"<p><strong>Kaasaegse heaolu kunst<\/strong><\/p>\n<p>Ula saunad \u00fchendavad kaasaegse \u00fcmara disaini ning funktsionaalsed ja ruumis\u00e4\u00e4stlikud lahendused, mis sobivad nii linnakeskkonda kui ka looduse keskele. Alates kompaktsest Ula Microst kuni mugava Ula Grandini toovad need saunad kvaliteetse Skandinaavia saunakogemuse sinu kodu juurde.<br \/>\nUla Micro on kollektsiooni k\u00f5ige kompaktsem saun, mis on loodud tooma heaolu ka k\u00f5ige v\u00e4iksematesse ruumidesse.<\/p>\n<p>Oma iseloomuliku \u00fcmara silueti ja puhaste minimalistlike joontega sobib see ka ootamatutesse paikadesse, pakkudes t\u00e4isv\u00e4\u00e4rtuslikku saunakogemust ruumis\u00e4\u00e4stlikul kujul.<br \/>\nUla Micro on julge t\u00f5lgendus minimalistlikust saunadisainist. Selle kapslikujuline vorm ning lame esi- ja tagak\u00fclg loovad puhta ja kaasaegse ilme. Kuigi saun on kompaktne, pakub see m\u00f5nusat saunakogemust \u00fchele inimesele v\u00f5i kahele seisvale inimesele, mist\u00f5ttu sobib see ideaalselt nii \u00fcksinda l\u00f5\u00f5gastumiseks kui ka kitsamatesse linnaruumi lahendustesse. Selle skulptuurne vorm ja ruumis\u00e4\u00e4stlik planeering toovad heaolu paikadesse, kuhu seda esmapilgul ei ootaks.<\/p>\n<p>Ula Micro on v\u00e4ike ja elegantne 2-kohaline saun, mis sobib ideaalselt katusealadele v\u00f5i kompaktsetesse v\u00e4liruumidesse. Oma \u00fcmara disaini ja naturaalse puitviimistlusega pakub see hubast l\u00f5\u00f5gastuspaika vaid 1,23 \u00d7 1,32 m suurusel pinnal ning k\u00f5rgusega 2,17 m. Nutikas lahendus linnalikuks eluviisiks, tegemata j\u00e4releandmisi mugavuses.<\/p>\n<p>&nbsp;<\/p>\n<p><em>Antud hind ei sisalda kerist.<\/em><\/p>\n<p>&nbsp;<\/p>\n<ul>\n<li>Kompaktne disain 2 inimesele<\/li>\n<li>\u00dcmar siluett naturaalse puitviimistlusega<\/li>\n<li>P\u00f5randapind: 1,23 \u00d7 1,32 m<\/li>\n<li>K\u00f5rgus: 2,17 m<\/li>\n<li>T\u00e4isklaasist v\u00f5i kinnine esiseina lahendus<\/li>\n<li>Optimeeritud planeering r\u00f5dudele, katusealadele ja v\u00e4ikestesse ruumidesse<\/li>\n<\/ul>\n<p>&nbsp;<\/p>\n<p>* Iga toode on valmistatud naturaalsest puidust, mist\u00f5ttu v\u00f5ivad l\u00f5plik toon ja puit veidi erineda n\u00e4idistel kujutatust.<\/p>\n<p>&nbsp;<\/p>\n<p><strong>Baaskomplekt sisaldab:<\/strong><\/p>\n<ul>\n<li>V\u00e4lisseinad<\/li>\n<li>Kuusk<\/li>\n<\/ul>\n<p>V\u00e4lisviimistluse v\u00e4rvid: bee\u017e, hall, eebenipuu, tiikpuu, sarapuu<\/p>\n<p>&nbsp;<\/p>\n<p><img loading=\"lazy\" decoding=\"async\" class=\"alignnone wp-image-140959\" src=\"https:\/\/factory.sale\/wp-content\/uploads\/2026\/03\/Spruce-colours-300x53.png\" alt=\"\" width=\"379\" height=\"67\" srcset=\"https:\/\/factory.sale\/wp-content\/uploads\/2026\/03\/Spruce-colours-300x53.png 300w, https:\/\/factory.sale\/wp-content\/uploads\/2026\/03\/Spruce-colours-150x26.png 150w, https:\/\/factory.sale\/wp-content\/uploads\/2026\/03\/Spruce-colours.png 342w\" sizes=\"auto, (max-width: 379px) 100vw, 379px\" \/><\/p>\n<ul>\n<li>Saunalava: haab, must lepp, p\u00e4rn, termom\u00e4nd<\/li>\n<\/ul>\n<p><img loading=\"lazy\" decoding=\"async\" class=\"alignnone wp-image-141004\" src=\"https:\/\/factory.sale\/wp-content\/uploads\/2026\/03\/Benches-wood-type-factory-sale-300x66.png\" alt=\"\" width=\"400\" height=\"88\" srcset=\"https:\/\/factory.sale\/wp-content\/uploads\/2026\/03\/Benches-wood-type-factory-sale-300x66.png 300w, https:\/\/factory.sale\/wp-content\/uploads\/2026\/03\/Benches-wood-type-factory-sale-150x33.png 150w, https:\/\/factory.sale\/wp-content\/uploads\/2026\/03\/Benches-wood-type-factory-sale-768x170.png 768w, https:\/\/factory.sale\/wp-content\/uploads\/2026\/03\/Benches-wood-type-factory-sale-600x133.png 600w, https:\/\/factory.sale\/wp-content\/uploads\/2026\/03\/Benches-wood-type-factory-sale.png 868w\" sizes=\"auto, (max-width: 400px) 100vw, 400px\" \/><\/p>\n<ul>\n<li>Esisein<\/li>\n<li>Puidust esisein klaasuksega<\/li>\n<li>Katus: presentkate, must bituumen<\/li>\n<li>Klaasivalik: l\u00e4bipaistev<\/li>\n<li>Katuse pikendus: standardne, pikendatud<\/li>\n<\/ul>\n<p><img loading=\"lazy\" decoding=\"async\" class=\"alignnone wp-image-140998\" src=\"https:\/\/factory.sale\/wp-content\/uploads\/2026\/03\/Roof-extension-standard-factory-sale-1.png\" alt=\"\" width=\"189\" height=\"198\" srcset=\"https:\/\/factory.sale\/wp-content\/uploads\/2026\/03\/Roof-extension-standard-factory-sale-1.png 266w, https:\/\/factory.sale\/wp-content\/uploads\/2026\/03\/Roof-extension-standard-factory-sale-1-144x150.png 144w\" sizes=\"auto, (max-width: 189px) 100vw, 189px\" \/> <img loading=\"lazy\" decoding=\"async\" class=\"alignnone wp-image-141001\" src=\"https:\/\/factory.sale\/wp-content\/uploads\/2026\/03\/Roof-extension-standard-factory-sale-2-274x300.png\" alt=\"\" width=\"193\" height=\"212\" srcset=\"https:\/\/factory.sale\/wp-content\/uploads\/2026\/03\/Roof-extension-standard-factory-sale-2-274x300.png 274w, https:\/\/factory.sale\/wp-content\/uploads\/2026\/03\/Roof-extension-standard-factory-sale-2-137x150.png 137w, https:\/\/factory.sale\/wp-content\/uploads\/2026\/03\/Roof-extension-standard-factory-sale-2.png 278w\" sizes=\"auto, (max-width: 193px) 100vw, 193px\" \/><\/p>\n<p>&nbsp;<\/p>\n<p>&nbsp;<\/p>\n<p><strong>LISAV\u00d5IMALUSED:<\/strong><\/p>\n<ul>\n<li>V\u00e4lisseinad: kuusk (hinna sees), Shou Sugi Ban \/ p\u00f5letatud kuusk, termom\u00e4nd\n<p><img loading=\"lazy\" decoding=\"async\" class=\"alignnone wp-image-140988\" src=\"https:\/\/factory.sale\/wp-content\/uploads\/2026\/03\/Wood-colour-ula-factory-sale-300x89.png\" alt=\"\" width=\"364\" height=\"108\" srcset=\"https:\/\/factory.sale\/wp-content\/uploads\/2026\/03\/Wood-colour-ula-factory-sale-300x89.png 300w, https:\/\/factory.sale\/wp-content\/uploads\/2026\/03\/Wood-colour-ula-factory-sale-150x44.png 150w, https:\/\/factory.sale\/wp-content\/uploads\/2026\/03\/Wood-colour-ula-factory-sale-600x177.png 600w, https:\/\/factory.sale\/wp-content\/uploads\/2026\/03\/Wood-colour-ula-factory-sale.png 664w\" sizes=\"auto, (max-width: 364px) 100vw, 364px\" \/><\/li>\n<li>Saunalava: premium termohaab<\/li>\n<\/ul>\n<p><img loading=\"lazy\" decoding=\"async\" class=\"alignnone wp-image-141007\" src=\"https:\/\/factory.sale\/wp-content\/uploads\/2026\/03\/Premium-thermo-aspen-factory-sale.png\" alt=\"\" width=\"126\" height=\"124\" srcset=\"https:\/\/factory.sale\/wp-content\/uploads\/2026\/03\/Premium-thermo-aspen-factory-sale.png 186w, https:\/\/factory.sale\/wp-content\/uploads\/2026\/03\/Premium-thermo-aspen-factory-sale-150x147.png 150w\" sizes=\"auto, (max-width: 126px) 100vw, 126px\" \/><\/p>\n<ul>\n<li>Esisein: t\u00e4isklaas<\/li>\n<li>Klaasivalikud: l\u00e4bipaistev (hinna sees), toonitud pronks, must Planibel, t\u00e4ispeegel\n<p><img loading=\"lazy\" decoding=\"async\" class=\"alignnone wp-image-140991\" src=\"https:\/\/factory.sale\/wp-content\/uploads\/2026\/03\/Glass-options-factory-sale-300x64.png\" alt=\"\" width=\"478\" height=\"102\" srcset=\"https:\/\/factory.sale\/wp-content\/uploads\/2026\/03\/Glass-options-factory-sale-300x64.png 300w, https:\/\/factory.sale\/wp-content\/uploads\/2026\/03\/Glass-options-factory-sale-150x32.png 150w, https:\/\/factory.sale\/wp-content\/uploads\/2026\/03\/Glass-options-factory-sale-600x127.png 600w, https:\/\/factory.sale\/wp-content\/uploads\/2026\/03\/Glass-options-factory-sale.png 736w\" sizes=\"auto, (max-width: 478px) 100vw, 478px\" \/><\/li>\n<\/ul>\n<p>&nbsp;<\/p>\n<ul>\n<li>Harvia elektrikeris<\/li>\n<\/ul>\n<p>&nbsp;<\/p>\n<p>&nbsp;<\/p>\n<p><strong>Tarne<\/strong><\/p>\n<p>Saun saabub turvaliselt pakituna suurele kaubaalusele ning paigutatakse teie sisses\u00f5iduteele. V\u00f5ite selle ise kokku panna v\u00f5i usaldada kogu paigalduse meeskonnale.<\/p>\n<p>&nbsp;<\/p>\n","protected":false},"excerpt":{"rendered":"<p>Ula saunad \u00fchendavad kaasaegse \u00fcmara disaini ning funktsionaalsed ja ruumis\u00e4\u00e4stlikud lahendused, mis sobivad nii linnakeskkonda kui ka looduse keskele. Alates kompaktsest Ula Microst kuni mugava Ula Grandini toovad need saunad kvaliteetse Skandinaavia saunakogemuse sinu kodu juurde.<br \/>\nUla Micro on kollektsiooni k\u00f5ige kompaktsem saun, mis on loodud tooma heaolu ka k\u00f5ige v\u00e4iksematesse ruumidesse.<\/p>\n","protected":false},"featured_media":140963,"comment_status":"open","ping_status":"closed","template":"","meta":{"_acf_changed":false},"factory":[],"free-shipment":[],"product_brand":[],"product_cat":[826,1643,2257],"product_tag":[1908,811],"class_list":{"0":"post-144738","1":"product","2":"type-product","3":"status-publish","4":"has-post-thumbnail","6":"product_cat-saunas-et","7":"product_cat-tunnisaun","8":"product_cat-valisaun","9":"product_tag-outdoor-sauna-et","10":"product_tag-sauna-et","12":"first","13":"instock","14":"sale","15":"taxable","16":"shipping-taxable","17":"purchasable","18":"product-type-simple"},"acf":[],"_links":{"self":[{"href":"https:\/\/factory.sale\/et\/wp-json\/wp\/v2\/product\/144738","targetHints":{"allow":["GET"]}}],"collection":[{"href":"https:\/\/factory.sale\/et\/wp-json\/wp\/v2\/product"}],"about":[{"href":"https:\/\/factory.sale\/et\/wp-json\/wp\/v2\/types\/product"}],"replies":[{"embeddable":true,"href":"https:\/\/factory.sale\/et\/wp-json\/wp\/v2\/comments?post=144738"}],"wp:featuredmedia":[{"embeddable":true,"href":"https:\/\/factory.sale\/et\/wp-json\/wp\/v2\/media\/140963"}],"wp:attachment":[{"href":"https:\/\/factory.sale\/et\/wp-json\/wp\/v2\/media?parent=144738"}],"wp:term":[{"taxonomy":"factory","embeddable":true,"href":"https:\/\/factory.sale\/et\/wp-json\/wp\/v2\/factory?post=144738"},{"taxonomy":"free-shipment","embeddable":true,"href":"https:\/\/factory.sale\/et\/wp-json\/wp\/v2\/free-shipment?post=144738"},{"taxonomy":"product_brand","embeddable":true,"href":"https:\/\/factory.sale\/et\/wp-json\/wp\/v2\/product_brand?post=144738"},{"taxonomy":"product_cat","embeddable":true,"href":"https:\/\/factory.sale\/et\/wp-json\/wp\/v2\/product_cat?post=144738"},{"taxonomy":"product_tag","embeddable":true,"href":"https:\/\/factory.sale\/et\/wp-json\/wp\/v2\/product_tag?post=144738"}],"curies":[{"name":"wp","href":"https:\/\/api.w.org\/{rel}","templated":true}]}}