{"id":14364,"date":"2022-10-19T14:51:57","date_gmt":"2022-10-19T15:46:00","guid":{"rendered":"https:\/\/factory.sale\/?post_type=product&#038;p=14364"},"modified":"2024-06-25T14:38:27","modified_gmt":"2024-06-25T14:38:27","slug":"infrapuna-saunatekk-varrukatega-elektrikute-saunatekk-salendav-detox-ja-kaalulangus-naiste-kodu-ilusalong","status":"publish","type":"product","link":"https:\/\/factory.sale\/et\/toode\/infrapuna-saunatekk-varrukatega-elektrikute-saunatekk-salendav-detox-ja-kaalulangus-naiste-kodu-ilusalong\/","title":{"rendered":"Infrapuna saunatekk varrukatega Elektrik\u00fcte Saunatekk Salendav Detox ja Kaalulangus Naiste Kodu Ilusalong"},"content":{"rendered":"<ul>\n<li><span style=\"font-weight: 400;\">Kompaktsema juhtpaneeliga<\/span><\/li>\n<li><span style=\"font-weight: 400;\">Mugavad k\u00e4eavad<\/span><\/li>\n<li><span style=\"font-weight: 400;\">To\u0304husaim vahend kaalukaotuseks<\/span><\/li>\n<li><span style=\"font-weight: 400;\">Tselluliit va\u0308heneb ma\u0308rgatavalt<\/span><\/li>\n<li><span style=\"font-weight: 400;\">Kaob paistetus kehalt, kui ka na\u0308olt<\/span><\/li>\n<li><span style=\"font-weight: 400;\">Nahk muutub elastseks ja siledaks<\/span><\/li>\n<li><span style=\"font-weight: 400;\">Tervis ja enesetunne paranevad<\/span><\/li>\n<li><span style=\"font-weight: 400;\">Va\u0308ljutab toksiinid kehast<\/span><\/li>\n<li><span style=\"font-weight: 400;\">Unekvaliteet paraneb<\/span><\/li>\n<li><span style=\"font-weight: 400;\">Va\u0308hendab liigese ja lihasevalu<\/span><\/li>\n<li><span style=\"font-weight: 400;\">Vanusepiirang puudub<\/span><\/li>\n<li><span style=\"font-weight: 400;\">Ennetab haigusi<\/span><\/li>\n<li><span style=\"font-weight: 400;\">Kiirendab ainevahetust<\/span><\/li>\n<li><span style=\"font-weight: 400;\">Avab poorid<\/span><\/li>\n<li><span style=\"font-weight: 400;\">V\u00e4hendab stressi<\/span><\/li>\n<li><span style=\"font-weight: 400;\">Tugevdab immuuns\u00fcsteemi<\/span><\/li>\n<\/ul>\n<p><span style=\"font-weight: 400;\">Infrapuna matt erineb infrapuna saunast selle poolest , et temperatuur on k\u00f5rgem ja olete kui \u201ckookonis\u201d kuhu \u00f5hk ligi ei p\u00e4\u00e4se. T\u00e4nu sellele erilisele kooslusele on inframatt 3 korda t\u00f5husam.Infrapunakiirgus kandub n\u00e4htamatute valguslainete l\u00e4bi \u00f5hu ja soojendab otseselt, ilma \u00fcmbritsevat \u00f5hku k\u00fctmata. Soojenevad nahk ja nahaalused koed. IP-kiirgus p\u00f5letab nahaalust rasva kihti ja viib toksiinid kehast v\u00e4lja. Aitab organismist v\u00e4lja viia j\u00e4\u00e4kaineid, liigne kudede vaheline vesi, parandab lihaste toonust ja on t\u00f5hus tselluliidi v\u00e4hendaja.Peale 7, 10 v\u00f5i 14 p\u00e4eva kuuri saab keha kui tammi tagant lahti ja kaal hakkab v\u00e4henema ka peale kuuri l\u00f5ppu.<\/span><\/p>\n<p><span style=\"font-weight: 400;\">\u00dche hooldusega kaob keskmiselt 600-900 kcal. On v\u00f5imalik kaotada juba esimese hooldusega kuni 2 kilogrammi s\u00f5ltuvalt kehakaalust.<\/span><\/p>\n<p><span style=\"font-weight: 400;\">Infrapuna kiirgus tungib inimese kudedesse 4-5 cm s\u00fcgavusele, seet\u00f5ttu kutsub esile tugeva higistamise. Infrapunamatis on higistamine 3 korda intensiivsem suhteliselt madalatel temperatuuridel, kui tavalises infra saunas. Keha koed soojenevad s\u00fcgavamalt, rakkude temperatuur t\u00f5useb kuni 38 kraadi.Kui k\u00e4iakse tavasaunas moodustab vesi 90-97% higi koostisest, kuid infrapunamatis 70%. \u00dclej\u00e4\u00e4nud 20-30% arvelt tuuakse organismist v\u00e4lja m\u00fcrgiseid ainevahetusprodukte(rasvad, kolesterool) ja raskemetalle (vaske, elavh\u00f5bedat, pliid, alumiiniumi, niklit, tina). Infrapunasamati \u00f5hutemperatuur on 41- 60 kraadi ning selle soojustoime on s\u00fcgavam ja efektiivsem, seep\u00e4rast sobib h\u00e4sti ka eakatele ja ka lastele . Soovitatav seansi kestvus on 60 min. Kui kaal on sinu mure , siis alustame kaalulangetamist alati Inframatiga, hilisemalt lisame juba teisi hooldusi. Kuuri teeme soovitavalt iga p\u00e4ev vastavalt soovitud pikkusele, vahele v\u00f5ib j\u00e4\u00e4da maksimaalselt 2 p\u00e4eva. Kui kaal ei \u00fcle 80 pluss kilo v\u00f5ib teha ka Inframatti koos teiste hooldustega n\u00e4iteks 2 korda n\u00e4dalas.<\/span><\/p>\n<p><strong>Funktsioonid:<\/strong><\/p>\n<p><span style=\"font-weight: 400;\"><strong>1. P\u00d5HIM\u00d5TE:<\/strong> Kaug-infrapunakiirtel on s\u00fcgav l\u00e4bitungimisv\u00f5ime, mis tungib l\u00e4bi, murdub, kiirgab ja peegeldab. IR v\u00f5ib neelduda. IR muundub valgusenergiast soojusenergiaks. Kudede s\u00fcgavates kihtides toimuv soojusefekt p\u00f5hjustab veresoonte ja kapillaaride laienemist, soodustades paremat vereringet ning kuumus aitab vabaneda keha toksiinidest ja ainevahetusest.<\/span><\/p>\n<p><span style=\"font-weight: 400;\"><strong>2. Keskkonnakaitse:<\/strong> V\u00e4ljaspool on tippkvaliteediga PU oxfordi riie, sees on veekindel PVC, millel on painduv t\u00f5mbev\u00f5ime isegi erinevates magamisasendites, kogu teki osa on kuum ja servad ei ole kuumad.<\/span><\/p>\n<p><span style=\"font-weight: 400;\"><strong>3. Ohutuselemendid:<\/strong> Kui ilmneb k\u00f5rvalekalle, katkestatakse liin automaatselt, k\u00fcte peatatakse ja 1 minutiks antakse h\u00e4ire. <strong>M\u00c4RKUS<\/strong>. Tavaline maksimaalne temperatuur on 80 kraadi. Keelatud on voltida ja kuumutada. Kokkupandav k\u00fcttetemperatuur \u00fcletab 120 kraadi<\/span><\/p>\n<p><span style=\"font-weight: 400;\"><strong>4. KASUTAMINE:<\/strong> temperatuuri reguleerimiseks 35-75 Celsiuse j\u00e4rgi kontrolleri kaudu, aega saab seadistada 15-60 min. Kahe tsooni salendav tekk on m\u00f5eldud keha esi- ja tagak\u00fcljele, et kaalust alla v\u00f5tta ja detoksifitseerida. Aku ei kuulu komplekti. kaugjuhtimispulti.<\/span><\/p>\n<p><span style=\"font-weight: 400;\"><strong>5. \u00dclemine topeltt\u00f5mblukk:<\/strong> \u00fclemine topeltt\u00f5mblukk vabastab saunateki kasutamise ajal k\u00e4ed, et kasutada mobiiltelefoni, lugeda ajalehti ja raamatuid.<\/span><\/p>\n<p>&nbsp;<\/p>\n<p><strong>Kasutusjuhend:<\/strong><\/p>\n<p><span style=\"font-weight: 400;\">1. Voldi saunatekk lahti ja \u00fchenda selle kaks juhet peremehe v\u00e4ljundiga;<\/span><\/p>\n<p><span style=\"font-weight: 400;\">2. Lase kliendil teki peale pikali ja alusta operatsiooniga;<\/span><\/p>\n<p><span style=\"font-weight: 400;\">3. L\u00fclitage toide sisse ja l\u00fclitage l\u00fcliti sisse;<\/span><\/p>\n<p><span style=\"font-weight: 400;\">4. Vajutage nuppu, et m\u00e4\u00e4rata, valida kellaaja valik ja m\u00e4\u00e4rata masina t\u00f6\u00f6aeg;<\/span><\/p>\n<p><span style=\"font-weight: 400;\">5. Vajutage seadistusklahvi, kui temperatuur 1 vilgub, vajutage V\u00c4LJUNDI 1 v\u00e4ljundtemperatuuri m\u00e4\u00e4ramiseks \u00fcles ja alla klahve. P\u00e4rast masina seadistamist saab v\u00e4\u00e4rtuse automaatselt salvestada;<\/span><\/p>\n<p><span style=\"font-weight: 400;\">6. Vajutage uuesti seadistusnuppu, kui temperatuur 2 vilgub, vajutage \u00fcles ja alla nuppe, et m\u00e4\u00e4rata V\u00c4LJUNDI 2 v\u00e4ljundtemperatuur. V\u00e4\u00e4rtuse saab p\u00e4rast masina seadistamist automaatselt salvestada;<\/span><\/p>\n<p><span style=\"font-weight: 400;\">7. P\u00e4rast t\u00f6\u00f6aja ja v\u00e4ljundtemperatuuri seadistamist vajutage masina k\u00e4ivitamiseks nuppu &#8220;S \/ P&#8221;;<\/span><\/p>\n<p><span style=\"font-weight: 400;\">8. P\u00e4rast kasutamist l\u00fclitage masin v\u00e4lja ja katkestage toide;<\/span><\/p>\n<p><span style=\"font-weight: 400;\">9. Puhastage tekk ja asetage see kuiva kohta.<\/span><\/p>\n<p>&nbsp;<\/p>\n<p><strong>Spetsifikatsioon:<\/strong><\/p>\n<ul>\n<li><span style=\"font-weight: 400;\">V\u00e4rv: h\u00f5bedane, lilla, roosa<\/span><\/li>\n<li><span style=\"font-weight: 400;\">Materjal: v\u00e4ljast: PU oxfordi riie,<\/span><\/li>\n<li><span style=\"font-weight: 400;\">Sees: PVC<\/span><\/li>\n<li><span style=\"font-weight: 400;\">V\u00f5imsus: 650 vatti<\/span><\/li>\n<li><span style=\"font-weight: 400;\">Sagedus: 50 Hz-60 Hz<\/span><\/li>\n<li><span style=\"font-weight: 400;\">Pinge: 110V \/ 220V<\/span><\/li>\n<li><span style=\"font-weight: 400;\">Amper: 10A<\/span><\/li>\n<\/ul>\n<p>&nbsp;<\/p>\n<p><strong>Pakett sisaldab:<\/strong><\/p>\n<ul>\n<li>Host *1<\/li>\n<li>Toitejuhe*1<\/li>\n<li>Tekk*1<\/li>\n<li>Varrukas*2<\/li>\n<li>Kaugjuhtimispult *1 (patarei puudub)<\/li>\n<li><span style=\"font-weight: 400;\">Kaitse*2<\/span><\/li>\n<\/ul>\n<p>&nbsp;<\/p>\n<p><strong>Juhend:<\/strong><\/p>\n<p><span style=\"font-weight: 400;\">1. L\u00fclitage tekk ja masin sisse ning eelsoojendage neid 5 minutit enne sisenemist. (Teki v\u00f5ib eelsoojendusprotsessi ajal lamedaks panna.) F\u00fcsioteraapia protsessi ajal on temperatuur tavaliselt 60\u00b0. Kui keha on k\u00fclm, saad temperatuuri sobivaks reguleerida ning 45-60 minutit pikali heita ja aurutada.<\/span><\/p>\n<p><span style=\"font-weight: 400;\">2. Kasutamisel on soovitatav kanda \u00f5hukesi puuvillaseid pid\u017eaamaid v\u00f5i vannikotte, r\u00e4tikuid higi imamiseks. K\u00fctmise ajal on voltimine rangelt keelatud ja tekki saab p\u00e4rast jahutamist soovi korral kokku voltida.<\/span><\/p>\n<p><span style=\"font-weight: 400;\">3. Drenaa\u017eiprotsessi ajal v\u00f5ite lisada rohkem vett. \u00c4rge v\u00f5tke du\u0161\u0161i, k\u00fclmetage ega joo k\u00fclmi jooke kahe tunni jooksul p\u00e4rast kasutamist. Meeldetuletus: vihmastel p\u00e4evadel on \u00f5huniiskus palju, seega kasutage v\u00e4hem.<\/span><\/p>\n<p>&nbsp;<\/p>\n<p><span style=\"font-weight: 400;\">Smartpostis 5-7 p\u00e4evaga.<\/span><\/p>\n<p><span style=\"font-weight: 400;\">Kasutajad kiidavad!<\/span><\/p>\n<p><span style=\"font-weight: 400;\">\u00dche seansiga keskmiselt 600g kehakaalust aurustunud.<\/span><\/p>\n<p><span style=\"font-weight: 400;\">Annan huvi korral ka rendile. N\u00e4dal 50 euri, \u00fcks kasutuskord 10 euri, asun Kalamajas ja saan pakkuda ka apteegikaane toetama hooldusena eraldi.<\/span><\/p>\n","protected":false},"excerpt":{"rendered":"<p><span style=\"font-weight: 400;\">Infrapuna kiirgus tungib inimese kudedesse 4-5 cm s\u00fcgavusele, seet\u00f5ttu kutsub esile tugeva higistamise. Infrapunamatis on higistamine 3 korda intensiivsem suhteliselt madalatel temperatuuridel, kui tavalises infra saunas.<\/span><\/p>\n","protected":false},"featured_media":14359,"comment_status":"open","ping_status":"closed","template":"","meta":{"_acf_changed":false},"factory":[],"free-shipment":[],"product_brand":[],"product_cat":[826],"product_tag":[],"class_list":{"0":"post-14364","1":"product","2":"type-product","3":"status-publish","4":"has-post-thumbnail","6":"product_cat-saunas-et","8":"first","9":"instock","10":"sale","11":"taxable","12":"shipping-taxable","13":"purchasable","14":"product-type-simple"},"acf":[],"_links":{"self":[{"href":"https:\/\/factory.sale\/et\/wp-json\/wp\/v2\/product\/14364","targetHints":{"allow":["GET"]}}],"collection":[{"href":"https:\/\/factory.sale\/et\/wp-json\/wp\/v2\/product"}],"about":[{"href":"https:\/\/factory.sale\/et\/wp-json\/wp\/v2\/types\/product"}],"replies":[{"embeddable":true,"href":"https:\/\/factory.sale\/et\/wp-json\/wp\/v2\/comments?post=14364"}],"wp:featuredmedia":[{"embeddable":true,"href":"https:\/\/factory.sale\/et\/wp-json\/wp\/v2\/media\/14359"}],"wp:attachment":[{"href":"https:\/\/factory.sale\/et\/wp-json\/wp\/v2\/media?parent=14364"}],"wp:term":[{"taxonomy":"factory","embeddable":true,"href":"https:\/\/factory.sale\/et\/wp-json\/wp\/v2\/factory?post=14364"},{"taxonomy":"free-shipment","embeddable":true,"href":"https:\/\/factory.sale\/et\/wp-json\/wp\/v2\/free-shipment?post=14364"},{"taxonomy":"product_brand","embeddable":true,"href":"https:\/\/factory.sale\/et\/wp-json\/wp\/v2\/product_brand?post=14364"},{"taxonomy":"product_cat","embeddable":true,"href":"https:\/\/factory.sale\/et\/wp-json\/wp\/v2\/product_cat?post=14364"},{"taxonomy":"product_tag","embeddable":true,"href":"https:\/\/factory.sale\/et\/wp-json\/wp\/v2\/product_tag?post=14364"}],"curies":[{"name":"wp","href":"https:\/\/api.w.org\/{rel}","templated":true}]}}