{"id":14250,"date":"2022-10-15T15:16:08","date_gmt":"2022-10-15T15:17:41","guid":{"rendered":"https:\/\/factory.sale\/?post_type=product&#038;p=14250"},"modified":"2024-07-04T22:40:23","modified_gmt":"2024-07-04T22:40:23","slug":"probiootiline-kategeel-5l-probio","status":"publish","type":"product","link":"https:\/\/factory.sale\/et\/toode\/probiootiline-kategeel-5l-probio\/","title":{"rendered":"Probiootiline k\u00e4tegeel, 5l, Pro&#038;Bio"},"content":{"rendered":"<p>PRO &amp; BIO Life sarja proiootiline k\u00e4tegeel on pehmetoimeline ja tagab k\u00e4te ideaalse kauakestva puhtuse. Alkoholi sisaldav geel on kombineeritud probiootiliste bakteritega. Alkohol puhastab nahka ning selle lendudes aktiveeruvad naha niiskuse m\u00f5jul kasulikud probiootilised bakterid, mis kiirelt paljunevad, katavad k\u00e4enaha, kaitsevad k\u00e4si mitu tundi ning loovad nahale tervisliku mikrofloora. Geel hooldab, niisutab ja v\u00e4rskendab nahka, puhastab seda ilma vett kasutamata, kusjuures k\u00e4ed muutuvad meeldivalt pehmeks. Toode ei kuivata nahka ega kutsu esile allergilisi reaktsioone.<\/p>\n<p><strong>EAN: 4745090630336<\/strong><\/p>\n<p>&nbsp;<\/p>\n<p><strong>TOOTE OMADUSED:<\/strong><\/p>\n<ul>\n<li>Ei kuivata nahka;<\/li>\n<li>Kaitseb k\u00e4si mitu tundi;<\/li>\n<li>Muudab k\u00e4ed pehmeks, elastseks ja v\u00e4rskendab nahka.<\/li>\n<\/ul>\n<p>&nbsp;<\/p>\n<p><strong>KASUTAMINE:<\/strong><\/p>\n<p>Kanda v\u00e4ike kogus geeli peopesale ja m\u00e4\u00e4rida k\u00e4te nahale, lasta kuivada. Kasutada ilma salvr\u00e4tikuta, ilma veeta ning ilma seebita.<\/p>\n<p>&nbsp;<\/p>\n<p><strong>S\u00c4ILITAMINE JA OHUTUS:<\/strong><\/p>\n<p>Hoida lastele k\u00e4ttesaamatus kohas. Hoida eemale s\u00fc\u00fcteallikatest. Allaneelamise korral p\u00f6\u00f6rdu arsti poole ja n\u00e4ita toote pakendit v\u00f5i etiketti.<\/p>\n<p>Loksutada enne kasutamist. Hoida temperatuuril vahemikus 10\u00b0\u201345\u00b0 C. Kaitsta otsese p\u00e4ikesevalguse eest.<\/p>\n<p>&nbsp;<\/p>\n<p><strong>KOOSTISOSAD:<\/strong><\/p>\n<p>Probiootilised bakterid, alkohol Denat, vesi, isoprop\u00fc\u00fclalkohol, trietanoolamin, akr\u00fclaadid \/ C10-30- alk\u00fc\u00fcl-akr\u00fclaadi ristpol\u00fcmeer, l\u00f5hnaine, Cl 42051.<\/p>\n<p><strong>S\u00e4livusaeg:<\/strong> 5 aastat<\/p>\n","protected":false},"excerpt":{"rendered":"<p>PRO &amp; BIO Life sarja proiootiline k\u00e4tegeel on pehmetoimeline ja tagab k\u00e4te ideaalse kauakestva puhtuse.<\/p>\n","protected":false},"featured_media":14248,"comment_status":"open","ping_status":"closed","template":"","meta":{"_acf_changed":false},"factory":[],"free-shipment":[],"product_brand":[],"product_cat":[1286,344],"product_tag":[321],"class_list":{"0":"post-14250","1":"product","2":"type-product","3":"status-publish","4":"has-post-thumbnail","6":"product_cat-probiootilised-desinfitseerimisvahendid","7":"product_cat-keemia","8":"product_tag-disinfectant-et-2","10":"first","11":"instock","12":"sale","13":"taxable","14":"shipping-taxable","15":"purchasable","16":"product-type-simple"},"acf":[],"_links":{"self":[{"href":"https:\/\/factory.sale\/et\/wp-json\/wp\/v2\/product\/14250","targetHints":{"allow":["GET"]}}],"collection":[{"href":"https:\/\/factory.sale\/et\/wp-json\/wp\/v2\/product"}],"about":[{"href":"https:\/\/factory.sale\/et\/wp-json\/wp\/v2\/types\/product"}],"replies":[{"embeddable":true,"href":"https:\/\/factory.sale\/et\/wp-json\/wp\/v2\/comments?post=14250"}],"wp:featuredmedia":[{"embeddable":true,"href":"https:\/\/factory.sale\/et\/wp-json\/wp\/v2\/media\/14248"}],"wp:attachment":[{"href":"https:\/\/factory.sale\/et\/wp-json\/wp\/v2\/media?parent=14250"}],"wp:term":[{"taxonomy":"factory","embeddable":true,"href":"https:\/\/factory.sale\/et\/wp-json\/wp\/v2\/factory?post=14250"},{"taxonomy":"free-shipment","embeddable":true,"href":"https:\/\/factory.sale\/et\/wp-json\/wp\/v2\/free-shipment?post=14250"},{"taxonomy":"product_brand","embeddable":true,"href":"https:\/\/factory.sale\/et\/wp-json\/wp\/v2\/product_brand?post=14250"},{"taxonomy":"product_cat","embeddable":true,"href":"https:\/\/factory.sale\/et\/wp-json\/wp\/v2\/product_cat?post=14250"},{"taxonomy":"product_tag","embeddable":true,"href":"https:\/\/factory.sale\/et\/wp-json\/wp\/v2\/product_tag?post=14250"}],"curies":[{"name":"wp","href":"https:\/\/api.w.org\/{rel}","templated":true}]}}