{"id":142470,"date":"2026-03-16T14:44:53","date_gmt":"2026-03-16T11:58:21","guid":{"rendered":"https:\/\/factory.sale\/?post_type=product&#038;p=142470"},"modified":"2026-03-16T15:11:33","modified_gmt":"2026-03-16T12:11:33","slug":"grill-saunamaja-165-m%c2%b2","status":"publish","type":"product","link":"https:\/\/factory.sale\/et\/toode\/grill-saunamaja-165-m%c2%b2\/","title":{"rendered":"Grill\u2013saunamaja 16,5 m\u00b2"},"content":{"rendered":"<p>Grill\u2013saunamaja 16,5 m\u00b2 \u00fchendab endas P\u00f5hjamaise disaini, mugavuse ja funktsionaalsuse, muutes teie aia ainulaadseks koosviibimiskohaks. Erilise arhitektuuri ja avara sisemusega hoone saab kiiresti teie \u00f5ueala keskpunktiks ning k\u00f6idab nii naabrite kui ka k\u00fclaliste pilke.<br \/>\nSee maja on loodud meeldej\u00e4\u00e4vateks hetkedeks pere ja s\u00f5pradega. Hubases keskkonnas saate valmistada toitu, l\u00f5\u00f5gastuda ja veeta aega koos igal aastaajal. Keskne grilliala loob sooja ja kutsuva atmosf\u00e4\u00e4ri, kus on ideaalne valmistada maitsvaid roogasid ning nautida koos olemist.<br \/>\nLisaks praktilistele omadustele toob see grill- ja saunamaja igasse aeda, maakohta v\u00f5i kodu\u00f5uele erilise v\u00f5lu. See pakub m\u00f5nusat puhkekohta, kus t\u00e4iskasvanud saavad l\u00f5\u00f5gastuda, suhelda ja nautida autentseid saunaelamusi, samal ajal kui lapsed armastavad selle v\u00e4ikese majakese hubast ja m\u00e4ngulist atmosf\u00e4\u00e4ri.<br \/>\nOlgu see kasutusel pidustusteks, n\u00e4dalavahetuse koosviibimisteks v\u00f5i rahulikeks \u00f5htuteks \u00f5ues \u2013 Grill\u2013saunamaja 16,5 m\u00b2 loob meeldej\u00e4\u00e4vaid hetki ning muudab teie \u00f5ueala privaatseks puhke- ja meelelahutuskohaks.<\/p>\n<p>&nbsp;<\/p>\n<p><strong>Maja tarnitakse t\u00f6\u00f6tlemata ja v\u00e4rvimata kujul.<\/strong><\/p>\n<p>&nbsp;<\/p>\n<p>&nbsp;<\/p>\n<p><strong>Standardkomplekt:<\/strong><\/p>\n<ul>\n<li>2 ruumi: BBQ-ruum ja saunaruum<\/li>\n<li>P\u00f5randapaneelid, sirged seinad, bituumensindlitega kaetud katus<\/li>\n<li>Soojustatud katusepaneelid saunaruumis<\/li>\n<li>Pikendatav korsten<\/li>\n<li>2 kahekordse klaasiga akent grilliruumis (1 avatav)<\/li>\n<li>Puidust uks kuusnurkse klaasaknaga, puidust k\u00e4epide ja lukk<\/li>\n<li>Standardne BBQ-grill<\/li>\n<li>Grilli \u00fcmber paiknev laud<\/li>\n<li>BBQ-ruumi pingid istmepatjadega<\/li>\n<li>Toonitud karastatud klaasist siseuks BBQ- ja saunaruumi vahel<\/li>\n<li>Saunaruum saunalavadega, kerisekaitse piirde ja kuumakindlate kaitseplaatidega<\/li>\n<\/ul>\n<p>&nbsp;<\/p>\n<p><strong>Tehnilised andmed:<\/strong><\/p>\n<div class=\"TyagGW_tableContainer\">\n<div class=\"group TyagGW_tableWrapper flex flex-col-reverse w-fit\" tabindex=\"-1\">\n<table class=\"w-fit min-w-(--thread-content-width)\" style=\"height: 488px;\" width=\"747\" data-start=\"2193\" data-end=\"2731\">\n<thead data-start=\"2193\" data-end=\"2214\">\n<tr data-start=\"2193\" data-end=\"2214\">\n<th class=\"\" data-start=\"2193\" data-end=\"2203\" data-col-size=\"sm\"><\/th>\n<th class=\"\" data-start=\"2203\" data-end=\"2214\" data-col-size=\"md\"><\/th>\n<\/tr>\n<\/thead>\n<tbody data-start=\"2225\" data-end=\"2731\">\n<tr data-start=\"2225\" data-end=\"2254\">\n<td data-start=\"2225\" data-end=\"2237\" data-col-size=\"sm\">Mahutavus<\/td>\n<td data-start=\"2237\" data-end=\"2254\" data-col-size=\"md\">10\u201315 inimest<\/td>\n<\/tr>\n<tr data-start=\"2255\" data-end=\"2278\">\n<td data-start=\"2255\" data-end=\"2270\" data-col-size=\"sm\">Puitmaterjal<\/td>\n<td data-start=\"2270\" data-end=\"2278\" data-col-size=\"md\">M\u00e4nd<\/td>\n<\/tr>\n<tr data-start=\"2279\" data-end=\"2298\">\n<td data-start=\"2279\" data-end=\"2286\" data-col-size=\"sm\">Kuju<\/td>\n<td data-start=\"2286\" data-end=\"2298\" data-col-size=\"md\">8-nurkne<\/td>\n<\/tr>\n<tr data-start=\"2299\" data-end=\"2332\">\n<td data-start=\"2299\" data-end=\"2313\" data-col-size=\"sm\">V\u00e4lism\u00f5\u00f5dud<\/td>\n<td data-start=\"2313\" data-end=\"2332\" data-col-size=\"md\">4,53 m \u00d7 4,53 m<\/td>\n<\/tr>\n<tr data-start=\"2333\" data-end=\"2366\">\n<td data-start=\"2333\" data-end=\"2347\" data-col-size=\"sm\">Sise\u00adm\u00f5\u00f5dud<\/td>\n<td data-start=\"2347\" data-end=\"2366\" data-col-size=\"md\">5,03 m \u00d7 5,03 m<\/td>\n<\/tr>\n<tr data-start=\"2367\" data-end=\"2389\">\n<td data-start=\"2367\" data-end=\"2378\" data-col-size=\"sm\">Sisepind<\/td>\n<td data-start=\"2378\" data-end=\"2389\" data-col-size=\"md\">16,5 m\u00b2<\/td>\n<\/tr>\n<tr data-start=\"2390\" data-end=\"2415\">\n<td data-start=\"2390\" data-end=\"2405\" data-col-size=\"sm\">Seina k\u00f5rgus<\/td>\n<td data-start=\"2405\" data-end=\"2415\" data-col-size=\"md\">3,81 m<\/td>\n<\/tr>\n<tr data-start=\"2416\" data-end=\"2440\">\n<td data-start=\"2416\" data-end=\"2431\" data-col-size=\"sm\">Seina paksus<\/td>\n<td data-start=\"2431\" data-end=\"2440\" data-col-size=\"md\">45 mm<\/td>\n<\/tr>\n<tr data-start=\"2441\" data-end=\"2474\">\n<td data-start=\"2441\" data-end=\"2465\" data-col-size=\"sm\">P\u00f5randalaudade paksus<\/td>\n<td data-start=\"2465\" data-end=\"2474\" data-col-size=\"md\">18 mm<\/td>\n<\/tr>\n<tr data-start=\"2475\" data-end=\"2504\">\n<td data-start=\"2475\" data-end=\"2495\" data-col-size=\"sm\">Laelaudade paksus<\/td>\n<td data-start=\"2495\" data-end=\"2504\" data-col-size=\"md\">18 mm<\/td>\n<\/tr>\n<tr data-start=\"2505\" data-end=\"2547\">\n<td data-start=\"2505\" data-end=\"2522\" data-col-size=\"sm\">Katusematerjal<\/td>\n<td data-start=\"2522\" data-end=\"2547\" data-col-size=\"md\">Soome bituumensindlid<\/td>\n<\/tr>\n<tr data-start=\"2548\" data-end=\"2623\">\n<td data-start=\"2548\" data-end=\"2562\" data-col-size=\"sm\">Sauna aknad<\/td>\n<td data-start=\"2562\" data-end=\"2623\" data-col-size=\"md\">2 tk kahekordse klaasiga kuusnurkset akent (512 \u00d7 442 mm)<\/td>\n<\/tr>\n<tr data-start=\"2624\" data-end=\"2662\">\n<td data-start=\"2624\" data-end=\"2646\" data-col-size=\"sm\">Grillmaja akna m\u00f5\u00f5t<\/td>\n<td data-start=\"2646\" data-end=\"2662\" data-col-size=\"md\">880 \u00d7 510 mm<\/td>\n<\/tr>\n<tr data-start=\"2663\" data-end=\"2701\">\n<td data-start=\"2663\" data-end=\"2669\" data-col-size=\"sm\">Uks<\/td>\n<td data-start=\"2669\" data-end=\"2701\" data-col-size=\"md\">Liimpuidust m\u00e4nnipuidust uks<\/td>\n<\/tr>\n<tr data-start=\"2702\" data-end=\"2731\">\n<td data-start=\"2702\" data-end=\"2714\" data-col-size=\"sm\">Ukse m\u00f5\u00f5t<\/td>\n<td data-start=\"2714\" data-end=\"2731\" data-col-size=\"md\">780 \u00d7 1760 mm<\/td>\n<\/tr>\n<\/tbody>\n<\/table>\n<\/div>\n<\/div>\n<p>&nbsp;<\/p>\n<p>&nbsp;<\/p>\n<p><strong>Transpordiinfo:<\/strong><\/p>\n<p>Maja tarnitakse alusel.<br \/>\nAluse m\u00f5\u00f5tmed (L \u00d7 P \u00d7 K):<\/p>\n<ul>\n<li>1 alus (1,2 \u00d7 3,5 \u00d7 2,6 m) \u2013 1800 kg<\/li>\n<li>1 alus (1,2 \u00d7 2,45 \u00d7 2,6 m) \u2013 400 kg<\/li>\n<\/ul>\n<p>&nbsp;<\/p>\n<p><strong>Katuse v\u00e4rv:<\/strong><\/p>\n<p>Must, Roheline, Punane, Hall<\/p>\n<p><img loading=\"lazy\" decoding=\"async\" class=\"alignnone wp-image-141885\" src=\"https:\/\/factory.sale\/wp-content\/uploads\/2026\/03\/Roof-woodenme-factory-sale-300x70.png\" sizes=\"auto, (max-width: 467px) 100vw, 467px\" srcset=\"https:\/\/factory.sale\/wp-content\/uploads\/2026\/03\/Roof-woodenme-factory-sale-300x70.png 300w, https:\/\/factory.sale\/wp-content\/uploads\/2026\/03\/Roof-woodenme-factory-sale-150x35.png 150w, https:\/\/factory.sale\/wp-content\/uploads\/2026\/03\/Roof-woodenme-factory-sale-600x139.png 600w, https:\/\/factory.sale\/wp-content\/uploads\/2026\/03\/Roof-woodenme-factory-sale.png 742w\" alt=\"\" width=\"467\" height=\"109\" \/><\/p>\n<p>&nbsp;<\/p>\n<p>&nbsp;<\/p>\n<p><strong>BBQ-grill ja korsten:<\/strong><\/p>\n<ul>\n<li>Standard- Tulekolle k\u00fclmvaltsitud terasest, kaetud kuumakindla musta v\u00e4rviga (RAL 9005). Suitsukuppel ja grillikorpus k\u00fclmvaltsitud terasest, kaetud kuumakindla pruuni v\u00e4rviga (RAL 8019). K\u00fcpsetusrestid roostevabast terasest.<strong> 0 \u20ac (hinna sees)<\/strong><\/li>\n<li>Luxury- Grillikorpus 1 mm terasest, tulekolle ja restik\u00e4epidemed 2 mm terasest, tuhasahtel 5 mm Corten-terasest. Suitsukuppel 0,9 mm tsingitud terasest. Pulberv\u00e4rvitud kuumakindla musta mattv\u00e4rviga (RAL 9005). <strong>+ 528 \u20ac<\/strong><\/li>\n<li>Flame- Eemaldatav BBQ-rest, k\u00fcpsetusrestid ja muud osad roostevabast terasest. Grill v\u00e4rvitud Tikkurila kuumakindla TEMAL 400 v\u00e4rviga (kuni 400 \u00b0C). <strong>+ 660 \u20ac<\/strong><\/li>\n<li>Large Flame- Suur grill koos \u00fcmber oleva lauaga ja pikendatava korstnaga. <strong>+ 924 \u20ac<\/strong><\/li>\n<li>Luxury BBQ laud &#8211; Liimpuidust luksuslik grillilaud standardse kokkupandava laua asemel.<strong> + 108 \u20ac<\/strong><\/li>\n<li>Suitsueemaldi<strong> + 528 \u20ac<\/strong><\/li>\n<\/ul>\n<p>&nbsp;<\/p>\n<p><strong>Padjakomplekt:<\/strong><\/p>\n<ul>\n<li>Sinine 0 \u20ac<\/li>\n<li>Pruun 0 \u20ac<\/li>\n<li>Luxury padjakomplekt +132 \u20ac<\/li>\n<\/ul>\n<p>&nbsp;<\/p>\n<p><strong>Aknad:<\/strong><\/p>\n<ul>\n<li>Katus aknaga +198 \u20ac<\/li>\n<li>Katuseaken +594 \u20ac<\/li>\n<li>Kardin +34 \u20ac<\/li>\n<\/ul>\n<p>&nbsp;<\/p>\n<p>&nbsp;<\/p>\n<p><strong>Grillmajade lisatarvikud:<\/strong><\/p>\n<ul>\n<li>Grillilaua turvapiire +96 \u20ac<\/li>\n<li>BBQ-lauakate +20,40 \u20ac<\/li>\n<li>K\u00fcttepuude hoidja +90 \u20ac<\/li>\n<li>Roostevabast terasest ukse l\u00e4vepakk +20,40 \u20ac<\/li>\n<li>Sahtel +66 \u20ac<\/li>\n<li>P\u00f5dranahad +96 \u20ac<\/li>\n<li>Riiul +20,40 \u20ac<\/li>\n<li>P\u00f5drasarved +30 \u20ac<\/li>\n<\/ul>\n<p>&nbsp;<\/p>\n<p>&nbsp;<\/p>\n<p><strong>Avatavad aknad:<\/strong><\/p>\n<ul>\n<li>1 kahest (standard) 0 \u20ac<\/li>\n<li>2 kahest +84 \u20ac<\/li>\n<\/ul>\n<p>&nbsp;<\/p>\n<p><strong>Soojustatud katus + 726 \u20ac<\/strong><\/p>\n<p>&nbsp;<\/p>\n<p><strong>P\u00f5randa valikud:<\/strong><\/p>\n<ul>\n<li>Standardp\u00f5rand 18 mm 0 \u20ac<\/li>\n<li>Luksusp\u00f5rand 28 mm +396 \u20ac<\/li>\n<li>Soojustatud luksusp\u00f5rand 28 mm +582 \u20ac<\/li>\n<li>Soojustatud luksusp\u00f5rand \u00f5huventilatsiooniga 28 mm +780 \u20ac<\/li>\n<\/ul>\n<p>&nbsp;<\/p>\n<p><strong>Valgustus:<\/strong><\/p>\n<ul>\n<li>Saunalamp +39,60 \u20ac<\/li>\n<li>Saunalambi kate +42 \u20ac<\/li>\n<\/ul>\n<p>&nbsp;<\/p>\n<p><strong>Elektrikerised:<\/strong><\/p>\n<ul>\n<li>Harvia Trendi KIP80 8 kW +514,80 \u20ac<\/li>\n<li>Harvia Cilindro X WiFi-ga +1260 \u20ac<\/li>\n<li>Harvia Club WiFi-ga +2160 \u20ac<\/li>\n<li>Huum Drop 9 kW +2184 \u20ac<\/li>\n<li>Huum Hive Mini 9 kW +2880 \u20ac<\/li>\n<\/ul>\n<p>&nbsp;<\/p>\n<p>&nbsp;<\/p>\n<p><strong>Saunatarvikud:<\/strong><\/p>\n<ul>\n<li>Puidust \u00e4mber +39,60 \u20ac<\/li>\n<li>Puidust kulp +13,20 \u20ac<\/li>\n<li>Termomeeter-h\u00fcgromeeter +39,60 \u20ac<\/li>\n<li>Kerisekaitse piire +52,80 \u20ac<\/li>\n<li>Seljatugi (2 tk) +105,60 \u20ac<\/li>\n<li>Riidenagi +10,80 \u20ac<\/li>\n<li>Peatugi +33,60 \u20ac<\/li>\n<\/ul>\n<p>&nbsp;<\/p>\n<p><video style=\"max-width: 100%; height: auto; display: block;\" preload=\"auto\" autoplay=\"autoplay\" loop=\"loop\" muted=\"\" controls=\"controls\" width=\"1500\" height=\"3750\"><source src=\"https:\/\/factory.sale\/wp-content\/uploads\/2026\/03\/VID_20200513_113117.mp4\" type=\"video\/mp4\" \/>Your browser does not support the video tag.<br \/>\n&lt;\/video&lt;<\/video><\/p>\n","protected":false},"excerpt":{"rendered":"<p>Grill\u2013saunamaja 16,5 m\u00b2 on muljetavaldava ilu ja disainiga hoone. See saunamaja t\u00f5mbab kindlasti naabrite, k\u00fclaliste ja ka juhuslike m\u00f6\u00f6dujate t\u00e4helepanu. Selline grillmaja aias, talukompleksis v\u00f5i lihtsalt kodu k\u00f5rval j\u00e4\u00e4b alati m\u00f6\u00f6dujatele silma ning pakub teile v\u00f5imalust nautida m\u00f5nusaid koosviibimisi. Lisaks pakub see hubane grillmaja r\u00f5\u00f5mu mitte ainult t\u00e4iskasvanutele, vaid ka lastele.<\/p>\n","protected":false},"featured_media":142464,"comment_status":"open","ping_status":"closed","template":"","meta":{"_acf_changed":false},"factory":[],"free-shipment":[],"product_brand":[],"product_cat":[826,5033],"product_tag":[],"class_list":{"0":"post-142470","1":"product","2":"type-product","3":"status-publish","4":"has-post-thumbnail","6":"product_cat-saunas-et","7":"product_cat-saunamajad","8":"pa_roofing-material-hall","9":"pa_roofing-material-must","10":"pa_roofing-material-punane","11":"pa_roofing-material-roheline","13":"first","14":"instock","15":"sale","16":"taxable","17":"shipping-taxable","18":"purchasable","19":"product-type-variable"},"acf":[],"_links":{"self":[{"href":"https:\/\/factory.sale\/et\/wp-json\/wp\/v2\/product\/142470","targetHints":{"allow":["GET"]}}],"collection":[{"href":"https:\/\/factory.sale\/et\/wp-json\/wp\/v2\/product"}],"about":[{"href":"https:\/\/factory.sale\/et\/wp-json\/wp\/v2\/types\/product"}],"replies":[{"embeddable":true,"href":"https:\/\/factory.sale\/et\/wp-json\/wp\/v2\/comments?post=142470"}],"wp:featuredmedia":[{"embeddable":true,"href":"https:\/\/factory.sale\/et\/wp-json\/wp\/v2\/media\/142464"}],"wp:attachment":[{"href":"https:\/\/factory.sale\/et\/wp-json\/wp\/v2\/media?parent=142470"}],"wp:term":[{"taxonomy":"factory","embeddable":true,"href":"https:\/\/factory.sale\/et\/wp-json\/wp\/v2\/factory?post=142470"},{"taxonomy":"free-shipment","embeddable":true,"href":"https:\/\/factory.sale\/et\/wp-json\/wp\/v2\/free-shipment?post=142470"},{"taxonomy":"product_brand","embeddable":true,"href":"https:\/\/factory.sale\/et\/wp-json\/wp\/v2\/product_brand?post=142470"},{"taxonomy":"product_cat","embeddable":true,"href":"https:\/\/factory.sale\/et\/wp-json\/wp\/v2\/product_cat?post=142470"},{"taxonomy":"product_tag","embeddable":true,"href":"https:\/\/factory.sale\/et\/wp-json\/wp\/v2\/product_tag?post=142470"}],"curies":[{"name":"wp","href":"https:\/\/api.w.org\/{rel}","templated":true}]}}