{"id":142314,"date":"2026-03-14T23:03:10","date_gmt":"2026-03-15T11:25:14","guid":{"rendered":"https:\/\/factory.sale\/?post_type=product&#038;p=142314"},"modified":"2026-03-15T14:34:50","modified_gmt":"2026-03-15T11:34:50","slug":"saunamaja-92-m%c2%b2","status":"publish","type":"product","link":"https:\/\/factory.sale\/et\/toode\/saunamaja-92-m%c2%b2\/","title":{"rendered":"Saunamaja 9,2 m\u00b2"},"content":{"rendered":"<p>Saunamaja 9,2 m\u00b2 standardkomplekti kuuluvad sirged seinad, eraldi p\u00f5randapaneelid, soojustatud katusepaneelid bituumensindlitega, kahekordse klaasiga kuusnurksed aknad, puidust uks kahekordse klaasiga kuusnurkse aknaga, puidust k\u00e4epide ja lukk, saunalavad, seljatoed, kerisekaitse piire, kuumakindlad kaitseplaadid kerise \u00fcmbruses ning eesruumiga saunades ka toonitud karastatud klaasist siseuks.<\/p>\n<p>&nbsp;<\/p>\n<p>&nbsp;<\/p>\n<p><strong>Standardkomplekt sisaldab:<\/strong><\/p>\n<ul>\n<li>P\u00f5randalauad<\/li>\n<li>Sirged seinaelemendid<\/li>\n<li>Soojustatud katus kaetud bituumensindlitega<\/li>\n<li>1 tk kahekordse klaasiga kuusnurkne aken<\/li>\n<li>Puidust uks kahekordse klaasiga kuusnurkse aknaga, puidust k\u00e4epide ja lukk<\/li>\n<li>Saunalavad<\/li>\n<li>Kuumakindlad kaitseplaadid kerise \u00fcmbruses<\/li>\n<\/ul>\n<p>&nbsp;<\/p>\n<p>&nbsp;<\/p>\n<p><strong>Tehnilised andmed:<\/strong><\/p>\n<div class=\"TyagGW_tableContainer\">\n<div class=\"group TyagGW_tableWrapper flex flex-col-reverse w-fit\" tabindex=\"-1\">\n<table class=\"w-fit min-w-(--thread-content-width)\" style=\"height: 485px;\" width=\"662\" data-start=\"777\" data-end=\"1286\">\n<thead data-start=\"777\" data-end=\"798\">\n<tr data-start=\"777\" data-end=\"798\">\n<th class=\"\" data-start=\"777\" data-end=\"787\" data-col-size=\"sm\"><\/th>\n<th class=\"\" data-start=\"787\" data-end=\"798\" data-col-size=\"md\"><\/th>\n<\/tr>\n<\/thead>\n<tbody data-start=\"809\" data-end=\"1286\">\n<tr data-start=\"809\" data-end=\"838\">\n<td data-start=\"809\" data-end=\"821\" data-col-size=\"sm\">Mahutavus<\/td>\n<td data-start=\"821\" data-end=\"838\" data-col-size=\"md\">10\u201312 inimest<\/td>\n<\/tr>\n<tr data-start=\"839\" data-end=\"862\">\n<td data-start=\"839\" data-end=\"854\" data-col-size=\"sm\">Puitmaterjal<\/td>\n<td data-start=\"854\" data-end=\"862\" data-col-size=\"md\">M\u00e4nd<\/td>\n<\/tr>\n<tr data-start=\"863\" data-end=\"894\">\n<td data-start=\"863\" data-end=\"870\" data-col-size=\"sm\">Kuju<\/td>\n<td data-start=\"870\" data-end=\"894\" data-col-size=\"md\">Kuusnurkne (6 nurka)<\/td>\n<\/tr>\n<tr data-start=\"895\" data-end=\"929\">\n<td data-start=\"895\" data-end=\"910\" data-col-size=\"sm\">V\u00e4lism\u00f5\u00f5tmed<\/td>\n<td data-start=\"910\" data-end=\"929\" data-col-size=\"md\">3,77 m \u00d7 3,27 m<\/td>\n<\/tr>\n<tr data-start=\"930\" data-end=\"963\">\n<td data-start=\"930\" data-end=\"944\" data-col-size=\"sm\">Sisem\u00f5\u00f5tmed<\/td>\n<td data-start=\"944\" data-end=\"963\" data-col-size=\"md\">3,82 m \u00d7 4,41 m<\/td>\n<\/tr>\n<tr data-start=\"964\" data-end=\"985\">\n<td data-start=\"964\" data-end=\"975\" data-col-size=\"sm\">Sisepind<\/td>\n<td data-start=\"975\" data-end=\"985\" data-col-size=\"md\">9,2 m\u00b2<\/td>\n<\/tr>\n<tr data-start=\"986\" data-end=\"1011\">\n<td data-start=\"986\" data-end=\"1001\" data-col-size=\"sm\">Seina k\u00f5rgus<\/td>\n<td data-start=\"1001\" data-end=\"1011\" data-col-size=\"md\">3,51 m<\/td>\n<\/tr>\n<tr data-start=\"1012\" data-end=\"1036\">\n<td data-start=\"1012\" data-end=\"1027\" data-col-size=\"sm\">Seina paksus<\/td>\n<td data-start=\"1027\" data-end=\"1036\" data-col-size=\"md\">45 mm<\/td>\n<\/tr>\n<tr data-start=\"1037\" data-end=\"1070\">\n<td data-start=\"1037\" data-end=\"1061\" data-col-size=\"sm\">P\u00f5randalaudade paksus<\/td>\n<td data-start=\"1061\" data-end=\"1070\" data-col-size=\"md\">18 mm<\/td>\n<\/tr>\n<tr data-start=\"1071\" data-end=\"1100\">\n<td data-start=\"1071\" data-end=\"1091\" data-col-size=\"sm\">Laepaneeli paksus<\/td>\n<td data-start=\"1091\" data-end=\"1100\" data-col-size=\"md\">18 mm<\/td>\n<\/tr>\n<tr data-start=\"1101\" data-end=\"1139\">\n<td data-start=\"1101\" data-end=\"1114\" data-col-size=\"sm\">Katusekate<\/td>\n<td data-start=\"1114\" data-end=\"1139\" data-col-size=\"md\">Soome bituumensindlid<\/td>\n<\/tr>\n<tr data-start=\"1140\" data-end=\"1194\">\n<td data-start=\"1140\" data-end=\"1148\" data-col-size=\"sm\">Aknad<\/td>\n<td data-start=\"1148\" data-end=\"1194\" data-col-size=\"md\">2 tk kahekordse klaasiga kuusnurkset akent<\/td>\n<\/tr>\n<tr data-start=\"1195\" data-end=\"1223\">\n<td data-start=\"1195\" data-end=\"1207\" data-col-size=\"sm\">Akna m\u00f5\u00f5t<\/td>\n<td data-start=\"1207\" data-end=\"1223\" data-col-size=\"md\">512 \u00d7 442 mm<\/td>\n<\/tr>\n<tr data-start=\"1224\" data-end=\"1256\">\n<td data-start=\"1224\" data-end=\"1230\" data-col-size=\"sm\">Uks<\/td>\n<td data-start=\"1230\" data-end=\"1256\" data-col-size=\"md\">Liimpuidust (m\u00e4nd) uks<\/td>\n<\/tr>\n<tr data-start=\"1257\" data-end=\"1286\">\n<td data-start=\"1257\" data-end=\"1269\" data-col-size=\"sm\">Ukse m\u00f5\u00f5t<\/td>\n<td data-start=\"1269\" data-end=\"1286\" data-col-size=\"md\">780 \u00d7 1760 mm<\/td>\n<\/tr>\n<\/tbody>\n<\/table>\n<\/div>\n<\/div>\n<p>&nbsp;<\/p>\n<p><strong>Transpordiinfo:<\/strong><\/p>\n<p>Saun tarnitakse kaubaalusel.<br \/>\nKaubaaluse m\u00f5\u00f5t (L \u00d7 P \u00d7 K):<\/p>\n<ul>\n<li>(1,2 \u00d7 2,45 \u00d7 2,6 m) \u2013 1100 kg +<\/li>\n<li>\u00a0(1,2 \u00d7 2,45 \u00d7 2,6 m) \u2013 300 kg<\/li>\n<\/ul>\n<p>&nbsp;<\/p>\n<p>&nbsp;<\/p>\n<p><strong>Katuse v\u00e4rv:<\/strong><\/p>\n<p>Must, Roheline, Punane, Hall<\/p>\n<p><img loading=\"lazy\" decoding=\"async\" class=\"alignnone wp-image-141885\" src=\"https:\/\/factory.sale\/wp-content\/uploads\/2026\/03\/Roof-woodenme-factory-sale-300x70.png\" sizes=\"auto, (max-width: 467px) 100vw, 467px\" srcset=\"https:\/\/factory.sale\/wp-content\/uploads\/2026\/03\/Roof-woodenme-factory-sale-300x70.png 300w, https:\/\/factory.sale\/wp-content\/uploads\/2026\/03\/Roof-woodenme-factory-sale-150x35.png 150w, https:\/\/factory.sale\/wp-content\/uploads\/2026\/03\/Roof-woodenme-factory-sale-600x139.png 600w, https:\/\/factory.sale\/wp-content\/uploads\/2026\/03\/Roof-woodenme-factory-sale.png 742w\" alt=\"\" width=\"467\" height=\"109\" \/><\/p>\n<p>&nbsp;<\/p>\n<p>&nbsp;<\/p>\n<p><strong>P\u00f5randa valikud:<\/strong><\/p>\n<ul>\n<li>Standardp\u00f5rand 18 mm \u00a00 \u20ac<\/li>\n<li>Luksusp\u00f5rand 28 mm +198 \u20ac<\/li>\n<li>Soojustatud luksusp\u00f5rand 28 mm \u00a0+306 \u20ac<\/li>\n<\/ul>\n<p>&nbsp;<\/p>\n<p><strong>Valgustus:<\/strong><\/p>\n<ul>\n<li>Saunalamp \u00a0+39,60 \u20ac<\/li>\n<li>Saunalambi kate \u00a0+42 \u20ac<\/li>\n<\/ul>\n<p>&nbsp;<\/p>\n<p><strong>Elektrikerised:<\/strong><\/p>\n<ul>\n<li>Huum Drop 9,0 kW elektrikeris \u00a0+2184 \u20ac<\/li>\n<li>Huum Hive Mini 9,0 kW elektrikeris \u00a0+2880 \u20ac<\/li>\n<li>Harvia Club elektrikeris WiFi-ga \u00a0+2160 \u20ac<\/li>\n<li>Harvia Cilindro X elektrikeris WiFi-ga \u00a0+1260 \u20ac<\/li>\n<\/ul>\n<p>&nbsp;<\/p>\n<p><strong>Puuk\u00fcttega kerised:<\/strong><\/p>\n<ul>\n<li>Harvia Pro 20, 24,1 kW \u00a0+1320 \u20ac<\/li>\n<li>Harvia 20 Pro SL (v\u00e4ljast k\u00f6etav) \u00a0+1452 \u20ac<\/li>\n<li>Veepaak 24 liitrit \u00a0+204 \u20ac<\/li>\n<li>CE-sertifikaadiga korsten standardkorstna asemel +198 \u20ac<\/li>\n<\/ul>\n<p>&nbsp;<\/p>\n<p><strong>Saunatarvikud:<\/strong><\/p>\n<ul>\n<li>Puidust \u00e4mber +39,60 \u20ac<\/li>\n<li>Puidust kulp \u2013 +13,20 \u20ac<\/li>\n<li>Termomeeter-h\u00fcgromeeter \u00a0+39,60 \u20ac<\/li>\n<li>Kerise kaitsepiire \u00a0+52,80 \u20ac<\/li>\n<li>Seljatugi (2 tk) \u00a0+105,60 \u20ac<\/li>\n<li>Riidenagi \u00a0+10,80 \u20ac<\/li>\n<li>Peatugi \u00a0+33,60 \u20ac<\/li>\n<\/ul>\n","protected":false},"excerpt":{"rendered":"<p>Loo oma isiklik wellness-ala enda aeda koos meie saunamajaga \u00a0\u2013 ruumikas ja kaunilt valmistatud v\u00e4lisaun, mis on loodud l\u00f5\u00f5gastumiseks, mugavuseks ja autentsete saunaelamuste nautimiseks. T\u00e4nu avarale sisemusele on see saun ideaalne traditsiooniliste sauna\u00f5htute veetmiseks pere ja s\u00f5pradega.<\/p>\n","protected":false},"featured_media":142312,"comment_status":"open","ping_status":"closed","template":"","meta":{"_acf_changed":false},"factory":[],"free-shipment":[],"product_brand":[],"product_cat":[826,5033],"product_tag":[1908,811,831],"class_list":{"0":"post-142314","1":"product","2":"type-product","3":"status-publish","4":"has-post-thumbnail","6":"product_cat-saunas-et","7":"product_cat-saunamajad","8":"product_tag-outdoor-sauna-et","9":"product_tag-sauna-et","10":"product_tag-sauna-house-et","11":"pa_roofing-material-hall","12":"pa_roofing-material-must","13":"pa_roofing-material-punane","14":"pa_roofing-material-roheline","16":"first","17":"instock","18":"sale","19":"taxable","20":"shipping-taxable","21":"purchasable","22":"product-type-variable"},"acf":[],"_links":{"self":[{"href":"https:\/\/factory.sale\/et\/wp-json\/wp\/v2\/product\/142314","targetHints":{"allow":["GET"]}}],"collection":[{"href":"https:\/\/factory.sale\/et\/wp-json\/wp\/v2\/product"}],"about":[{"href":"https:\/\/factory.sale\/et\/wp-json\/wp\/v2\/types\/product"}],"replies":[{"embeddable":true,"href":"https:\/\/factory.sale\/et\/wp-json\/wp\/v2\/comments?post=142314"}],"wp:featuredmedia":[{"embeddable":true,"href":"https:\/\/factory.sale\/et\/wp-json\/wp\/v2\/media\/142312"}],"wp:attachment":[{"href":"https:\/\/factory.sale\/et\/wp-json\/wp\/v2\/media?parent=142314"}],"wp:term":[{"taxonomy":"factory","embeddable":true,"href":"https:\/\/factory.sale\/et\/wp-json\/wp\/v2\/factory?post=142314"},{"taxonomy":"free-shipment","embeddable":true,"href":"https:\/\/factory.sale\/et\/wp-json\/wp\/v2\/free-shipment?post=142314"},{"taxonomy":"product_brand","embeddable":true,"href":"https:\/\/factory.sale\/et\/wp-json\/wp\/v2\/product_brand?post=142314"},{"taxonomy":"product_cat","embeddable":true,"href":"https:\/\/factory.sale\/et\/wp-json\/wp\/v2\/product_cat?post=142314"},{"taxonomy":"product_tag","embeddable":true,"href":"https:\/\/factory.sale\/et\/wp-json\/wp\/v2\/product_tag?post=142314"}],"curies":[{"name":"wp","href":"https:\/\/api.w.org\/{rel}","templated":true}]}}