{"id":142289,"date":"2026-03-14T22:07:25","date_gmt":"2026-03-14T19:33:42","guid":{"rendered":"https:\/\/factory.sale\/?post_type=product&#038;p=142289"},"modified":"2026-03-14T22:37:45","modified_gmt":"2026-03-14T19:37:45","slug":"saunamaja-70-m%c2%b2","status":"publish","type":"product","link":"https:\/\/factory.sale\/et\/toode\/saunamaja-70-m%c2%b2\/","title":{"rendered":"Saunamaja 7,0 m\u00b2"},"content":{"rendered":"<p>Too oma aeda autentne P\u00f5hjamaine heaolu selle saunamajaga 7,0 m\u00b2 \u2013 ruumikas ja kaunilt valmistatud v\u00e4lisaun, mis on loodud t\u00f5eliseks l\u00f5\u00f5gastumiseks. Mahutades 8\u201310 inimest, sobib see saun suurep\u00e4raselt pere kogunemisteks, sauna\u00f5htuteks s\u00f5pradega v\u00f5i luksusliku wellness-nurga loomiseks oma koduaeda.<br \/>\nSaun on valmistatud kvaliteetsest m\u00e4nnipuidust, mille 45 mm paksused seinad tagavad suurep\u00e4rase soojapidavuse ja vastupidavuse v\u00e4listingimustes. Hoolikalt projekteeritud soojustatud katusekonstruktsioon, milles kasutatakse kivivilla ning kaitseks bituumensindleid, tagab usaldusv\u00e4\u00e4rse toimimise ja pikaajalise kaitse ilmastiku eest.<br \/>\nSuured kahekordse klaasiga kuusnurksed aknad annavad saunale iseloomuliku P\u00f5hjamaise v\u00e4limuse ning lasevad loomulikul valgusel sauna sisse paista. Puidust uks kuusnurkse klaasaknaga, k\u00e4epideme ja lukuga t\u00e4iendab disaini ning muudab saunamaja v\u00e4limuse terviklikuks.<br \/>\nSauna sisemuses loovad mugavad saunalavad ja ergonoomilised seljatoed m\u00f5nusa l\u00f5\u00f5gastava atmosf\u00e4\u00e4ri, samal ajal kui kerisekaitse piire ja kuumakindlad kaitsepaneelid tagavad sauna ohutu kasutamise.<br \/>\n7,0 m\u00b2 sisepinnaga saun pakub piisavalt ruumi traditsiooniliste saunarituaalide nautimiseks koos pere ja s\u00f5pradega, s\u00e4ilitades samal ajal hubase ja sooja atmosf\u00e4\u00e4ri.<\/p>\n<p>&nbsp;<\/p>\n<p>&nbsp;<\/p>\n<p><strong>Standardkomplekt sisaldab:<\/strong><\/p>\n<ul>\n<li>P\u00f5randapaneelid<\/li>\n<li>Seinad<\/li>\n<li>Soojustatud katusepaneelid bituumensindlitega<\/li>\n<li>Kahekordse klaasiga kuusnurksed aknad<\/li>\n<li>Puidust uks kahekordse klaasiga kuusnurkse aknaga, k\u00e4epide ja lukk<\/li>\n<li>Saunalavad ja seljatoed<\/li>\n<li>Kerisepiire<\/li>\n<li>Kuumakindlad kaitseplaadid kerise \u00fcmbruses<\/li>\n<\/ul>\n<p>&nbsp;<\/p>\n<p>&nbsp;<\/p>\n<p><strong>Tehnilised andmed:<\/strong><\/p>\n<div class=\"TyagGW_tableContainer\">\n<div class=\"group TyagGW_tableWrapper flex flex-col-reverse w-fit\" tabindex=\"-1\">\n<table class=\"w-fit min-w-(--thread-content-width)\" data-start=\"1694\" data-end=\"2041\">\n<thead data-start=\"1694\" data-end=\"1715\">\n<tr data-start=\"1694\" data-end=\"1715\">\n<th class=\"\" data-start=\"1694\" data-end=\"1704\" data-col-size=\"sm\"><\/th>\n<th class=\"\" data-start=\"1704\" data-end=\"1715\" data-col-size=\"lg\"><\/th>\n<\/tr>\n<\/thead>\n<tbody data-start=\"1726\" data-end=\"2041\">\n<tr data-start=\"1726\" data-end=\"1749\">\n<td data-start=\"1726\" data-end=\"1741\" data-col-size=\"sm\">Inimeste arv<\/td>\n<td data-start=\"1741\" data-end=\"1749\" data-col-size=\"lg\">8\u201310<\/td>\n<\/tr>\n<tr data-start=\"1750\" data-end=\"1771\">\n<td data-start=\"1750\" data-end=\"1761\" data-col-size=\"sm\">Sisepind<\/td>\n<td data-start=\"1761\" data-end=\"1771\" data-col-size=\"lg\">7,0 m\u00b2<\/td>\n<\/tr>\n<tr data-start=\"1772\" data-end=\"1795\">\n<td data-start=\"1772\" data-end=\"1787\" data-col-size=\"sm\">Puitmaterjal<\/td>\n<td data-start=\"1787\" data-end=\"1795\" data-col-size=\"lg\">M\u00e4nd<\/td>\n<\/tr>\n<tr data-start=\"1796\" data-end=\"1820\">\n<td data-start=\"1796\" data-end=\"1811\" data-col-size=\"sm\">Seina paksus<\/td>\n<td data-start=\"1811\" data-end=\"1820\" data-col-size=\"lg\">45 mm<\/td>\n<\/tr>\n<tr data-start=\"1821\" data-end=\"1847\">\n<td data-start=\"1821\" data-end=\"1838\" data-col-size=\"sm\">P\u00f5randa paksus<\/td>\n<td data-start=\"1838\" data-end=\"1847\" data-col-size=\"lg\">18 mm<\/td>\n<\/tr>\n<tr data-start=\"1848\" data-end=\"1889\">\n<td data-start=\"1848\" data-end=\"1861\" data-col-size=\"sm\">Sauna aken<\/td>\n<td data-start=\"1861\" data-end=\"1889\" data-col-size=\"lg\">Kuusnurkne, 512 \u00d7 442 mm<\/td>\n<\/tr>\n<tr data-start=\"1890\" data-end=\"1919\">\n<td data-start=\"1890\" data-end=\"1902\" data-col-size=\"sm\">Ukse m\u00f5\u00f5t<\/td>\n<td data-start=\"1902\" data-end=\"1919\" data-col-size=\"lg\">780 \u00d7 1760 mm<\/td>\n<\/tr>\n<tr data-start=\"1920\" data-end=\"2041\">\n<td data-start=\"1920\" data-end=\"1928\" data-col-size=\"sm\">Katus<\/td>\n<td data-start=\"1928\" data-end=\"2041\" data-col-size=\"lg\">18 mm m\u00e4nnipuidust v\u00e4lisvooder + 14 mm lepa\/p\u00e4rna siselaudis, vahel 50 mm kivivill, kaetud bituumensindlitega<\/td>\n<\/tr>\n<\/tbody>\n<\/table>\n<\/div>\n<\/div>\n<p>&nbsp;<\/p>\n<p>&nbsp;<\/p>\n<p><strong>Transpordiinfo:<\/strong><\/p>\n<ul>\n<li>Pakend: KIT 1 pakend (3,55 \u00d7 1,20 \u00d7 2,60 m)<\/li>\n<li>Kaal: 1445 kg<\/li>\n<\/ul>\n<p>&nbsp;<\/p>\n<p><strong>Katuse v\u00e4rv:<\/strong><\/p>\n<p>Must, Roheline, Punane, Hall<\/p>\n<p><img loading=\"lazy\" decoding=\"async\" class=\"alignnone wp-image-141885\" src=\"https:\/\/factory.sale\/wp-content\/uploads\/2026\/03\/Roof-woodenme-factory-sale-300x70.png\" alt=\"\" width=\"467\" height=\"109\" srcset=\"https:\/\/factory.sale\/wp-content\/uploads\/2026\/03\/Roof-woodenme-factory-sale-300x70.png 300w, https:\/\/factory.sale\/wp-content\/uploads\/2026\/03\/Roof-woodenme-factory-sale-150x35.png 150w, https:\/\/factory.sale\/wp-content\/uploads\/2026\/03\/Roof-woodenme-factory-sale-600x139.png 600w, https:\/\/factory.sale\/wp-content\/uploads\/2026\/03\/Roof-woodenme-factory-sale.png 742w\" sizes=\"auto, (max-width: 467px) 100vw, 467px\" \/><\/p>\n<p>&nbsp;<\/p>\n<p>&nbsp;<\/p>\n<p><strong>P\u00f5randa valikud:<\/strong><\/p>\n<ul>\n<li>Standardp\u00f5rand 18 mm \u00a00 \u20ac<\/li>\n<li>Luksusp\u00f5rand 28 mm \u00a0+198 \u20ac<\/li>\n<li>Soojustatud luksusp\u00f5rand 28 mm \u00a0+294 \u20ac<\/li>\n<\/ul>\n<p>&nbsp;<\/p>\n<p><strong>Valgustus:<\/strong><\/p>\n<ul>\n<li>Saunalamp \u00a0+39,60 \u20ac<\/li>\n<li>Saunalambi kate \u00a0+42 \u20ac<\/li>\n<\/ul>\n<p>&nbsp;<\/p>\n<p>&nbsp;<\/p>\n<p><strong>Elektrikerised:<\/strong><\/p>\n<ul>\n<li>Huum Drop 9,0 kW elektrikeris \u00a0+2184 \u20ac<\/li>\n<li>Huum Hive Mini 9,0 kW elektrikeris \u00a0+2880 \u20ac<\/li>\n<li>Harvia Club elektrikeris WiFi-ga \u00a0+2160 \u20ac<\/li>\n<li>Harvia Cilindro X elektrikeris WiFi-ga \u00a0+1260 \u20ac&#8217;<\/li>\n<\/ul>\n<p>&nbsp;<\/p>\n<p><strong>Saunatarvikud:\u00a0<\/strong><\/p>\n<ul>\n<li>Puidust \u00e4mber \u00a0+39,60 \u20ac<\/li>\n<li>Puidust kulp \u00a0+13,20 \u20ac<\/li>\n<li>Termomeeter-h\u00fcgromeeter \u00a0+39,60 \u20ac<\/li>\n<li>Kerisekaitse piire \u00a0+52,80 \u20ac<\/li>\n<li>Seljatugi (2 tk) +105,60 \u20ac<\/li>\n<li>Riidenagi \u00a0+10,80 \u20ac<\/li>\n<li>Peatugi +33,60 \u20ac<\/li>\n<\/ul>\n<p>&nbsp;<\/p>\n<p>&nbsp;<\/p>\n<p>&nbsp;<\/p>\n","protected":false},"excerpt":{"rendered":"<p>Naudi ehtsaid saunahetki oma koduaias 7,0 m\u00b2 v\u00e4lisaunaga 8\u201310 inimesele. Vastupidav m\u00e4nnipuit, soojustatud katusekonstruktsioon, kuusnurksed aknad ja mugavad saunalavad loovad t\u00e4iusliku P\u00f5hjamaise saunakogemuse.<\/p>\n","protected":false},"featured_media":142272,"comment_status":"open","ping_status":"closed","template":"","meta":{"_acf_changed":false},"factory":[],"free-shipment":[],"product_brand":[],"product_cat":[826,5033],"product_tag":[],"class_list":{"0":"post-142289","1":"product","2":"type-product","3":"status-publish","4":"has-post-thumbnail","6":"product_cat-saunas-et","7":"product_cat-saunamajad","8":"pa_roofing-material-hall","9":"pa_roofing-material-must","10":"pa_roofing-material-punane","11":"pa_roofing-material-roheline","13":"first","14":"instock","15":"sale","16":"taxable","17":"shipping-taxable","18":"purchasable","19":"product-type-variable"},"acf":[],"_links":{"self":[{"href":"https:\/\/factory.sale\/et\/wp-json\/wp\/v2\/product\/142289","targetHints":{"allow":["GET"]}}],"collection":[{"href":"https:\/\/factory.sale\/et\/wp-json\/wp\/v2\/product"}],"about":[{"href":"https:\/\/factory.sale\/et\/wp-json\/wp\/v2\/types\/product"}],"replies":[{"embeddable":true,"href":"https:\/\/factory.sale\/et\/wp-json\/wp\/v2\/comments?post=142289"}],"wp:featuredmedia":[{"embeddable":true,"href":"https:\/\/factory.sale\/et\/wp-json\/wp\/v2\/media\/142272"}],"wp:attachment":[{"href":"https:\/\/factory.sale\/et\/wp-json\/wp\/v2\/media?parent=142289"}],"wp:term":[{"taxonomy":"factory","embeddable":true,"href":"https:\/\/factory.sale\/et\/wp-json\/wp\/v2\/factory?post=142289"},{"taxonomy":"free-shipment","embeddable":true,"href":"https:\/\/factory.sale\/et\/wp-json\/wp\/v2\/free-shipment?post=142289"},{"taxonomy":"product_brand","embeddable":true,"href":"https:\/\/factory.sale\/et\/wp-json\/wp\/v2\/product_brand?post=142289"},{"taxonomy":"product_cat","embeddable":true,"href":"https:\/\/factory.sale\/et\/wp-json\/wp\/v2\/product_cat?post=142289"},{"taxonomy":"product_tag","embeddable":true,"href":"https:\/\/factory.sale\/et\/wp-json\/wp\/v2\/product_tag?post=142289"}],"curies":[{"name":"wp","href":"https:\/\/api.w.org\/{rel}","templated":true}]}}