{"id":141979,"date":"2026-03-12T14:15:44","date_gmt":"2026-03-13T09:05:17","guid":{"rendered":"https:\/\/factory.sale\/?post_type=product&#038;p=141979"},"modified":"2026-03-13T12:12:25","modified_gmt":"2026-03-13T09:12:25","slug":"saunamaja-45-m%c2%b2","status":"publish","type":"product","link":"https:\/\/factory.sale\/et\/toode\/saunamaja-45-m%c2%b2\/","title":{"rendered":"Saunamaja 4,5 m\u00b2"},"content":{"rendered":"<p>Koge t\u00f5elist Soome saunakultuuri traditsiooni Soome v\u00e4lisaunaga 4,5 m\u00b2, mis on loodud tooma l\u00f5\u00f5gastust, soojust ja ajatut P\u00f5hjamaist k\u00e4sit\u00f6\u00f6d otse sinu aeda. Mahutades 2\u20135 inimest, sobib see saun ideaalselt pere\u00f5htuteks, rahulikuks l\u00f5\u00f5gastumiseks v\u00f5i m\u00f5nusateks sauna\u00f5htuteks s\u00f5pradega.<\/p>\n<p>Saun on valmistatud vastupidavast kvaliteetsest m\u00e4nnipuidust, mille 45 mm paksused seinad tagavad suurep\u00e4rase soojapidavuse ja pikaajalise vastupidavuse v\u00e4listingimustes. Hoolikalt projekteeritud soojustatud katusekonstruktsioon, mille sees on kivivill ning peal bituumensindlid, tagab t\u00f5husa soojuse s\u00e4ilimise ja usaldusv\u00e4\u00e4rse kaitse ilmastiku eest.<br \/>\nSauna eriliseks disainielemendiks on kahekordse klaasiga kuusnurkne aken ning sellele sobiv puidust uks kuusnurkse klaasaknaga, mis loovad ainulaadse v\u00e4limuse ja lasevad samal ajal loomulikul valgusel sauna sisse paista. Sauna sisemuses pakuvad mugavust ja turvalisust saunalavad, seljatoed ning kerisekaitse piirded.<br \/>\nSaun sisaldab kuumakindlaid kerisekaitsepaneele ning mudelites, kus on olemas eesruum, ka mattkarastatud klaasist siseust, mis tagab privaatsuse ja s\u00e4ilitab samal ajal stiilse v\u00e4limuse.<br \/>\nKompaktne, kuid samas ruumikas 4,5 m\u00b2 sisepinnaga saun on suurep\u00e4rane lahendus isikliku l\u00f5\u00f5gastus- ja wellness-ala loomiseks oma aeda.<\/p>\n<p>&nbsp;<\/p>\n<p><strong>Saunamaja komplekti kuulub :<\/strong><\/p>\n<ul>\n<li>P\u00f5randapaneelid<\/li>\n<li>Tugevad sirged seinad<\/li>\n<li>Soojustatud katus kaetud bituumensindlitega<\/li>\n<li>\u00dcks kahekordse klaasiga kuusnurkne aken<\/li>\n<li>Puidust uks kahekordse klaasiga kuusnurkse klaasaknaga, puidust k\u00e4epide ja lukustus<\/li>\n<li>Saunalavad<\/li>\n<li>Seljatoed ja kerisekaitse piirded (kui mudel seda sisaldab)<\/li>\n<li>Kuumakindlad kerisekaitsepaneelid<\/li>\n<li>Mattkarastatud klaasist siseuks (eesruumiga mudelites)<\/li>\n<\/ul>\n<p>&nbsp;<\/p>\n<p>&nbsp;<\/p>\n<p><strong>Tehnilised andmed:<\/strong><\/p>\n<div class=\"TyagGW_tableContainer\">\n<div class=\"group TyagGW_tableWrapper flex flex-col-reverse w-fit\" tabindex=\"-1\">\n<table class=\"w-fit min-w-(--thread-content-width)\" style=\"height: 375px;\" width=\"857\" data-start=\"1885\" data-end=\"2259\">\n<thead data-start=\"1885\" data-end=\"1906\">\n<tr data-start=\"1885\" data-end=\"1906\">\n<th class=\"\" data-start=\"1885\" data-end=\"1895\" data-col-size=\"sm\"><\/th>\n<th class=\"\" data-start=\"1895\" data-end=\"1906\" data-col-size=\"lg\"><\/th>\n<\/tr>\n<\/thead>\n<tbody data-start=\"1917\" data-end=\"2259\">\n<tr data-start=\"1917\" data-end=\"1944\">\n<td data-start=\"1917\" data-end=\"1929\" data-col-size=\"sm\">Mahutavus<\/td>\n<td data-start=\"1929\" data-end=\"1944\" data-col-size=\"lg\">2\u20135 inimest<\/td>\n<\/tr>\n<tr data-start=\"1945\" data-end=\"1966\">\n<td data-start=\"1945\" data-end=\"1956\" data-col-size=\"sm\">Sisepind<\/td>\n<td data-start=\"1956\" data-end=\"1966\" data-col-size=\"lg\">4,5 m\u00b2<\/td>\n<\/tr>\n<tr data-start=\"1967\" data-end=\"1990\">\n<td data-start=\"1967\" data-end=\"1982\" data-col-size=\"sm\">Puitmaterjal<\/td>\n<td data-start=\"1982\" data-end=\"1990\" data-col-size=\"lg\">M\u00e4nd<\/td>\n<\/tr>\n<tr data-start=\"1991\" data-end=\"2015\">\n<td data-start=\"1991\" data-end=\"2006\" data-col-size=\"sm\">Seina paksus<\/td>\n<td data-start=\"2006\" data-end=\"2015\" data-col-size=\"lg\">45 mm<\/td>\n<\/tr>\n<tr data-start=\"2016\" data-end=\"2042\">\n<td data-start=\"2016\" data-end=\"2033\" data-col-size=\"sm\">P\u00f5randa paksus<\/td>\n<td data-start=\"2033\" data-end=\"2042\" data-col-size=\"lg\">18 mm<\/td>\n<\/tr>\n<tr data-start=\"2043\" data-end=\"2084\">\n<td data-start=\"2043\" data-end=\"2056\" data-col-size=\"sm\">Sauna aken<\/td>\n<td data-start=\"2056\" data-end=\"2084\" data-col-size=\"lg\">Kuusnurkne, 512 \u00d7 442 mm<\/td>\n<\/tr>\n<tr data-start=\"2085\" data-end=\"2114\">\n<td data-start=\"2085\" data-end=\"2097\" data-col-size=\"sm\">Ukse m\u00f5\u00f5t<\/td>\n<td data-start=\"2097\" data-end=\"2114\" data-col-size=\"lg\">780 \u00d7 1760 mm<\/td>\n<\/tr>\n<tr data-start=\"2115\" data-end=\"2259\">\n<td data-start=\"2115\" data-end=\"2139\" data-col-size=\"sm\">Katuse konstruktsioon<\/td>\n<td data-start=\"2139\" data-end=\"2259\" data-col-size=\"lg\">18 mm m\u00e4nnipuidust v\u00e4lislaudis + 14 mm lepa\/p\u00e4rna siselaudis, 50 mm kivivilla isolatsioon, kaetud bituumensindlitega<\/td>\n<\/tr>\n<\/tbody>\n<\/table>\n<\/div>\n<\/div>\n<p>&nbsp;<\/p>\n<p>&nbsp;<\/p>\n<p><strong>Transpordiinfo:<\/strong><\/p>\n<ul>\n<li>Pakend: KIT 1 p (2,4 \u00d7 1,2 \u00d7 2,0 m)<\/li>\n<li>Kaal: 975 kg<\/li>\n<\/ul>\n<p>&nbsp;<\/p>\n<p>&nbsp;<\/p>\n<p><strong>Katuse v\u00e4rv:<\/strong><\/p>\n<p>Must, roheline, punane, hall<\/p>\n<p><img loading=\"lazy\" decoding=\"async\" class=\"alignnone wp-image-141885\" src=\"https:\/\/factory.sale\/wp-content\/uploads\/2026\/03\/Roof-woodenme-factory-sale-300x70.png\" alt=\"\" width=\"467\" height=\"109\" srcset=\"https:\/\/factory.sale\/wp-content\/uploads\/2026\/03\/Roof-woodenme-factory-sale-300x70.png 300w, https:\/\/factory.sale\/wp-content\/uploads\/2026\/03\/Roof-woodenme-factory-sale-150x35.png 150w, https:\/\/factory.sale\/wp-content\/uploads\/2026\/03\/Roof-woodenme-factory-sale-600x139.png 600w, https:\/\/factory.sale\/wp-content\/uploads\/2026\/03\/Roof-woodenme-factory-sale.png 742w\" sizes=\"auto, (max-width: 467px) 100vw, 467px\" \/><\/p>\n<p>&nbsp;<\/p>\n<p>&nbsp;<\/p>\n<p><strong>P\u00f5randa valikud:<\/strong><\/p>\n<ul>\n<li>Standardp\u00f5rand 18 mm \u2013 0 \u20ac<\/li>\n<li>Luksusp\u00f5rand 28 mm \u2013 +145,20 \u20ac<\/li>\n<li>Soojustatud luksusp\u00f5rand 28 mm \u2013 +211,20 \u20ac<\/li>\n<\/ul>\n<p>&nbsp;<\/p>\n<p><strong>Valgustus:<\/strong><\/p>\n<ul>\n<li>Saunalamp \u2013 +39,60 \u20ac<\/li>\n<li>Saunalambi kate \u2013 +42 \u20ac<\/li>\n<\/ul>\n<p>&nbsp;<\/p>\n<p><strong>Elektrikerised:<\/strong><\/p>\n<ul>\n<li>Elektrikeris Harvia Trendi KIP80, 8 kW 400V 3N \u2013 +514,80 \u20ac<\/li>\n<li>Harvia Cilindro X elektrikeris WiFi-ga \u2013 +1260 \u20ac<\/li>\n<li>Harvia Club elektrikeris WiFi-ga \u2013 +2160 \u20ac<\/li>\n<li>Huum Drop 9,0 kW elektrikeris \u2013 +2184 \u20ac<\/li>\n<li>Huum Hive Mini 9,0 kW elektrikeris \u2013 +2880 \u20ac<\/li>\n<\/ul>\n<p>&nbsp;<\/p>\n<p><strong>Saunatarvikud:<\/strong><\/p>\n<ul>\n<li>Puidust \u00e4mber \u00a0+39,60 \u20ac<\/li>\n<li>Puidust kulp \u00a0+13,20 \u20ac<\/li>\n<li>Termomeeter-h\u00fcgromeeter +39,60 \u20ac<\/li>\n<li>Kerisekaitse piire \u00a0+52,80 \u20ac<\/li>\n<li>Seljatugi (2 tk) \u00a0+105,60 \u20ac<\/li>\n<li>Riidenagi \u00a0+10,80 \u20ac<\/li>\n<li>Peatugi \u00a0+33,60 \u20ac<\/li>\n<\/ul>\n<p>&nbsp;<\/p>\n","protected":false},"excerpt":{"rendered":"<p>Naudi ehtsat Soome saunakogemust oma koduaias 4,5 m\u00b2 v\u00e4lisaunaga 2\u20135 inimesele. Vastupidav m\u00e4nnipuit, soojustatud katus, kuusnurkne aken ja t\u00e4ielik saunavarustus tagavad maksimaalse l\u00f5\u00f5gastuse.<\/p>\n","protected":false},"featured_media":141831,"comment_status":"open","ping_status":"closed","template":"","meta":{"_acf_changed":false},"factory":[],"free-shipment":[],"product_brand":[],"product_cat":[826,5033],"product_tag":[1908,811],"class_list":{"0":"post-141979","1":"product","2":"type-product","3":"status-publish","4":"has-post-thumbnail","6":"product_cat-saunas-et","7":"product_cat-saunamajad","8":"product_tag-outdoor-sauna-et","9":"product_tag-sauna-et","10":"pa_roofing-material-hall","11":"pa_roofing-material-must","12":"pa_roofing-material-punane","13":"pa_roofing-material-roheline","15":"first","16":"instock","17":"sale","18":"taxable","19":"shipping-taxable","20":"purchasable","21":"product-type-variable"},"acf":[],"_links":{"self":[{"href":"https:\/\/factory.sale\/et\/wp-json\/wp\/v2\/product\/141979","targetHints":{"allow":["GET"]}}],"collection":[{"href":"https:\/\/factory.sale\/et\/wp-json\/wp\/v2\/product"}],"about":[{"href":"https:\/\/factory.sale\/et\/wp-json\/wp\/v2\/types\/product"}],"replies":[{"embeddable":true,"href":"https:\/\/factory.sale\/et\/wp-json\/wp\/v2\/comments?post=141979"}],"wp:featuredmedia":[{"embeddable":true,"href":"https:\/\/factory.sale\/et\/wp-json\/wp\/v2\/media\/141831"}],"wp:attachment":[{"href":"https:\/\/factory.sale\/et\/wp-json\/wp\/v2\/media?parent=141979"}],"wp:term":[{"taxonomy":"factory","embeddable":true,"href":"https:\/\/factory.sale\/et\/wp-json\/wp\/v2\/factory?post=141979"},{"taxonomy":"free-shipment","embeddable":true,"href":"https:\/\/factory.sale\/et\/wp-json\/wp\/v2\/free-shipment?post=141979"},{"taxonomy":"product_brand","embeddable":true,"href":"https:\/\/factory.sale\/et\/wp-json\/wp\/v2\/product_brand?post=141979"},{"taxonomy":"product_cat","embeddable":true,"href":"https:\/\/factory.sale\/et\/wp-json\/wp\/v2\/product_cat?post=141979"},{"taxonomy":"product_tag","embeddable":true,"href":"https:\/\/factory.sale\/et\/wp-json\/wp\/v2\/product_tag?post=141979"}],"curies":[{"name":"wp","href":"https:\/\/api.w.org\/{rel}","templated":true}]}}