{"id":141439,"date":"2026-03-08T15:35:47","date_gmt":"2026-03-08T12:35:48","guid":{"rendered":"https:\/\/factory.sale\/?post_type=product&#038;p=141439"},"modified":"2026-03-08T16:12:58","modified_gmt":"2026-03-08T13:12:58","slug":"pop-up-telk-3x6m-40mm-raam","status":"publish","type":"product","link":"https:\/\/factory.sale\/et\/toode\/pop-up-telk-3x6m-40mm-raam\/","title":{"rendered":"Pop-up telk 3x6m 40mm raam"},"content":{"rendered":"<p>Pop-up telk, mille kokkupanek on \u00fclimalt lihtne. Telki on v\u00f5imalik kasutada nii sise kui ka v\u00e4litingimustes ning paigaldada nii kivi kui ka murupinnasele. Telgi jalad on 40 mm (alumiinium) v\u00f5i 50 mm kuuskant (alumiinium) profiilist, mis muudab telgi veelgi massiivsemaks ja vastupidavamaks. Kattematerjal on 100% vihmakindel D500 pealtpoolt kaetud riidega ja altpoolt paksu PVC kihiga. Telgil on kaasas k\u00f5ik 4 seina.<\/p>\n<p>Raami suurused: 40 mm ja 50 mm<\/p>\n<p>M\u00f5\u00f5dud:<br \/>\n40 mm frame &#8211; 163 x 50 x 28 cm and 46,5 kg<br \/>\n50 mm frame &#8211;\u00a0 163 x 56 x 32 cm and 59 kg<\/p>\n<p><strong>Pop-up telgi v\u00e4rvid: apple green, hall, kollane, lilla, maroon, must, oran\u017e, punane, liivakarva, sinine, tumeroheline, valge, bee\u017e (ivory), meresinine, roosa<\/strong><\/p>\n<p><img loading=\"lazy\" decoding=\"async\" class=\"alignnone size-full wp-image-141436\" src=\"https:\/\/factory.sale\/wp-content\/uploads\/2026\/03\/3x6-factory-sale.webp\" alt=\"\" width=\"200\" height=\"200\" srcset=\"https:\/\/factory.sale\/wp-content\/uploads\/2026\/03\/3x6-factory-sale.webp 200w, https:\/\/factory.sale\/wp-content\/uploads\/2026\/03\/3x6-factory-sale-150x150.webp 150w, https:\/\/factory.sale\/wp-content\/uploads\/2026\/03\/3x6-factory-sale-100x100.webp 100w\" sizes=\"auto, (max-width: 200px) 100vw, 200px\" \/><\/p>\n<p>50 mm telkidel on k\u00f5ik vaheliigendid metallist ja 40 mm telkidel on nailonist<\/p>\n<p>Ostes telgikomplekti saad kaasa <strong>tasuta kandekoti ja kinnitustarvikud!<\/strong><\/p>\n<p>Vaata videost kui lihtne ja kiire \u00fche pop-up telgi \u00fclesseadmine tegelikult on!<\/p>\n<div class=\"video-wrapper \"><iframe loading=\"lazy\" title=\"Pop up telgi \u00fclespanek\" width=\"500\" height=\"281\" src=\"https:\/\/www.youtube.com\/embed\/VkoZ7QIMbrU?feature=oembed\" frameborder=\"0\" allow=\"accelerometer; autoplay; clipboard-write; encrypted-media; gyroscope; picture-in-picture; web-share\" referrerpolicy=\"strict-origin-when-cross-origin\" allowfullscreen><\/iframe><\/div>\n","protected":false},"excerpt":{"rendered":"<p>Kvaliteetne easy-up ehk pop-up telk<\/p>\n<p>Komplektis raam, katus, 4 seina, ratastel kandekott ja kinnitustarvikute komplekt<\/p>\n<p>Raami suurused: 40 mm ja 50 mm<\/p>\n<p>M\u00f5\u00f5dud:<br \/>\n40 mm frame &#8211; 163 x 50 x 28 cm and 46,5 kg<br \/>\n50 mm frame &#8211;\u00a0 163 x 56 x 32 cm and 59 kg<\/p>\n<p><strong>Pop-up telgi v\u00e4rvid: apple green, hall, kollane, lilla, maroon, must, oran\u017e, punane, liivakarva, sinine, tumeroheline, valge, bee\u017e (ivory), meresinine, roosa<\/strong><\/p>\n<p>50 mm telkidel on k\u00f5ik vaheliigendid metallist ja 40 mm telkidel on nailonist<\/p>\n<p>Ostes telgikomplekti saad kaasa <strong>tasuta kandekoti ja kinnitustarvikud<\/strong><\/p>\n","protected":false},"featured_media":141433,"comment_status":"open","ping_status":"closed","template":"","meta":{"_acf_changed":false},"factory":[],"free-shipment":[],"product_brand":[5022],"product_cat":[924,2241],"product_tag":[],"class_list":{"0":"post-141439","1":"product","2":"type-product","3":"status-publish","4":"has-post-thumbnail","6":"product_brand-funrent","7":"product_cat-aiatooted","8":"product_cat-aiamoobel","10":"first","11":"instock","12":"sale","13":"taxable","14":"shipping-taxable","15":"purchasable","16":"product-type-simple"},"acf":[],"_links":{"self":[{"href":"https:\/\/factory.sale\/et\/wp-json\/wp\/v2\/product\/141439","targetHints":{"allow":["GET"]}}],"collection":[{"href":"https:\/\/factory.sale\/et\/wp-json\/wp\/v2\/product"}],"about":[{"href":"https:\/\/factory.sale\/et\/wp-json\/wp\/v2\/types\/product"}],"replies":[{"embeddable":true,"href":"https:\/\/factory.sale\/et\/wp-json\/wp\/v2\/comments?post=141439"}],"wp:featuredmedia":[{"embeddable":true,"href":"https:\/\/factory.sale\/et\/wp-json\/wp\/v2\/media\/141433"}],"wp:attachment":[{"href":"https:\/\/factory.sale\/et\/wp-json\/wp\/v2\/media?parent=141439"}],"wp:term":[{"taxonomy":"factory","embeddable":true,"href":"https:\/\/factory.sale\/et\/wp-json\/wp\/v2\/factory?post=141439"},{"taxonomy":"free-shipment","embeddable":true,"href":"https:\/\/factory.sale\/et\/wp-json\/wp\/v2\/free-shipment?post=141439"},{"taxonomy":"product_brand","embeddable":true,"href":"https:\/\/factory.sale\/et\/wp-json\/wp\/v2\/product_brand?post=141439"},{"taxonomy":"product_cat","embeddable":true,"href":"https:\/\/factory.sale\/et\/wp-json\/wp\/v2\/product_cat?post=141439"},{"taxonomy":"product_tag","embeddable":true,"href":"https:\/\/factory.sale\/et\/wp-json\/wp\/v2\/product_tag?post=141439"}],"curies":[{"name":"wp","href":"https:\/\/api.w.org\/{rel}","templated":true}]}}