{"id":141396,"date":"2026-03-06T20:35:14","date_gmt":"2026-03-06T17:35:15","guid":{"rendered":"https:\/\/factory.sale\/?post_type=product&#038;p=141396"},"modified":"2026-03-06T20:51:11","modified_gmt":"2026-03-06T17:51:11","slug":"keskpost-paikesevari-nordictent-cp-pro-4x4m","status":"publish","type":"product","link":"https:\/\/factory.sale\/et\/toode\/keskpost-paikesevari-nordictent-cp-pro-4x4m\/","title":{"rendered":"Keskpostiga p\u00e4ikesevari NORDICTENT CP PRO 4x4m"},"content":{"rendered":"<p>Kvaliteetne ja stabiilne k\u00fclgpostiga p\u00e4ikesevari sobib ideaalselt <strong>v\u00e4lis\u00fcritustele, koduaedadesse, terrassile ja v\u00e4likohvikutesse<\/strong>.<\/p>\n<p>Toode pakub t\u00f5husat kaitset ilmastikuolude eest ning samal ajal v\u00f5imaldab ka teie br\u00e4ndi esile t\u00f5sta.<\/p>\n<p>Lihtne avamiss\u00fcsteem ja vastupidav pol\u00fcesterkate tagavad mugava kasutuse. Kate on <strong>s\u00fcttimiskindel, veekindel ja UV-kindel<\/strong>, tagades pikaajalise vastupidavuse v\u00e4litingimustes.<\/p>\n<p>Tehniline teave:<\/p>\n<ul>\n<li>M\u00f5\u00f5dud 4&#215;4 m<\/li>\n<li>Raam: pulberv\u00e4rvitud alumiinium<\/li>\n<li>Posti l\u00e4bim\u00f5\u00f5t: 78 mm<\/li>\n<li>Posti materjali paksus: 2,5 mm<\/li>\n<li>Masti profiili paksus: 3 mm<\/li>\n<li>Ribide ristl\u00f5ige: 22 x 35 mm<\/li>\n<li>Ribide materjali paksus: 1,5 mm<\/li>\n<li>Kaal (neto): 31 kg<\/li>\n<li>Avamine: liugk\u00e4epidemega<\/li>\n<li>Kate: pol\u00fcesterkangas, <strong>250 g\/m\u00b2<\/strong>, veekindel, UV-kindel, raskesti s\u00fcttiv, ilma volangita<\/li>\n<li>Katte v\u00e4rv: helebee\u017e, tumebee\u017e (pruun), hall<\/li>\n<\/ul>\n<p><strong>Saadaval ka pruuni ja halli raamiv\u00e4rviga &#8211; hind 940 eur + KM<\/strong><\/p>\n<p>Komplekti kuulub keskposti varju raam, ristjalg ja varju kate<br \/>\nKomplekti <strong>ei kuulu<\/strong> raskuskivid.<\/p>\n","protected":false},"excerpt":{"rendered":"<p>Tehniline teave:<\/p>\n<ul>\n<li>M\u00f5\u00f5dud 4&#215;4 m<\/li>\n<li>Raam: pulberv\u00e4rvitud alumiinium<\/li>\n<li>Posti l\u00e4bim\u00f5\u00f5t: 78 mm<\/li>\n<li>Posti materjali paksus: 2,5 mm<\/li>\n<li>Masti profiili paksus: 3 mm<\/li>\n<li>Ribide ristl\u00f5ige: 22 x 35 mm<\/li>\n<li>Ribide materjali paksus: 1,5 mm<\/li>\n<li>Kaal (neto): 31 kg<\/li>\n<li>Avamine: liugk\u00e4epidemega<\/li>\n<li>Kate: pol\u00fcesterkangas, <strong>250 g\/m\u00b2<\/strong>, veekindel, UV-kindel, raskesti s\u00fcttiv, ilma volangita<\/li>\n<li>Katte v\u00e4rv: helebee\u017e, tumebee\u017e (pruun), hall<\/li>\n<li>Raami v\u00e4rv: valge<\/li>\n<\/ul>\n<p><strong>Saadaval ka pruuni ja halli raamiv\u00e4rviga &#8211; hind 940 eur + KM<\/strong><\/p>\n<p>Komplekti kuulub keskposti varju raam, ristjalg ja varju kate<br \/>\nKomplekti <strong>ei kuulu<\/strong> raskuskivid.<\/p>\n","protected":false},"featured_media":141377,"comment_status":"open","ping_status":"closed","template":"","meta":{"_acf_changed":false},"factory":[],"free-shipment":[],"product_brand":[],"product_cat":[924,2241],"product_tag":[],"class_list":{"0":"post-141396","1":"product","2":"type-product","3":"status-publish","4":"has-post-thumbnail","6":"product_cat-aiatooted","7":"product_cat-aiamoobel","9":"first","10":"instock","11":"sale","12":"taxable","13":"shipping-taxable","14":"purchasable","15":"product-type-simple"},"acf":[],"_links":{"self":[{"href":"https:\/\/factory.sale\/et\/wp-json\/wp\/v2\/product\/141396","targetHints":{"allow":["GET"]}}],"collection":[{"href":"https:\/\/factory.sale\/et\/wp-json\/wp\/v2\/product"}],"about":[{"href":"https:\/\/factory.sale\/et\/wp-json\/wp\/v2\/types\/product"}],"replies":[{"embeddable":true,"href":"https:\/\/factory.sale\/et\/wp-json\/wp\/v2\/comments?post=141396"}],"wp:featuredmedia":[{"embeddable":true,"href":"https:\/\/factory.sale\/et\/wp-json\/wp\/v2\/media\/141377"}],"wp:attachment":[{"href":"https:\/\/factory.sale\/et\/wp-json\/wp\/v2\/media?parent=141396"}],"wp:term":[{"taxonomy":"factory","embeddable":true,"href":"https:\/\/factory.sale\/et\/wp-json\/wp\/v2\/factory?post=141396"},{"taxonomy":"free-shipment","embeddable":true,"href":"https:\/\/factory.sale\/et\/wp-json\/wp\/v2\/free-shipment?post=141396"},{"taxonomy":"product_brand","embeddable":true,"href":"https:\/\/factory.sale\/et\/wp-json\/wp\/v2\/product_brand?post=141396"},{"taxonomy":"product_cat","embeddable":true,"href":"https:\/\/factory.sale\/et\/wp-json\/wp\/v2\/product_cat?post=141396"},{"taxonomy":"product_tag","embeddable":true,"href":"https:\/\/factory.sale\/et\/wp-json\/wp\/v2\/product_tag?post=141396"}],"curies":[{"name":"wp","href":"https:\/\/api.w.org\/{rel}","templated":true}]}}