{"id":14110,"date":"2022-10-14T19:52:08","date_gmt":"2022-10-14T19:53:54","guid":{"rendered":"https:\/\/factory.sale\/?post_type=product&#038;p=14110"},"modified":"2025-03-27T11:42:40","modified_gmt":"2025-03-27T08:42:40","slug":"harvia-c105s-logix","status":"publish","type":"product","link":"https:\/\/factory.sale\/et\/toode\/harvia-c105s-logix\/","title":{"rendered":"Harvia C105S Logix"},"content":{"rendered":"<p>Harvia C105S Logix on juhtimispult kombineeritud elektrikerisele v\u00f5imsusega kuni 10,5 kW. Sobib Combi kerisele (kerise ja auruti kombinatsioon), tavalisele elektrikerisele ja eraldi aurutile. Juhib kerise temperatuuri, auruti niiskustaset, saunavalgustust ja ventialtsiooni. Automaatse sissel\u00fclitusaja ning t\u00f6\u00f6tamisaja seab juhtpuldil t\u00e4pselt seadistada.<\/p>\n<p><strong>Komplektis<\/strong> juhtimiskeskus, temperatuuriandur 4 m kaabliga ja niiskuseandur 4 m kaabliga.<\/p>\n<p>&nbsp;<\/p>\n<p><strong>Tooteteave:<\/strong><\/p>\n<ul>\n<li>Kerisele maksimaalse v\u00f5imsusega 10,5 kW<\/li>\n<li>Reguleeritav temperatuurivahemik: 40-110 \u00b0C<\/li>\n<li>Seadistatav t\u00f6\u00f6aeg: 4 h<\/li>\n<li>Eelseadistatav sissel\u00fclitusaja vahemik: 0-12 h<\/li>\n<li>M\u00f5\u00f5dud: laius 250, k\u00f5rgus 223, s\u00fcgavus 70 mm<\/li>\n<li>Kaal: 1,6 kg<\/li>\n<\/ul>\n<p>&nbsp;<\/p>\n<p><a href=\"https:\/\/factory.sale\/wp-content\/uploads\/2022\/10\/C9080150-MANUAL.pdf\" target=\"_blank\" rel=\"noopener noreferrer\">Manuaal<\/a><\/p>\n","protected":false},"excerpt":{"rendered":"<p>Harvia C105S Logix on juhtimispult kombineeritud elektrikerisele v\u00f5imsusega kuni 10,5 kW.<\/p>\n","protected":false},"featured_media":19507,"comment_status":"open","ping_status":"closed","template":"","meta":{"_acf_changed":false},"factory":[],"free-shipment":[],"product_brand":[],"product_cat":[1420,2006,1345,784],"product_tag":[835,1443,811],"class_list":{"0":"post-14110","1":"product","2":"type-product","3":"status-publish","4":"has-post-thumbnail","6":"product_cat-harvia-et","7":"product_cat-harvia-et-2","8":"product_cat-juhtpuldid","9":"product_cat-sanitaartehnika","10":"product_tag-control-unit-et","11":"product_tag-harvia-et","12":"product_tag-sauna-et","14":"first","15":"instock","16":"sale","17":"taxable","18":"shipping-taxable","19":"purchasable","20":"product-type-simple"},"acf":[],"_links":{"self":[{"href":"https:\/\/factory.sale\/et\/wp-json\/wp\/v2\/product\/14110","targetHints":{"allow":["GET"]}}],"collection":[{"href":"https:\/\/factory.sale\/et\/wp-json\/wp\/v2\/product"}],"about":[{"href":"https:\/\/factory.sale\/et\/wp-json\/wp\/v2\/types\/product"}],"replies":[{"embeddable":true,"href":"https:\/\/factory.sale\/et\/wp-json\/wp\/v2\/comments?post=14110"}],"wp:featuredmedia":[{"embeddable":true,"href":"https:\/\/factory.sale\/et\/wp-json\/wp\/v2\/media\/19507"}],"wp:attachment":[{"href":"https:\/\/factory.sale\/et\/wp-json\/wp\/v2\/media?parent=14110"}],"wp:term":[{"taxonomy":"factory","embeddable":true,"href":"https:\/\/factory.sale\/et\/wp-json\/wp\/v2\/factory?post=14110"},{"taxonomy":"free-shipment","embeddable":true,"href":"https:\/\/factory.sale\/et\/wp-json\/wp\/v2\/free-shipment?post=14110"},{"taxonomy":"product_brand","embeddable":true,"href":"https:\/\/factory.sale\/et\/wp-json\/wp\/v2\/product_brand?post=14110"},{"taxonomy":"product_cat","embeddable":true,"href":"https:\/\/factory.sale\/et\/wp-json\/wp\/v2\/product_cat?post=14110"},{"taxonomy":"product_tag","embeddable":true,"href":"https:\/\/factory.sale\/et\/wp-json\/wp\/v2\/product_tag?post=14110"}],"curies":[{"name":"wp","href":"https:\/\/api.w.org\/{rel}","templated":true}]}}