{"id":14101,"date":"2022-10-14T19:08:52","date_gmt":"2022-10-14T19:41:17","guid":{"rendered":"https:\/\/factory.sale\/?post_type=product&#038;p=14101"},"modified":"2025-03-27T11:52:15","modified_gmt":"2025-03-27T08:52:15","slug":"harvia-c400vkk","status":"publish","type":"product","link":"https:\/\/factory.sale\/et\/toode\/harvia-c400vkk\/","title":{"rendered":"Harvia C400VKK"},"content":{"rendered":"<p>Harvia C400VKK on professionaalne juhtimispult elektrikerisele v\u00f5imsusega kuni 40 kW.<br \/>\nN\u00e4dala taimer, kaugk\u00e4ivitatav start ning lai valik funktsioone v\u00f5imaldavad sauna mitmek\u00fclgset kasutamist. Lisaks kerisele saab puldiga reguleerida sauna valgustust, ventilatsiooni ja lukustust. Puldil on jaotused kaheksa eri programmi jaoks, mis v\u00f5imaldab salvestada automaatsed s\u00e4tted n\u00e4iteks eri aegade v\u00f5i eri kasutajate jaoks. C400VKK sobib suurep\u00e4raselt majutusasutuste ja spaade saunadesse.<\/p>\n<p>&nbsp;<\/p>\n<p><strong>Toote teave:<\/strong><\/p>\n<ul>\n<li>C400VKK on juhtimiskeskuse C260 uuendatud versioon.<\/li>\n<li>400VAC, 3ph<\/li>\n<li>Sagedus: 50\u201360 Hz 3&#215;25 A<\/li>\n<li>Kaal: 7,3 kg<\/li>\n<li>M\u00f5\u00f5dud: s\u00fcgavus 115 mm, laius 325 mm, k\u00f5rgus 560 mm<\/li>\n<\/ul>\n<p>&nbsp;<\/p>\n<p><a href=\"https:\/\/factory.sale\/wp-content\/uploads\/2022\/10\/C400VKK_FISVENDERU_Y05-0845_251121.pdf\" target=\"_blank\" rel=\"noopener noreferrer\">Manuaal<\/a><\/p>\n","protected":false},"excerpt":{"rendered":"<p>Harvia C400VKK on professionaalne juhtimispult elektrikerisele v\u00f5imsusega kuni 40 kW.<\/p>\n","protected":false},"featured_media":19510,"comment_status":"open","ping_status":"closed","template":"","meta":{"_acf_changed":false},"factory":[],"free-shipment":[],"product_brand":[],"product_cat":[1420,2006,1345,784],"product_tag":[835,1443,811],"class_list":{"0":"post-14101","1":"product","2":"type-product","3":"status-publish","4":"has-post-thumbnail","6":"product_cat-harvia-et","7":"product_cat-harvia-et-2","8":"product_cat-juhtpuldid","9":"product_cat-sanitaartehnika","10":"product_tag-control-unit-et","11":"product_tag-harvia-et","12":"product_tag-sauna-et","14":"first","15":"instock","16":"sale","17":"taxable","18":"shipping-taxable","19":"purchasable","20":"product-type-simple"},"acf":[],"_links":{"self":[{"href":"https:\/\/factory.sale\/et\/wp-json\/wp\/v2\/product\/14101","targetHints":{"allow":["GET"]}}],"collection":[{"href":"https:\/\/factory.sale\/et\/wp-json\/wp\/v2\/product"}],"about":[{"href":"https:\/\/factory.sale\/et\/wp-json\/wp\/v2\/types\/product"}],"replies":[{"embeddable":true,"href":"https:\/\/factory.sale\/et\/wp-json\/wp\/v2\/comments?post=14101"}],"wp:featuredmedia":[{"embeddable":true,"href":"https:\/\/factory.sale\/et\/wp-json\/wp\/v2\/media\/19510"}],"wp:attachment":[{"href":"https:\/\/factory.sale\/et\/wp-json\/wp\/v2\/media?parent=14101"}],"wp:term":[{"taxonomy":"factory","embeddable":true,"href":"https:\/\/factory.sale\/et\/wp-json\/wp\/v2\/factory?post=14101"},{"taxonomy":"free-shipment","embeddable":true,"href":"https:\/\/factory.sale\/et\/wp-json\/wp\/v2\/free-shipment?post=14101"},{"taxonomy":"product_brand","embeddable":true,"href":"https:\/\/factory.sale\/et\/wp-json\/wp\/v2\/product_brand?post=14101"},{"taxonomy":"product_cat","embeddable":true,"href":"https:\/\/factory.sale\/et\/wp-json\/wp\/v2\/product_cat?post=14101"},{"taxonomy":"product_tag","embeddable":true,"href":"https:\/\/factory.sale\/et\/wp-json\/wp\/v2\/product_tag?post=14101"}],"curies":[{"name":"wp","href":"https:\/\/api.w.org\/{rel}","templated":true}]}}