{"id":14086,"date":"2022-10-14T18:57:29","date_gmt":"2022-10-14T18:58:55","guid":{"rendered":"https:\/\/factory.sale\/?post_type=product&#038;p=14086"},"modified":"2025-03-27T11:51:43","modified_gmt":"2025-03-27T08:51:43","slug":"harvia-c170vkk","status":"publish","type":"product","link":"https:\/\/factory.sale\/et\/toode\/harvia-c170vkk\/","title":{"rendered":"Harvia C170VKK"},"content":{"rendered":"<p>Harvia C170VKK on professionaalne juhtimispult elektrikerisele v\u00f5imsusega kuni 17 kW. Komplektis juhtimiskeskus ja temperatuuriandur kaabliga. Kui juhtimispult varustada lisatoiteplokiga, saab sellega juhtida ka suurema v\u00f5imsusega keriseid. Lihtne paigaldus.<br \/>\nN\u00e4dala taimer, kaugk\u00e4ivitatav start ning lai valik funktsioone v\u00f5imaldavad sauna mitmek\u00fclgset kasutamist. Lisaks kerisele saab puldiga reguleerida sauna valgustust, ventilatsiooni ja lukustust. Puldil on jaotused kaheksa eri programmi jaoks, mis v\u00f5imaldab salvestada automaatsed s\u00e4tted n\u00e4iteks eri aegade v\u00f5i eri kasutajate jaoks.<br \/>\nC170VKK on juhtimiskeskuse C150VKK uuendatud versioon.<\/p>\n<p>&nbsp;<\/p>\n<ul>\n<li>Toitepinge: 400 V~ 3N 50\u201360 Hz 3&#215;25 A<\/li>\n<li>Soovituslik paigaldusruum: laius 260 mm, s\u00fcgavus 150 mm, k\u00f5rgus 425 mm<\/li>\n<li>Kaal: 1,5 kg<\/li>\n<li>M\u00f5\u00f5dud: s\u00fcgavus 75 mm, laius 240 mm, k\u00f5rgus 255 mm<\/li>\n<\/ul>\n<p>&nbsp;<\/p>\n<p>&nbsp;<\/p>\n<p><a href=\"https:\/\/factory.sale\/wp-content\/uploads\/2022\/10\/C170VKK_FISVENDERU.pdf\" target=\"_blank\" rel=\"noopener noreferrer\">Manuaal<\/a><\/p>\n","protected":false},"excerpt":{"rendered":"<p>Harvia C170VKK on professionaalne juhtimispult elektrikerisele v\u00f5imsusega kuni 17 kW.<\/p>\n","protected":false},"featured_media":14078,"comment_status":"open","ping_status":"closed","template":"","meta":{"_acf_changed":false},"factory":[],"free-shipment":[],"product_brand":[],"product_cat":[1420,2006,1345,784],"product_tag":[835,1443,811],"class_list":{"0":"post-14086","1":"product","2":"type-product","3":"status-publish","4":"has-post-thumbnail","6":"product_cat-harvia-et","7":"product_cat-harvia-et-2","8":"product_cat-juhtpuldid","9":"product_cat-sanitaartehnika","10":"product_tag-control-unit-et","11":"product_tag-harvia-et","12":"product_tag-sauna-et","14":"first","15":"instock","16":"sale","17":"taxable","18":"shipping-taxable","19":"purchasable","20":"product-type-simple"},"acf":[],"_links":{"self":[{"href":"https:\/\/factory.sale\/et\/wp-json\/wp\/v2\/product\/14086","targetHints":{"allow":["GET"]}}],"collection":[{"href":"https:\/\/factory.sale\/et\/wp-json\/wp\/v2\/product"}],"about":[{"href":"https:\/\/factory.sale\/et\/wp-json\/wp\/v2\/types\/product"}],"replies":[{"embeddable":true,"href":"https:\/\/factory.sale\/et\/wp-json\/wp\/v2\/comments?post=14086"}],"wp:featuredmedia":[{"embeddable":true,"href":"https:\/\/factory.sale\/et\/wp-json\/wp\/v2\/media\/14078"}],"wp:attachment":[{"href":"https:\/\/factory.sale\/et\/wp-json\/wp\/v2\/media?parent=14086"}],"wp:term":[{"taxonomy":"factory","embeddable":true,"href":"https:\/\/factory.sale\/et\/wp-json\/wp\/v2\/factory?post=14086"},{"taxonomy":"free-shipment","embeddable":true,"href":"https:\/\/factory.sale\/et\/wp-json\/wp\/v2\/free-shipment?post=14086"},{"taxonomy":"product_brand","embeddable":true,"href":"https:\/\/factory.sale\/et\/wp-json\/wp\/v2\/product_brand?post=14086"},{"taxonomy":"product_cat","embeddable":true,"href":"https:\/\/factory.sale\/et\/wp-json\/wp\/v2\/product_cat?post=14086"},{"taxonomy":"product_tag","embeddable":true,"href":"https:\/\/factory.sale\/et\/wp-json\/wp\/v2\/product_tag?post=14086"}],"curies":[{"name":"wp","href":"https:\/\/api.w.org\/{rel}","templated":true}]}}