{"id":14045,"date":"2022-10-14T09:39:26","date_gmt":"2022-10-14T09:43:23","guid":{"rendered":"https:\/\/factory.sale\/?post_type=product&#038;p=14045"},"modified":"2025-03-27T11:32:45","modified_gmt":"2025-03-27T08:32:45","slug":"griffin-cg170t","status":"publish","type":"product","link":"https:\/\/factory.sale\/et\/toode\/griffin-cg170t\/","title":{"rendered":"Griffin CG170T"},"content":{"rendered":"<p>Harvia Griffin Colour Light juhtimiskeskuse eesm\u00e4rgiks on juhtida Harvia v\u00e4rvivalguss\u00fcsteemi.<br \/>\nHarvia Griffin on elegantne uue p\u00f5lvkonna digitaalne juhtimiskeskus. Kroomitud digitaalne juhtpaneel sobib stiilselt kokku teiste moodsate sauna ja vannitoa detailidega. See on v\u00e4ike ning \u00f5huke, mis v\u00f5imaldab juhtpaneeli paigaldada peaaegu igale poole.<\/p>\n<p>&nbsp;<\/p>\n<p><strong>Komplekti kuulub:<\/strong><\/p>\n<p><strong>Juhtpaneel<\/strong><\/p>\n<ul>\n<li>Vaheldumise kiiruse reguleerimisvahemik: 5 s\u2013120 s<\/li>\n<li>Heleduse reguleerimisvahemik: 20 %\u2013100 %<\/li>\n<li>M\u00f5\u00f5tmed: 94 mm x 28 mm x 113 mm<\/li>\n<\/ul>\n<p>&nbsp;<\/p>\n<p><strong>Kontaktorikarp:<\/strong><\/p>\n<ul>\n<li>Toitepinge: 230 V \u00fchefaasiline\/li&gt;<\/li>\n<li>Kontaktorikarp on kaitstud l\u00fchiste eest.<\/li>\n<li>M\u00f5\u00f5tmed: 270 mm x 80 mm x 201 mm<\/li>\n<li>Data cable 5 m (saadaval vabatahtlik 10 m pikendusjuhtmed, maks. kogupikkus 30 m)<br \/>\n10m pikendusjuhtmega<\/li>\n<\/ul>\n","protected":false},"excerpt":{"rendered":"<p><strong>Harvia Griffin Colour Light juhtimiskeskuse eesm\u00e4rgiks on juhtida Harvia v\u00e4rvivalguss\u00fcsteemi.<\/strong><\/p>\n<p>Harvia Griffin on elegantne uue p\u00f5lvkonna digitaalne juhtimiskeskus. Kroomitud digitaalne juhtpaneel sobib stiilselt kokku teiste moodsate sauna ja vannitoa detailidega. See on v\u00e4ike ning \u00f5huke, mis v\u00f5imaldab juhtpaneeli paigaldada peaaegu igale poole.<\/p>\n","protected":false},"featured_media":14040,"comment_status":"open","ping_status":"closed","template":"","meta":{"_acf_changed":false},"factory":[],"free-shipment":[],"product_brand":[],"product_cat":[1420,1345,784],"product_tag":[811],"class_list":{"0":"post-14045","1":"product","2":"type-product","3":"status-publish","4":"has-post-thumbnail","6":"product_cat-harvia-et","7":"product_cat-juhtpuldid","8":"product_cat-sanitaartehnika","9":"product_tag-sauna-et","11":"first","12":"instock","13":"sale","14":"taxable","15":"shipping-taxable","16":"purchasable","17":"product-type-simple"},"acf":[],"_links":{"self":[{"href":"https:\/\/factory.sale\/et\/wp-json\/wp\/v2\/product\/14045","targetHints":{"allow":["GET"]}}],"collection":[{"href":"https:\/\/factory.sale\/et\/wp-json\/wp\/v2\/product"}],"about":[{"href":"https:\/\/factory.sale\/et\/wp-json\/wp\/v2\/types\/product"}],"replies":[{"embeddable":true,"href":"https:\/\/factory.sale\/et\/wp-json\/wp\/v2\/comments?post=14045"}],"wp:featuredmedia":[{"embeddable":true,"href":"https:\/\/factory.sale\/et\/wp-json\/wp\/v2\/media\/14040"}],"wp:attachment":[{"href":"https:\/\/factory.sale\/et\/wp-json\/wp\/v2\/media?parent=14045"}],"wp:term":[{"taxonomy":"factory","embeddable":true,"href":"https:\/\/factory.sale\/et\/wp-json\/wp\/v2\/factory?post=14045"},{"taxonomy":"free-shipment","embeddable":true,"href":"https:\/\/factory.sale\/et\/wp-json\/wp\/v2\/free-shipment?post=14045"},{"taxonomy":"product_brand","embeddable":true,"href":"https:\/\/factory.sale\/et\/wp-json\/wp\/v2\/product_brand?post=14045"},{"taxonomy":"product_cat","embeddable":true,"href":"https:\/\/factory.sale\/et\/wp-json\/wp\/v2\/product_cat?post=14045"},{"taxonomy":"product_tag","embeddable":true,"href":"https:\/\/factory.sale\/et\/wp-json\/wp\/v2\/product_tag?post=14045"}],"curies":[{"name":"wp","href":"https:\/\/api.w.org\/{rel}","templated":true}]}}