{"id":140412,"date":"2026-02-23T19:00:06","date_gmt":"2026-02-23T16:00:07","guid":{"rendered":"https:\/\/factory.sale\/?post_type=product&#038;p=140412"},"modified":"2026-03-23T14:58:54","modified_gmt":"2026-03-23T11:58:54","slug":"kulgpostiga-paikesevari-nordictent-capri-sa-3x4m","status":"publish","type":"product","link":"https:\/\/factory.sale\/et\/toode\/kulgpostiga-paikesevari-nordictent-capri-sa-3x4m\/","title":{"rendered":"K\u00fclgpostiga p\u00e4ikesevari NORDICTENT CAPRI SA 3x4m"},"content":{"rendered":"<p>Komplektis:<br \/>\nK\u00fclgpost varju raam (ristjalg+mast+kelluke) ning <strong>bee\u017e varju kate<\/strong>.<\/p>\n<p>Kvaliteetne ja stabiilne k\u00fclgpostiga p\u00e4ikesevari sobib ideaalselt <strong>v\u00e4lis\u00fcritustele, koduaedadesse, terrassile ja v\u00e4likohvikutesse<\/strong>.<\/p>\n<p>Toode pakub t\u00f5husat kaitset ilmastikuolude eest ning samal ajal v\u00f5imaldab ka teie br\u00e4ndi esile t\u00f5sta.<\/p>\n<p>Lihtne avamiss\u00fcsteem ja vastupidav pol\u00fcesterkate tagavad mugava kasutuse. Kate on <strong>s\u00fcttimiskindel, veekindel ja UV-kindel<\/strong>, tagades pikaajalise vastupidavuse v\u00e4litingimustes.<\/p>\n<p>Tehniline teave:<\/p>\n<ul>\n<li>Raam: alumiinium, puiduimitatsiooniga<\/li>\n<li>Masti ristl\u00f5ige: 93 x 93 mm<\/li>\n<li>Masti profiili paksus: 3 mm<\/li>\n<li>Ribide ristl\u00f5ige: 17 x 35 mm<\/li>\n<li>Ribide materjali paksus: 1,2 mm (sisemine tugevduselement)<\/li>\n<li>Kaal (neto): 60 kg<\/li>\n<li>Avamine: v\u00e4ndaga<\/li>\n<li>Lisafunktsioonid: p\u00f6\u00f6rleb <strong data-start=\"352\" data-end=\"360\">360\u00b0\u00a0<\/strong>\u00fcmber oma telje<\/li>\n<li>Kate: pol\u00fcesterkangas, <strong data-start=\"408\" data-end=\"420\">360 g\/m\u00b2<\/strong>, veekindel, UV-kindel, raskesti s\u00fcttiv, ilma volangita<\/li>\n<li>Varju v\u00e4rv: bee\u017e<\/li>\n<\/ul>\n<p>KINGITUSEKS TASUTA: k\u00fclgpost varju kaitsekott!<br \/>\nKomplekti ei kuulu raskuskivid.<\/p>\n<p>Raskuskive saab osta\u00a0<a href=\"https:\/\/factory.sale\/et\/toode\/marmorkivid-kulgpostiga-paikesevarjule\/\">SIIT<\/a><\/p>\n","protected":false},"excerpt":{"rendered":"<p>Tehniline teave:<\/p>\n<ul>\n<li>Raam: alumiinium, puiduimitatsiooniga<\/li>\n<li>Masti ristl\u00f5ige: 93 x 93 mm<\/li>\n<li>Masti profiili paksus: 3 mm<\/li>\n<li>Ribide ristl\u00f5ige: 17 x 35 mm<\/li>\n<li>Ribide materjali paksus: 1,2 mm (sisemine tugevduselement)<\/li>\n<li>Kaal (neto): 60 kg<\/li>\n<li>Avamine: v\u00e4ndaga<\/li>\n<li>Lisafunktsioonid: p\u00f6\u00f6rleb <strong data-start=\"352\" data-end=\"360\">360\u00b0\u00a0<\/strong>\u00fcmber oma telje<\/li>\n<li>Kate: pol\u00fcesterkangas, <strong data-start=\"408\" data-end=\"420\">360 g\/m\u00b2<\/strong>, veekindel, UV-kindel, raskesti s\u00fcttiv, ilma volangita<\/li>\n<li>Varju v\u00e4rv: bee\u017e<\/li>\n<\/ul>\n<p>KINGITUSEKS TASUTA: k\u00fclgpost varju kaitsekott!<br \/>\nKomplekti ei kuulu raskuskivid.<\/p>\n<p>Raskuskive saab osta\u00a0<a href=\"https:\/\/factory.sale\/et\/toode\/marmorkivid-kulgpostiga-paikesevarjule\/\">SIIT<\/a><\/p>\n","protected":false},"featured_media":140392,"comment_status":"open","ping_status":"closed","template":"","meta":{"_acf_changed":false},"factory":[],"free-shipment":[],"product_brand":[],"product_cat":[924,2241],"product_tag":[],"class_list":{"0":"post-140412","1":"product","2":"type-product","3":"status-publish","4":"has-post-thumbnail","6":"product_cat-aiatooted","7":"product_cat-aiamoobel","9":"first","10":"instock","11":"sale","12":"taxable","13":"shipping-taxable","14":"purchasable","15":"product-type-simple"},"acf":[],"_links":{"self":[{"href":"https:\/\/factory.sale\/et\/wp-json\/wp\/v2\/product\/140412","targetHints":{"allow":["GET"]}}],"collection":[{"href":"https:\/\/factory.sale\/et\/wp-json\/wp\/v2\/product"}],"about":[{"href":"https:\/\/factory.sale\/et\/wp-json\/wp\/v2\/types\/product"}],"replies":[{"embeddable":true,"href":"https:\/\/factory.sale\/et\/wp-json\/wp\/v2\/comments?post=140412"}],"wp:featuredmedia":[{"embeddable":true,"href":"https:\/\/factory.sale\/et\/wp-json\/wp\/v2\/media\/140392"}],"wp:attachment":[{"href":"https:\/\/factory.sale\/et\/wp-json\/wp\/v2\/media?parent=140412"}],"wp:term":[{"taxonomy":"factory","embeddable":true,"href":"https:\/\/factory.sale\/et\/wp-json\/wp\/v2\/factory?post=140412"},{"taxonomy":"free-shipment","embeddable":true,"href":"https:\/\/factory.sale\/et\/wp-json\/wp\/v2\/free-shipment?post=140412"},{"taxonomy":"product_brand","embeddable":true,"href":"https:\/\/factory.sale\/et\/wp-json\/wp\/v2\/product_brand?post=140412"},{"taxonomy":"product_cat","embeddable":true,"href":"https:\/\/factory.sale\/et\/wp-json\/wp\/v2\/product_cat?post=140412"},{"taxonomy":"product_tag","embeddable":true,"href":"https:\/\/factory.sale\/et\/wp-json\/wp\/v2\/product_tag?post=140412"}],"curies":[{"name":"wp","href":"https:\/\/api.w.org\/{rel}","templated":true}]}}