{"id":13955,"date":"2022-10-06T14:55:14","date_gmt":"2022-10-06T14:56:39","guid":{"rendered":"https:\/\/factory.sale\/?post_type=product&#038;p=13955"},"modified":"2025-03-27T11:59:10","modified_gmt":"2025-03-27T08:59:10","slug":"harvia-senlog-cf9c","status":"publish","type":"product","link":"https:\/\/factory.sale\/et\/toode\/harvia-senlog-cf9c\/","title":{"rendered":"HARVIA SENLOG CF9C"},"content":{"rendered":"<p>Harvia Senlog Combi on lihtne juhtimispult kombineeritud elektrikerisele v\u00f5imsusega kuni 9 kW. Sobib Combi kerisele (kerise ja auruti kombinatsioon). Juhib kerist ning saunavalgustust. Paigaldada kuiva kohta leiliruumist v\u00e4ljaspool.<\/p>\n<p>&nbsp;<\/p>\n<ul>\n<li>Kerisele maksimaalse v\u00f5imsusega 9 kW<\/li>\n<li>Eelseadistatav sissel\u00fclitusaja vahemik: 0-6 h<\/li>\n<li>Reguleeritav temperatuurivahemik: 40-110 \u00b0C<\/li>\n<li>Toitepinge: 400 V 3N AC<\/li>\n<li>Keris: U, V, W 3 kW\/ faas<\/li>\n<li>Auruti: W1 3 kW<\/li>\n<li>W ja W1 vahelduvad, kui kerise ja auruti juhtimine on t\u00f6\u00f6s<\/li>\n<li>Auruti niiskuse s\u00e4te m\u00e4\u00e4rab sauna maksimaalse temperatuuri<\/li>\n<li>Valguse kontrolli maksimaalne v\u00f5imsus: 100 W<\/li>\n<li>Kaal: 0,6 kg<\/li>\n<li>M\u00f5\u00f5dud: s\u00fcgavus 5,8 cm, laius 18,5 cm, k\u00f5rgus 14,5 cm<\/li>\n<\/ul>\n<p>&nbsp;<\/p>\n<p>&nbsp;<\/p>\n<p><a href=\"https:\/\/factory.sale\/wp-content\/uploads\/2022\/10\/CF9C_ENDERU.pdf\" target=\"_blank\" rel=\"noopener noreferrer\">Manuaal<\/a><\/p>\n","protected":false},"excerpt":{"rendered":"<p>Harvia Senlog Combi on lihtne juhtimispult kombineeritud elektrikerisele v\u00f5imsusega kuni 9 kW.<\/p>\n","protected":false},"featured_media":19444,"comment_status":"open","ping_status":"closed","template":"","meta":{"_acf_changed":false},"factory":[],"free-shipment":[],"product_brand":[],"product_cat":[1420,2006,1345,784],"product_tag":[835,811],"class_list":{"0":"post-13955","1":"product","2":"type-product","3":"status-publish","4":"has-post-thumbnail","6":"product_cat-harvia-et","7":"product_cat-harvia-et-2","8":"product_cat-juhtpuldid","9":"product_cat-sanitaartehnika","10":"product_tag-control-unit-et","11":"product_tag-sauna-et","13":"first","14":"instock","15":"sale","16":"taxable","17":"shipping-taxable","18":"purchasable","19":"product-type-simple"},"acf":[],"_links":{"self":[{"href":"https:\/\/factory.sale\/et\/wp-json\/wp\/v2\/product\/13955","targetHints":{"allow":["GET"]}}],"collection":[{"href":"https:\/\/factory.sale\/et\/wp-json\/wp\/v2\/product"}],"about":[{"href":"https:\/\/factory.sale\/et\/wp-json\/wp\/v2\/types\/product"}],"replies":[{"embeddable":true,"href":"https:\/\/factory.sale\/et\/wp-json\/wp\/v2\/comments?post=13955"}],"wp:featuredmedia":[{"embeddable":true,"href":"https:\/\/factory.sale\/et\/wp-json\/wp\/v2\/media\/19444"}],"wp:attachment":[{"href":"https:\/\/factory.sale\/et\/wp-json\/wp\/v2\/media?parent=13955"}],"wp:term":[{"taxonomy":"factory","embeddable":true,"href":"https:\/\/factory.sale\/et\/wp-json\/wp\/v2\/factory?post=13955"},{"taxonomy":"free-shipment","embeddable":true,"href":"https:\/\/factory.sale\/et\/wp-json\/wp\/v2\/free-shipment?post=13955"},{"taxonomy":"product_brand","embeddable":true,"href":"https:\/\/factory.sale\/et\/wp-json\/wp\/v2\/product_brand?post=13955"},{"taxonomy":"product_cat","embeddable":true,"href":"https:\/\/factory.sale\/et\/wp-json\/wp\/v2\/product_cat?post=13955"},{"taxonomy":"product_tag","embeddable":true,"href":"https:\/\/factory.sale\/et\/wp-json\/wp\/v2\/product_tag?post=13955"}],"curies":[{"name":"wp","href":"https:\/\/api.w.org\/{rel}","templated":true}]}}