{"id":13943,"date":"2022-10-06T14:42:55","date_gmt":"2022-10-06T14:45:05","guid":{"rendered":"https:\/\/factory.sale\/?post_type=product&#038;p=13943"},"modified":"2025-03-27T12:15:21","modified_gmt":"2025-03-27T09:15:21","slug":"harvia-xenio-cx110c-combi-wifi-cx1104cxw","status":"publish","type":"product","link":"https:\/\/factory.sale\/et\/toode\/harvia-xenio-cx110c-combi-wifi-cx1104cxw\/","title":{"rendered":"HARVIA XENIO CX110C COMBI WIFI, CX1104CXW"},"content":{"rendered":"<p>Harvia Xenio Combi CX110C WiFi on puutetundliku paneeliga juhtimispult aurutifunktsiooniga elektrikerisele v\u00f5imsusega kuni 11 kW ning eraldiseisvale aurutile v\u00f5imsusega kuni 3,6 kW. MyHarvia rakendusega saab sauna funktsioone juhtmevabalt reguleerida. Sobiva ukseanduri ja kerise turvavarustusega saab sauna funktsioone kaugjuhtida. Lisaks kerisele saab juhtida ka niiskustaset ning sauna valgustust ja ventilatsiooni. Stiilselt v\u00e4ikse, kuid kasutamiseks mugava paneeli saab lihtsalt paigaldada, sauna- v\u00f5i pesuruumi, eesruumi v\u00f5i kas v\u00f5i elutuppa. Toiteplokk paigaldatakse kuiva kohta saunaruumist v\u00e4ljaspool.<\/p>\n<p>&nbsp;<\/p>\n<p><strong>Juhtpaneel<\/strong><\/p>\n<ul>\n<li>Temperatuuri reguleerimispiirkond: 40-110 \u00b0C<\/li>\n<li>Niiskuse reguleerimispiirkond: 20-95 % suhtelist \u00f5huniiskust<\/li>\n<li>T\u00f6\u00f6aja reguleerimispiirkond: peresaunad 1-6 h, avalikud saunad korterelamutes 1-12 h<\/li>\n<li>Eelh\u00e4\u00e4lestusaja reguleerimispiirkond: 0-12 h<\/li>\n<li>Valgustuse ja ventilaatori juhtimine<\/li>\n<li>M\u00f5\u00f5dud: 85 mm x 24 mm x 110 mm<\/li>\n<li>MyHarvia mobiilirakendus (GooglePlay ja AppStore)<\/li>\n<\/ul>\n<p><strong>Kontaktorikarp<\/strong><\/p>\n<ul>\n<li>Toitepinge: 400 V 3-faasiline<\/li>\n<li>Maksimaalne v\u00f5imsus juhtimiskeskuselt kerisele: 11 kW<\/li>\n<li>Valgustuse juhtimine, maksimaalne v\u00f5imsus: 100 W, 230 V \u00fchefaasiline<\/li>\n<li>Ventilaatori juhtimine, maksimaalne v\u00f5imsus: 100 W, 230 V \u00fchefaasiline<\/li>\n<li>M\u00f5\u00f5dud: 272 mm x 70 mm x 193 mm<\/li>\n<\/ul>\n<p><strong>Temperatuuriandur ja niiskusandur 4 m kaabliga<\/strong><\/p>\n<ul>\n<li>Temperatuuriandur on varustatud l\u00e4htestatava \u00fclekuumenemiskaitse ja temperatuuri m\u00f5\u00f5tva NTC termistoriga (22 k\u03a9\/T=25 \u00b0C)<\/li>\n<li>Niiskusandur WX325 m\u00f5\u00f5dab temperatuuri ja suhtelist \u00f5huniiskust<\/li>\n<li>Kaal: 175 g koos juhtmetega (u 4 m)<\/li>\n<li>M\u00f5\u00f5dud: 51 mm x 73 mm x 27 mm<\/li>\n<li>Data kaabel 5 m, 10 m pikendusjuhtmega<\/li>\n<\/ul>\n<p>&nbsp;<\/p>\n<p><a href=\"https:\/\/factory.sale\/wp-content\/uploads\/2022\/10\/harvia-xenio-combi.pdf\" target=\"_blank\" rel=\"noopener noreferrer\">Manuaal<\/a><\/p>\n","protected":false},"excerpt":{"rendered":"<p>Stiilselt v\u00e4ikse, kuid kasutamiseks mugava paneeli saab lihtsalt paigaldada, sauna- v\u00f5i pesuruumi, eesruumi v\u00f5i kas v\u00f5i elutuppa. Toiteplokk paigaldatakse kuiva kohta saunaruumist v\u00e4ljaspool.<\/p>\n<p>&nbsp;<\/p>\n","protected":false},"featured_media":13878,"comment_status":"open","ping_status":"closed","template":"","meta":{"_acf_changed":false},"factory":[],"free-shipment":[],"product_brand":[],"product_cat":[2006,1345,784],"product_tag":[835,812,811],"class_list":{"0":"post-13943","1":"product","2":"type-product","3":"status-publish","4":"has-post-thumbnail","6":"product_cat-harvia-et-2","7":"product_cat-juhtpuldid","8":"product_cat-sanitaartehnika","9":"product_tag-control-unit-et","10":"product_tag-electric-heater-control-et","11":"product_tag-sauna-et","13":"first","14":"instock","15":"taxable","16":"shipping-taxable","17":"purchasable","18":"product-type-simple"},"acf":[],"_links":{"self":[{"href":"https:\/\/factory.sale\/et\/wp-json\/wp\/v2\/product\/13943","targetHints":{"allow":["GET"]}}],"collection":[{"href":"https:\/\/factory.sale\/et\/wp-json\/wp\/v2\/product"}],"about":[{"href":"https:\/\/factory.sale\/et\/wp-json\/wp\/v2\/types\/product"}],"replies":[{"embeddable":true,"href":"https:\/\/factory.sale\/et\/wp-json\/wp\/v2\/comments?post=13943"}],"wp:featuredmedia":[{"embeddable":true,"href":"https:\/\/factory.sale\/et\/wp-json\/wp\/v2\/media\/13878"}],"wp:attachment":[{"href":"https:\/\/factory.sale\/et\/wp-json\/wp\/v2\/media?parent=13943"}],"wp:term":[{"taxonomy":"factory","embeddable":true,"href":"https:\/\/factory.sale\/et\/wp-json\/wp\/v2\/factory?post=13943"},{"taxonomy":"free-shipment","embeddable":true,"href":"https:\/\/factory.sale\/et\/wp-json\/wp\/v2\/free-shipment?post=13943"},{"taxonomy":"product_brand","embeddable":true,"href":"https:\/\/factory.sale\/et\/wp-json\/wp\/v2\/product_brand?post=13943"},{"taxonomy":"product_cat","embeddable":true,"href":"https:\/\/factory.sale\/et\/wp-json\/wp\/v2\/product_cat?post=13943"},{"taxonomy":"product_tag","embeddable":true,"href":"https:\/\/factory.sale\/et\/wp-json\/wp\/v2\/product_tag?post=13943"}],"curies":[{"name":"wp","href":"https:\/\/api.w.org\/{rel}","templated":true}]}}