{"id":13934,"date":"2022-10-06T14:35:04","date_gmt":"2022-10-06T14:35:12","guid":{"rendered":"https:\/\/factory.sale\/?post_type=product&#038;p=13934"},"modified":"2024-06-27T16:02:47","modified_gmt":"2024-06-27T16:02:47","slug":"harvia-xenio-cx170-wifi","status":"publish","type":"product","link":"https:\/\/factory.sale\/et\/toode\/harvia-xenio-cx170-wifi\/","title":{"rendered":"HARVIA Xenio CX170 WIFI"},"content":{"rendered":"<p>Harvia Xenio on puutetundliku paneeliga juhtimispult elektrikerisele v\u00f5imsusega kuni 17 kW. Lisaks kerisele saab juhtida ka sauna valgustust ja ventilatsiooni. Komplektis juhtimiskeskus, toiteplokk, temperatuuriandur 4 m kaabliga ja andmesidekaabel 5 m. Kui juhtimispult varustada lisatoiteplokiga LTY17, saab sellega juhtida kuni 34 kW v\u00f5imsusega keriseid. MyHarvia rakendusega saab sauna funktsioone juhtmevabalt reguleerida. Sobiva ukseanduri ja kerise turvavarustusega saab sauna funktsioone kaugjuhtida.<\/p>\n<p>Stiilselt v\u00e4ikse, kuid kasutamiseks mugava paneeli saab lihtsalt paigaldada, sauna- v\u00f5i pesuruumi, eesruumi v\u00f5i kas v\u00f5i elutuppa. Paneel on paigaldatav nii seina peale kui s\u00fcvistatult. Toiteplokk paigaldatakse kuiva kohta saunaruumist v\u00e4ljaspool.<\/p>\n<p>&nbsp;<\/p>\n<p><strong>Juhtpaneel<\/strong><\/p>\n<ul>\n<li>Temperatuuri reguleerimispiirkond: 40-110 \u00b0C<\/li>\n<li>T\u00f6\u00f6aja reguleerimispiirkond: peresaunad 1-6 h, avalikud saunad korterelamutes 1-12 h<\/li>\n<li>Eelh\u00e4\u00e4lestusaja reguleerimispiirkond: 0-12 h<\/li>\n<li>Valgustuse ja ventilaatori juhtimine<\/li>\n<li>M\u00f5\u00f5dud: 85 mm x 24 mm x 110 mm<\/li>\n<li>MyHarvia mobiilirakendus (GooglePlay ja AppStore)<\/li>\n<\/ul>\n<p>&nbsp;<\/p>\n<p><strong>Kontaktorikarp<\/strong><\/p>\n<ul>\n<li>Toitepinge: 400 V 3-faasiline<\/li>\n<li>Maksimaalne v\u00f5imsus juhtimiskeskuselt kerisele: 17 kW<\/li>\n<li>Valgustuse juhtimine, maksimaalne v\u00f5imsus: 100 W, 230 V \u00fchefaasiline<\/li>\n<li>Ventilaatori juhtimine, maksimaalne v\u00f5imsus: 100 W, 230 V \u00fchefaasiline<\/li>\n<li>M\u00f5\u00f5dud: 272 mm x 70 mm x 193 mm<\/li>\n<\/ul>\n<p>&nbsp;<\/p>\n<p><strong>Temperatuuriandur 4 m kaabliga<\/strong><\/p>\n<ul>\n<li>Temperatuuriandur on varustatud l\u00e4htestatava \u00fclekuumenemiskaitse ja temperatuuri m\u00f5\u00f5tva NTC termistoriga (22 k\u2126\/T=25 \u00b0C)<\/li>\n<li>Niiskusandur WX325 m\u00f5\u00f5dab temperatuuri ja suhtelist \u00f5huniiskust<\/li>\n<li>Kaal: 175 g koos juhtmetega (u 4 m)<\/li>\n<li>M\u00f5\u00f5dud: 51 mm x 73 mm x 27 mm<\/li>\n<\/ul>\n<p>Data kaabel 5 m, 10 m pikendusjuhtmega<\/p>\n<p>&nbsp;<\/p>\n<p>&nbsp;<\/p>\n<p><a href=\"https:\/\/factory.sale\/wp-content\/uploads\/2022\/10\/CX170_XENIO.pdf\" target=\"_blank\" rel=\"noopener noreferrer\">Manuaal<\/a><\/p>\n","protected":false},"excerpt":{"rendered":"<p>Stiilselt v\u00e4ikse, kuid kasutamiseks mugava paneeli saab lihtsalt paigaldada, sauna- v\u00f5i pesuruumi, eesruumi v\u00f5i kas v\u00f5i elutuppa. Paneel on paigaldatav nii seina peale kui s\u00fcvistatult. Toiteplokk paigaldatakse kuiva kohta saunaruumist v\u00e4ljaspool.<\/p>\n","protected":false},"featured_media":13878,"comment_status":"open","ping_status":"closed","template":"","meta":{"_acf_changed":false},"factory":[],"free-shipment":[],"product_brand":[],"product_cat":[2006,1345,784],"product_tag":[812,811],"class_list":{"0":"post-13934","1":"product","2":"type-product","3":"status-publish","4":"has-post-thumbnail","6":"product_cat-harvia-et-2","7":"product_cat-juhtpuldid","8":"product_cat-sanitaartehnika","9":"product_tag-electric-heater-control-et","10":"product_tag-sauna-et","12":"first","13":"instock","14":"sale","15":"taxable","16":"shipping-taxable","17":"purchasable","18":"product-type-simple"},"acf":[],"_links":{"self":[{"href":"https:\/\/factory.sale\/et\/wp-json\/wp\/v2\/product\/13934","targetHints":{"allow":["GET"]}}],"collection":[{"href":"https:\/\/factory.sale\/et\/wp-json\/wp\/v2\/product"}],"about":[{"href":"https:\/\/factory.sale\/et\/wp-json\/wp\/v2\/types\/product"}],"replies":[{"embeddable":true,"href":"https:\/\/factory.sale\/et\/wp-json\/wp\/v2\/comments?post=13934"}],"wp:featuredmedia":[{"embeddable":true,"href":"https:\/\/factory.sale\/et\/wp-json\/wp\/v2\/media\/13878"}],"wp:attachment":[{"href":"https:\/\/factory.sale\/et\/wp-json\/wp\/v2\/media?parent=13934"}],"wp:term":[{"taxonomy":"factory","embeddable":true,"href":"https:\/\/factory.sale\/et\/wp-json\/wp\/v2\/factory?post=13934"},{"taxonomy":"free-shipment","embeddable":true,"href":"https:\/\/factory.sale\/et\/wp-json\/wp\/v2\/free-shipment?post=13934"},{"taxonomy":"product_brand","embeddable":true,"href":"https:\/\/factory.sale\/et\/wp-json\/wp\/v2\/product_brand?post=13934"},{"taxonomy":"product_cat","embeddable":true,"href":"https:\/\/factory.sale\/et\/wp-json\/wp\/v2\/product_cat?post=13934"},{"taxonomy":"product_tag","embeddable":true,"href":"https:\/\/factory.sale\/et\/wp-json\/wp\/v2\/product_tag?post=13934"}],"curies":[{"name":"wp","href":"https:\/\/api.w.org\/{rel}","templated":true}]}}