{"id":13926,"date":"2022-10-05T10:40:10","date_gmt":"2022-10-05T10:42:20","guid":{"rendered":"https:\/\/factory.sale\/?post_type=product&#038;p=13926"},"modified":"2025-03-27T12:03:33","modified_gmt":"2025-03-27T09:03:33","slug":"harvia-xafir-cs110c","status":"publish","type":"product","link":"https:\/\/factory.sale\/et\/toode\/harvia-xafir-cs110c\/","title":{"rendered":"HARVIA XAFIR CS110C"},"content":{"rendered":"<p><strong>Juhtpaneel:<\/strong><\/p>\n<ul>\n<li>Temperatuuri, reguleerimise vahemik: 40-110\u00b0C<\/li>\n<li>Niiskuse,reguleerimise vahemik: 20-95rH<\/li>\n<li>Ajavahemik: pere saunad 1\u20136 h, avalikud saunad korterelamutes 1\u201312 h. Pikemate t\u00f6\u00f6aegade puhul arutelu importija \/ tootjaga.<\/li>\n<li>Viivitusaja reguleerimisvahemik: 0\u201318 h<\/li>\n<li>Valgutuse ja ventilaatori juhtimine<\/li>\n<li>Andmekaabli pikkus: 5 m (saadaval 10. m pikenduskaablit, maksimaalne pikkus 30 m)<\/li>\n<\/ul>\n<p>&nbsp;<\/p>\n<p><strong>Toide:<\/strong><\/p>\n<ul>\n<li>Toitepinge: 400 V 3N ~<\/li>\n<li>Valgustuse juhtimine, max. v\u00f5imsus: 100 W, 230 V 1N ~<\/li>\n<li>Ventilaatori juhtimine, max. v\u00f5imsus: 100W, 230V 1N ~<\/li>\n<li>Maksimum. koormus juhtumispuldist, elektrikerisele 11kW<\/li>\n<li>Maksimaalne koormus juhtimispuldist, aurutile 3kW<\/li>\n<\/ul>\n<p>&nbsp;<\/p>\n<p>&nbsp;<\/p>\n<p><strong>Andur:<\/strong><\/p>\n<ul>\n<li>Temperatuuriandur WX232 on varustatud \u00fcmberl\u00fclitatava, \u00fclekuumenemise kaitse ja temperatuurianduriga NTC termistoriga (22 k\u03a9 \/ T = 25 \u00b0 C)<\/li>\n<\/ul>\n<p>&nbsp;<\/p>\n<p><strong>Tehnilised andmed:<\/strong><\/p>\n<ul>\n<li>M\u00f5\u00f5dud: laius (mm) 147<\/li>\n<li>M\u00f5\u00f5dud: k\u00f5rgus (mm) 50<\/li>\n<li>M\u00f5\u00f5dud: s\u00fcgavus (mm) 30<\/li>\n<li>Kaal, (kg) 1,9<\/li>\n<li>Reguleeritav temperatuur, min.-maks. (\u00b0C) 40-110<\/li>\n<li>Kerise v\u00f5imsus, maks. (kW) 11<\/li>\n<li>K\u00fctmisaeg, (h) 12<\/li>\n<li>Sissel\u00fclitusaja reguleerimine, (h) 0\u201318<\/li>\n<li>Maksimaalne n\u00e4it, (\u00b0C) 110<\/li>\n<li>Lisa-informatsioon 400V 3N<\/li>\n<\/ul>\n<p>&nbsp;<\/p>\n<p><a href=\"https:\/\/factory.sale\/wp-content\/uploads\/2022\/10\/xafir-cs110.pdf\" target=\"_blank\" rel=\"noopener noreferrer\">Manuaal<\/a><\/p>\n","protected":false},"excerpt":{"rendered":"<p>HARVIA XAFIR CS110C sauna juhtpaneel.<\/p>\n","protected":false},"featured_media":19504,"comment_status":"open","ping_status":"closed","template":"","meta":{"_acf_changed":false},"factory":[],"free-shipment":[],"product_brand":[],"product_cat":[2006,1345,784],"product_tag":[835,812,811],"class_list":{"0":"post-13926","1":"product","2":"type-product","3":"status-publish","4":"has-post-thumbnail","6":"product_cat-harvia-et-2","7":"product_cat-juhtpuldid","8":"product_cat-sanitaartehnika","9":"product_tag-control-unit-et","10":"product_tag-electric-heater-control-et","11":"product_tag-sauna-et","13":"first","14":"instock","15":"sale","16":"taxable","17":"shipping-taxable","18":"purchasable","19":"product-type-simple"},"acf":[],"_links":{"self":[{"href":"https:\/\/factory.sale\/et\/wp-json\/wp\/v2\/product\/13926","targetHints":{"allow":["GET"]}}],"collection":[{"href":"https:\/\/factory.sale\/et\/wp-json\/wp\/v2\/product"}],"about":[{"href":"https:\/\/factory.sale\/et\/wp-json\/wp\/v2\/types\/product"}],"replies":[{"embeddable":true,"href":"https:\/\/factory.sale\/et\/wp-json\/wp\/v2\/comments?post=13926"}],"wp:featuredmedia":[{"embeddable":true,"href":"https:\/\/factory.sale\/et\/wp-json\/wp\/v2\/media\/19504"}],"wp:attachment":[{"href":"https:\/\/factory.sale\/et\/wp-json\/wp\/v2\/media?parent=13926"}],"wp:term":[{"taxonomy":"factory","embeddable":true,"href":"https:\/\/factory.sale\/et\/wp-json\/wp\/v2\/factory?post=13926"},{"taxonomy":"free-shipment","embeddable":true,"href":"https:\/\/factory.sale\/et\/wp-json\/wp\/v2\/free-shipment?post=13926"},{"taxonomy":"product_brand","embeddable":true,"href":"https:\/\/factory.sale\/et\/wp-json\/wp\/v2\/product_brand?post=13926"},{"taxonomy":"product_cat","embeddable":true,"href":"https:\/\/factory.sale\/et\/wp-json\/wp\/v2\/product_cat?post=13926"},{"taxonomy":"product_tag","embeddable":true,"href":"https:\/\/factory.sale\/et\/wp-json\/wp\/v2\/product_tag?post=13926"}],"curies":[{"name":"wp","href":"https:\/\/api.w.org\/{rel}","templated":true}]}}