{"id":13918,"date":"2022-10-05T10:25:33","date_gmt":"2022-10-05T10:27:42","guid":{"rendered":"https:\/\/factory.sale\/?post_type=product&#038;p=13918"},"modified":"2025-03-27T12:03:46","modified_gmt":"2025-03-27T09:03:46","slug":"harvia-xafir-cs170","status":"publish","type":"product","link":"https:\/\/factory.sale\/et\/toode\/harvia-xafir-cs170\/","title":{"rendered":"HARVIA XAFIR CS170"},"content":{"rendered":"<p>Elektrikeriste kaugjuhtimispult. Komplekti kuulub puutetundlik juhtpaneel ja toiteplokk.<\/p>\n<div><\/div>\n<ul>\n<li>T\u00f6\u00f6temperatuur vahemikus 40 kuni + 110 \u00b0C, t\u00e4psus 1 \u00b0C.<\/li>\n<li>Reguleeritav kestus 1 kuni 12 tundi.<\/li>\n<li>Reguleeritav sissel\u00fclitamisviiteaeg 1 kuni 12 tundi.<\/li>\n<li>Sauna kuivatusre\u017eiim.<\/li>\n<li>Valgustuse sisselulitamis- ja ventilatsiooninupud.<\/li>\n<li>Valitud ja tegeliku temperatuuri n\u00e4it.<\/li>\n<li>Valitud ja \u00fclej\u00e4\u00e4nud t\u00f6\u00f6aja n\u00e4it.<\/li>\n<li>Valitud ja \u00fclej\u00e4\u00e4nud sissel\u00fclitamisviiteaja n\u00e4it.<\/li>\n<li>Enesekontroll ja rikkesignaal.<\/li>\n<li>T\u00e4iendava niiskuseanduri l\u00fclitamisv\u00f5imalus.<\/li>\n<li>Kasutus \u2013 elektrikeriste jaoks<\/li>\n<li>L\u00fclitamisv\u00f5imsus &#8211; 17 kW<\/li>\n<\/ul>\n<div><\/div>\n<div><\/div>\n<div><strong>Tehnilised andmed:<\/strong><\/div>\n<ul>\n<li>M\u00f5\u00f5dud: laius (mm): 270<\/li>\n<li>M\u00f5\u00f5dud: k\u00f5rgus (mm) : 50<\/li>\n<li>M\u00f5\u00f5dud: s\u00fcgavus (mm) : 30<\/li>\n<li>Kaal, (kg) : 1,8<\/li>\n<li>Reguleeritav temperatuur, min.-maks. (\u00b0C): 40 &#8211; 110<\/li>\n<li>Kerise v\u00f5imsus, maks. (kW): 11<\/li>\n<li>K\u00fctmisaeg, (h): 12<\/li>\n<li>Sissel\u00fclitusaja seadistamine, (h) : 0 &#8211; 12<\/li>\n<li>Maksimaalne n\u00e4it, (\u00b0C) : 110<\/li>\n<li>Lisa-informatsioon : 400V 3N<\/li>\n<\/ul>\n<p>&nbsp;<\/p>\n<p>&nbsp;<\/p>\n<p><a href=\"https:\/\/factory.sale\/wp-content\/uploads\/2022\/10\/xafir-cs110.pdf\" target=\"_blank\" rel=\"noopener noreferrer\">Manuaal<\/a><\/p>\n","protected":false},"excerpt":{"rendered":"<p>Elektrikeriste kaugjuhtimispult. Komplekti kuulub puutetundlik juhtpaneel ja toiteplokk.<\/p>\n","protected":false},"featured_media":19504,"comment_status":"open","ping_status":"closed","template":"","meta":{"_acf_changed":false},"factory":[],"free-shipment":[],"product_brand":[],"product_cat":[2006,1345,784],"product_tag":[835,812,811],"class_list":{"0":"post-13918","1":"product","2":"type-product","3":"status-publish","4":"has-post-thumbnail","6":"product_cat-harvia-et-2","7":"product_cat-juhtpuldid","8":"product_cat-sanitaartehnika","9":"product_tag-control-unit-et","10":"product_tag-electric-heater-control-et","11":"product_tag-sauna-et","13":"first","14":"instock","15":"sale","16":"taxable","17":"shipping-taxable","18":"purchasable","19":"product-type-simple"},"acf":[],"_links":{"self":[{"href":"https:\/\/factory.sale\/et\/wp-json\/wp\/v2\/product\/13918","targetHints":{"allow":["GET"]}}],"collection":[{"href":"https:\/\/factory.sale\/et\/wp-json\/wp\/v2\/product"}],"about":[{"href":"https:\/\/factory.sale\/et\/wp-json\/wp\/v2\/types\/product"}],"replies":[{"embeddable":true,"href":"https:\/\/factory.sale\/et\/wp-json\/wp\/v2\/comments?post=13918"}],"wp:featuredmedia":[{"embeddable":true,"href":"https:\/\/factory.sale\/et\/wp-json\/wp\/v2\/media\/19504"}],"wp:attachment":[{"href":"https:\/\/factory.sale\/et\/wp-json\/wp\/v2\/media?parent=13918"}],"wp:term":[{"taxonomy":"factory","embeddable":true,"href":"https:\/\/factory.sale\/et\/wp-json\/wp\/v2\/factory?post=13918"},{"taxonomy":"free-shipment","embeddable":true,"href":"https:\/\/factory.sale\/et\/wp-json\/wp\/v2\/free-shipment?post=13918"},{"taxonomy":"product_brand","embeddable":true,"href":"https:\/\/factory.sale\/et\/wp-json\/wp\/v2\/product_brand?post=13918"},{"taxonomy":"product_cat","embeddable":true,"href":"https:\/\/factory.sale\/et\/wp-json\/wp\/v2\/product_cat?post=13918"},{"taxonomy":"product_tag","embeddable":true,"href":"https:\/\/factory.sale\/et\/wp-json\/wp\/v2\/product_tag?post=13918"}],"curies":[{"name":"wp","href":"https:\/\/api.w.org\/{rel}","templated":true}]}}