{"id":13912,"date":"2022-10-05T10:18:03","date_gmt":"2022-10-05T10:19:35","guid":{"rendered":"https:\/\/factory.sale\/?post_type=product&#038;p=13912"},"modified":"2025-03-20T20:56:56","modified_gmt":"2025-03-20T17:56:56","slug":"harvia-xafir-cs110","status":"publish","type":"product","link":"https:\/\/factory.sale\/et\/toode\/harvia-xafir-cs110\/","title":{"rendered":"Harvia Juhtimispult XENIO CX110"},"content":{"rendered":"<p>Kaasaaegsest digitaalsest juhtimispuldist Harvia Xenio saab juhtida elektri- ja Combi kerist v\u00f5i infrapunaradiaatoreid. Antud juhtimispult on varustatud mugava kasutajaliidesega ja t\u00e4nu oma \u00fcsna v\u00e4iksetele m\u00f5\u00f5tudele v\u00f5ib seda paigaldada pinnale erinevates ruumides, nagu n\u00e4iteks saunas, pesutoas, gaderoobis ja isegi elutoas. Juhtimispuldist saab n\u00e4ha, millal sauna on piisavalt k\u00fctud ja kasutamiseks valmis.<br \/>\nHarvia Xenio CX110 juhtimiskeskuse \u00fclesandeks on juhtida elektrilist saunakerist v\u00f5imsusega 2,3\u201311 kW.<\/p>\n<p><strong>Komplekti kuulub:<\/strong><\/p>\n<p><strong>Juhtpaneel<\/strong><\/p>\n<ul>\n<li>Temperatuuri reguleerimispiirkond: 40\u2013110 \u00b0C.<\/li>\n<li>T\u00f6\u00f6aja reguleerimispiirkond: peresaunad 1\u20136 h, avalikud saunad korterelamutes 1\u201312 h.<\/li>\n<li>Eelh\u00e4\u00e4lestusaja reguleerimispiirkond: 0\u201312 h.<\/li>\n<li>Valgustuse juhtimine.<\/li>\n<li>Juhtimispulti saab kinnitada seinale v\u00f5i soovi korral ka uputada seina sisse<\/li>\n<li>M\u00f5\u00f5tmed: 85 mm x 24 mm x 110 mm<\/li>\n<\/ul>\n<p><strong>Kontaktorikarp<\/strong><\/p>\n<ul>\n<li>Toitepinge: 400 V 3-faasiline<\/li>\n<li>Koormus: maks. 11 kW<\/li>\n<li>Valgustuse juhtimine, maks. v\u00f5imsus: 100 W, 230 V \u00fchefaasiline<\/li>\n<li>M\u00f5\u00f5tmed: 272 mm x 70 mm x 193 mm<\/li>\n<\/ul>\n<p>&nbsp;<\/p>\n<p><strong>Temperatuuriandur 4 meetrise kaabliga<\/strong><\/p>\n<ul>\n<li>Temperatuuriandur on varustatud l\u00e4htestatava \u00fclekuumenemiskaitse ja temperatuuri m\u00f5\u00f5tva NTC termistoriga (22 k\u03a9\/T=25 \u00b0C).<\/li>\n<li>Kaal: 175 g koos juhtmetega (u 4 m)<\/li>\n<li>M\u00f5\u00f5tmed: 51 mm x 73 mm x 27 mm<\/li>\n<\/ul>\n<p>Data cable 5 m (saadaval vabatahtlik 10 m pikendusjuhtmed, maks. kogupikkus 30 m)<br \/>\n10m pikendusjuhtmega<\/p>\n<p>&nbsp;<\/p>\n<p>&nbsp;<\/p>\n","protected":false},"excerpt":{"rendered":"<p>Kaasaaegsest digitaalsest juhtimispuldist Harvia Xenio saab juhtida elektri- ja Combi kerist v\u00f5i infrapunaradiaatoreid. Antud juhtimispult on varustatud mugava kasutajaliidesega ja t\u00e4nu oma \u00fcsna v\u00e4iksetele m\u00f5\u00f5tudele v\u00f5ib seda paigaldada pinnale erinevates ruumides, nagu n\u00e4iteks saunas, pesutoas, gaderoobis ja isegi elutoas. Juhtimispuldist saab n\u00e4ha, millal sauna on piisavalt k\u00fctud ja kasutamiseks valmis.<br \/>\nHarvia Xenio CX110 juhtimiskeskuse \u00fclesandeks on juhtida elektrilist saunakerist v\u00f5imsusega 2,3\u201311 kW.<\/p>\n","protected":false},"featured_media":55202,"comment_status":"open","ping_status":"closed","template":"","meta":{"_acf_changed":false},"factory":[],"free-shipment":[],"product_brand":[],"product_cat":[2006,1345,784],"product_tag":[835,811],"class_list":{"0":"post-13912","1":"product","2":"type-product","3":"status-publish","4":"has-post-thumbnail","6":"product_cat-harvia-et-2","7":"product_cat-juhtpuldid","8":"product_cat-sanitaartehnika","9":"product_tag-control-unit-et","10":"product_tag-sauna-et","12":"first","13":"instock","14":"sale","15":"taxable","16":"shipping-taxable","17":"purchasable","18":"product-type-simple"},"acf":[],"_links":{"self":[{"href":"https:\/\/factory.sale\/et\/wp-json\/wp\/v2\/product\/13912","targetHints":{"allow":["GET"]}}],"collection":[{"href":"https:\/\/factory.sale\/et\/wp-json\/wp\/v2\/product"}],"about":[{"href":"https:\/\/factory.sale\/et\/wp-json\/wp\/v2\/types\/product"}],"replies":[{"embeddable":true,"href":"https:\/\/factory.sale\/et\/wp-json\/wp\/v2\/comments?post=13912"}],"wp:featuredmedia":[{"embeddable":true,"href":"https:\/\/factory.sale\/et\/wp-json\/wp\/v2\/media\/55202"}],"wp:attachment":[{"href":"https:\/\/factory.sale\/et\/wp-json\/wp\/v2\/media?parent=13912"}],"wp:term":[{"taxonomy":"factory","embeddable":true,"href":"https:\/\/factory.sale\/et\/wp-json\/wp\/v2\/factory?post=13912"},{"taxonomy":"free-shipment","embeddable":true,"href":"https:\/\/factory.sale\/et\/wp-json\/wp\/v2\/free-shipment?post=13912"},{"taxonomy":"product_brand","embeddable":true,"href":"https:\/\/factory.sale\/et\/wp-json\/wp\/v2\/product_brand?post=13912"},{"taxonomy":"product_cat","embeddable":true,"href":"https:\/\/factory.sale\/et\/wp-json\/wp\/v2\/product_cat?post=13912"},{"taxonomy":"product_tag","embeddable":true,"href":"https:\/\/factory.sale\/et\/wp-json\/wp\/v2\/product_tag?post=13912"}],"curies":[{"name":"wp","href":"https:\/\/api.w.org\/{rel}","templated":true}]}}