{"id":13891,"date":"2022-10-05T09:53:40","date_gmt":"2022-10-05T10:04:12","guid":{"rendered":"https:\/\/factory.sale\/?post_type=product&#038;p=13891"},"modified":"2025-03-27T12:14:49","modified_gmt":"2025-03-27T09:14:49","slug":"harvia-xenio-cx110c-combi","status":"publish","type":"product","link":"https:\/\/factory.sale\/et\/toode\/harvia-xenio-cx110c-combi\/","title":{"rendered":"HARVIA XENIO CX110C COMBI"},"content":{"rendered":"<p>Harvia Xenio Combi on puutetundliku paneeliga juhtimispult kombineeritud elektrikerisele v\u00f5imsusega kuni 11 kW. Sobib Combi kerisele (kerise ja auruti kombinatsioon), tavalisele elektrikerisele ja eraldi aurutile. Lisaks kerisele saab juhtida ka sauna valgustust ja ventilatsiooni. Komplektis juhtimiskeskus, toiteplokk, temperatuuriandur 4 m kaabliga ja andmesidekaabel 5 m.<\/p>\n<p>Harvia Xenio on puutetundliku paneeliga juhtimispult elektrikerisele v\u00f5imsusega kuni 17 kW. Lisaks kerisele saab juhtida ka sauna valgustust ja ventilatsiooni. Kui juhtimispult varustada lisatoiteplokiga LTY17C, saab sellega juhtida kuni 28 kW v\u00f5imsusega keriseid.<\/p>\n<p>Stiilselt v\u00e4ikse, kuid kasutamiseks mugava paneeli saab lihtsalt paigaldada, sauna- v\u00f5i pesuruumi, eesruumi v\u00f5i kas v\u00f5i elutuppa. Paneel on paigaldatav nii seina peale kui s\u00fcvistatult. Toiteplokk paigaldatakse kuiva kohta saunaruumist v\u00e4ljaspool.<\/p>\n<p>Temperatuurisensor on varustatud \u00fclekuumenemiskaitsega ja NTC thermistoriga (22 k\u03a9\/T=25 \u00b0C).<\/p>\n<p>&nbsp;<\/p>\n<ul>\n<li>T\u00f6\u00f6temperatuuri vahemik: 40-110 \u00b0C, t\u00e4psus 1 \u00b0C<\/li>\n<li>Niiskuse reguleerimisvahemik: 20-80 rH<\/li>\n<li>Reguleeritav kestus: kodusaunas 1-6 h, \u00fchiskasutatavas saunas 1-12 h<\/li>\n<li>Reguleeritav sissel\u00fclitamisviiteaeg: 0-12 h<\/li>\n<li>Valitud ja tegeliku temperatuuri n\u00e4it<\/li>\n<li>Valitud ja allesj\u00e4\u00e4nud t\u00f6\u00f6aja n\u00e4it<\/li>\n<li>Valitud ja allesj\u00e4\u00e4nud sissel\u00fclitamisviiteaja n\u00e4it<\/li>\n<li>Enesekontroll ja rikkesignaal<\/li>\n<li>Toitepinge: 400 V 3N~<\/li>\n<\/ul>\n<p>&nbsp;<\/p>\n<p><a href=\"https:\/\/factory.sale\/wp-content\/uploads\/2022\/10\/harvia-xenio-combi.pdf\" target=\"_blank\" rel=\"noopener noreferrer\">Manuaal<\/a><\/p>\n","protected":false},"excerpt":{"rendered":"<p>Harvia Xenio Combi on puutetundliku paneeliga juhtimispult kombineeritud elektrikerisele v\u00f5imsusega kuni 11 kW.<\/p>\n","protected":false},"featured_media":13878,"comment_status":"open","ping_status":"closed","template":"","meta":{"_acf_changed":false},"factory":[],"free-shipment":[],"product_brand":[],"product_cat":[2006,1345,784],"product_tag":[835,811],"class_list":{"0":"post-13891","1":"product","2":"type-product","3":"status-publish","4":"has-post-thumbnail","6":"product_cat-harvia-et-2","7":"product_cat-juhtpuldid","8":"product_cat-sanitaartehnika","9":"product_tag-control-unit-et","10":"product_tag-sauna-et","12":"first","13":"instock","14":"sale","15":"taxable","16":"shipping-taxable","17":"purchasable","18":"product-type-simple"},"acf":[],"_links":{"self":[{"href":"https:\/\/factory.sale\/et\/wp-json\/wp\/v2\/product\/13891","targetHints":{"allow":["GET"]}}],"collection":[{"href":"https:\/\/factory.sale\/et\/wp-json\/wp\/v2\/product"}],"about":[{"href":"https:\/\/factory.sale\/et\/wp-json\/wp\/v2\/types\/product"}],"replies":[{"embeddable":true,"href":"https:\/\/factory.sale\/et\/wp-json\/wp\/v2\/comments?post=13891"}],"wp:featuredmedia":[{"embeddable":true,"href":"https:\/\/factory.sale\/et\/wp-json\/wp\/v2\/media\/13878"}],"wp:attachment":[{"href":"https:\/\/factory.sale\/et\/wp-json\/wp\/v2\/media?parent=13891"}],"wp:term":[{"taxonomy":"factory","embeddable":true,"href":"https:\/\/factory.sale\/et\/wp-json\/wp\/v2\/factory?post=13891"},{"taxonomy":"free-shipment","embeddable":true,"href":"https:\/\/factory.sale\/et\/wp-json\/wp\/v2\/free-shipment?post=13891"},{"taxonomy":"product_brand","embeddable":true,"href":"https:\/\/factory.sale\/et\/wp-json\/wp\/v2\/product_brand?post=13891"},{"taxonomy":"product_cat","embeddable":true,"href":"https:\/\/factory.sale\/et\/wp-json\/wp\/v2\/product_cat?post=13891"},{"taxonomy":"product_tag","embeddable":true,"href":"https:\/\/factory.sale\/et\/wp-json\/wp\/v2\/product_tag?post=13891"}],"curies":[{"name":"wp","href":"https:\/\/api.w.org\/{rel}","templated":true}]}}