{"id":138735,"date":"2026-01-29T14:35:38","date_gmt":"2026-01-29T11:35:39","guid":{"rendered":"https:\/\/factory.sale\/?post_type=product&#038;p=138735"},"modified":"2026-01-30T21:40:28","modified_gmt":"2026-01-30T18:40:28","slug":"kaitsepiire-huum-core-wall-mini-combi-4","status":"publish","type":"product","link":"https:\/\/factory.sale\/et\/toode\/kaitsepiire-huum-core-wall-mini-combi-4\/","title":{"rendered":"Kaitsepiire HUUM CORE Wall Mini Combi 4"},"content":{"rendered":"<h2><span style=\"font-size: 14pt;\">Kaitsepiire HUUM CORE Wall Mini Combi 4<\/span><\/h2>\n<p>HUUM CORE Wall Mini Combi 4 elektrikeristele m\u00f5eldud kaitsepiire t\u00f5stab sauna ohutuse uuele tasemele ning annab kerisele elegantse ja viimistletud v\u00e4limuse. Piire aitab v\u00e4ltida juhuslikku kokkupuudet kuuma kerisega, olles samal ajal stiilne ja pilkup\u00fc\u00fcdev disainielement.<\/p>\n<p>Piire on valmistatud heledast puidust, kinnitusdetailid aga vastupidavast metallist. Turvapiirde metallist kinnitusklambrid tuleb soetada eraldi.<\/p>\n<p>EAN: 4744103019458<\/p>\n<p>M\u00f5\u00f5dud: 450 \u00d7 347 \u00d7 60 mm<\/p>\n<p>Tutvu teiste sarnaste toodetega\u00a0<a title=\"siin\" href=\"https:\/\/factory.sale\/et\/product-category\/sanitaartehnika\/saunatarvikud\/huum-et-2\/\">siin<\/a><\/p>\n","protected":false},"excerpt":{"rendered":"<p>HUUM CORE Wall Mini Combi 4 elektrikerisele m\u00f5eldud kaitsepiire t\u00f5stab sauna ohutuse uuele tasemele ning muudab kerise m\u00e4rgatavalt stiilsemaks. Piire aitab v\u00e4ltida kokkupuudet kuuma kerisega ning n\u00e4eb samal ajal v\u00e4ga hea v\u00e4lja.<\/p>\n","protected":false},"featured_media":138312,"comment_status":"open","ping_status":"closed","template":"","meta":{"_acf_changed":false},"factory":[],"free-shipment":[],"product_brand":[4432],"product_cat":[4892,784],"product_tag":[718,4965],"class_list":{"0":"post-138735","1":"product","2":"type-product","3":"status-publish","4":"has-post-thumbnail","6":"product_brand-huum-et","7":"product_cat-saunaahjude-ja-keriste-lisad","8":"product_cat-sanitaartehnika","9":"product_tag-huum-et","10":"product_tag-huum-core-et","12":"first","13":"instock","14":"sale","15":"taxable","16":"shipping-taxable","17":"purchasable","18":"product-type-simple"},"acf":[],"_links":{"self":[{"href":"https:\/\/factory.sale\/et\/wp-json\/wp\/v2\/product\/138735","targetHints":{"allow":["GET"]}}],"collection":[{"href":"https:\/\/factory.sale\/et\/wp-json\/wp\/v2\/product"}],"about":[{"href":"https:\/\/factory.sale\/et\/wp-json\/wp\/v2\/types\/product"}],"replies":[{"embeddable":true,"href":"https:\/\/factory.sale\/et\/wp-json\/wp\/v2\/comments?post=138735"}],"wp:featuredmedia":[{"embeddable":true,"href":"https:\/\/factory.sale\/et\/wp-json\/wp\/v2\/media\/138312"}],"wp:attachment":[{"href":"https:\/\/factory.sale\/et\/wp-json\/wp\/v2\/media?parent=138735"}],"wp:term":[{"taxonomy":"factory","embeddable":true,"href":"https:\/\/factory.sale\/et\/wp-json\/wp\/v2\/factory?post=138735"},{"taxonomy":"free-shipment","embeddable":true,"href":"https:\/\/factory.sale\/et\/wp-json\/wp\/v2\/free-shipment?post=138735"},{"taxonomy":"product_brand","embeddable":true,"href":"https:\/\/factory.sale\/et\/wp-json\/wp\/v2\/product_brand?post=138735"},{"taxonomy":"product_cat","embeddable":true,"href":"https:\/\/factory.sale\/et\/wp-json\/wp\/v2\/product_cat?post=138735"},{"taxonomy":"product_tag","embeddable":true,"href":"https:\/\/factory.sale\/et\/wp-json\/wp\/v2\/product_tag?post=138735"}],"curies":[{"name":"wp","href":"https:\/\/api.w.org\/{rel}","templated":true}]}}