{"id":138266,"date":"2026-01-26T11:57:51","date_gmt":"2026-01-26T08:57:52","guid":{"rendered":"https:\/\/factory.sale\/?post_type=product&#038;p=138266"},"modified":"2026-03-05T16:37:36","modified_gmt":"2026-03-05T13:37:36","slug":"elektrikeris-huum-core-wall-combi-6-valge-6kw","status":"publish","type":"product","link":"https:\/\/factory.sale\/et\/toode\/elektrikeris-huum-core-wall-combi-6-valge-6kw\/","title":{"rendered":"Elektrikeris HUUM CORE Wall Combi 6 valge 6kW"},"content":{"rendered":"<h2><span style=\"font-size: 14pt;\">Elektrikeris HUUM CORE Wall Combi 6 valge 6kW<\/span><\/h2>\n<p>HUUM CORE Wall Combi elektrikeris on auhinnatud CORE-seeria uusim t\u00e4iendus. CORE-keris on juba p\u00e4lvinud rahvusvahelist tunnustust oma disaini ja j\u00f5udluse eest. N\u00fc\u00fcd kannab uus seinale kinnitatav HUUM CORE Wall seeria samad v\u00e4\u00e4rtused \u00fcle ka uude vormi.<\/p>\n<p>Selle minimalistlik vorm ja peen viimistlus muudavad kerise pilkup\u00fc\u00fcdvaks keskpunktiks, s\u00e4\u00e4stes samal ajal v\u00e4\u00e4rtuslikku p\u00f5randapinda.<\/p>\n<p>CORE Wall Combi ja CORE Wall Mini Combi laiendavad CORE-seeriat integreeritud aurutiga, pakkudes veelgi mitmek\u00fclgsemat saunaelamust. Lisaks traditsioonilisele kuivale kuumusele on nendel keristel sisseehitatud 3\u20135-liitrine veepaak, mis toodab pehmet ja niisket auru kuni kaheks tunniks.<\/p>\n<p>L\u00f5hnakauss v\u00f5imaldab rikastada saunaseansse looduslike l\u00f5hnadega, lisades saunask\u00e4igule spaalaadse m\u00f5\u00f5tme.<\/p>\n<p>Kuni 20 kg kivisid mahutav keris pakub rikkalikku leili ning loomulikult pehmet saunaelamust.<\/p>\n<p>Seinale paigaldatavate ja Combi-valikute lisandumisega avab HUUM uusi v\u00f5imalusi eriilmeliste saunalahenduste loomiseks \u2013 alates ruumi maksimaalsest kasutamisest kompaktsetes saunades kuni selge disainifookusega sauna kujundamiseni.<\/p>\n<p>\u00d5ige v\u00f5imsusega ahi = parem saun!<br \/>\nKasuta meie <a href=\"https:\/\/huum.ee\/kalkulaator\/\" target=\"_blank\" rel=\"noopener\">sauna kalkulaatorit<\/a>, et veenduda, et valid just \u00f5ige v\u00f5imsuse.<\/p>\n<p><strong>Tehnilised andmed:<\/strong><\/p>\n<ul>\n<li>V\u00f5imsus: 6 kW<\/li>\n<li>Auruti v\u00f5imsus: 2,0 kW<\/li>\n<li>Soovitatav leiliruumi maht: 5-9 m\u00b3<\/li>\n<li>Kivide mahutavus: 20 kg<\/li>\n<li>Kaal: 19 kg<\/li>\n<li>K\u00f5rgus: 551 mm<\/li>\n<li>Laius: 400 mm<\/li>\n<li>S\u00fcgavus: 400 mm<\/li>\n<li>Toitepinge: 3\/N~400 V<\/li>\n<li>Soovitatav kaitse: 10 A<\/li>\n<li>Toitekaabel: 7 \u00d7 1,5 mm\u00b2<\/li>\n<li>Aurure\u017eiimi optiimaalne temperatuur: 40\u201370 \u00b0C<\/li>\n<li>Kuivre\u017eiimi optiimaalne temperatuur: 70\u2013100 \u00b0C<\/li>\n<li>V\u00e4rv: valge<\/li>\n<li>EAN: 4744103010691<\/li>\n<\/ul>\n<p><strong>\u00dchendus ja paigaldus:<\/strong><\/p>\n<ul>\n<li>M\u00f5eldud kolmefaasiliseks 3\/N~400 V \u00fchenduseks.<\/li>\n<li>V\u00f5imalik on ka 230 V 1N \u00fchendus, kui kaabeldus on tehtud vastavalt n\u00f5uetele; k\u00fctteringide jaotus peab olema tehtud enne kaitsel\u00fclitit.<\/li>\n<li>Paigalduse ja elektri\u00fchendused peab teostama p\u00e4dev elektrik vastavalt kohalikele n\u00f5uetele.<\/li>\n<li>Kasutada tuleb kuumakindlat toitekaablit, mis vastab kasutatavale kaitsele ja \u00fchendusviisile.<\/li>\n<\/ul>\n<p><strong>Ohutuskaugused:<\/strong><\/p>\n<p>Paigaldamisel tuleb j\u00e4rgida j\u00e4rgmisi minimaalseid ohutuskauguseid s\u00fcttivatest materjalidest ja saunapindadest:<\/p>\n<ul>\n<li>A: 40 mm<\/li>\n<li>B: 480 mm<\/li>\n<li>C: 440 mm<\/li>\n<li>D: 80 mm<\/li>\n<li>E: 175 mm<\/li>\n<\/ul>\n<p><strong>Komplekti kuulub:<\/strong><\/p>\n<ul>\n<li>elektrikeris<\/li>\n<li>kerise kinnitusplaat<\/li>\n<li>auruti kate<\/li>\n<li>k\u00fcttekeha vahet\u00fckk<\/li>\n<li>k\u00fcttekeha hoidik<\/li>\n<li>raamiga tilkumisalus<\/li>\n<\/ul>\n<p><strong>Keris vajab juurde:<\/strong><\/p>\n<ul>\n<li><a href=\"https:\/\/factory.sale\/et\/product-category\/sanitaartehnika\/juhtpuldid\/huum-et\/\" target=\"_blank\" rel=\"noopener\">juhtpulti<\/a><\/li>\n<li>kuumakindlat toitekaablit<\/li>\n<li>20 kilogrammi 5-10 cm l\u00e4bim\u00f5\u00f5duga <a href=\"https:\/\/factory.sale\/et\/toode\/kerise-kivid\/\" target=\"_blank\" rel=\"noopener\">kerisekive<\/a><\/li>\n<\/ul>\n<p><strong>Disain ja omadused:<\/strong><\/p>\n<ul>\n<li>Seinakinnitusega, ruumis\u00e4\u00e4stlik lahendus \u2013 sobib eriti h\u00e4sti v\u00e4iksematesse leiliruumidesse<\/li>\n<li>Minimalistlik ja ajatu p\u00f5hjamaine disain<\/li>\n<li>Aurutifunktsioon loob pehmet ja niisket leili<\/li>\n<li>Suur kivimahutavus tagab rikkaliku ja p\u00fcsiva saunaelamuse<\/li>\n<li>\u00dchildub UKU juhtpuldiga t\u00e4pseks ja mugavaks sauna juhtimiseks<\/li>\n<\/ul>\n<p><strong>Garantii:<\/strong><\/p>\n<ul>\n<li>Eraisikule: 3 aastat<\/li>\n<li>\u00c4rikasutuses: 1 aasta<\/li>\n<\/ul>\n<p>Kui vajad sellele kerisele varuosi, siis saada meile e-mail. Lisavarustus on leitav <a href=\"https:\/\/factory.sale\/et\/product-category\/sanitaartehnika\/saunatarvikud\/huum-et-2\/\" target=\"_blank\" rel=\"noopener\">SIIT<\/a>.<\/p>\n<p>&nbsp;<\/p>\n<h2>HUUM SAUN<\/h2>\n<div class=\"video-wrapper \"><iframe loading=\"lazy\" title=\"Sauna inspiration \u2502 HUUM HIVE Wood \u2502 wood-burning stove\" width=\"500\" height=\"281\" src=\"https:\/\/www.youtube.com\/embed\/s5SwqfqFP9Y?feature=oembed\" frameborder=\"0\" allow=\"accelerometer; autoplay; clipboard-write; encrypted-media; gyroscope; picture-in-picture; web-share\" referrerpolicy=\"strict-origin-when-cross-origin\" allowfullscreen><\/iframe><\/div>\n<h2><\/h2>\n<h2>MIKS HUUM?<\/h2>\n<div class=\"video-wrapper \"><iframe loading=\"lazy\" title=\"Why HUUM heaters?\" width=\"500\" height=\"281\" src=\"https:\/\/www.youtube.com\/embed\/mstEnCX5Ehs?feature=oembed\" frameborder=\"0\" allow=\"accelerometer; autoplay; clipboard-write; encrypted-media; gyroscope; picture-in-picture; web-share\" referrerpolicy=\"strict-origin-when-cross-origin\" allowfullscreen><\/iframe><\/div>\n","protected":false},"excerpt":{"rendered":"<p>HUUM CORE Wall Combi 6 on seinakinnitusega elektrikeris, millel on integreeritud aurutifunktsioon, et pakkuda nii klassikalist kuivkuumust kui ka pehmet, niisket leili. Kerise minimalistlik p\u00f5hjamaine disain s\u00e4\u00e4stab p\u00f5randapinda ja loob sauna atmosf\u00e4\u00e4ri, mis sobib h\u00e4sti igap\u00e4evaseks l\u00f5\u00f5gastuseks ja mitmek\u00fclgseks saunakogemuseks.<\/p>\n","protected":false},"featured_media":137155,"comment_status":"open","ping_status":"closed","template":"","meta":{"_acf_changed":false},"factory":[],"free-shipment":[5018],"product_brand":[4432],"product_cat":[719,306,784],"product_tag":[2179,718,811,2176],"class_list":{"0":"post-138266","1":"product","2":"type-product","3":"status-publish","4":"has-post-thumbnail","6":"free-shipment-tasuta-saatmine","7":"product_brand-huum-et","8":"product_cat-huum","9":"product_cat-saunakerised","10":"product_cat-sanitaartehnika","11":"product_tag-electric-heater-et","12":"product_tag-huum-et","13":"product_tag-sauna-et","14":"product_tag-sauna-heater-et","16":"first","17":"instock","18":"sale","19":"taxable","20":"shipping-taxable","21":"purchasable","22":"product-type-simple"},"acf":[],"_links":{"self":[{"href":"https:\/\/factory.sale\/et\/wp-json\/wp\/v2\/product\/138266","targetHints":{"allow":["GET"]}}],"collection":[{"href":"https:\/\/factory.sale\/et\/wp-json\/wp\/v2\/product"}],"about":[{"href":"https:\/\/factory.sale\/et\/wp-json\/wp\/v2\/types\/product"}],"replies":[{"embeddable":true,"href":"https:\/\/factory.sale\/et\/wp-json\/wp\/v2\/comments?post=138266"}],"wp:featuredmedia":[{"embeddable":true,"href":"https:\/\/factory.sale\/et\/wp-json\/wp\/v2\/media\/137155"}],"wp:attachment":[{"href":"https:\/\/factory.sale\/et\/wp-json\/wp\/v2\/media?parent=138266"}],"wp:term":[{"taxonomy":"factory","embeddable":true,"href":"https:\/\/factory.sale\/et\/wp-json\/wp\/v2\/factory?post=138266"},{"taxonomy":"free-shipment","embeddable":true,"href":"https:\/\/factory.sale\/et\/wp-json\/wp\/v2\/free-shipment?post=138266"},{"taxonomy":"product_brand","embeddable":true,"href":"https:\/\/factory.sale\/et\/wp-json\/wp\/v2\/product_brand?post=138266"},{"taxonomy":"product_cat","embeddable":true,"href":"https:\/\/factory.sale\/et\/wp-json\/wp\/v2\/product_cat?post=138266"},{"taxonomy":"product_tag","embeddable":true,"href":"https:\/\/factory.sale\/et\/wp-json\/wp\/v2\/product_tag?post=138266"}],"curies":[{"name":"wp","href":"https:\/\/api.w.org\/{rel}","templated":true}]}}