{"id":137143,"date":"2026-01-22T18:50:43","date_gmt":"2026-01-22T15:50:44","guid":{"rendered":"https:\/\/factory.sale\/?post_type=product&#038;p=137143"},"modified":"2026-03-05T16:37:43","modified_gmt":"2026-03-05T13:37:43","slug":"elektrikeris-huum-core-wall-mini-3-must-3kw","status":"publish","type":"product","link":"https:\/\/factory.sale\/et\/toode\/elektrikeris-huum-core-wall-mini-3-must-3kw\/","title":{"rendered":"Elektrikeris HUUM CORE Wall Mini 3 must 3kW"},"content":{"rendered":"<h2><span style=\"font-size: 14pt;\">Elektrikeris HUUM CORE Wall Mini 3 must 3kW<\/span><\/h2>\n<p>HUUM CORE Wall Mini elektrikeris on auhinnatud CORE-seeria uusim t\u00e4iendus. CORE-keris on juba p\u00e4lvinud rahvusvahelist tunnustust oma disaini ja j\u00f5udluse eest. N\u00fc\u00fcd kannab uus seinale kinnitatav CORE Wall seeria samad v\u00e4\u00e4rtused \u00fcle ka uude vormi.<\/p>\n<p>Selle minimalistlik vorm ja peen viimistlus muudavad kerise pilkup\u00fc\u00fcdvaks keskpunktiks, s\u00e4\u00e4stes samal ajal v\u00e4\u00e4rtuslikku p\u00f5randapinda.<\/p>\n<p>Kuni 15 kg kivisid mahutav keris pakub rikkalikku leili ning loomulikult pehmet saunaelamust.<\/p>\n<p>Seinale paigaldatavate ja Combi-valikute lisandumisega avab HUUM uusi v\u00f5imalusi eriilmeliste saunalahenduste loomiseks \u2013 alates ruumi maksimaalsest kasutamisest kompaktsetes saunades kuni selge disainifookusega sauna kujundamiseni.<\/p>\n<p>\u00d5ige v\u00f5imsusega ahi = parem saun!<br \/>\nKasuta meie <a href=\"https:\/\/huum.ee\/kalkulaator\/\" target=\"_blank\" rel=\"noopener\">sauna kalkulaatorit<\/a>, et veenduda, et valid just \u00f5ige v\u00f5imsuse.<\/p>\n<p><strong>Tehnilised andmed:<\/strong><\/p>\n<ul>\n<li>V\u00f5imsus: 3 kW<\/li>\n<li>Soovitatav leiliruumi maht: 2-4 m\u00b3<\/li>\n<li>Kivide mahutavus: 15 kg<\/li>\n<li>Kaal: 11 kg<\/li>\n<li>K\u00f5rgus: 586 mm<\/li>\n<li>Laius: 350 mm<\/li>\n<li>S\u00fcgavus: 265 mm<\/li>\n<li>Toitepinge: 2\/N~400 V<\/li>\n<li>Soovitatav kaitse: 10 A<\/li>\n<li>Toitekaabel: 5 \u00d7 1,5 mm\u00b2<\/li>\n<li>Optimaalne t\u00f6\u00f6temperatuur: 70\u2013100 \u00b0C<\/li>\n<li>V\u00e4rv: must<\/li>\n<li>EAN: 4744103010820<\/li>\n<\/ul>\n<p><strong>\u00dchendus ja paigaldus:<\/strong><\/p>\n<ul>\n<li>M\u00f5eldud kolmefaasiliseks 2\/N~400 V \u00fchenduseks.<\/li>\n<li>V\u00f5imalik on ka 230 V 1N \u00fchendus, kui kaabeldus on tehtud vastavalt n\u00f5uetele; k\u00fctteringide jaotus peab olema tehtud enne kaitsel\u00fclitit.<\/li>\n<li>Paigalduse ja elektri\u00fchendused peab teostama p\u00e4dev elektrik vastavalt kohalikele n\u00f5uetele.<\/li>\n<li>Kasutada tuleb kuumakindlat toitekaablit, mis vastab kasutatavale kaitsele ja \u00fchendusviisile.<\/li>\n<\/ul>\n<p><strong>Ohutuskaugused:<\/strong><\/p>\n<p>Paigaldamisel tuleb j\u00e4rgida j\u00e4rgmisi minimaalseid ohutuskauguseid s\u00fcttivatest materjalidest ja saunapindadest:<\/p>\n<ul>\n<li>A: 40 mm<\/li>\n<li>B: 430 mm<\/li>\n<li>C: 305 mm<\/li>\n<li>D: 55 mm<\/li>\n<li>E: 164 mm<\/li>\n<\/ul>\n<p><strong>Komplekti kuulub:<\/strong><\/p>\n<ul>\n<li>elektrikeris<\/li>\n<li>kerise kinnitusplaat<\/li>\n<li>kuumasuunaja<\/li>\n<li>k\u00fcttekeha vahet\u00fckk<\/li>\n<li>k\u00fcttekeha hoidik<\/li>\n<li>raamiga tilgaalus<\/li>\n<\/ul>\n<p><strong>Keris vajab juurde:<\/strong><\/p>\n<ul>\n<li><a href=\"https:\/\/factory.sale\/et\/product-category\/sanitaartehnika\/juhtpuldid\/huum-et\/\" target=\"_blank\" rel=\"noopener\">juhtpulti<\/a><\/li>\n<li>kuumakindlat toitekaablit<\/li>\n<li>15 kilogrammi 5-10 cm l\u00e4bim\u00f5\u00f5duga <a href=\"https:\/\/factory.sale\/et\/toode\/kerise-kivid\/\" target=\"_blank\" rel=\"noopener\">kerisekive<\/a><\/li>\n<\/ul>\n<p><strong>Disain ja omadused:<\/strong><\/p>\n<ul>\n<li>Seinakinnitusega, ruumis\u00e4\u00e4stlik lahendus \u2013 ideaalne v\u00e4iksematesse saunadesse<\/li>\n<li>Minimalistlik ja ajatu p\u00f5hjamaine disain<\/li>\n<li>Pehme ja kauakestev leil t\u00e4nu suurele kivimahule<\/li>\n<li>\u00dchildub UKU juhtpuldiga t\u00e4pseks sauna juhtimiseks<\/li>\n<\/ul>\n<p><strong>Garantii:<\/strong><\/p>\n<ul>\n<li>Eraisikule: 3 aastat<\/li>\n<li>\u00c4rikasutuses: 1 aasta<\/li>\n<\/ul>\n<p>Kui vajad sellele kerisele varuosi, siis saada meile e-mail. Lisavarustus on leitav <a href=\"https:\/\/factory.sale\/et\/product-category\/sanitaartehnika\/saunatarvikud\/huum-et-2\/\" target=\"_blank\" rel=\"noopener\">SIIT<\/a>.<\/p>\n<p>&nbsp;<\/p>\n<h2>HUUM SAUN<\/h2>\n<div class=\"video-wrapper \"><iframe loading=\"lazy\" title=\"Sauna inspiration \u2502 HUUM HIVE Wood \u2502 wood-burning stove\" width=\"500\" height=\"281\" src=\"https:\/\/www.youtube.com\/embed\/s5SwqfqFP9Y?feature=oembed\" frameborder=\"0\" allow=\"accelerometer; autoplay; clipboard-write; encrypted-media; gyroscope; picture-in-picture; web-share\" referrerpolicy=\"strict-origin-when-cross-origin\" allowfullscreen><\/iframe><\/div>\n<h2><\/h2>\n<h2>MIKS HUUM?<\/h2>\n<div class=\"video-wrapper \"><iframe loading=\"lazy\" title=\"Why HUUM heaters?\" width=\"500\" height=\"281\" src=\"https:\/\/www.youtube.com\/embed\/mstEnCX5Ehs?feature=oembed\" frameborder=\"0\" allow=\"accelerometer; autoplay; clipboard-write; encrypted-media; gyroscope; picture-in-picture; web-share\" referrerpolicy=\"strict-origin-when-cross-origin\" allowfullscreen><\/iframe><\/div>\n","protected":false},"excerpt":{"rendered":"<p>HUUM CORE Wall Mini 3 on seinakinnitusega elektrikeris, mis toob v\u00e4iksemasse leiliruumi pehme ja meeldiva leili. Suur kivimahutavus loob \u00fchtlase kuumuse, samas kui minimalistlik p\u00f5hjamaine disain hoiab sauna ilme puhta ja tasakaalus. Hea valik neile, kes hindavad rahulikku saunanaudingut ja l\u00e4bim\u00f5eldud ruumikasutust.<\/p>\n","protected":false},"featured_media":137149,"comment_status":"open","ping_status":"closed","template":"","meta":{"_acf_changed":false},"factory":[],"free-shipment":[5018],"product_brand":[4432],"product_cat":[719,306,784],"product_tag":[2179,718,811,2176],"class_list":{"0":"post-137143","1":"product","2":"type-product","3":"status-publish","4":"has-post-thumbnail","6":"free-shipment-tasuta-saatmine","7":"product_brand-huum-et","8":"product_cat-huum","9":"product_cat-saunakerised","10":"product_cat-sanitaartehnika","11":"product_tag-electric-heater-et","12":"product_tag-huum-et","13":"product_tag-sauna-et","14":"product_tag-sauna-heater-et","16":"first","17":"instock","18":"sale","19":"taxable","20":"shipping-taxable","21":"purchasable","22":"product-type-simple"},"acf":[],"_links":{"self":[{"href":"https:\/\/factory.sale\/et\/wp-json\/wp\/v2\/product\/137143","targetHints":{"allow":["GET"]}}],"collection":[{"href":"https:\/\/factory.sale\/et\/wp-json\/wp\/v2\/product"}],"about":[{"href":"https:\/\/factory.sale\/et\/wp-json\/wp\/v2\/types\/product"}],"replies":[{"embeddable":true,"href":"https:\/\/factory.sale\/et\/wp-json\/wp\/v2\/comments?post=137143"}],"wp:featuredmedia":[{"embeddable":true,"href":"https:\/\/factory.sale\/et\/wp-json\/wp\/v2\/media\/137149"}],"wp:attachment":[{"href":"https:\/\/factory.sale\/et\/wp-json\/wp\/v2\/media?parent=137143"}],"wp:term":[{"taxonomy":"factory","embeddable":true,"href":"https:\/\/factory.sale\/et\/wp-json\/wp\/v2\/factory?post=137143"},{"taxonomy":"free-shipment","embeddable":true,"href":"https:\/\/factory.sale\/et\/wp-json\/wp\/v2\/free-shipment?post=137143"},{"taxonomy":"product_brand","embeddable":true,"href":"https:\/\/factory.sale\/et\/wp-json\/wp\/v2\/product_brand?post=137143"},{"taxonomy":"product_cat","embeddable":true,"href":"https:\/\/factory.sale\/et\/wp-json\/wp\/v2\/product_cat?post=137143"},{"taxonomy":"product_tag","embeddable":true,"href":"https:\/\/factory.sale\/et\/wp-json\/wp\/v2\/product_tag?post=137143"}],"curies":[{"name":"wp","href":"https:\/\/api.w.org\/{rel}","templated":true}]}}