{"id":137104,"date":"2026-01-22T00:52:14","date_gmt":"2026-01-21T22:04:49","guid":{"rendered":"https:\/\/factory.sale\/?post_type=product&#038;p=137104"},"modified":"2026-01-23T16:58:34","modified_gmt":"2026-01-23T13:58:34","slug":"24-m-kuru-panoraam-kuubiksaun-valise-istumisalaga-4-inimesele","status":"publish","type":"product","link":"https:\/\/factory.sale\/et\/toode\/24-m-kuru-panoraam-kuubiksaun-valise-istumisalaga-4-inimesele\/","title":{"rendered":"Panoraam kuubiksaun Kuru 2,4 m \u2013 Luksuslik vaade ja mugavus neljale"},"content":{"rendered":"<p><strong>Miks valida Kuru kuubiksaun?<\/strong><br \/>\nEksklusiivne panoraamaken: Karastatud klaasist t\u00e4isaken pakub avarat vaadet ja muudab saunaruumi valgusk\u00fcllaseks &#8211; l\u00e4bipaistvus, mis \u00fchendab sind loodusega.<\/p>\n<p>Kujutle end istumas panoraamsaunas \u2013 \u00fcmbritsetuna loodusest, kuid samal ajal m\u00f5nusas soojuses. Suured klaasseinad ja avarad aknad loovad sujuva \u00fchenduse sise- ja v\u00e4lisruumi vahel, h\u00e4gustades piiri mugavuse ja metsiku looduse vahel. Erinevalt traditsioonilistest puidust saunadest pakub klaasseinaga v\u00e4lisaun v\u00f5i panoraamaknaga saun avarat ja \u00f5hulist atmosf\u00e4\u00e4ri, s\u00e4ilitades samas t\u00e4ieliku privaatsuse.<br \/>\nIga klaasist uks lisab elegantsi ja l\u00e4bipaistvust, peegeldades nii valgust kui ka \u00fcmbritsevat maastikku. \u00d5htu saabudes l\u00fclita sisse v\u00e4lisvalgustus ning klaasseinaga saun muutub t\u00e4htede all helendavaks pelgupaigaks tuues esile lummava peegelduste ja varjude m\u00e4ngu.<\/p>\n<p><img loading=\"lazy\" decoding=\"async\" class=\"alignnone wp-image-137107\" src=\"https:\/\/factory.sale\/wp-content\/uploads\/2026\/01\/Kuru-2.4m-1-300x170.webp\" alt=\"\" width=\"651\" height=\"369\" srcset=\"https:\/\/factory.sale\/wp-content\/uploads\/2026\/01\/Kuru-2.4m-1-300x170.webp 300w, https:\/\/factory.sale\/wp-content\/uploads\/2026\/01\/Kuru-2.4m-1-150x85.webp 150w, https:\/\/factory.sale\/wp-content\/uploads\/2026\/01\/Kuru-2.4m-1.webp 555w\" sizes=\"auto, (max-width: 651px) 100vw, 651px\" \/><\/p>\n<p><strong>Kvaliteetne, modernne ja ajatu<\/strong><\/p>\n<p>See kaasaegne klaasustega puidust v\u00e4lisaun kehastab t\u00e4nap\u00e4evast meisterlikkust. Stiilsed sauna klaasist seinad peegeldavad loomulikku valgust, suurendades ruumitunnet ja s\u00e4ilitades samal ajal hubase \u00f5hkkonna.<br \/>\nPanoraamaknaga disain pakub erakordset visuaalset elamust, \u00fchendades traditsioonilise puitsauna funktsionaalsuse klaasarhitektuuri elegantsiga.<br \/>\nIga uks ja paneel on valmistatud vastupidavast karastatud saunaklaasist, tagades ohutuse, ilu ja kestvuse aastateks.<\/p>\n<p>&nbsp;<\/p>\n<p><strong>Muuda oma saunakogemus eriliseks<\/strong><\/p>\n<p>T\u00f5sta oma l\u00f5\u00f5gastumisrituaal uuele tasemele klaasist v\u00e4lisaunaga, mis sobitub harmooniliselt igasse maastikku. Iga mudel on loodud neile, kes hindavad nii mugavust kui ka esteetikat.<br \/>\nMinimalistlik konstruktsioon sulandub vaevata loodusesse, samal ajal kui sauna klaasist seinad lasevad p\u00e4evavalguse sisse, luues avaruse ja vabaduse tunde.<br \/>\nSee saun sobib kogu perele ja pakub hubast pelgupaika igal aastaajal. Naudi talvel soojust ja mugavust, kevade v\u00e4rskust, suviseid p\u00e4ikeseloojanguid ja s\u00fcgise kirkad v\u00e4rve \u2013 sinu panoraamsaun pakub aastaringset l\u00f5\u00f5gastust ja ainulaadset sidet loodusega.<\/p>\n<p>&nbsp;<\/p>\n<p><strong>Tugevus ja kvaliteet igas detailis<\/strong><\/p>\n<p>Sauna klaasuksed ja aknad on valmistatud k\u00f5rgekvaliteedilisest karastatud klaasist, mis tagab erakordse tugevuse ja kuumakindluse. Seespool asuvad puidust uksek\u00e4epidemed hoiavad \u00e4ra \u00fclekuumenemise, samas kui v\u00e4lised roostevabast terasest detailid tagavad vastupidavuse. Me garanteerime iga konstruktsiooni stabiilsuse ja t\u00f6\u00f6kindluse. Iga element peegeldab kvaliteeti, ohutust ja viimistletud disaini.<\/p>\n<p>&nbsp;<\/p>\n<p><img loading=\"lazy\" decoding=\"async\" class=\"alignnone wp-image-137111\" src=\"https:\/\/factory.sale\/wp-content\/uploads\/2026\/01\/Kuru-2.4m-2-300x141.webp\" alt=\"\" width=\"611\" height=\"287\" srcset=\"https:\/\/factory.sale\/wp-content\/uploads\/2026\/01\/Kuru-2.4m-2-300x141.webp 300w, https:\/\/factory.sale\/wp-content\/uploads\/2026\/01\/Kuru-2.4m-2-1024x480.webp 1024w, https:\/\/factory.sale\/wp-content\/uploads\/2026\/01\/Kuru-2.4m-2-150x70.webp 150w, https:\/\/factory.sale\/wp-content\/uploads\/2026\/01\/Kuru-2.4m-2-768x360.webp 768w, https:\/\/factory.sale\/wp-content\/uploads\/2026\/01\/Kuru-2.4m-2-1536x719.webp 1536w, https:\/\/factory.sale\/wp-content\/uploads\/2026\/01\/Kuru-2.4m-2-2048x959.webp 2048w, https:\/\/factory.sale\/wp-content\/uploads\/2026\/01\/Kuru-2.4m-2-600x281.webp 600w\" sizes=\"auto, (max-width: 611px) 100vw, 611px\" \/><\/p>\n<p>&nbsp;<\/p>\n<p><strong>Baaskomplekt sisaldab:<\/strong><\/p>\n<ul>\n<li>Kokkupandud kuusepuidust saun 2,2m l\u00e4bim\u00f5\u00f5duga<\/li>\n<li>Remmers HK-lasur viimistlus musta tooniga (Art. 3615)<\/li>\n<li>Kuusepuidust saunakeha (puidu paksus 40 mm)<\/li>\n<li>Lepp- v\u00f5i termopuidust lavad<\/li>\n<li>Klaasist esisein ja uks<\/li>\n<li>\u00dcmar pool-panoraamaken tagaseinas<\/li>\n<li>Puidust p\u00f5randarest<\/li>\n<li>Katus: mustad bituumensindlid<\/li>\n<li>Roostevabast terasest pingutusvitsad<\/li>\n<\/ul>\n<p>&nbsp;<\/p>\n<p>&nbsp;<\/p>\n<p><em><strong>Hind ei sisalda kerist!<\/strong><\/em><\/p>\n<p><em><strong>Termopuidust saun +495 EUR<\/strong><\/em><\/p>\n<p>&nbsp;<\/p>\n<p><strong>Toote andmed:<\/strong><\/p>\n<article class=\"text-token-text-primary w-full focus:outline-none [--shadow-height:45px] has-data-writing-block:pointer-events-none has-data-writing-block:-mt-(--shadow-height) has-data-writing-block:pt-(--shadow-height) [&amp;:has([data-writing-block])&gt;*]:pointer-events-auto scroll-mt-[calc(var(--header-height)+min(200px,max(70px,20svh)))]\" dir=\"auto\" style=\"font-style: normal; font-variant-caps: normal; font-weight: 400; letter-spacing: normal; orphans: auto; text-align: start; text-indent: 0px; text-transform: none; white-space: normal; widows: auto; word-spacing: 0px; -webkit-text-stroke-width: 0px; text-decoration: none; caret-color: #000000; color: #000000;\" tabindex=\"-1\" data-turn-id=\"request-WEB:f24c920c-57f8-401a-b6d9-f9fe0f40cfb6-55\" data-testid=\"conversation-turn-22\" data-scroll-anchor=\"false\" data-turn=\"assistant\">\n<div class=\"text-base my-auto mx-auto [--thread-content-margin:--spacing(4)] @w-sm\/main:[--thread-content-margin:--spacing(6)] @w-lg\/main:[--thread-content-margin:--spacing(16)] px-(--thread-content-margin)\">\n<div class=\"[--thread-content-max-width:40rem] @w-lg\/main:[--thread-content-max-width:48rem] mx-auto max-w-(--thread-content-max-width) flex-1 group\/turn-messages focus-visible:outline-hidden relative flex w-full min-w-0 flex-col agent-turn\" tabindex=\"-1\">\n<div class=\"flex max-w-full flex-col grow\">\n<div class=\"min-h-8 text-message relative flex w-full flex-col items-end gap-2 text-start break-words whitespace-normal [.text-message+&amp;]:mt-1\" dir=\"auto\" data-message-author-role=\"assistant\" data-message-id=\"551aee42-f891-4ded-9091-f0fa67c3ba1a\" data-message-model-slug=\"gpt-5-2\">\n<div class=\"flex w-full flex-col gap-1 empty:hidden first:pt-[1px]\">\n<div class=\"streaming-animation markdown prose dark:prose-invert w-full break-words light markdown-new-styling\">\n<div class=\"TyagGW_tableContainer\">\n<div class=\"group TyagGW_tableWrapper flex w-fit flex-col-reverse\" tabindex=\"-1\">\n<table class=\"w-fit min-w-(--thread-content-width)\" style=\"height: 293px;\" width=\"504\" data-start=\"40\" data-end=\"492\">\n<thead data-start=\"40\" data-end=\"89\">\n<tr data-start=\"40\" data-end=\"89\">\n<th data-start=\"40\" data-end=\"65\" data-col-size=\"sm\"><\/th>\n<th data-start=\"65\" data-end=\"89\" data-col-size=\"sm\"><\/th>\n<\/tr>\n<\/thead>\n<tbody data-start=\"140\" data-end=\"492\">\n<tr data-start=\"140\" data-end=\"189\">\n<td data-start=\"140\" data-end=\"165\" data-col-size=\"sm\">M\u00f5\u00f5tmed (P \u00d7 L \u00d7 K)<\/td>\n<td data-col-size=\"sm\" data-start=\"165\" data-end=\"189\">240 \u00d7 220 \u00d7 230 cm<\/td>\n<\/tr>\n<tr data-start=\"190\" data-end=\"242\">\n<td data-start=\"190\" data-end=\"220\" data-col-size=\"sm\">Pakendi m\u00f5\u00f5tmed (P \u00d7 L \u00d7 K)<\/td>\n<td data-col-size=\"sm\" data-start=\"220\" data-end=\"242\">240 \u00d7 120 \u00d7 150 cm<\/td>\n<\/tr>\n<tr data-start=\"243\" data-end=\"292\">\n<td data-start=\"243\" data-end=\"268\" data-col-size=\"sm\">Kaal<\/td>\n<td data-col-size=\"sm\" data-start=\"268\" data-end=\"292\">~1000 kg<\/td>\n<\/tr>\n<tr data-start=\"293\" data-end=\"342\">\n<td data-start=\"293\" data-end=\"318\" data-col-size=\"sm\">Leiliruumi suurus<\/td>\n<td data-col-size=\"sm\" data-start=\"318\" data-end=\"342\">185 cm<\/td>\n<\/tr>\n<tr data-start=\"343\" data-end=\"392\">\n<td data-start=\"343\" data-end=\"368\" data-col-size=\"sm\">Leiliruumi mahutavus<\/td>\n<td data-col-size=\"sm\" data-start=\"368\" data-end=\"392\">~4 inimest<\/td>\n<\/tr>\n<tr data-start=\"393\" data-end=\"442\">\n<td data-start=\"393\" data-end=\"418\" data-col-size=\"sm\">Leiliruumi maht<\/td>\n<td data-col-size=\"sm\" data-start=\"418\" data-end=\"442\">6,7 m\u00b3<\/td>\n<\/tr>\n<tr data-start=\"443\" data-end=\"492\">\n<td data-start=\"443\" data-end=\"468\" data-col-size=\"sm\">K\u00fctteaeg<\/td>\n<td data-col-size=\"sm\" data-start=\"468\" data-end=\"492\">~1 tund<\/td>\n<\/tr>\n<\/tbody>\n<\/table>\n<\/div>\n<\/div>\n<\/div>\n<\/div>\n<\/div>\n<\/div>\n<\/div>\n<\/div>\n<\/article>\n<p>&nbsp;<\/p>\n<p>&nbsp;<\/p>\n<p><strong>Puuk\u00fcttega keriste valik:<\/strong><\/p>\n<p><img loading=\"lazy\" decoding=\"async\" class=\"alignnone wp-image-137087\" src=\"https:\/\/factory.sale\/wp-content\/uploads\/2026\/01\/Wooden-heaters-options-300x64.png\" alt=\"\" width=\"670\" height=\"143\" srcset=\"https:\/\/factory.sale\/wp-content\/uploads\/2026\/01\/Wooden-heaters-options-300x64.png 300w, https:\/\/factory.sale\/wp-content\/uploads\/2026\/01\/Wooden-heaters-options-1024x218.png 1024w, https:\/\/factory.sale\/wp-content\/uploads\/2026\/01\/Wooden-heaters-options-150x32.png 150w, https:\/\/factory.sale\/wp-content\/uploads\/2026\/01\/Wooden-heaters-options-768x163.png 768w, https:\/\/factory.sale\/wp-content\/uploads\/2026\/01\/Wooden-heaters-options-600x127.png 600w, https:\/\/factory.sale\/wp-content\/uploads\/2026\/01\/Wooden-heaters-options.png 1139w\" sizes=\"auto, (max-width: 670px) 100vw, 670px\" \/><\/p>\n<p>&nbsp;<\/p>\n<p><strong>Elektrikeriste valik:<\/strong><\/p>\n<p><img loading=\"lazy\" decoding=\"async\" class=\"alignnone wp-image-137084\" src=\"https:\/\/factory.sale\/wp-content\/uploads\/2026\/01\/Electric-heater-options-300x82.png\" alt=\"\" width=\"673\" height=\"184\" srcset=\"https:\/\/factory.sale\/wp-content\/uploads\/2026\/01\/Electric-heater-options-300x82.png 300w, https:\/\/factory.sale\/wp-content\/uploads\/2026\/01\/Electric-heater-options-150x41.png 150w, https:\/\/factory.sale\/wp-content\/uploads\/2026\/01\/Electric-heater-options-768x210.png 768w, https:\/\/factory.sale\/wp-content\/uploads\/2026\/01\/Electric-heater-options-600x164.png 600w, https:\/\/factory.sale\/wp-content\/uploads\/2026\/01\/Electric-heater-options.png 906w\" sizes=\"auto, (max-width: 673px) 100vw, 673px\" \/><\/p>\n<p><em>* Elektrikerist ei paigaldata ning \u00fchenduskaabel ei kuulu tarnekomplekti.<\/em><\/p>\n","protected":false},"excerpt":{"rendered":"<p>Naudi t\u00e4iuslikku saunaelamust Kuru panoraam kuubiksaunas, mis \u00fchendab kaasaegse disaini ja traditsioonilise saunaleili. See 2,4-meetrine kuubiksaun on loodud neile, kes hindavad esteetikat, privaatsust ja loodusega samastumist. Suur panoraamaken avab vaate otse loodusesse, muutes iga saunask\u00e4igu l\u00f5\u00f5gastavaks r\u00e4nnakuks.<\/p>\n","protected":false},"featured_media":137090,"comment_status":"open","ping_status":"closed","template":"","meta":{"_acf_changed":false},"factory":[],"free-shipment":[],"product_brand":[],"product_cat":[1643,2257],"product_tag":[1648,811,831],"class_list":{"0":"post-137104","1":"product","2":"type-product","3":"status-publish","4":"has-post-thumbnail","6":"product_cat-tunnisaun","7":"product_cat-valisaun","8":"product_tag-barrel-sauna-et","9":"product_tag-sauna-et","10":"product_tag-sauna-house-et","12":"first","13":"instock","14":"sale","15":"taxable","16":"shipping-taxable","17":"purchasable","18":"product-type-simple"},"acf":[],"_links":{"self":[{"href":"https:\/\/factory.sale\/et\/wp-json\/wp\/v2\/product\/137104","targetHints":{"allow":["GET"]}}],"collection":[{"href":"https:\/\/factory.sale\/et\/wp-json\/wp\/v2\/product"}],"about":[{"href":"https:\/\/factory.sale\/et\/wp-json\/wp\/v2\/types\/product"}],"replies":[{"embeddable":true,"href":"https:\/\/factory.sale\/et\/wp-json\/wp\/v2\/comments?post=137104"}],"wp:featuredmedia":[{"embeddable":true,"href":"https:\/\/factory.sale\/et\/wp-json\/wp\/v2\/media\/137090"}],"wp:attachment":[{"href":"https:\/\/factory.sale\/et\/wp-json\/wp\/v2\/media?parent=137104"}],"wp:term":[{"taxonomy":"factory","embeddable":true,"href":"https:\/\/factory.sale\/et\/wp-json\/wp\/v2\/factory?post=137104"},{"taxonomy":"free-shipment","embeddable":true,"href":"https:\/\/factory.sale\/et\/wp-json\/wp\/v2\/free-shipment?post=137104"},{"taxonomy":"product_brand","embeddable":true,"href":"https:\/\/factory.sale\/et\/wp-json\/wp\/v2\/product_brand?post=137104"},{"taxonomy":"product_cat","embeddable":true,"href":"https:\/\/factory.sale\/et\/wp-json\/wp\/v2\/product_cat?post=137104"},{"taxonomy":"product_tag","embeddable":true,"href":"https:\/\/factory.sale\/et\/wp-json\/wp\/v2\/product_tag?post=137104"}],"curies":[{"name":"wp","href":"https:\/\/api.w.org\/{rel}","templated":true}]}}