{"id":137075,"date":"2026-01-22T00:09:19","date_gmt":"2026-01-21T21:12:00","guid":{"rendered":"https:\/\/factory.sale\/?post_type=product&#038;p=137075"},"modified":"2026-01-22T00:21:14","modified_gmt":"2026-01-21T21:21:14","slug":"misa-erm-toostuslik-elektrikeris-408-kw","status":"publish","type":"product","link":"https:\/\/factory.sale\/et\/toode\/misa-erm-toostuslik-elektrikeris-408-kw\/","title":{"rendered":"Misa ERM t\u00f6\u00f6stuslik elektrikeris 40,8 kW"},"content":{"rendered":"<p>Misa ERM t\u00f6\u00f6stuslik elektrikeris on parim valik ujulate, spaade ja asutuste saunadele.<\/p>\n<p>&nbsp;<\/p>\n<p><strong>Omadused:<\/strong><\/p>\n<p>Valmistatud Soomes: Soome kvaliteedim\u00e4rk &#8211; Misa ERM t\u00f6\u00f6stuslik elektrikeris.<br \/>\nVastupidavad materjalid: Peamiselt valmistatud roostevabast terasest ja varustatud tulekindlate k\u00fctteelementidega.<\/p>\n<p>&nbsp;<\/p>\n<p><strong>Garantii:<\/strong><\/p>\n<p>36-kuuline garantii kerisele ja k\u00fctteelementidele. Garantii kehtimiseks on vajalik kasutuselev\u00f5tuhooldus ja iga-aastane hooldus.<br \/>\nKasutada tuleb Kerkes-kive ja Misa ERM Logi juhtimiskeskust.<\/p>\n<p>&nbsp;<\/p>\n<p>&nbsp;<\/p>\n<p><strong>Tehnilised andmed:<\/strong><\/p>\n<div class=\"TyagGW_tableContainer\">\n<div class=\"group TyagGW_tableWrapper flex w-fit flex-col-reverse\" tabindex=\"-1\">\n<table class=\"w-fit min-w-(--thread-content-width)\" style=\"height: 363px;\" width=\"464\" data-start=\"66\" data-end=\"505\">\n<thead data-start=\"66\" data-end=\"109\">\n<tr data-start=\"66\" data-end=\"109\">\n<th data-start=\"66\" data-end=\"93\" data-col-size=\"sm\">Tootenumber<\/th>\n<th data-start=\"93\" data-end=\"109\" data-col-size=\"sm\">12840<\/th>\n<\/tr>\n<\/thead>\n<tbody data-start=\"154\" data-end=\"505\">\n<tr data-start=\"154\" data-end=\"197\">\n<td data-start=\"154\" data-end=\"181\" data-col-size=\"sm\">V\u00f5imsus<\/td>\n<td data-col-size=\"sm\" data-start=\"181\" data-end=\"197\">40,8 kW<\/td>\n<\/tr>\n<tr data-start=\"198\" data-end=\"241\">\n<td data-start=\"198\" data-end=\"225\" data-col-size=\"sm\">Leiliruumi suurus<\/td>\n<td data-col-size=\"sm\" data-start=\"225\" data-end=\"241\">35\u201348 m\u00b3<\/td>\n<\/tr>\n<tr data-start=\"242\" data-end=\"285\">\n<td data-start=\"242\" data-end=\"269\" data-col-size=\"sm\">Kerise laius<\/td>\n<td data-col-size=\"sm\" data-start=\"269\" data-end=\"285\">1320 mm<\/td>\n<\/tr>\n<tr data-start=\"286\" data-end=\"329\">\n<td data-start=\"286\" data-end=\"313\" data-col-size=\"sm\">Kerise s\u00fcgavus<\/td>\n<td data-col-size=\"sm\" data-start=\"313\" data-end=\"329\">520 mm<\/td>\n<\/tr>\n<tr data-start=\"330\" data-end=\"373\">\n<td data-start=\"330\" data-end=\"357\" data-col-size=\"sm\">Kerise k\u00f5rgus<\/td>\n<td data-col-size=\"sm\" data-start=\"357\" data-end=\"373\">810 mm<\/td>\n<\/tr>\n<tr data-start=\"374\" data-end=\"417\">\n<td data-start=\"374\" data-end=\"401\" data-col-size=\"sm\">Kerise kaal<\/td>\n<td data-start=\"401\" data-end=\"417\" data-col-size=\"sm\">91 kg<\/td>\n<\/tr>\n<tr data-start=\"418\" data-end=\"461\">\n<td data-start=\"418\" data-end=\"445\" data-col-size=\"sm\">Kivide kogus<\/td>\n<td data-col-size=\"sm\" data-start=\"445\" data-end=\"461\">140 kg<\/td>\n<\/tr>\n<tr data-start=\"462\" data-end=\"505\">\n<td data-start=\"462\" data-end=\"489\" data-col-size=\"sm\">K\u00fctteelementide arv<\/td>\n<td data-start=\"489\" data-end=\"505\" data-col-size=\"sm\">24 tk<\/td>\n<\/tr>\n<\/tbody>\n<\/table>\n<\/div>\n<\/div>\n<p>&nbsp;<\/p>\n<p>&nbsp;<\/p>\n<p><a href=\"https:\/\/factory.sale\/wp-content\/uploads\/2024\/12\/Misa_Laitoskiukaat_Esite_2024.pdf\" target=\"_blank\" rel=\"noopener\">Laadi alla tooteleht \u2192 Misa ERM t\u00f6\u00f6stuslik elektrikeris<\/a><\/p>\n<p><a href=\"https:\/\/factory.sale\/wp-content\/uploads\/2024\/12\/RT-103637.pdf\" target=\"_blank\" rel=\"noopener\">Laadi alla PDF siit<\/a><\/p>\n","protected":false},"excerpt":{"rendered":"<p>Avasta Misa ERM t\u00f6\u00f6stuslik elektrikeris 40,8 kW, mis on loodud professionaalsetele saunadele ujulates, spaades ja asutustes. Vastupidav Soome k\u00e4sit\u00f6\u00f6 36-kuulise garantiiga, sobib saunadele suurusega 35\u201348 m\u00b3. Ideaalne k\u00f5rge j\u00f5udluse ja usaldusv\u00e4\u00e4rse saunakogemuse tagamiseks.<\/p>\n<p><img loading=\"lazy\" decoding=\"async\" class=\"alignnone size-medium wp-image-95779\" src=\"https:\/\/factory.sale\/wp-content\/uploads\/2024\/12\/finland-quality-factory.sale_-300x236.webp\" alt=\"\" width=\"300\" height=\"236\" srcset=\"https:\/\/factory.sale\/wp-content\/uploads\/2024\/12\/finland-quality-factory.sale_-300x236.webp 300w, https:\/\/factory.sale\/wp-content\/uploads\/2024\/12\/finland-quality-factory.sale_-150x118.webp 150w, https:\/\/factory.sale\/wp-content\/uploads\/2024\/12\/finland-quality-factory.sale_.webp 594w\" sizes=\"auto, (max-width: 300px) 100vw, 300px\" \/><\/p>\n","protected":false},"featured_media":95763,"comment_status":"open","ping_status":"closed","template":"","meta":{"_acf_changed":false},"factory":[],"free-shipment":[],"product_brand":[],"product_cat":[3428,306],"product_tag":[2176],"class_list":{"0":"post-137075","1":"product","2":"type-product","3":"status-publish","4":"has-post-thumbnail","6":"product_cat-misa-et","7":"product_cat-saunakerised","8":"product_tag-sauna-heater-et","10":"first","11":"instock","12":"sale","13":"taxable","14":"shipping-taxable","15":"purchasable","16":"product-type-simple"},"acf":[],"_links":{"self":[{"href":"https:\/\/factory.sale\/et\/wp-json\/wp\/v2\/product\/137075","targetHints":{"allow":["GET"]}}],"collection":[{"href":"https:\/\/factory.sale\/et\/wp-json\/wp\/v2\/product"}],"about":[{"href":"https:\/\/factory.sale\/et\/wp-json\/wp\/v2\/types\/product"}],"replies":[{"embeddable":true,"href":"https:\/\/factory.sale\/et\/wp-json\/wp\/v2\/comments?post=137075"}],"wp:featuredmedia":[{"embeddable":true,"href":"https:\/\/factory.sale\/et\/wp-json\/wp\/v2\/media\/95763"}],"wp:attachment":[{"href":"https:\/\/factory.sale\/et\/wp-json\/wp\/v2\/media?parent=137075"}],"wp:term":[{"taxonomy":"factory","embeddable":true,"href":"https:\/\/factory.sale\/et\/wp-json\/wp\/v2\/factory?post=137075"},{"taxonomy":"free-shipment","embeddable":true,"href":"https:\/\/factory.sale\/et\/wp-json\/wp\/v2\/free-shipment?post=137075"},{"taxonomy":"product_brand","embeddable":true,"href":"https:\/\/factory.sale\/et\/wp-json\/wp\/v2\/product_brand?post=137075"},{"taxonomy":"product_cat","embeddable":true,"href":"https:\/\/factory.sale\/et\/wp-json\/wp\/v2\/product_cat?post=137075"},{"taxonomy":"product_tag","embeddable":true,"href":"https:\/\/factory.sale\/et\/wp-json\/wp\/v2\/product_tag?post=137075"}],"curies":[{"name":"wp","href":"https:\/\/api.w.org\/{rel}","templated":true}]}}