{"id":136940,"date":"2026-01-20T14:02:29","date_gmt":"2026-01-20T11:07:53","guid":{"rendered":"https:\/\/factory.sale\/?post_type=product&#038;p=136940"},"modified":"2026-01-20T14:07:54","modified_gmt":"2026-01-20T11:07:54","slug":"misa-erm-toostuslik-elektrikeris-306-kw","status":"publish","type":"product","link":"https:\/\/factory.sale\/et\/toode\/misa-erm-toostuslik-elektrikeris-306-kw\/","title":{"rendered":"Misa ERM t\u00f6\u00f6stuslik elektrikeris 30,6 kW"},"content":{"rendered":"<p>Misa ERM t\u00f6\u00f6stuslik elektrikeris on parim valik ujulate, spaade ja asutuste saunadele.<\/p>\n<p>&nbsp;<\/p>\n<p><strong>Omadused:<\/strong><\/p>\n<p>Valmistatud Soomes: Soome kvaliteedim\u00e4rk &#8211; Misa ERM t\u00f6\u00f6stuslik elektrikeris.<br \/>\nVastupidavad materjalid: Peamiselt valmistatud roostevabast terasest ja varustatud tulekindlate k\u00fctteelementidega.<\/p>\n<p>&nbsp;<\/p>\n<p><strong>Garantii:<\/strong><\/p>\n<p>36-kuuline garantii kerisele ja k\u00fctteelementidele. Garantii kehtimiseks on vajalik kasutuselev\u00f5tuhooldus ja iga-aastane hooldus.<br \/>\nKasutada tuleb Kerkes-kive ja Misa ERM Logi juhtimiskeskust.<\/p>\n<p>&nbsp;<\/p>\n<p>&nbsp;<\/p>\n<p><strong>Tehnilised andmed:<\/strong><\/p>\n<div class=\"TyagGW_tableContainer\">\n<div class=\"group TyagGW_tableWrapper flex w-fit flex-col-reverse\" tabindex=\"-1\">\n<table class=\"w-fit min-w-(--thread-content-width)\" style=\"height: 384px;\" width=\"456\" data-start=\"66\" data-end=\"545\">\n<thead data-start=\"66\" data-end=\"113\">\n<tr data-start=\"66\" data-end=\"113\">\n<th data-start=\"66\" data-end=\"97\" data-col-size=\"sm\"><\/th>\n<th data-start=\"97\" data-end=\"113\" data-col-size=\"sm\"><\/th>\n<\/tr>\n<\/thead>\n<tbody data-start=\"162\" data-end=\"545\">\n<tr data-start=\"162\" data-end=\"209\">\n<td data-start=\"162\" data-end=\"193\" data-col-size=\"sm\">V\u00f5imsus<\/td>\n<td data-col-size=\"sm\" data-start=\"193\" data-end=\"209\">30,6 kW<\/td>\n<\/tr>\n<tr data-start=\"210\" data-end=\"257\">\n<td data-start=\"210\" data-end=\"241\" data-col-size=\"sm\">Leiliruumi suurus<\/td>\n<td data-col-size=\"sm\" data-start=\"241\" data-end=\"257\">28\u201334 m\u00b3<\/td>\n<\/tr>\n<tr data-start=\"258\" data-end=\"305\">\n<td data-start=\"258\" data-end=\"289\" data-col-size=\"sm\">Kerise laius<\/td>\n<td data-col-size=\"sm\" data-start=\"289\" data-end=\"305\">1020 mm<\/td>\n<\/tr>\n<tr data-start=\"306\" data-end=\"353\">\n<td data-start=\"306\" data-end=\"337\" data-col-size=\"sm\">Kerise s\u00fcgavus<\/td>\n<td data-col-size=\"sm\" data-start=\"337\" data-end=\"353\">520 mm<\/td>\n<\/tr>\n<tr data-start=\"354\" data-end=\"401\">\n<td data-start=\"354\" data-end=\"385\" data-col-size=\"sm\">Kerise k\u00f5rgus<\/td>\n<td data-col-size=\"sm\" data-start=\"385\" data-end=\"401\">810 mm<\/td>\n<\/tr>\n<tr data-start=\"402\" data-end=\"449\">\n<td data-start=\"402\" data-end=\"433\" data-col-size=\"sm\">Kerise kaal<\/td>\n<td data-col-size=\"sm\" data-start=\"433\" data-end=\"449\">72 kg<\/td>\n<\/tr>\n<tr data-start=\"450\" data-end=\"497\">\n<td data-start=\"450\" data-end=\"481\" data-col-size=\"sm\">Kivide kogus<\/td>\n<td data-col-size=\"sm\" data-start=\"481\" data-end=\"497\">120 kg<\/td>\n<\/tr>\n<tr data-start=\"498\" data-end=\"545\">\n<td data-start=\"498\" data-end=\"529\" data-col-size=\"sm\">K\u00fctteelementide arv<\/td>\n<td data-col-size=\"sm\" data-start=\"529\" data-end=\"545\">18 tk<\/td>\n<\/tr>\n<\/tbody>\n<\/table>\n<\/div>\n<\/div>\n<p>&nbsp;<\/p>\n<p>&nbsp;<\/p>\n<p><a href=\"https:\/\/factory.sale\/wp-content\/uploads\/2024\/12\/Misa_Laitoskiukaat_Esite_2024.pdf\" target=\"_blank\" rel=\"noopener\">Laadi alla tooteleht \u2192 Misa ERM t\u00f6\u00f6stuslik elektrikeris<\/a><\/p>\n<p><a href=\"https:\/\/factory.sale\/wp-content\/uploads\/2024\/12\/RT-103637.pdf\" target=\"_blank\" rel=\"noopener\">Laadi alla PDF siit<\/a><\/p>\n<p>&nbsp;<\/p>\n<p>&nbsp;<\/p>\n","protected":false},"excerpt":{"rendered":"<p>Avasta Misa ERM t\u00f6\u00f6stuslik elektrikeris 30,6 kW, mis on loodud professionaalsetele saunadele ujulates, spaades ja asutustes. Vastupidav Soome k\u00e4sit\u00f6\u00f6 36-kuulise garantiiga, sobib saunadele suurusega 28\u201334 m\u00b3. Ideaalne k\u00f5rge j\u00f5udluse ja usaldusv\u00e4\u00e4rse saunakogemuse tagamiseks.<\/p>\n<p><img loading=\"lazy\" decoding=\"async\" class=\"alignnone size-medium wp-image-95779\" src=\"https:\/\/factory.sale\/wp-content\/uploads\/2024\/12\/finland-quality-factory.sale_-300x236.webp\" alt=\"\" width=\"300\" height=\"236\" srcset=\"https:\/\/factory.sale\/wp-content\/uploads\/2024\/12\/finland-quality-factory.sale_-300x236.webp 300w, https:\/\/factory.sale\/wp-content\/uploads\/2024\/12\/finland-quality-factory.sale_-150x118.webp 150w, https:\/\/factory.sale\/wp-content\/uploads\/2024\/12\/finland-quality-factory.sale_.webp 594w\" sizes=\"auto, (max-width: 300px) 100vw, 300px\" \/><\/p>\n","protected":false},"featured_media":95763,"comment_status":"open","ping_status":"closed","template":"","meta":{"_acf_changed":false},"factory":[],"free-shipment":[],"product_brand":[],"product_cat":[3428,306],"product_tag":[2173,811,2176],"class_list":{"0":"post-136940","1":"product","2":"type-product","3":"status-publish","4":"has-post-thumbnail","6":"product_cat-misa-et","7":"product_cat-saunakerised","8":"product_tag-heaters-et","9":"product_tag-sauna-et","10":"product_tag-sauna-heater-et","12":"first","13":"instock","14":"sale","15":"taxable","16":"shipping-taxable","17":"purchasable","18":"product-type-simple"},"acf":[],"_links":{"self":[{"href":"https:\/\/factory.sale\/et\/wp-json\/wp\/v2\/product\/136940","targetHints":{"allow":["GET"]}}],"collection":[{"href":"https:\/\/factory.sale\/et\/wp-json\/wp\/v2\/product"}],"about":[{"href":"https:\/\/factory.sale\/et\/wp-json\/wp\/v2\/types\/product"}],"replies":[{"embeddable":true,"href":"https:\/\/factory.sale\/et\/wp-json\/wp\/v2\/comments?post=136940"}],"wp:featuredmedia":[{"embeddable":true,"href":"https:\/\/factory.sale\/et\/wp-json\/wp\/v2\/media\/95763"}],"wp:attachment":[{"href":"https:\/\/factory.sale\/et\/wp-json\/wp\/v2\/media?parent=136940"}],"wp:term":[{"taxonomy":"factory","embeddable":true,"href":"https:\/\/factory.sale\/et\/wp-json\/wp\/v2\/factory?post=136940"},{"taxonomy":"free-shipment","embeddable":true,"href":"https:\/\/factory.sale\/et\/wp-json\/wp\/v2\/free-shipment?post=136940"},{"taxonomy":"product_brand","embeddable":true,"href":"https:\/\/factory.sale\/et\/wp-json\/wp\/v2\/product_brand?post=136940"},{"taxonomy":"product_cat","embeddable":true,"href":"https:\/\/factory.sale\/et\/wp-json\/wp\/v2\/product_cat?post=136940"},{"taxonomy":"product_tag","embeddable":true,"href":"https:\/\/factory.sale\/et\/wp-json\/wp\/v2\/product_tag?post=136940"}],"curies":[{"name":"wp","href":"https:\/\/api.w.org\/{rel}","templated":true}]}}