{"id":1365,"date":"2019-08-28T17:20:08","date_gmt":"2019-08-28T17:20:08","guid":{"rendered":"https:\/\/factory.sale\/product\/aluminium-sandwich-systems\/"},"modified":"2024-06-26T11:37:30","modified_gmt":"2024-06-26T11:37:30","slug":"aluminium-sandwich-systems","status":"publish","type":"product","link":"https:\/\/factory.sale\/et\/toode\/aluminium-sandwich-systems\/","title":{"rendered":"ALUMIINIUM SANDWICH S\u00dcSTEEMID"},"content":{"rendered":"<p><span style=\"font-weight: 400;\">ALUTHERM\u00ae elemendid on kergekaalulised Alu\/Alu Sandwich-elemendid, millel on j\u00e4ik pol\u00fcuretaanvaht, mida kasutatakse tugis\u00fcdamiku konstruktsioonis. ALUTHERM\u00ae elementide suhtes kohaldatakse DIN 4102 eeskirju ja klassifitseeritakse B1-r\u00fchma-tulekindlaks ehitusmaterjaliks. Alumiiniumist sandwich-elemendid on mitmek\u00fclgsed ja energias\u00e4\u00e4stlikud.<\/span><\/p>\n<p>Sandwich-elementidel on \u00fchendatud korrosioonikindluse omadused, alumiiniumi v\u00e4ike kaal ja trapetsprofiilide kandev\u00f5ime ning j\u00e4iga pol\u00fcuretaanvahu suurep\u00e4rane soojusisolatsiooniv\u00f5ime.<\/p>\n<h3 class=\"default\">Eelised:<\/h3>\n<ul class=\"punkt_oben\">\n<li>v\u00e4ga v\u00e4ike kaal ja lihtne paigaldada<\/li>\n<li>tootmise ajal puudub sissel\u00f5ige ja korrosioon<\/li>\n<li>pikk eluiga, kasutades korrosioonikindlat alumiiniumi<\/li>\n<li>saab paigaldada s\u00f5ltumata ilmastikutingimustest<\/li>\n<\/ul>\n","protected":false},"excerpt":{"rendered":"<p><span style=\"font-weight: 400;\">ALUTHERM\u00ae elemendid on kergekaalulised Alu\/Alu Sandwich-elemendid, millel on j\u00e4ik pol\u00fcuretaanvaht, mida kasutatakse tugis\u00fcdamiku konstruktsioonis. ALUTHERM\u00ae elementide suhtes kohaldatakse DIN 4102 eeskirju ja klassifitseeritakse B1-r\u00fchma-tulekindlaks ehitusmaterjaliks. Alumiiniumist sandwich-elemendid on mitmek\u00fclgsed ja energias\u00e4\u00e4stlikud.<\/span><\/p>\n<p>Miinimumkogus 200 m2.<\/p>\n<p>Tegemist on 100mm paneeli n\u00e4idishinnaga. Palun saatke oma p\u00e4ring: order@factory.sale<\/p>\n","protected":false},"featured_media":1367,"comment_status":"open","ping_status":"closed","template":"","meta":{"_acf_changed":false},"factory":[],"free-shipment":[],"product_brand":[],"product_cat":[200,197],"product_tag":[145],"class_list":{"0":"post-1365","1":"product","2":"type-product","3":"status-publish","4":"has-post-thumbnail","6":"product_cat-sandwich-paneelid-pir-pur","7":"product_cat-sandwich-paneelid","8":"product_tag-sandwich-panel-et","10":"first","11":"instock","12":"sale","13":"taxable","14":"shipping-taxable","15":"purchasable","16":"product-type-simple"},"acf":[],"_links":{"self":[{"href":"https:\/\/factory.sale\/et\/wp-json\/wp\/v2\/product\/1365","targetHints":{"allow":["GET"]}}],"collection":[{"href":"https:\/\/factory.sale\/et\/wp-json\/wp\/v2\/product"}],"about":[{"href":"https:\/\/factory.sale\/et\/wp-json\/wp\/v2\/types\/product"}],"replies":[{"embeddable":true,"href":"https:\/\/factory.sale\/et\/wp-json\/wp\/v2\/comments?post=1365"}],"wp:featuredmedia":[{"embeddable":true,"href":"https:\/\/factory.sale\/et\/wp-json\/wp\/v2\/media\/1367"}],"wp:attachment":[{"href":"https:\/\/factory.sale\/et\/wp-json\/wp\/v2\/media?parent=1365"}],"wp:term":[{"taxonomy":"factory","embeddable":true,"href":"https:\/\/factory.sale\/et\/wp-json\/wp\/v2\/factory?post=1365"},{"taxonomy":"free-shipment","embeddable":true,"href":"https:\/\/factory.sale\/et\/wp-json\/wp\/v2\/free-shipment?post=1365"},{"taxonomy":"product_brand","embeddable":true,"href":"https:\/\/factory.sale\/et\/wp-json\/wp\/v2\/product_brand?post=1365"},{"taxonomy":"product_cat","embeddable":true,"href":"https:\/\/factory.sale\/et\/wp-json\/wp\/v2\/product_cat?post=1365"},{"taxonomy":"product_tag","embeddable":true,"href":"https:\/\/factory.sale\/et\/wp-json\/wp\/v2\/product_tag?post=1365"}],"curies":[{"name":"wp","href":"https:\/\/api.w.org\/{rel}","templated":true}]}}